{"id":2323,"date":"2017-07-22T21:31:45","date_gmt":"2017-07-22T19:31:45","guid":{"rendered":"https:\/\/www.chantegrive.ch\/prix-2017\/"},"modified":"2020-05-16T09:10:29","modified_gmt":"2020-05-16T07:10:29","slug":"preisgekroente-weine-2017","status":"publish","type":"page","link":"https:\/\/www.chantegrive.ch\/de\/preisgekroente-weine-2017\/","title":{"rendered":"Preisgekr\u00f6nte Weine 2017"},"content":{"rendered":"<div class=\"row\"  id=\"row-2129497183\">\n\n\t<div id=\"col-323751662\" class=\"col small-12 large-12\"  >\n\t\t\t\t<div class=\"col-inner\"  >\n\t\t\t\n\t\t\t\n<div class=\"row\"  id=\"row-1898915402\">\n\n\t<div id=\"col-1082201257\" class=\"col small-12 large-12\"  >\n\t\t\t\t<div class=\"col-inner\"  >\n\t\t\t\n\t\t\t\n\n  <div class=\"banner has-hover\" id=\"banner-2022176342\">\n          <div class=\"banner-inner fill\">\n        <div class=\"banner-bg fill\" >\n                                                \n                    <\/div>\n\t\t\n        <div class=\"banner-layers container\">\n            <div class=\"fill banner-link\"><\/div>            \n   <div id=\"text-box-1520284550\" class=\"text-box banner-layer x50 md-x50 lg-x50 y50 md-y50 lg-y50 res-text\">\n                                <div class=\"text-box-content text \">\n              \n              <div class=\"text-inner text-center\">\n                  \n\t<div id=\"gap-1925343400\" class=\"gap-element clearfix\" style=\"display:block; height:auto;\">\n\t\t\n<style>\n#gap-1925343400 {\n  padding-top: 30px;\n}\n<\/style>\n\t<\/div>\n\t\n\t<div id=\"gap-1622387468\" class=\"gap-element clearfix\" style=\"display:block; height:auto;\">\n\t\t\n<style>\n#gap-1622387468 {\n  padding-top: 2px;\n}\n<\/style>\n\t<\/div>\n\t\n<h2 class=\"uppercase\" style=\"text-align: center;\">Preisgekr\u00f6nte Weine 2017<\/h2>\n<p style=\"text-align: center;\"><span style=\"font-size: 100%;\">Finden Sie unsere preisgekr\u00f6nten Weine durch das ganze Jahr 2017.<\/span><\/p>\n<p><img loading=\"lazy\" decoding=\"async\" class=\"aligncenter size-full wp-image-5437\" src=\"https:\/\/www.chantegrive.ch\/wp-content\/uploads\/2019\/08\/separator.png\" alt=\"separator\" width=\"144\" height=\"44\" \/><\/p>\n              <\/div>\n           <\/div>\n                            \n<style>\n#text-box-1520284550 {\n  width: 90%;\n}\n#text-box-1520284550 .text-box-content {\n  font-size: 125%;\n}\n@media (min-width:550px) {\n  #text-box-1520284550 {\n    width: 80%;\n  }\n  #text-box-1520284550 .text-box-content {\n    font-size: 100%;\n  }\n}\n<\/style>\n    <\/div>\n \n        <\/div>\n      <\/div>\n\n            \n<style>\n#banner-2022176342 {\n  padding-top: 300px;\n  background-color: rgb(255, 255, 255);\n}\n@media (min-width:550px) {\n  #banner-2022176342 {\n    padding-top: 220px;\n  }\n}\n<\/style>\n  <\/div>\n\n\n\t\t<\/div>\n\t\t\t\t\t<\/div>\n\n\t\n<\/div>\n<div class=\"row\"  id=\"row-1635673236\">\n\n\t<div id=\"col-2122150008\" class=\"col small-12 large-12\"  >\n\t\t\t\t<div class=\"col-inner\"  >\n\t\t\t\n\t\t\t\n<div class=\"container section-title-container\" ><h3 class=\"section-title section-title-center\"><b><\/b><span class=\"section-title-main\" >Waadtl\u00e4nder Weinauslese<\/span><b><\/b><\/h3><\/div>\n<div class=\"row\"  id=\"row-1349698875\">\n\n\t<div id=\"col-1827820162\" class=\"col medium-7 small-12 large-7\"  >\n\t\t\t\t<div class=\"col-inner text-center\"  >\n\t\t\t\n\t\t\t\n<p class=\"lead\" style=\"text-align: left;\"><strong>F\u00fcnf Weine, die bei der Auswahl der Waadtl\u00e4nder Weine 2017<\/strong> ausgezeichnet wurden: eine Goldmedaille 1. Preis mit dem Crescendo Cabernet Franc, der in der Kategorie &#8220;Andere reine rote Rebsorten&#8221; (h\u00f6chste Punktzahl f\u00fcr einen Rotwein) gewann, die Goldmedaille Chasselas C\u00f4teau-de-Vincy 2016 (Kategorie Chasselas Jahrgang 2016), die Goldmedaille Arioso 2016 (Kategorie Andere reine rote Rebsorten), die Silbermedaille Chasselas Ambitus 2016 (Kategorie Chasselas Jahrgang 2016) und die Silbermedaille Chasselas Mont-sur-Rolle 2016 (Kategorie Chasselas Jahrgang 2016).<\/p>\n\t\t<\/div>\n\t\t\t\t\n<style>\n#col-1827820162 > .col-inner {\n  padding: 14px 14px 14px 14px;\n}\n<\/style>\n\t<\/div>\n\n\t\n\n\t<div id=\"col-425248870\" class=\"col medium-5 small-12 large-5\"  >\n\t\t\t\t<div class=\"col-inner\"  >\n\t\t\t\n\t\t\t\n\t<div class=\"img has-hover x md-x lg-x y md-y lg-y\" id=\"image_981416012\">\n\t\t<a class=\"image-lightbox lightbox-gallery\" title=\"\" href=\"https:\/\/www.chantegrive.ch\/wp-content\/uploads\/2019\/08\/selection-vins-vaudois-2017-domaine-chantegrive.jpg\">\t\t\t\t\t\t<div class=\"img-inner dark\" >\n\t\t\t<img loading=\"lazy\" decoding=\"async\" width=\"900\" height=\"600\" src=\"https:\/\/www.chantegrive.ch\/wp-content\/uploads\/2019\/08\/selection-vins-vaudois-2017-domaine-chantegrive.jpg\" class=\"attachment-large size-large\" alt=\"Remise des prix S\u00e9lection des vins vaudois 2017\" srcset=\"https:\/\/www.chantegrive.ch\/wp-content\/uploads\/2019\/08\/selection-vins-vaudois-2017-domaine-chantegrive.jpg 900w, https:\/\/www.chantegrive.ch\/wp-content\/uploads\/2019\/08\/selection-vins-vaudois-2017-domaine-chantegrive-600x400.jpg 600w, https:\/\/www.chantegrive.ch\/wp-content\/uploads\/2019\/08\/selection-vins-vaudois-2017-domaine-chantegrive-768x512.jpg 768w, https:\/\/www.chantegrive.ch\/wp-content\/uploads\/2019\/08\/selection-vins-vaudois-2017-domaine-chantegrive-510x340.jpg 510w\" sizes=\"auto, (max-width: 900px) 100vw, 900px\" \/>\t\t\t\t\t\t\n\t\t\t\t\t\t\t<div class=\"caption\">Remise des prix S\u00e9lection des vins vaudois 2017<\/div>\n\t\t\t\t\t<\/div>\n\t\t\t\t\t\t<\/a>\t\t\n<style>\n#image_981416012 {\n  width: 100%;\n}\n<\/style>\n\t<\/div>\n\t\n\t\t<\/div>\n\t\t\t\t\t<\/div>\n\n\t\n<\/div>\n\t\t<\/div>\n\t\t\t\t\t<\/div>\n\n\t\n<\/div>\n<div class=\"row\"  id=\"row-1482336357\">\n\n\t<div id=\"col-1736331078\" class=\"col medium-5 small-12 large-5\"  data-animate=\"fadeInUp\">\n\t\t\t\t<div class=\"col-inner text-center dark\" style=\"background-color:rgb(68, 118, 102);\" >\n\t\t\t\n\t\t\t\n<div class=\"row\"  id=\"row-1864417296\">\n\n\t<div id=\"col-406649122\" class=\"col medium-10 small-12 large-10\"  >\n\t\t\t\t<div class=\"col-inner\"  >\n\t\t\t\n\t\t\t\n<div class=\"is-divider divider clearfix\" ><\/div>\n<p><span style=\"font-size: 130%;\"><strong>1. Preis Goldmedaille<\/strong><\/span><br \/>Crescendo Cabernet Franc 2015<\/p>\n<p><span style=\"font-size: 130%;\"><strong>Goldmedaille<\/strong><\/span><br \/>C\u00f4teau de Vincy 2016<\/p>\n<p><span style=\"font-size: 130%;\"><strong>Goldmedaille<\/strong><\/span><br \/>Arioso 2016<\/p>\n<p><span style=\"font-size: 130%;\"><strong>Silbermedaille<\/strong><\/span><br \/>Ambitus 2016<\/p>\n<p><span style=\"font-size: 130%;\"><strong>Silbermedaille<\/strong><\/span><br \/>Mont-sur-Rolle 2016<\/p>\n\t\t<\/div>\n\t\t\t\t\t<\/div>\n\n\t\n<\/div>\n\t\t<\/div>\n\t\t\t\t\n<style>\n#col-1736331078 > .col-inner {\n  padding: 10% 5% 10% 0%;\n}\n<\/style>\n\t<\/div>\n\n\t\n\n\t<div id=\"col-1521380637\" class=\"col medium-3 small-12 large-3\"  >\n\t\t\t\t<div class=\"col-inner\"  >\n\t\t\t\n\t\t\t\n\t<div class=\"img has-hover x md-x lg-x y md-y lg-y\" id=\"image_79687493\">\n\t\t<a class=\"image-lightbox lightbox-gallery\" title=\"\" href=\"https:\/\/www.chantegrive.ch\/wp-content\/uploads\/2019\/08\/vin-prime-crescendo-cabernet-franc-2015-domaine-de-chantegrive-800x800.jpg\">\t\t\t\t\t\t<div class=\"img-inner dark\" >\n\t\t\t<img loading=\"lazy\" decoding=\"async\" width=\"800\" height=\"800\" src=\"https:\/\/www.chantegrive.ch\/wp-content\/uploads\/2019\/08\/vin-prime-crescendo-cabernet-franc-2015-domaine-de-chantegrive-800x800.jpg\" class=\"attachment-large size-large\" alt=\"Crescendo Cabernet Franc 2015 1er prix M\u00e9daille d&#039;or S\u00e9lection des vins vaudois 2017\" srcset=\"https:\/\/www.chantegrive.ch\/wp-content\/uploads\/2019\/08\/vin-prime-crescendo-cabernet-franc-2015-domaine-de-chantegrive-800x800.jpg 800w, https:\/\/www.chantegrive.ch\/wp-content\/uploads\/2019\/08\/vin-prime-crescendo-cabernet-franc-2015-domaine-de-chantegrive-400x400.jpg 400w, https:\/\/www.chantegrive.ch\/wp-content\/uploads\/2019\/08\/vin-prime-crescendo-cabernet-franc-2015-domaine-de-chantegrive-280x280.jpg 280w, https:\/\/www.chantegrive.ch\/wp-content\/uploads\/2019\/08\/vin-prime-crescendo-cabernet-franc-2015-domaine-de-chantegrive-768x768.jpg 768w, https:\/\/www.chantegrive.ch\/wp-content\/uploads\/2019\/08\/vin-prime-crescendo-cabernet-franc-2015-domaine-de-chantegrive-510x510.jpg 510w, https:\/\/www.chantegrive.ch\/wp-content\/uploads\/2019\/08\/vin-prime-crescendo-cabernet-franc-2015-domaine-de-chantegrive-100x100.jpg 100w, https:\/\/www.chantegrive.ch\/wp-content\/uploads\/2019\/08\/vin-prime-crescendo-cabernet-franc-2015-domaine-de-chantegrive.jpg 900w\" sizes=\"auto, (max-width: 800px) 100vw, 800px\" \/>\t\t\t\t\t\t\n\t\t\t\t\t\t\t<div class=\"caption\">Crescendo Cabernet Franc 2015 1er prix M\u00e9daille d'or<\/div>\n\t\t\t\t\t<\/div>\n\t\t\t\t\t\t<\/a>\t\t\n<style>\n#image_79687493 {\n  width: 100%;\n}\n<\/style>\n\t<\/div>\n\t\n\t<div class=\"img has-hover x md-x lg-x y md-y lg-y\" id=\"image_648686858\">\n\t\t<a class=\"image-lightbox lightbox-gallery\" title=\"\" href=\"https:\/\/www.chantegrive.ch\/wp-content\/uploads\/2019\/08\/vin-prime-chasselas-coteau-de-vincy-2016-domaine-de-chantegrive-800x800.jpg\">\t\t\t\t\t\t<div class=\"img-inner dark\" >\n\t\t\t<img loading=\"lazy\" decoding=\"async\" width=\"800\" height=\"800\" src=\"https:\/\/www.chantegrive.ch\/wp-content\/uploads\/2019\/08\/vin-prime-chasselas-coteau-de-vincy-2016-domaine-de-chantegrive-800x800.jpg\" class=\"attachment-large size-large\" alt=\"C\u00f4teau-de-Vincy 2016 M\u00e9daille d&#039;or S\u00e9lection des vins vaudois 2017\" srcset=\"https:\/\/www.chantegrive.ch\/wp-content\/uploads\/2019\/08\/vin-prime-chasselas-coteau-de-vincy-2016-domaine-de-chantegrive-800x800.jpg 800w, https:\/\/www.chantegrive.ch\/wp-content\/uploads\/2019\/08\/vin-prime-chasselas-coteau-de-vincy-2016-domaine-de-chantegrive-400x400.jpg 400w, https:\/\/www.chantegrive.ch\/wp-content\/uploads\/2019\/08\/vin-prime-chasselas-coteau-de-vincy-2016-domaine-de-chantegrive-280x280.jpg 280w, https:\/\/www.chantegrive.ch\/wp-content\/uploads\/2019\/08\/vin-prime-chasselas-coteau-de-vincy-2016-domaine-de-chantegrive-768x768.jpg 768w, https:\/\/www.chantegrive.ch\/wp-content\/uploads\/2019\/08\/vin-prime-chasselas-coteau-de-vincy-2016-domaine-de-chantegrive-510x510.jpg 510w, https:\/\/www.chantegrive.ch\/wp-content\/uploads\/2019\/08\/vin-prime-chasselas-coteau-de-vincy-2016-domaine-de-chantegrive-100x100.jpg 100w, https:\/\/www.chantegrive.ch\/wp-content\/uploads\/2019\/08\/vin-prime-chasselas-coteau-de-vincy-2016-domaine-de-chantegrive.jpg 900w\" sizes=\"auto, (max-width: 800px) 100vw, 800px\" \/>\t\t\t\t\t\t\n\t\t\t\t\t\t\t<div class=\"caption\">C\u00f4teau-de-Vincy 2016 M\u00e9daille d'or<\/div>\n\t\t\t\t\t<\/div>\n\t\t\t\t\t\t<\/a>\t\t\n<style>\n#image_648686858 {\n  width: 100%;\n}\n<\/style>\n\t<\/div>\n\t\n\t\t<\/div>\n\t\t\t\t\t<\/div>\n\n\t\n\n\t<div id=\"col-297303677\" class=\"col medium-3 small-12 large-3\"  >\n\t\t\t\t<div class=\"col-inner\"  >\n\t\t\t\n\t\t\t\n\t<div class=\"img has-hover x md-x lg-x y md-y lg-y\" id=\"image_1059632062\">\n\t\t<a class=\"image-lightbox lightbox-gallery\" title=\"\" href=\"https:\/\/www.chantegrive.ch\/wp-content\/uploads\/2019\/08\/vin-prime-arioso-2016-domaine-de-chantegrive-800x800.jpg\">\t\t\t\t\t\t<div class=\"img-inner dark\" >\n\t\t\t<img loading=\"lazy\" decoding=\"async\" width=\"800\" height=\"800\" src=\"https:\/\/www.chantegrive.ch\/wp-content\/uploads\/2019\/08\/vin-prime-arioso-2016-domaine-de-chantegrive-800x800.jpg\" class=\"attachment-large size-large\" alt=\"Arioso 2016 M\u00e9daille d&#039;or S\u00e9lection des vins vaudois 2017\" srcset=\"https:\/\/www.chantegrive.ch\/wp-content\/uploads\/2019\/08\/vin-prime-arioso-2016-domaine-de-chantegrive-800x800.jpg 800w, https:\/\/www.chantegrive.ch\/wp-content\/uploads\/2019\/08\/vin-prime-arioso-2016-domaine-de-chantegrive-400x400.jpg 400w, https:\/\/www.chantegrive.ch\/wp-content\/uploads\/2019\/08\/vin-prime-arioso-2016-domaine-de-chantegrive-280x280.jpg 280w, https:\/\/www.chantegrive.ch\/wp-content\/uploads\/2019\/08\/vin-prime-arioso-2016-domaine-de-chantegrive-768x768.jpg 768w, https:\/\/www.chantegrive.ch\/wp-content\/uploads\/2019\/08\/vin-prime-arioso-2016-domaine-de-chantegrive-510x510.jpg 510w, https:\/\/www.chantegrive.ch\/wp-content\/uploads\/2019\/08\/vin-prime-arioso-2016-domaine-de-chantegrive-100x100.jpg 100w, https:\/\/www.chantegrive.ch\/wp-content\/uploads\/2019\/08\/vin-prime-arioso-2016-domaine-de-chantegrive.jpg 900w\" sizes=\"auto, (max-width: 800px) 100vw, 800px\" \/>\t\t\t\t\t\t\n\t\t\t\t\t\t\t<div class=\"caption\">Arioso 2016 M\u00e9daille d'or<\/div>\n\t\t\t\t\t<\/div>\n\t\t\t\t\t\t<\/a>\t\t\n<style>\n#image_1059632062 {\n  width: 100%;\n}\n<\/style>\n\t<\/div>\n\t\n\t<div class=\"img has-hover x md-x lg-x y md-y lg-y\" id=\"image_1231060661\">\n\t\t<a class=\"image-lightbox lightbox-gallery\" title=\"\" href=\"https:\/\/www.chantegrive.ch\/wp-content\/uploads\/2019\/08\/vin-prime-chasselas-ambitus-2016-domaine-de-chantegrive-800x800.jpg\">\t\t\t\t\t\t<div class=\"img-inner dark\" >\n\t\t\t<img loading=\"lazy\" decoding=\"async\" width=\"800\" height=\"800\" src=\"https:\/\/www.chantegrive.ch\/wp-content\/uploads\/2019\/08\/vin-prime-chasselas-ambitus-2016-domaine-de-chantegrive-800x800.jpg\" class=\"attachment-large size-large\" alt=\"Ambitus 2016 M\u00e9daille d&#039;argent S\u00e9lection des vins vaudois 2017\" srcset=\"https:\/\/www.chantegrive.ch\/wp-content\/uploads\/2019\/08\/vin-prime-chasselas-ambitus-2016-domaine-de-chantegrive-800x800.jpg 800w, https:\/\/www.chantegrive.ch\/wp-content\/uploads\/2019\/08\/vin-prime-chasselas-ambitus-2016-domaine-de-chantegrive-400x400.jpg 400w, https:\/\/www.chantegrive.ch\/wp-content\/uploads\/2019\/08\/vin-prime-chasselas-ambitus-2016-domaine-de-chantegrive-280x280.jpg 280w, https:\/\/www.chantegrive.ch\/wp-content\/uploads\/2019\/08\/vin-prime-chasselas-ambitus-2016-domaine-de-chantegrive-768x768.jpg 768w, https:\/\/www.chantegrive.ch\/wp-content\/uploads\/2019\/08\/vin-prime-chasselas-ambitus-2016-domaine-de-chantegrive-510x510.jpg 510w, https:\/\/www.chantegrive.ch\/wp-content\/uploads\/2019\/08\/vin-prime-chasselas-ambitus-2016-domaine-de-chantegrive-100x100.jpg 100w, https:\/\/www.chantegrive.ch\/wp-content\/uploads\/2019\/08\/vin-prime-chasselas-ambitus-2016-domaine-de-chantegrive.jpg 900w\" sizes=\"auto, (max-width: 800px) 100vw, 800px\" \/>\t\t\t\t\t\t\n\t\t\t\t\t\t\t<div class=\"caption\">Ambitus 2016 M\u00e9daille d'argent<\/div>\n\t\t\t\t\t<\/div>\n\t\t\t\t\t\t<\/a>\t\t\n<style>\n#image_1231060661 {\n  width: 100%;\n}\n<\/style>\n\t<\/div>\n\t\n\t<div class=\"img has-hover x md-x lg-x y md-y lg-y\" id=\"image_893990056\">\n\t\t<a class=\"image-lightbox lightbox-gallery\" title=\"\" href=\"https:\/\/www.chantegrive.ch\/wp-content\/uploads\/2019\/08\/vin-prime-chasselas-mont-sur-rolle-2016-domaine-de-chantegrive-800x800.jpg\">\t\t\t\t\t\t<div class=\"img-inner dark\" >\n\t\t\t<img loading=\"lazy\" decoding=\"async\" width=\"800\" height=\"800\" src=\"https:\/\/www.chantegrive.ch\/wp-content\/uploads\/2019\/08\/vin-prime-chasselas-mont-sur-rolle-2016-domaine-de-chantegrive-800x800.jpg\" class=\"attachment-large size-large\" alt=\"Mont-sur-Rolle 2016 M\u00e9daille d&#039;argent S\u00e9lection des vins vaudois 2017\" srcset=\"https:\/\/www.chantegrive.ch\/wp-content\/uploads\/2019\/08\/vin-prime-chasselas-mont-sur-rolle-2016-domaine-de-chantegrive-800x800.jpg 800w, https:\/\/www.chantegrive.ch\/wp-content\/uploads\/2019\/08\/vin-prime-chasselas-mont-sur-rolle-2016-domaine-de-chantegrive-400x400.jpg 400w, https:\/\/www.chantegrive.ch\/wp-content\/uploads\/2019\/08\/vin-prime-chasselas-mont-sur-rolle-2016-domaine-de-chantegrive-280x280.jpg 280w, https:\/\/www.chantegrive.ch\/wp-content\/uploads\/2019\/08\/vin-prime-chasselas-mont-sur-rolle-2016-domaine-de-chantegrive-768x768.jpg 768w, https:\/\/www.chantegrive.ch\/wp-content\/uploads\/2019\/08\/vin-prime-chasselas-mont-sur-rolle-2016-domaine-de-chantegrive-510x510.jpg 510w, https:\/\/www.chantegrive.ch\/wp-content\/uploads\/2019\/08\/vin-prime-chasselas-mont-sur-rolle-2016-domaine-de-chantegrive-100x100.jpg 100w, https:\/\/www.chantegrive.ch\/wp-content\/uploads\/2019\/08\/vin-prime-chasselas-mont-sur-rolle-2016-domaine-de-chantegrive.jpg 900w\" sizes=\"auto, (max-width: 800px) 100vw, 800px\" \/>\t\t\t\t\t\t\n\t\t\t\t\t\t\t<div class=\"caption\">Mont-sur-Rolle 2016 M\u00e9daille d'argent<\/div>\n\t\t\t\t\t<\/div>\n\t\t\t\t\t\t<\/a>\t\t\n<style>\n#image_893990056 {\n  width: 100%;\n}\n<\/style>\n\t<\/div>\n\t\n\t\t<\/div>\n\t\t\t\t\t<\/div>\n\n\t\n<\/div>\n\t\t<\/div>\n\t\t\t\t\t<\/div>\n\n\t\n<\/div>\n<div class=\"row\"  id=\"row-1784059459\">\n\t<div id=\"gap-1388871757\" class=\"gap-element clearfix\" style=\"display:block; height:auto;\">\n\t\t\n<style>\n#gap-1388871757 {\n  padding-top: 30px;\n}\n<\/style>\n\t<\/div>\n\t\n<\/div>\n","protected":false},"excerpt":{"rendered":"","protected":false},"author":1,"featured_media":7595,"parent":0,"menu_order":0,"comment_status":"closed","ping_status":"closed","template":"","meta":{"iawp_total_views":0,"footnotes":""},"class_list":["post-2323","page","type-page","status-publish","has-post-thumbnail","hentry"],"yoast_head":"<!-- This site is optimized with the Yoast SEO plugin v27.5 - https:\/\/yoast.com\/product\/yoast-seo-wordpress\/ -->\n<title>Preisgekr\u00f6nte Weine 2017 Domaine de Chantegrive<\/title>\n<meta name=\"description\" content=\"Preis 2017 Domaine de Chantegrive - Goldmedaille in der Waadt Weinamt mit Crescendo Cabernet Franc 2015 Kategorie Andere reinen roten Sorten...\" \/>\n<meta name=\"robots\" content=\"index, follow, max-snippet:-1, max-image-preview:large, max-video-preview:-1\" \/>\n<link rel=\"canonical\" href=\"https:\/\/www.chantegrive.ch\/de\/preisgekroente-weine-2017\/\" \/>\n<meta property=\"og:locale\" content=\"de_DE\" \/>\n<meta property=\"og:type\" content=\"article\" \/>\n<meta property=\"og:title\" content=\"Preisgekr\u00f6nte Weine 2017 Domaine de Chantegrive\" \/>\n<meta property=\"og:description\" content=\"Preis 2017 Domaine de Chantegrive - Goldmedaille in der Waadt Weinamt mit Crescendo Cabernet Franc 2015 Kategorie Andere reinen roten Sorten...\" \/>\n<meta property=\"og:url\" content=\"https:\/\/www.chantegrive.ch\/de\/preisgekroente-weine-2017\/\" \/>\n<meta property=\"og:site_name\" content=\"Domaine de Chantegrive\" \/>\n<meta property=\"article:publisher\" content=\"https:\/\/www.facebook.com\/domainedechantegrive\/\" \/>\n<meta property=\"article:modified_time\" content=\"2020-05-16T07:10:29+00:00\" \/>\n<meta property=\"og:image\" content=\"https:\/\/www.chantegrive.ch\/wp-content\/uploads\/2019\/11\/2017-vins-primes-domaine-de-chantegrive.jpg\" \/>\n\t<meta property=\"og:image:width\" content=\"1200\" \/>\n\t<meta property=\"og:image:height\" content=\"630\" \/>\n\t<meta property=\"og:image:type\" content=\"image\/jpeg\" \/>\n<meta name=\"twitter:card\" content=\"summary_large_image\" \/>\n<meta name=\"twitter:label1\" content=\"Gesch\u00e4tzte Lesezeit\" \/>\n\t<meta name=\"twitter:data1\" content=\"1\u00a0Minute\" \/>\n<script type=\"application\/ld+json\" class=\"yoast-schema-graph\">{\"@context\":\"https:\\\/\\\/schema.org\",\"@graph\":[{\"@type\":\"WebPage\",\"@id\":\"https:\\\/\\\/www.chantegrive.ch\\\/de\\\/preisgekroente-weine-2017\\\/\",\"url\":\"https:\\\/\\\/www.chantegrive.ch\\\/de\\\/preisgekroente-weine-2017\\\/\",\"name\":\"Preisgekr\u00f6nte Weine 2017 Domaine de Chantegrive\",\"isPartOf\":{\"@id\":\"https:\\\/\\\/www.chantegrive.ch\\\/#website\"},\"primaryImageOfPage\":{\"@id\":\"https:\\\/\\\/www.chantegrive.ch\\\/de\\\/preisgekroente-weine-2017\\\/#primaryimage\"},\"image\":{\"@id\":\"https:\\\/\\\/www.chantegrive.ch\\\/de\\\/preisgekroente-weine-2017\\\/#primaryimage\"},\"thumbnailUrl\":\"https:\\\/\\\/www.chantegrive.ch\\\/wp-content\\\/uploads\\\/2019\\\/11\\\/2017-vins-primes-domaine-de-chantegrive.jpg\",\"datePublished\":\"2017-07-22T19:31:45+00:00\",\"dateModified\":\"2020-05-16T07:10:29+00:00\",\"description\":\"Preis 2017 Domaine de Chantegrive - Goldmedaille in der Waadt Weinamt mit Crescendo Cabernet Franc 2015 Kategorie Andere reinen roten Sorten...\",\"breadcrumb\":{\"@id\":\"https:\\\/\\\/www.chantegrive.ch\\\/de\\\/preisgekroente-weine-2017\\\/#breadcrumb\"},\"inLanguage\":\"de\",\"potentialAction\":[{\"@type\":\"ReadAction\",\"target\":[\"https:\\\/\\\/www.chantegrive.ch\\\/de\\\/preisgekroente-weine-2017\\\/\"]}]},{\"@type\":\"ImageObject\",\"inLanguage\":\"de\",\"@id\":\"https:\\\/\\\/www.chantegrive.ch\\\/de\\\/preisgekroente-weine-2017\\\/#primaryimage\",\"url\":\"https:\\\/\\\/www.chantegrive.ch\\\/wp-content\\\/uploads\\\/2019\\\/11\\\/2017-vins-primes-domaine-de-chantegrive.jpg\",\"contentUrl\":\"https:\\\/\\\/www.chantegrive.ch\\\/wp-content\\\/uploads\\\/2019\\\/11\\\/2017-vins-primes-domaine-de-chantegrive.jpg\",\"width\":1200,\"height\":630,\"caption\":\"2017 Vins Prim\u00e9s\"},{\"@type\":\"BreadcrumbList\",\"@id\":\"https:\\\/\\\/www.chantegrive.ch\\\/de\\\/preisgekroente-weine-2017\\\/#breadcrumb\",\"itemListElement\":[{\"@type\":\"ListItem\",\"position\":1,\"name\":\"Accueil\",\"item\":\"https:\\\/\\\/www.chantegrive.ch\\\/de\\\/\"},{\"@type\":\"ListItem\",\"position\":2,\"name\":\"Preisgekr\u00f6nte Weine 2017\"}]},{\"@type\":\"WebSite\",\"@id\":\"https:\\\/\\\/www.chantegrive.ch\\\/#website\",\"url\":\"https:\\\/\\\/www.chantegrive.ch\\\/\",\"name\":\"Domaine de Chantegrive\",\"description\":\"Vins Alain Rolaz &amp; fils\",\"potentialAction\":[{\"@type\":\"SearchAction\",\"target\":{\"@type\":\"EntryPoint\",\"urlTemplate\":\"https:\\\/\\\/www.chantegrive.ch\\\/?s={search_term_string}\"},\"query-input\":{\"@type\":\"PropertyValueSpecification\",\"valueRequired\":true,\"valueName\":\"search_term_string\"}}],\"inLanguage\":\"de\"}]}<\/script>\n<!-- \/ Yoast SEO plugin. -->","yoast_head_json":{"title":"Preisgekr\u00f6nte Weine 2017 Domaine de Chantegrive","description":"Preis 2017 Domaine de Chantegrive - Goldmedaille in der Waadt Weinamt mit Crescendo Cabernet Franc 2015 Kategorie Andere reinen roten Sorten...","robots":{"index":"index","follow":"follow","max-snippet":"max-snippet:-1","max-image-preview":"max-image-preview:large","max-video-preview":"max-video-preview:-1"},"canonical":"https:\/\/www.chantegrive.ch\/de\/preisgekroente-weine-2017\/","og_locale":"de_DE","og_type":"article","og_title":"Preisgekr\u00f6nte Weine 2017 Domaine de Chantegrive","og_description":"Preis 2017 Domaine de Chantegrive - Goldmedaille in der Waadt Weinamt mit Crescendo Cabernet Franc 2015 Kategorie Andere reinen roten Sorten...","og_url":"https:\/\/www.chantegrive.ch\/de\/preisgekroente-weine-2017\/","og_site_name":"Domaine de Chantegrive","article_publisher":"https:\/\/www.facebook.com\/domainedechantegrive\/","article_modified_time":"2020-05-16T07:10:29+00:00","og_image":[{"width":1200,"height":630,"url":"https:\/\/www.chantegrive.ch\/wp-content\/uploads\/2019\/11\/2017-vins-primes-domaine-de-chantegrive.jpg","type":"image\/jpeg"}],"twitter_card":"summary_large_image","twitter_misc":{"Gesch\u00e4tzte Lesezeit":"1\u00a0Minute"},"schema":{"@context":"https:\/\/schema.org","@graph":[{"@type":"WebPage","@id":"https:\/\/www.chantegrive.ch\/de\/preisgekroente-weine-2017\/","url":"https:\/\/www.chantegrive.ch\/de\/preisgekroente-weine-2017\/","name":"Preisgekr\u00f6nte Weine 2017 Domaine de Chantegrive","isPartOf":{"@id":"https:\/\/www.chantegrive.ch\/#website"},"primaryImageOfPage":{"@id":"https:\/\/www.chantegrive.ch\/de\/preisgekroente-weine-2017\/#primaryimage"},"image":{"@id":"https:\/\/www.chantegrive.ch\/de\/preisgekroente-weine-2017\/#primaryimage"},"thumbnailUrl":"https:\/\/www.chantegrive.ch\/wp-content\/uploads\/2019\/11\/2017-vins-primes-domaine-de-chantegrive.jpg","datePublished":"2017-07-22T19:31:45+00:00","dateModified":"2020-05-16T07:10:29+00:00","description":"Preis 2017 Domaine de Chantegrive - Goldmedaille in der Waadt Weinamt mit Crescendo Cabernet Franc 2015 Kategorie Andere reinen roten Sorten...","breadcrumb":{"@id":"https:\/\/www.chantegrive.ch\/de\/preisgekroente-weine-2017\/#breadcrumb"},"inLanguage":"de","potentialAction":[{"@type":"ReadAction","target":["https:\/\/www.chantegrive.ch\/de\/preisgekroente-weine-2017\/"]}]},{"@type":"ImageObject","inLanguage":"de","@id":"https:\/\/www.chantegrive.ch\/de\/preisgekroente-weine-2017\/#primaryimage","url":"https:\/\/www.chantegrive.ch\/wp-content\/uploads\/2019\/11\/2017-vins-primes-domaine-de-chantegrive.jpg","contentUrl":"https:\/\/www.chantegrive.ch\/wp-content\/uploads\/2019\/11\/2017-vins-primes-domaine-de-chantegrive.jpg","width":1200,"height":630,"caption":"2017 Vins Prim\u00e9s"},{"@type":"BreadcrumbList","@id":"https:\/\/www.chantegrive.ch\/de\/preisgekroente-weine-2017\/#breadcrumb","itemListElement":[{"@type":"ListItem","position":1,"name":"Accueil","item":"https:\/\/www.chantegrive.ch\/de\/"},{"@type":"ListItem","position":2,"name":"Preisgekr\u00f6nte Weine 2017"}]},{"@type":"WebSite","@id":"https:\/\/www.chantegrive.ch\/#website","url":"https:\/\/www.chantegrive.ch\/","name":"Domaine de Chantegrive","description":"Vins Alain Rolaz &amp; fils","potentialAction":[{"@type":"SearchAction","target":{"@type":"EntryPoint","urlTemplate":"https:\/\/www.chantegrive.ch\/?s={search_term_string}"},"query-input":{"@type":"PropertyValueSpecification","valueRequired":true,"valueName":"search_term_string"}}],"inLanguage":"de"}]}},"_links":{"self":[{"href":"https:\/\/www.chantegrive.ch\/de\/wp-json\/wp\/v2\/pages\/2323","targetHints":{"allow":["GET"]}}],"collection":[{"href":"https:\/\/www.chantegrive.ch\/de\/wp-json\/wp\/v2\/pages"}],"about":[{"href":"https:\/\/www.chantegrive.ch\/de\/wp-json\/wp\/v2\/types\/page"}],"author":[{"embeddable":true,"href":"https:\/\/www.chantegrive.ch\/de\/wp-json\/wp\/v2\/users\/1"}],"replies":[{"embeddable":true,"href":"https:\/\/www.chantegrive.ch\/de\/wp-json\/wp\/v2\/comments?post=2323"}],"version-history":[{"count":0,"href":"https:\/\/www.chantegrive.ch\/de\/wp-json\/wp\/v2\/pages\/2323\/revisions"}],"wp:featuredmedia":[{"embeddable":true,"href":"https:\/\/www.chantegrive.ch\/de\/wp-json\/wp\/v2\/media\/7595"}],"wp:attachment":[{"href":"https:\/\/www.chantegrive.ch\/de\/wp-json\/wp\/v2\/media?parent=2323"}],"curies":[{"name":"wp","href":"https:\/\/api.w.org\/{rel}","templated":true}]}}