{"id":8330,"date":"2019-09-01T18:21:38","date_gmt":"2019-09-01T16:21:38","guid":{"rendered":"https:\/\/www.chantegrive.ch\/specialite-chasselas-ambitus\/"},"modified":"2020-05-25T15:25:26","modified_gmt":"2020-05-25T13:25:26","slug":"spezialitat-chasselas-ambitus","status":"publish","type":"page","link":"https:\/\/www.chantegrive.ch\/de\/spezialitat-chasselas-ambitus\/","title":{"rendered":"Ambitus"},"content":{"rendered":"<div class=\"slider-wrapper relative\" id=\"slider-367410912\" style=\"background-color:rgb(48, 82, 70);\">\n    <div class=\"slider slider-nav-circle slider-nav-normal slider-nav-light slider-style-normal\"\n        data-flickity-options='{\n            \"cellAlign\": \"center\",\n            \"imagesLoaded\": true,\n            \"lazyLoad\": 1,\n            \"freeScroll\": false,\n            \"wrapAround\": true,\n            \"autoPlay\": 6000,\n            \"pauseAutoPlayOnHover\" : false,\n            \"prevNextButtons\": false,\n            \"contain\" : true,\n            \"adaptiveHeight\" : true,\n            \"dragThreshold\" : 10,\n            \"percentPosition\": true,\n            \"pageDots\": false,\n            \"rightToLeft\": false,\n            \"draggable\": true,\n            \"selectedAttraction\": 0.1,\n            \"parallax\" : 0,\n            \"friction\": 0.6        }'\n        >\n        \r\n\r\n\n  <div class=\"banner has-hover has-slide-effect slide-zoom-in\" id=\"banner-438274754\">\n          <div class=\"banner-inner fill\">\n        <div class=\"banner-bg fill\" >\n            <img loading=\"lazy\" decoding=\"async\" width=\"1020\" height=\"574\" src=\"https:\/\/www.chantegrive.ch\/wp-content\/uploads\/2019\/09\/banniere-vendange-main-domaine-de-chantegrive-1400x788.jpg\" class=\"bg attachment-large size-large\" alt=\"Banni\u00e8re Vendange Main Domaine de Chantegrive\" \/>                        <div class=\"overlay\"><\/div>            \n                    <\/div>\n\t\t\n        <div class=\"banner-layers container\">\n            <a class=\"fill\" href=\"https:\/\/www.chantegrive.ch\/liste-des-vins\/\" ><div class=\"fill banner-link\"><\/div><\/a>            \r\n\r\n   <div id=\"text-box-614329109\" class=\"text-box banner-layer x50 md-x50 lg-x50 y90 md-y85 lg-y85 res-text\">\n              <div data-parallax=\"3\" data-parallax-fade=\"true\">       <div data-animate=\"fadeInUp\">           <div class=\"text-box-content text dark\">\n              \n              <div class=\"text-inner text-center\">\n                  \r\n\r\n<h1 class=\"uppercase\" style=\"text-align: center;line-height:1.2;\">CHASSELAS AMBITUS<\/h1>\r\n<p class=\"lead\"style=\"text-align: center;\">Chasselas AOC La C\u00f4te<\/p>\r\n<a href=\"https:\/\/www.chantegrive.ch\/de\/weinkarte\/#liste-des-vins-ambitus\" target=\"_blank\" class=\"button white is-outline is-large\" rel=\"noopener\"  >\n\t\t<span>Weinkarte<\/span>\n\t<\/a>\n\r\n\r\n\r\n              <\/div>\n           <\/div>\n       <\/div>       <\/div>              \n<style>\n#text-box-614329109 .text-inner {\n  padding: 44px 0px 44px 0px;\n}\n#text-box-614329109 {\n  width: 90%;\n}\n#text-box-614329109 .text-box-content {\n  font-size: 100%;\n}\n@media (min-width:550px) {\n  #text-box-614329109 {\n    width: 70%;\n  }\n  #text-box-614329109 .text-box-content {\n    font-size: 100%;\n  }\n}\n@media (min-width:850px) {\n  #text-box-614329109 {\n    width: 60%;\n  }\n}\n<\/style>\n    <\/div>\n \r\n\r\n        <\/div>\n      <\/div>\n\n            \n<style>\n#banner-438274754 {\n  padding-top: 140%;\n}\n#banner-438274754 .overlay {\n  background-color: rgba(0, 0, 0, 0.25);\n}\n#banner-438274754 .banner-bg img {\n  object-position: 42% 39%;\n}\n@media (min-width:550px) {\n  #banner-438274754 {\n    padding-top: 660px;\n  }\n}\n<\/style>\n  <\/div>\n\n\r\n\r\n     <\/div>\n\n     <div class=\"loading-spin dark large centered\"><\/div>\n\n\t<\/div>\n\n\n\n\t<section class=\"section\" id=\"section_1792301148\">\n\t\t<div class=\"section-bg fill\" >\n\t\t\t\t\t\t\t\t\t\n\t\t\t\n\n\t\t<\/div>\n\n\t\t\n\n\t\t<div class=\"section-content relative\">\n\t\t\t\n<div class=\"row align-center\"  id=\"row-1988852780\">\n\n\t<div id=\"col-1379344273\" class=\"col medium-10 small-12 large-10\"  >\n\t\t\t\t<div class=\"col-inner text-center\"  >\n\t\t\t\n\t\t\t\n\t<div id=\"gap-1517457758\" class=\"gap-element clearfix\" style=\"display:block; height:auto;\">\n\t\t\n<style>\n#gap-1517457758 {\n  padding-top: 30px;\n}\n<\/style>\n\t<\/div>\n\t\n<div class=\"container section-title-container\" ><h2 class=\"section-title section-title-center\"><b><\/b><span class=\"section-title-main\" style=\"font-size:144%;\">Ambitus<\/span><b><\/b><\/h2><\/div>\n<h3 style=\"text-align: center;\">S\u00e9lection du Domaine &#8211; Tradition und Phantasie<\/h3>\n\t<div id=\"gap-1051657263\" class=\"gap-element clearfix\" style=\"display:block; height:auto;\">\n\t\t\n<style>\n#gap-1051657263 {\n  padding-top: 7px;\n}\n<\/style>\n\t<\/div>\n\t\n<p class=\"lead\" style=\"text-align: center;\">Zwischen Tradition und Phantasie ist der Chasselas &#8220;Ambitus&#8221; eine Auswahl der besten Moste mit allen Aromen, die den Chasselas auszeichnen. Die wichtigste Besonderheit dieses Chasselas liegt in der Reifung auf der Weinhefe.<\/p>\n<p>Die Weinhefe ist eine Ablagerung, die bei der ersten G\u00e4rung des Mostes zu Wein entstehen, die auch als alkoholische G\u00e4rung bezeichnet wird. Die Reifung auf der Weinhefe besteht darin, den Hefewein durch sehr feines Umr\u00fchren wieder in den Beh\u00e4lter zu geben, um den Wein zu n\u00e4hren und ihm einen geschmeidigeren Aufschlag im Mund zu verschaffen. In der Musik bezieht sich \u00ab\u00a0<strong>Ambitus<\/strong>\u00a0\u00bb als die St\u00e4rke einer Stimme, vom tiefsten bis zum h\u00f6chsten Ton. \u00ab\u00a0<strong>Ambitus<\/strong>\u00a0\u00bb bezieht sich hier auf die Bandbreite der Aromen, die der Chasselas offenbaren kann.<\/p>\n<p><img loading=\"lazy\" decoding=\"async\" class=\"aligncenter size-full wp-image-5441\" src=\"https:\/\/www.chantegrive.ch\/wp-content\/uploads\/2019\/08\/separateur.png\" alt=\"\" width=\"144\" height=\"33\" \/><\/p>\n\t\t<\/div>\n\t\t\t\t\t<\/div>\n\n\t\n<\/div>\n\t\t<\/div>\n\n\t\t\n<style>\n#section_1792301148 {\n  padding-top: 30px;\n  padding-bottom: 30px;\n}\n<\/style>\n\t<\/section>\n\t\n<span class=\"scroll-to\" data-label=\"Scroll to: #ambitus\" data-bullet=\"false\" data-link=\"#ambitus\" data-title=\"Ambitus\" ><a name=\"ambitus\"><\/a><\/span>\n\n\t<section class=\"section\" id=\"section_672365991\">\n\t\t<div class=\"section-bg fill\" >\n\t\t\t\t\t\t\t\t\t<div class=\"section-bg-overlay absolute fill\"><\/div>\n\t\t\t\n\n\t\t<\/div>\n\n\t\t\n\n\t\t<div class=\"section-content relative\">\n\t\t\t\n<div class=\"row row-collapse row-full-width align-middle\"  id=\"row-154956926\">\n\n\t<div id=\"col-2031345623\" class=\"col medium-6 small-12 large-6\"  >\n\t\t\t\t<div class=\"col-inner\"  >\n\t\t\t\n\t\t\t\n\t<div class=\"img has-hover x md-x lg-x y md-y lg-y\" id=\"image_395449880\">\n\t\t<a class=\"\" href=\"https:\/\/www.chantegrive.ch\/de\/produit\/chasselas-ambitus\/\" >\t\t\t\t\t\t<div class=\"img-inner dark\" >\n\t\t\t<img loading=\"lazy\" decoding=\"async\" width=\"1000\" height=\"934\" src=\"https:\/\/www.chantegrive.ch\/wp-content\/uploads\/2019\/07\/chasselas-restaurant-ambitus-domaine-chantegrive-2.jpg\" class=\"attachment-original size-original\" alt=\"Ambitus Chasselas du Domaine de Chantegrive\" srcset=\"https:\/\/www.chantegrive.ch\/wp-content\/uploads\/2019\/07\/chasselas-restaurant-ambitus-domaine-chantegrive-2.jpg 1000w, https:\/\/www.chantegrive.ch\/wp-content\/uploads\/2019\/07\/chasselas-restaurant-ambitus-domaine-chantegrive-2-428x400.jpg 428w, https:\/\/www.chantegrive.ch\/wp-content\/uploads\/2019\/07\/chasselas-restaurant-ambitus-domaine-chantegrive-2-857x800.jpg 857w, https:\/\/www.chantegrive.ch\/wp-content\/uploads\/2019\/07\/chasselas-restaurant-ambitus-domaine-chantegrive-2-768x717.jpg 768w, https:\/\/www.chantegrive.ch\/wp-content\/uploads\/2019\/07\/chasselas-restaurant-ambitus-domaine-chantegrive-2-510x476.jpg 510w\" sizes=\"auto, (max-width: 1000px) 100vw, 1000px\" \/>\t\t\t\t\t\t\n\t\t\t\t\t<\/div>\n\t\t\t\t\t\t<\/a>\t\t\n<style>\n#image_395449880 {\n  width: 100%;\n}\n<\/style>\n\t<\/div>\n\t\n\t\t<\/div>\n\t\t\t\t\t<\/div>\n\n\t\n\n\t<div id=\"col-43911683\" class=\"col medium-6 small-12 large-6\"  >\n\t\t\t\t<div class=\"col-inner\"  >\n\t\t\t\n\t\t\t\n<h3 class=\"uppercase\"><span style=\"color: #e8bb53; font-size: 140%;\">Ambitus<\/span><br \/>\nGrand cru<\/h3>\n<p class=\"alt-font\">Traubensorte: Chasselas<\/p>\n<p class=\"lead\">Der \u00ab <strong>Ambitus<\/strong> \u00bb ist ein trockener, festlicher Weisswein, der nach mehr verlangt. Seine Aromen von gelbfleischigen Fr\u00fcchten und Trockenfr\u00fcchten bieten ein samtiges Gef\u00fchl am Gaumen, mit einer mineralischen Note.<\/p>\n<p><em><span style=\"font-size: 80%;\"> Aufbewahrungsdauer: 2 bis 3 Jahre<\/span><\/em><br \/>\n<em><span style=\"font-size: 80%;\">Trinktemperatur: 10\u00b0c \u2013 12\u00b0c<\/span><\/em><\/p>\n\t<div id=\"gap-342337206\" class=\"gap-element clearfix\" style=\"display:block; height:auto;\">\n\t\t\n<style>\n#gap-342337206 {\n  padding-top: 30px;\n}\n<\/style>\n\t<\/div>\n\t\n<a href=\"https:\/\/www.chantegrive.ch\/de\/produit\/chasselas-ambitus\/\" class=\"button primary is-outline\"  >\n\t\t<span>Bestellen<\/span>\n\t<\/a>\n\n\t\t<\/div>\n\t\t\t\t\n<style>\n#col-43911683 > .col-inner {\n  padding: 5% 5% 5% 5%;\n  max-width: 520px;\n}\n<\/style>\n\t<\/div>\n\n\t\n<\/div>\n\t\t<\/div>\n\n\t\t\n<style>\n#section_672365991 {\n  padding-top: 0px;\n  padding-bottom: 0px;\n  background-color: rgb(255, 255, 255);\n}\n#section_672365991 .section-bg-overlay {\n  background-color: rgba(255, 255, 255, 0.85);\n}\n<\/style>\n\t<\/section>\n\t\n\n\t<section class=\"section\" id=\"section_721833761\">\n\t\t<div class=\"section-bg fill\" >\n\t\t\t\t\t\t\t\t\t<div class=\"section-bg-overlay absolute fill\"><\/div>\n\t\t\t\n\n\t\t<\/div>\n\n\t\t\n\n\t\t<div class=\"section-content relative\">\n\t\t\t\n<div class=\"row row-collapse row-full-width align-middle\"  id=\"row-1404819403\">\n\n\t<div id=\"col-1979543802\" class=\"col small-12 large-12\"  >\n\t\t\t\t<div class=\"col-inner\"  >\n\t\t\t\n\t\t\t\n\t<div id=\"gap-924844482\" class=\"gap-element clearfix\" style=\"display:block; height:auto;\">\n\t\t\n<style>\n#gap-924844482 {\n  padding-top: 0px;\n}\n<\/style>\n\t<\/div>\n\t\n\t\t<\/div>\n\t\t\t\t\t<\/div>\n\n\t\n<\/div>\n\t\t<\/div>\n\n\t\t\n<style>\n#section_721833761 {\n  padding-top: 0px;\n  padding-bottom: 0px;\n  background-color: rgb(255, 255, 255);\n}\n#section_721833761 .section-bg-overlay {\n  background-color: rgba(255, 255, 255, 0.85);\n}\n<\/style>\n\t<\/section>\n\t\n<div class=\"message-box relative dark\" style=\"padding-top:36px;padding-bottom:36px;\"><div class=\"message-box-bg-image bg-fill fill\" ><\/div><div class=\"message-box-bg-overlay bg-fill fill\" style=\"background-color:rgb(48, 82, 70);\"><\/div><div class=\"container relative\"><div class=\"inner last-reset\">\n<div class=\"row align-middle\"  id=\"row-107560318\">\n\n\t<div id=\"col-1138846599\" class=\"col medium-7 small-12 large-7\"  >\n\t\t\t\t<div class=\"col-inner\"  >\n\t\t\t\n\t\t\t\n<h3 class=\"uppercase\">Kontaktieren Sie uns<\/h3>\n<p><a style=\"text-decoration: underline;\" href=\"mailto:info@chantegrive.ch\">Schreiben Sie uns<\/a>, wenn Sie Fragen haben oder einen Termin f\u00fcr eine Degustation auf dem Weingut vereinbaren wollen.<\/p>\n\t\t<\/div>\n\t\t\t\t\t<\/div>\n\n\t\n\n\t<div id=\"col-1831296997\" class=\"col medium-5 small-12 large-5\"  >\n\t\t\t\t<div class=\"col-inner text-right\"  >\n\t\t\t\n\t\t\t\n<a data-animate=\"flipInY\" href=\"tel:+41793102110\" class=\"button white is-outline is-larger\"  >\n\t\t<span>T\u00e9l 079 310 21 10<\/span>\n\t<\/a>\n\n\t\t<\/div>\n\t\t\t\t\t<\/div>\n\n\t\n<\/div>\n<\/div><\/div><\/div>\n\t<div id=\"gap-1410852468\" class=\"gap-element clearfix\" style=\"display:block; height:auto;\">\n\t\t\n<style>\n#gap-1410852468 {\n  padding-top: 30px;\n}\n<\/style>\n\t<\/div>\n\t\n","protected":false},"excerpt":{"rendered":"","protected":false},"author":2,"featured_media":0,"parent":0,"menu_order":0,"comment_status":"closed","ping_status":"closed","template":"page-transparent-header.php","meta":{"iawp_total_views":2,"footnotes":""},"class_list":["post-8330","page","type-page","status-publish","hentry"],"yoast_head":"<!-- This site is optimized with the Yoast SEO plugin v27.4 - https:\/\/yoast.com\/product\/yoast-seo-wordpress\/ -->\n<title>Ambitus Chasselas AOC La C\u00f4te - Domaine de Chantegrive<\/title>\n<meta name=\"description\" content=\"Die wichtigste Besonderheit dieses Chasselas liegt in der Reifung auf der Weinhefe.\" \/>\n<meta name=\"robots\" content=\"index, follow, max-snippet:-1, max-image-preview:large, max-video-preview:-1\" \/>\n<link rel=\"canonical\" href=\"https:\/\/www.chantegrive.ch\/de\/spezialitat-chasselas-ambitus\/\" \/>\n<meta property=\"og:locale\" content=\"de_DE\" \/>\n<meta property=\"og:type\" content=\"article\" \/>\n<meta property=\"og:title\" content=\"Ambitus Chasselas AOC La C\u00f4te - Domaine de Chantegrive\" \/>\n<meta property=\"og:description\" content=\"Die wichtigste Besonderheit dieses Chasselas liegt in der Reifung auf der Weinhefe.\" \/>\n<meta property=\"og:url\" content=\"https:\/\/www.chantegrive.ch\/de\/spezialitat-chasselas-ambitus\/\" \/>\n<meta property=\"og:site_name\" content=\"Domaine de Chantegrive\" \/>\n<meta property=\"article:publisher\" content=\"https:\/\/www.facebook.com\/domainedechantegrive\/\" \/>\n<meta property=\"article:modified_time\" content=\"2020-05-25T13:25:26+00:00\" \/>\n<meta property=\"og:image\" content=\"https:\/\/www.chantegrive.ch\/wp-content\/uploads\/2019\/08\/blanc-ambitus-alain-rolaz-des-terroirs-domaine-chantegrive.jpg\" \/>\n\t<meta property=\"og:image:width\" content=\"1100\" \/>\n\t<meta property=\"og:image:height\" content=\"1100\" \/>\n\t<meta property=\"og:image:type\" content=\"image\/jpeg\" \/>\n<meta name=\"twitter:card\" content=\"summary_large_image\" \/>\n<meta name=\"twitter:label1\" content=\"Gesch\u00e4tzte Lesezeit\" \/>\n\t<meta name=\"twitter:data1\" content=\"2\u00a0Minuten\" \/>\n<script type=\"application\/ld+json\" class=\"yoast-schema-graph\">{\"@context\":\"https:\\\/\\\/schema.org\",\"@graph\":[{\"@type\":\"WebPage\",\"@id\":\"https:\\\/\\\/www.chantegrive.ch\\\/de\\\/spezialitat-chasselas-ambitus\\\/\",\"url\":\"https:\\\/\\\/www.chantegrive.ch\\\/de\\\/spezialitat-chasselas-ambitus\\\/\",\"name\":\"Ambitus Chasselas AOC La C\u00f4te - Domaine de Chantegrive\",\"isPartOf\":{\"@id\":\"https:\\\/\\\/www.chantegrive.ch\\\/#website\"},\"primaryImageOfPage\":{\"@id\":\"https:\\\/\\\/www.chantegrive.ch\\\/de\\\/spezialitat-chasselas-ambitus\\\/#primaryimage\"},\"image\":{\"@id\":\"https:\\\/\\\/www.chantegrive.ch\\\/de\\\/spezialitat-chasselas-ambitus\\\/#primaryimage\"},\"thumbnailUrl\":\"https:\\\/\\\/www.chantegrive.ch\\\/wp-content\\\/uploads\\\/2019\\\/08\\\/separateur.png\",\"datePublished\":\"2019-09-01T16:21:38+00:00\",\"dateModified\":\"2020-05-25T13:25:26+00:00\",\"description\":\"Die wichtigste Besonderheit dieses Chasselas liegt in der Reifung auf der Weinhefe.\",\"breadcrumb\":{\"@id\":\"https:\\\/\\\/www.chantegrive.ch\\\/de\\\/spezialitat-chasselas-ambitus\\\/#breadcrumb\"},\"inLanguage\":\"de\",\"potentialAction\":[{\"@type\":\"ReadAction\",\"target\":[\"https:\\\/\\\/www.chantegrive.ch\\\/de\\\/spezialitat-chasselas-ambitus\\\/\"]}]},{\"@type\":\"ImageObject\",\"inLanguage\":\"de\",\"@id\":\"https:\\\/\\\/www.chantegrive.ch\\\/de\\\/spezialitat-chasselas-ambitus\\\/#primaryimage\",\"url\":\"https:\\\/\\\/www.chantegrive.ch\\\/wp-content\\\/uploads\\\/2019\\\/08\\\/separateur.png\",\"contentUrl\":\"https:\\\/\\\/www.chantegrive.ch\\\/wp-content\\\/uploads\\\/2019\\\/08\\\/separateur.png\"},{\"@type\":\"BreadcrumbList\",\"@id\":\"https:\\\/\\\/www.chantegrive.ch\\\/de\\\/spezialitat-chasselas-ambitus\\\/#breadcrumb\",\"itemListElement\":[{\"@type\":\"ListItem\",\"position\":1,\"name\":\"Accueil\",\"item\":\"https:\\\/\\\/www.chantegrive.ch\\\/de\\\/\"},{\"@type\":\"ListItem\",\"position\":2,\"name\":\"Ambitus\"}]},{\"@type\":\"WebSite\",\"@id\":\"https:\\\/\\\/www.chantegrive.ch\\\/#website\",\"url\":\"https:\\\/\\\/www.chantegrive.ch\\\/\",\"name\":\"Domaine de Chantegrive\",\"description\":\"Vins Alain Rolaz &amp; fils\",\"potentialAction\":[{\"@type\":\"SearchAction\",\"target\":{\"@type\":\"EntryPoint\",\"urlTemplate\":\"https:\\\/\\\/www.chantegrive.ch\\\/?s={search_term_string}\"},\"query-input\":{\"@type\":\"PropertyValueSpecification\",\"valueRequired\":true,\"valueName\":\"search_term_string\"}}],\"inLanguage\":\"de\"}]}<\/script>\n<!-- \/ Yoast SEO plugin. -->","yoast_head_json":{"title":"Ambitus Chasselas AOC La C\u00f4te - Domaine de Chantegrive","description":"Die wichtigste Besonderheit dieses Chasselas liegt in der Reifung auf der Weinhefe.","robots":{"index":"index","follow":"follow","max-snippet":"max-snippet:-1","max-image-preview":"max-image-preview:large","max-video-preview":"max-video-preview:-1"},"canonical":"https:\/\/www.chantegrive.ch\/de\/spezialitat-chasselas-ambitus\/","og_locale":"de_DE","og_type":"article","og_title":"Ambitus Chasselas AOC La C\u00f4te - Domaine de Chantegrive","og_description":"Die wichtigste Besonderheit dieses Chasselas liegt in der Reifung auf der Weinhefe.","og_url":"https:\/\/www.chantegrive.ch\/de\/spezialitat-chasselas-ambitus\/","og_site_name":"Domaine de Chantegrive","article_publisher":"https:\/\/www.facebook.com\/domainedechantegrive\/","article_modified_time":"2020-05-25T13:25:26+00:00","og_image":[{"width":1100,"height":1100,"url":"https:\/\/www.chantegrive.ch\/wp-content\/uploads\/2019\/08\/blanc-ambitus-alain-rolaz-des-terroirs-domaine-chantegrive.jpg","type":"image\/jpeg"}],"twitter_card":"summary_large_image","twitter_misc":{"Gesch\u00e4tzte Lesezeit":"2\u00a0Minuten"},"schema":{"@context":"https:\/\/schema.org","@graph":[{"@type":"WebPage","@id":"https:\/\/www.chantegrive.ch\/de\/spezialitat-chasselas-ambitus\/","url":"https:\/\/www.chantegrive.ch\/de\/spezialitat-chasselas-ambitus\/","name":"Ambitus Chasselas AOC La C\u00f4te - Domaine de Chantegrive","isPartOf":{"@id":"https:\/\/www.chantegrive.ch\/#website"},"primaryImageOfPage":{"@id":"https:\/\/www.chantegrive.ch\/de\/spezialitat-chasselas-ambitus\/#primaryimage"},"image":{"@id":"https:\/\/www.chantegrive.ch\/de\/spezialitat-chasselas-ambitus\/#primaryimage"},"thumbnailUrl":"https:\/\/www.chantegrive.ch\/wp-content\/uploads\/2019\/08\/separateur.png","datePublished":"2019-09-01T16:21:38+00:00","dateModified":"2020-05-25T13:25:26+00:00","description":"Die wichtigste Besonderheit dieses Chasselas liegt in der Reifung auf der Weinhefe.","breadcrumb":{"@id":"https:\/\/www.chantegrive.ch\/de\/spezialitat-chasselas-ambitus\/#breadcrumb"},"inLanguage":"de","potentialAction":[{"@type":"ReadAction","target":["https:\/\/www.chantegrive.ch\/de\/spezialitat-chasselas-ambitus\/"]}]},{"@type":"ImageObject","inLanguage":"de","@id":"https:\/\/www.chantegrive.ch\/de\/spezialitat-chasselas-ambitus\/#primaryimage","url":"https:\/\/www.chantegrive.ch\/wp-content\/uploads\/2019\/08\/separateur.png","contentUrl":"https:\/\/www.chantegrive.ch\/wp-content\/uploads\/2019\/08\/separateur.png"},{"@type":"BreadcrumbList","@id":"https:\/\/www.chantegrive.ch\/de\/spezialitat-chasselas-ambitus\/#breadcrumb","itemListElement":[{"@type":"ListItem","position":1,"name":"Accueil","item":"https:\/\/www.chantegrive.ch\/de\/"},{"@type":"ListItem","position":2,"name":"Ambitus"}]},{"@type":"WebSite","@id":"https:\/\/www.chantegrive.ch\/#website","url":"https:\/\/www.chantegrive.ch\/","name":"Domaine de Chantegrive","description":"Vins Alain Rolaz &amp; fils","potentialAction":[{"@type":"SearchAction","target":{"@type":"EntryPoint","urlTemplate":"https:\/\/www.chantegrive.ch\/?s={search_term_string}"},"query-input":{"@type":"PropertyValueSpecification","valueRequired":true,"valueName":"search_term_string"}}],"inLanguage":"de"}]}},"_links":{"self":[{"href":"https:\/\/www.chantegrive.ch\/de\/wp-json\/wp\/v2\/pages\/8330","targetHints":{"allow":["GET"]}}],"collection":[{"href":"https:\/\/www.chantegrive.ch\/de\/wp-json\/wp\/v2\/pages"}],"about":[{"href":"https:\/\/www.chantegrive.ch\/de\/wp-json\/wp\/v2\/types\/page"}],"author":[{"embeddable":true,"href":"https:\/\/www.chantegrive.ch\/de\/wp-json\/wp\/v2\/users\/2"}],"replies":[{"embeddable":true,"href":"https:\/\/www.chantegrive.ch\/de\/wp-json\/wp\/v2\/comments?post=8330"}],"version-history":[{"count":0,"href":"https:\/\/www.chantegrive.ch\/de\/wp-json\/wp\/v2\/pages\/8330\/revisions"}],"wp:attachment":[{"href":"https:\/\/www.chantegrive.ch\/de\/wp-json\/wp\/v2\/media?parent=8330"}],"curies":[{"name":"wp","href":"https:\/\/api.w.org\/{rel}","templated":true}]}}