{"id":11333,"date":"2021-12-02T17:49:34","date_gmt":"2021-12-02T16:49:34","guid":{"rendered":"https:\/\/www.chantegrive.ch\/produit\/coffret-de-noel\/"},"modified":"2022-02-18T17:43:48","modified_gmt":"2022-02-18T16:43:48","slug":"weihnachtsbox","status":"publish","type":"product","link":"https:\/\/www.chantegrive.ch\/de\/produit\/weihnachtsbox\/","title":{"rendered":"Weihnachtsbox 2021"},"content":{"rendered":"<h2>Geschenkset f\u00fcr Weihnachten 2021!\u00a0 \u00a06 Flaschen 75cl<span style=\"padding-left: 20px;\"><del>94<\/del>\u00a0<\/span>CHF 85.-<\/h2>\n<p class=\"lead\">Entdecken Sie ein ideales Geschenkpaket f\u00fcr Ihr Weihnachtsessen. Ein Wein f\u00fcr jeden Moment.<\/p>\n<p class=\"lead\">Der <strong>Gamaret<\/strong> ist ein sehr farbintensiver, dichter und kr\u00e4ftiger Wein. Im Mund entwickelt er Aromen von schwarzen Fr\u00fcchten auf Tanninen mit leicht w\u00fcrzigen K\u00f6rnern. Er wird in einer Karaffe serviert und ist ein wunderbarer Begleiter f\u00fcr gro\u00dfe Gesellschaften, insbesondere zu Wildgerichten und gegrilltem Fleisch oder Fleisch in Sauce.<\/p>\n<p class=\"lead\">Der <strong>Soprano<\/strong>\u00a0ist ein leichter, frischer Wein mit Aromen von roten Fr\u00fcchten und schmelzenden Tanninen. Der &#8220;Soprano&#8221; passt zu rotem Fleisch, Lamm, Ente sowie zu Petersilien- oder Weichk\u00e4se.<\/p>\n<p class=\"lead\">Entdecken Sie Juliens neueste Kreation, das <strong>R&#8217;os\u00e9<\/strong>, eine Assemblage aus Pinot-Noir und Gamay. Er hat eine gl\u00e4nzende lachsfarbene Robe wie die Ros\u00e9weine der Provence, aber Schweiz. Seine verf\u00fchrerische Nase nach roten Beeren sublimiert seinen fruchtigen und frischen Mund. Er ist daher der ideale Begleiter f\u00fcr den Abend.<\/p>\n<p class=\"lead\">Der <strong>Chasselas Coteau de Vincy Grand Cru<\/strong> besitzt blumige Noten von Lindenbl\u00fcten. Er wird als Aperitif oder zu Weichk\u00e4se serviert. Er kann auch zu Fisch und exotischen Gerichten serviert werden.<\/p>\n<p class=\"lead\">Der <strong>Cantabile<\/strong> ist das Schweizer Taschenmesser der Kollektion. Alain beschreibt ihn als einen Wein, der \u00fcberall hinpasst, da er von allen gesch\u00e4tzt wird und leicht seinen Platz auf dem Tisch findet, vom Aperitif bis zum Dessert.<\/p>\n<p class=\"lead\">Der <strong>Crescendo Chasselas<\/strong> zeigt eine bemerkenswerte Frische, die aus seinen Aromen von Zitrusfr\u00fcchten, wei\u00dfen Blumen und Vanille resultiert. Sein lang anhaltender Abgang ist den sehr seidigen Tanninen zu verdanken, die ihm eine elegante und opulente Textur verleihen. Als Gastronomiewein empfiehlt er sich f\u00fcr raffinierte Gerichte wie Fisch mit wei\u00dfem Fleisch oder aus dem See. Er kann auch zu Hartk\u00e4se serviert werden.<\/p>\n","protected":false},"excerpt":{"rendered":"<h3>Eine Auswahl an Weinen f\u00fcr die Feiertage !<\/h3>\n<p class=\"lead\"><span style=\"color: #ffffff; background-color: #8eb7aa;\">\u00a0Im Angebot bis zum 21. Dezember 2021mit dem Code &#8220;noel&#8221; !\u00a0\u00a0<\/span><\/p>\n<blockquote>\n<p class=\"lead\">Erhalten Sie 1 Box, die von Alain Rolaz speziell f\u00fcr die Feiertage zusammengestellt wurde.<\/p>\n<\/blockquote>\n<div class=\"row\"  id=\"row-2112551584\">\n\n\t<div id=\"col-1595840955\" class=\"col small-12 large-12\"  >\n\t\t\t\t<div class=\"col-inner\"  >\n\t\t\t\n\t\t\t\n<div class=\"row align-left\"  id=\"row-2059272254\">\n\n\t<div id=\"col-1208688468\" class=\"col medium-5 small-12 large-5\"  >\n\t\t\t\t<div class=\"col-inner\"  >\n\t\t\t\n\t\t\t\n<h3><strong>6 Flaschen<\/strong><\/h3>\n<p>Inhalt der Box<\/p>\n<ul>\n<li>1x <span style=\"color: #3aa757;\"><strong>Coteau de Vincy, Chasselas<\/strong><\/span><\/li>\n<li>1x <span style=\"color: #3aa757;\"><strong>Soprano, Pinot-Noir<\/strong><\/span><\/li>\n<li>1x <span style=\"color: #3aa757;\"><strong>Cantabile, Assemblage rouge<\/strong><\/span><\/li>\n<li>1x <span style=\"color: #3aa757;\"><strong>R&#8217;os\u00e9,\u00a0Vin mousseux\u00a0<\/strong><\/span><\/li>\n<li>1x <span style=\"color: #3aa757;\"><strong>Crescendo Gamaret<\/strong><\/span><\/li>\n<li>1x <span style=\"color: #3aa757;\"><strong>Crescendo Chasselas<\/strong><\/span><\/li>\n<\/ul>\n\t\t<\/div>\n\t\t\t\t\t<\/div>\n\n\t\n<\/div>\n\t\t<\/div>\n\t\t\t\t\t<\/div>\n\n\t\n<\/div>\n","protected":false},"featured_media":11331,"template":"","meta":{"iawp_total_views":0},"product_brand":[],"product_cat":[235],"product_tag":[],"class_list":{"0":"post-11333","1":"product","2":"type-product","3":"status-publish","4":"has-post-thumbnail","6":"product_cat-box-set-durch-die-jahreszeiten","7":"product_shipping_class-livraison-gratuite-de","9":"first","10":"outofstock","11":"sale","12":"shipping-taxable","13":"purchasable","14":"product-type-variable","15":"has-default-attributes","16":"add-to-wishlist-after_add_to_cart"},"group_of_quantity":0,"min_quantity":0,"max_quantity":"","exclude_order_quantity_value_rules":"no","exclude_category_quantity_rules":"no","combine_variations":"no","yoast_head":"<!-- This site is optimized with the Yoast SEO plugin v27.4 - https:\/\/yoast.com\/product\/yoast-seo-wordpress\/ -->\n<title>Weihnachtsbox Domaine de Chantegrive<\/title>\n<meta name=\"description\" content=\"Ein weihnachtliches Weinpaket mit 6 Flaschen. Coteau de Vincy Chasselas, Soprano Pinot-Noir, Cantabile Assemblage rouge, R&#039;os\u00e9 Schaumwein, Crescendo Gamaret, Crescendo Chasselas\" \/>\n<meta name=\"robots\" content=\"index, follow, max-snippet:-1, max-image-preview:large, max-video-preview:-1\" \/>\n<link rel=\"canonical\" href=\"https:\/\/www.chantegrive.ch\/de\/produit\/weihnachtsbox\/\" \/>\n<meta property=\"og:locale\" content=\"de_DE\" \/>\n<meta property=\"og:type\" content=\"article\" \/>\n<meta property=\"og:title\" content=\"Coffret no\u00ebl Domaine de Chantegrive\" \/>\n<meta property=\"og:description\" content=\"Un coffret de vins de no\u00ebl comportant 6 bouteilles. Coteau de Vincy Chasselas, Soprano Pinot-Noir, Cantabile Assemblage rouge, R&#039;os\u00e9 Vin mousseux, Crescendo Gamaret, Crescendo Chasselas\" \/>\n<meta property=\"og:url\" content=\"https:\/\/www.chantegrive.ch\/de\/produit\/weihnachtsbox\/\" \/>\n<meta property=\"og:site_name\" content=\"Domaine de Chantegrive\" \/>\n<meta property=\"article:publisher\" content=\"https:\/\/www.facebook.com\/domainedechantegrive\/\" \/>\n<meta property=\"article:modified_time\" content=\"2022-02-18T16:43:48+00:00\" \/>\n<meta property=\"og:image\" content=\"https:\/\/www.chantegrive.ch\/wp-content\/uploads\/2021\/12\/www.chantegrive.ch-5.png\" \/>\n\t<meta property=\"og:image:width\" content=\"1080\" \/>\n\t<meta property=\"og:image:height\" content=\"1080\" \/>\n\t<meta property=\"og:image:type\" content=\"image\/png\" \/>\n<meta name=\"twitter:card\" content=\"summary_large_image\" \/>\n<meta name=\"twitter:label1\" content=\"Gesch\u00e4tzte Lesezeit\" \/>\n\t<meta name=\"twitter:data1\" content=\"2\u00a0Minuten\" \/>\n<script type=\"application\/ld+json\" class=\"yoast-schema-graph\">{\"@context\":\"https:\\\/\\\/schema.org\",\"@graph\":[{\"@type\":\"WebPage\",\"@id\":\"https:\\\/\\\/www.chantegrive.ch\\\/de\\\/produit\\\/weihnachtsbox\\\/\",\"url\":\"https:\\\/\\\/www.chantegrive.ch\\\/de\\\/produit\\\/weihnachtsbox\\\/\",\"name\":\"Weihnachtsbox Domaine de Chantegrive\",\"isPartOf\":{\"@id\":\"https:\\\/\\\/www.chantegrive.ch\\\/#website\"},\"primaryImageOfPage\":{\"@id\":\"https:\\\/\\\/www.chantegrive.ch\\\/de\\\/produit\\\/weihnachtsbox\\\/#primaryimage\"},\"image\":{\"@id\":\"https:\\\/\\\/www.chantegrive.ch\\\/de\\\/produit\\\/weihnachtsbox\\\/#primaryimage\"},\"thumbnailUrl\":\"https:\\\/\\\/www.chantegrive.ch\\\/wp-content\\\/uploads\\\/2021\\\/12\\\/www.chantegrive.ch-5.png\",\"datePublished\":\"2021-12-02T16:49:34+00:00\",\"dateModified\":\"2022-02-18T16:43:48+00:00\",\"description\":\"Ein weihnachtliches Weinpaket mit 6 Flaschen. Coteau de Vincy Chasselas, Soprano Pinot-Noir, Cantabile Assemblage rouge, R'os\u00e9 Schaumwein, Crescendo Gamaret, Crescendo Chasselas\",\"breadcrumb\":{\"@id\":\"https:\\\/\\\/www.chantegrive.ch\\\/de\\\/produit\\\/weihnachtsbox\\\/#breadcrumb\"},\"inLanguage\":\"de\",\"potentialAction\":[{\"@type\":\"ReadAction\",\"target\":[\"https:\\\/\\\/www.chantegrive.ch\\\/de\\\/produit\\\/weihnachtsbox\\\/\"]}]},{\"@type\":\"ImageObject\",\"inLanguage\":\"de\",\"@id\":\"https:\\\/\\\/www.chantegrive.ch\\\/de\\\/produit\\\/weihnachtsbox\\\/#primaryimage\",\"url\":\"https:\\\/\\\/www.chantegrive.ch\\\/wp-content\\\/uploads\\\/2021\\\/12\\\/www.chantegrive.ch-5.png\",\"contentUrl\":\"https:\\\/\\\/www.chantegrive.ch\\\/wp-content\\\/uploads\\\/2021\\\/12\\\/www.chantegrive.ch-5.png\",\"width\":1080,\"height\":1080},{\"@type\":\"BreadcrumbList\",\"@id\":\"https:\\\/\\\/www.chantegrive.ch\\\/de\\\/produit\\\/weihnachtsbox\\\/#breadcrumb\",\"itemListElement\":[{\"@type\":\"ListItem\",\"position\":1,\"name\":\"Accueil\",\"item\":\"https:\\\/\\\/www.chantegrive.ch\\\/de\\\/\"},{\"@type\":\"ListItem\",\"position\":2,\"name\":\"Shop Cat\u00e9gorie\",\"item\":\"https:\\\/\\\/www.chantegrive.ch\\\/shop\\\/\"},{\"@type\":\"ListItem\",\"position\":3,\"name\":\"Weihnachtsbox 2021\"}]},{\"@type\":\"WebSite\",\"@id\":\"https:\\\/\\\/www.chantegrive.ch\\\/#website\",\"url\":\"https:\\\/\\\/www.chantegrive.ch\\\/\",\"name\":\"Domaine de Chantegrive\",\"description\":\"Vins Alain Rolaz &amp; fils\",\"potentialAction\":[{\"@type\":\"SearchAction\",\"target\":{\"@type\":\"EntryPoint\",\"urlTemplate\":\"https:\\\/\\\/www.chantegrive.ch\\\/?s={search_term_string}\"},\"query-input\":{\"@type\":\"PropertyValueSpecification\",\"valueRequired\":true,\"valueName\":\"search_term_string\"}}],\"inLanguage\":\"de\"}]}<\/script>\n<!-- \/ Yoast SEO plugin. -->","yoast_head_json":{"title":"Weihnachtsbox Domaine de Chantegrive","description":"Ein weihnachtliches Weinpaket mit 6 Flaschen. Coteau de Vincy Chasselas, Soprano Pinot-Noir, Cantabile Assemblage rouge, R'os\u00e9 Schaumwein, Crescendo Gamaret, Crescendo Chasselas","robots":{"index":"index","follow":"follow","max-snippet":"max-snippet:-1","max-image-preview":"max-image-preview:large","max-video-preview":"max-video-preview:-1"},"canonical":"https:\/\/www.chantegrive.ch\/de\/produit\/weihnachtsbox\/","og_locale":"de_DE","og_type":"article","og_title":"Coffret no\u00ebl Domaine de Chantegrive","og_description":"Un coffret de vins de no\u00ebl comportant 6 bouteilles. Coteau de Vincy Chasselas, Soprano Pinot-Noir, Cantabile Assemblage rouge, R'os\u00e9 Vin mousseux, Crescendo Gamaret, Crescendo Chasselas","og_url":"https:\/\/www.chantegrive.ch\/de\/produit\/weihnachtsbox\/","og_site_name":"Domaine de Chantegrive","article_publisher":"https:\/\/www.facebook.com\/domainedechantegrive\/","article_modified_time":"2022-02-18T16:43:48+00:00","og_image":[{"width":1080,"height":1080,"url":"https:\/\/www.chantegrive.ch\/wp-content\/uploads\/2021\/12\/www.chantegrive.ch-5.png","type":"image\/png"}],"twitter_card":"summary_large_image","twitter_misc":{"Gesch\u00e4tzte Lesezeit":"2\u00a0Minuten"},"schema":{"@context":"https:\/\/schema.org","@graph":[{"@type":"WebPage","@id":"https:\/\/www.chantegrive.ch\/de\/produit\/weihnachtsbox\/","url":"https:\/\/www.chantegrive.ch\/de\/produit\/weihnachtsbox\/","name":"Weihnachtsbox Domaine de Chantegrive","isPartOf":{"@id":"https:\/\/www.chantegrive.ch\/#website"},"primaryImageOfPage":{"@id":"https:\/\/www.chantegrive.ch\/de\/produit\/weihnachtsbox\/#primaryimage"},"image":{"@id":"https:\/\/www.chantegrive.ch\/de\/produit\/weihnachtsbox\/#primaryimage"},"thumbnailUrl":"https:\/\/www.chantegrive.ch\/wp-content\/uploads\/2021\/12\/www.chantegrive.ch-5.png","datePublished":"2021-12-02T16:49:34+00:00","dateModified":"2022-02-18T16:43:48+00:00","description":"Ein weihnachtliches Weinpaket mit 6 Flaschen. Coteau de Vincy Chasselas, Soprano Pinot-Noir, Cantabile Assemblage rouge, R'os\u00e9 Schaumwein, Crescendo Gamaret, Crescendo Chasselas","breadcrumb":{"@id":"https:\/\/www.chantegrive.ch\/de\/produit\/weihnachtsbox\/#breadcrumb"},"inLanguage":"de","potentialAction":[{"@type":"ReadAction","target":["https:\/\/www.chantegrive.ch\/de\/produit\/weihnachtsbox\/"]}]},{"@type":"ImageObject","inLanguage":"de","@id":"https:\/\/www.chantegrive.ch\/de\/produit\/weihnachtsbox\/#primaryimage","url":"https:\/\/www.chantegrive.ch\/wp-content\/uploads\/2021\/12\/www.chantegrive.ch-5.png","contentUrl":"https:\/\/www.chantegrive.ch\/wp-content\/uploads\/2021\/12\/www.chantegrive.ch-5.png","width":1080,"height":1080},{"@type":"BreadcrumbList","@id":"https:\/\/www.chantegrive.ch\/de\/produit\/weihnachtsbox\/#breadcrumb","itemListElement":[{"@type":"ListItem","position":1,"name":"Accueil","item":"https:\/\/www.chantegrive.ch\/de\/"},{"@type":"ListItem","position":2,"name":"Shop Cat\u00e9gorie","item":"https:\/\/www.chantegrive.ch\/shop\/"},{"@type":"ListItem","position":3,"name":"Weihnachtsbox 2021"}]},{"@type":"WebSite","@id":"https:\/\/www.chantegrive.ch\/#website","url":"https:\/\/www.chantegrive.ch\/","name":"Domaine de Chantegrive","description":"Vins Alain Rolaz &amp; fils","potentialAction":[{"@type":"SearchAction","target":{"@type":"EntryPoint","urlTemplate":"https:\/\/www.chantegrive.ch\/?s={search_term_string}"},"query-input":{"@type":"PropertyValueSpecification","valueRequired":true,"valueName":"search_term_string"}}],"inLanguage":"de"}]}},"_links":{"self":[{"href":"https:\/\/www.chantegrive.ch\/de\/wp-json\/wp\/v2\/product\/11333","targetHints":{"allow":["GET"]}}],"collection":[{"href":"https:\/\/www.chantegrive.ch\/de\/wp-json\/wp\/v2\/product"}],"about":[{"href":"https:\/\/www.chantegrive.ch\/de\/wp-json\/wp\/v2\/types\/product"}],"wp:featuredmedia":[{"embeddable":true,"href":"https:\/\/www.chantegrive.ch\/de\/wp-json\/wp\/v2\/media\/11331"}],"wp:attachment":[{"href":"https:\/\/www.chantegrive.ch\/de\/wp-json\/wp\/v2\/media?parent=11333"}],"wp:term":[{"taxonomy":"product_brand","embeddable":true,"href":"https:\/\/www.chantegrive.ch\/de\/wp-json\/wp\/v2\/product_brand?post=11333"},{"taxonomy":"product_cat","embeddable":true,"href":"https:\/\/www.chantegrive.ch\/de\/wp-json\/wp\/v2\/product_cat?post=11333"},{"taxonomy":"product_tag","embeddable":true,"href":"https:\/\/www.chantegrive.ch\/de\/wp-json\/wp\/v2\/product_tag?post=11333"}],"curies":[{"name":"wp","href":"https:\/\/api.w.org\/{rel}","templated":true}]}}