{"id":11950,"date":"2022-11-01T10:22:08","date_gmt":"2022-11-01T09:22:08","guid":{"rendered":"https:\/\/www.chantegrive.ch\/produit\/entdeckungsbox-12-flaschen\/"},"modified":"2022-11-01T10:22:08","modified_gmt":"2022-11-01T09:22:08","slug":"entdeckungsbox-12-flaschen","status":"publish","type":"product","link":"https:\/\/www.chantegrive.ch\/de\/produit\/entdeckungsbox-12-flaschen\/","title":{"rendered":"Entdeckungsbox 12 Flaschen"},"content":{"rendered":"<h3>Geschenkset Entdeckung 2022! 12 Flaschen zu CHF 199.- statt 227.-.<\/h3>\n<p>Entdecken Sie ein ideales Geschenkset f\u00fcr Ihre Mahlzeiten. 2&#215;6 einzigartige Weine, um jeden Moment zweimal zu genie\u00dfen.<\/p>\n<p>Der &#8220;Soprano&#8221; ist ein leichter, frischer Wein mit Aromen von roten Fr\u00fcchten und geschmolzenen Tanninen. Der &#8220;Soprano&#8221; passt zu rotem Fleisch, Lamm, Ente sowie zu Petersilien- oder Weichk\u00e4se.<\/p>\n<p>Der &#8220;Arioso&#8221; ist ein Wein mit einer sch\u00f6nen, intensiven rubinroten Farbe, fruchtig, duftend, geschmeidig mit eher eingebetteten Tanninen und im Allgemeinen einer guten S\u00e4ure.<\/p>\n<p>Der Crescendo Chasselas zeugt von einer bemerkenswerten Frische, die aus seinen Aromen von Zitrusfr\u00fcchten, wei\u00dfen Blumen und Vanille resultiert. Sein lang anhaltender Abgang ist auf die sehr seidigen Tannine zur\u00fcckzuf\u00fchren, die ihm eine elegante und opulente Textur verleihen. Als Gastronomiewein empfiehlt er sich f\u00fcr raffinierte Gerichte wie Fisch mit wei\u00dfem Fleisch oder aus dem See. Er kann auch zu Hartk\u00e4se serviert werden.<\/p>\n<p>Der Ambitus ist ein trockener, festlicher Wei\u00dfwein, der nach mehr verlangt. Seine Aromen von gelbfleischigen Fr\u00fcchten und Trockenfr\u00fcchten bieten im Mund ein samtiges Gef\u00fchl mit einem mineralischen Touch.<\/p>\n<p>Der Crescendo Gamaret ist sehr farbintensiv, dicht und vollmundig und entwickelt dann im Mund Aromen von schwarzen Fr\u00fcchten auf Tanninen mit leicht pikanter K\u00f6rnung.<\/p>\n<p>Der Crescendo Merlot zieht seine Fruchtigkeit aus dem Terroir und entfaltet eine subtile Aromenpalette. Seine weichen Tannine stammen von seinem langsamen Ausbau im Barrique. Sein fruchtiger Auftakt erinnert an Brombeeren, Waldbeeren und schwarze Kirschen. Sein leicht w\u00fcrziger Abgang mit Kakaonoten verleiht ihm ein Gef\u00fchl von Reichhaltigkeit.<\/p>\n","protected":false},"excerpt":{"rendered":"<h3>Entdecke 6 einzigartige Geschmacksrichtungen!<\/h3>\n<p class=\"lead\"><span style=\"color: #ffffff; background-color: #5b3c11;\">\u00a0SONDERANGEBOT<\/span><\/p>\n<blockquote>\n<p class=\"lead\">Erhalten Sie 1 Entdeckerbox, die speziell von Alain Rolaz zusammengestellt wurde.<\/p>\n<\/blockquote>\n<div class=\"row\"  id=\"row-318032146\">\n\n\t<div id=\"col-124102833\" class=\"col small-12 large-12\"  >\n\t\t\t\t<div class=\"col-inner\"  >\n\t\t\t\n\t\t\t\n<div class=\"row align-left\"  id=\"row-1049402458\">\n\n\t<div id=\"col-1975689274\" class=\"col medium-5 small-12 large-5\"  >\n\t\t\t\t<div class=\"col-inner\"  >\n\t\t\t\n\t\t\t\n<h3><strong>12 Flaschen<\/strong><\/h3>\n<p><em>Inhalt der Box<\/em><\/p>\n<ul>\n<li>2x\u00a0<strong><span style=\"color: #5b3c11;\">Ambitus<\/span><\/strong><\/li>\n<li>2x\u00a0<strong><span style=\"color: #5b3c11;\">Arioso<\/span><\/strong><\/li>\n<li>2x <span style=\"color: #5b3c11;\"><strong>Soprano<\/strong><\/span><\/li>\n<li>2x <span style=\"color: #5b3c11;\"><strong>Crescendo Chasselas<\/strong><\/span><\/li>\n<li>2x <span style=\"color: #5b3c11;\"><strong>Crescendo Gamaret<\/strong><\/span><\/li>\n<li>2x <span style=\"color: #5b3c11;\"><strong>Crescendo Merlot<\/strong><\/span><\/li>\n<\/ul>\n\t\t<\/div>\n\t\t\t\t\t<\/div>\n\n\t\n<\/div>\n\t\t<\/div>\n\t\t\t\t\t<\/div>\n\n\t\n<\/div>\n","protected":false},"featured_media":11947,"template":"","meta":{"iawp_total_views":10},"product_brand":[],"product_cat":[235],"product_tag":[],"class_list":{"0":"post-11950","1":"product","2":"type-product","3":"status-publish","4":"has-post-thumbnail","6":"product_cat-box-set-durch-die-jahreszeiten","7":"product_shipping_class-livraison-gratuite-de","9":"first","10":"instock","11":"sale","12":"shipping-taxable","13":"purchasable","14":"product-type-simple","15":"add-to-wishlist-after_add_to_cart"},"group_of_quantity":0,"min_quantity":0,"max_quantity":"","exclude_order_quantity_value_rules":"no","exclude_category_quantity_rules":"no","combine_variations":"no","yoast_head":"<!-- This site is optimized with the Yoast SEO plugin v27.4 - https:\/\/yoast.com\/product\/yoast-seo-wordpress\/ -->\n<title>Entdeckerbox Domaine de Chantegrive<\/title>\n<meta name=\"description\" content=\"Ein Entdecker-Weinpaket mit 12 Flaschen und 6 verschiedenen Geschmacksrichtungen\" \/>\n<meta name=\"robots\" content=\"index, follow, max-snippet:-1, max-image-preview:large, max-video-preview:-1\" \/>\n<link rel=\"canonical\" href=\"https:\/\/www.chantegrive.ch\/de\/produit\/entdeckungsbox-12-flaschen\/\" \/>\n<meta property=\"og:locale\" content=\"de_DE\" \/>\n<meta property=\"og:type\" content=\"article\" \/>\n<meta property=\"og:title\" content=\"Entdeckerbox Domaine de Chantegrive\" \/>\n<meta property=\"og:description\" content=\"Eine Entdeckerbox mit 12 Flaschen, 6 einzigartigen Geschmacksrichtungen\" \/>\n<meta property=\"og:url\" content=\"https:\/\/www.chantegrive.ch\/de\/produit\/entdeckungsbox-12-flaschen\/\" \/>\n<meta property=\"og:site_name\" content=\"Domaine de Chantegrive\" \/>\n<meta property=\"article:publisher\" content=\"https:\/\/www.facebook.com\/domainedechantegrive\/\" \/>\n<meta property=\"og:image\" content=\"https:\/\/www.chantegrive.ch\/wp-content\/uploads\/2022\/11\/Sans-titre-91.png\" \/>\n\t<meta property=\"og:image:width\" content=\"1080\" \/>\n\t<meta property=\"og:image:height\" content=\"1080\" \/>\n\t<meta property=\"og:image:type\" content=\"image\/png\" \/>\n<meta name=\"twitter:card\" content=\"summary_large_image\" \/>\n<meta name=\"twitter:label1\" content=\"Gesch\u00e4tzte Lesezeit\" \/>\n\t<meta name=\"twitter:data1\" content=\"1\u00a0Minute\" \/>\n<script type=\"application\/ld+json\" class=\"yoast-schema-graph\">{\"@context\":\"https:\\\/\\\/schema.org\",\"@graph\":[{\"@type\":\"WebPage\",\"@id\":\"https:\\\/\\\/www.chantegrive.ch\\\/de\\\/produit\\\/entdeckungsbox-12-flaschen\\\/\",\"url\":\"https:\\\/\\\/www.chantegrive.ch\\\/de\\\/produit\\\/entdeckungsbox-12-flaschen\\\/\",\"name\":\"Entdeckerbox Domaine de Chantegrive\",\"isPartOf\":{\"@id\":\"https:\\\/\\\/www.chantegrive.ch\\\/#website\"},\"primaryImageOfPage\":{\"@id\":\"https:\\\/\\\/www.chantegrive.ch\\\/de\\\/produit\\\/entdeckungsbox-12-flaschen\\\/#primaryimage\"},\"image\":{\"@id\":\"https:\\\/\\\/www.chantegrive.ch\\\/de\\\/produit\\\/entdeckungsbox-12-flaschen\\\/#primaryimage\"},\"thumbnailUrl\":\"https:\\\/\\\/www.chantegrive.ch\\\/wp-content\\\/uploads\\\/2022\\\/11\\\/Sans-titre-91.png\",\"datePublished\":\"2022-11-01T09:22:08+00:00\",\"description\":\"Ein Entdecker-Weinpaket mit 12 Flaschen und 6 verschiedenen Geschmacksrichtungen\",\"breadcrumb\":{\"@id\":\"https:\\\/\\\/www.chantegrive.ch\\\/de\\\/produit\\\/entdeckungsbox-12-flaschen\\\/#breadcrumb\"},\"inLanguage\":\"de\",\"potentialAction\":[{\"@type\":\"ReadAction\",\"target\":[\"https:\\\/\\\/www.chantegrive.ch\\\/de\\\/produit\\\/entdeckungsbox-12-flaschen\\\/\"]}]},{\"@type\":\"ImageObject\",\"inLanguage\":\"de\",\"@id\":\"https:\\\/\\\/www.chantegrive.ch\\\/de\\\/produit\\\/entdeckungsbox-12-flaschen\\\/#primaryimage\",\"url\":\"https:\\\/\\\/www.chantegrive.ch\\\/wp-content\\\/uploads\\\/2022\\\/11\\\/Sans-titre-91.png\",\"contentUrl\":\"https:\\\/\\\/www.chantegrive.ch\\\/wp-content\\\/uploads\\\/2022\\\/11\\\/Sans-titre-91.png\",\"width\":1080,\"height\":1080},{\"@type\":\"BreadcrumbList\",\"@id\":\"https:\\\/\\\/www.chantegrive.ch\\\/de\\\/produit\\\/entdeckungsbox-12-flaschen\\\/#breadcrumb\",\"itemListElement\":[{\"@type\":\"ListItem\",\"position\":1,\"name\":\"Accueil\",\"item\":\"https:\\\/\\\/www.chantegrive.ch\\\/de\\\/\"},{\"@type\":\"ListItem\",\"position\":2,\"name\":\"Shop Cat\u00e9gorie\",\"item\":\"https:\\\/\\\/www.chantegrive.ch\\\/shop\\\/\"},{\"@type\":\"ListItem\",\"position\":3,\"name\":\"Entdeckungsbox 12 Flaschen\"}]},{\"@type\":\"WebSite\",\"@id\":\"https:\\\/\\\/www.chantegrive.ch\\\/#website\",\"url\":\"https:\\\/\\\/www.chantegrive.ch\\\/\",\"name\":\"Domaine de Chantegrive\",\"description\":\"Vins Alain Rolaz &amp; fils\",\"potentialAction\":[{\"@type\":\"SearchAction\",\"target\":{\"@type\":\"EntryPoint\",\"urlTemplate\":\"https:\\\/\\\/www.chantegrive.ch\\\/?s={search_term_string}\"},\"query-input\":{\"@type\":\"PropertyValueSpecification\",\"valueRequired\":true,\"valueName\":\"search_term_string\"}}],\"inLanguage\":\"de\"}]}<\/script>\n<!-- \/ Yoast SEO plugin. -->","yoast_head_json":{"title":"Entdeckerbox Domaine de Chantegrive","description":"Ein Entdecker-Weinpaket mit 12 Flaschen und 6 verschiedenen Geschmacksrichtungen","robots":{"index":"index","follow":"follow","max-snippet":"max-snippet:-1","max-image-preview":"max-image-preview:large","max-video-preview":"max-video-preview:-1"},"canonical":"https:\/\/www.chantegrive.ch\/de\/produit\/entdeckungsbox-12-flaschen\/","og_locale":"de_DE","og_type":"article","og_title":"Entdeckerbox Domaine de Chantegrive","og_description":"Eine Entdeckerbox mit 12 Flaschen, 6 einzigartigen Geschmacksrichtungen","og_url":"https:\/\/www.chantegrive.ch\/de\/produit\/entdeckungsbox-12-flaschen\/","og_site_name":"Domaine de Chantegrive","article_publisher":"https:\/\/www.facebook.com\/domainedechantegrive\/","og_image":[{"width":1080,"height":1080,"url":"https:\/\/www.chantegrive.ch\/wp-content\/uploads\/2022\/11\/Sans-titre-91.png","type":"image\/png"}],"twitter_card":"summary_large_image","twitter_misc":{"Gesch\u00e4tzte Lesezeit":"1\u00a0Minute"},"schema":{"@context":"https:\/\/schema.org","@graph":[{"@type":"WebPage","@id":"https:\/\/www.chantegrive.ch\/de\/produit\/entdeckungsbox-12-flaschen\/","url":"https:\/\/www.chantegrive.ch\/de\/produit\/entdeckungsbox-12-flaschen\/","name":"Entdeckerbox Domaine de Chantegrive","isPartOf":{"@id":"https:\/\/www.chantegrive.ch\/#website"},"primaryImageOfPage":{"@id":"https:\/\/www.chantegrive.ch\/de\/produit\/entdeckungsbox-12-flaschen\/#primaryimage"},"image":{"@id":"https:\/\/www.chantegrive.ch\/de\/produit\/entdeckungsbox-12-flaschen\/#primaryimage"},"thumbnailUrl":"https:\/\/www.chantegrive.ch\/wp-content\/uploads\/2022\/11\/Sans-titre-91.png","datePublished":"2022-11-01T09:22:08+00:00","description":"Ein Entdecker-Weinpaket mit 12 Flaschen und 6 verschiedenen Geschmacksrichtungen","breadcrumb":{"@id":"https:\/\/www.chantegrive.ch\/de\/produit\/entdeckungsbox-12-flaschen\/#breadcrumb"},"inLanguage":"de","potentialAction":[{"@type":"ReadAction","target":["https:\/\/www.chantegrive.ch\/de\/produit\/entdeckungsbox-12-flaschen\/"]}]},{"@type":"ImageObject","inLanguage":"de","@id":"https:\/\/www.chantegrive.ch\/de\/produit\/entdeckungsbox-12-flaschen\/#primaryimage","url":"https:\/\/www.chantegrive.ch\/wp-content\/uploads\/2022\/11\/Sans-titre-91.png","contentUrl":"https:\/\/www.chantegrive.ch\/wp-content\/uploads\/2022\/11\/Sans-titre-91.png","width":1080,"height":1080},{"@type":"BreadcrumbList","@id":"https:\/\/www.chantegrive.ch\/de\/produit\/entdeckungsbox-12-flaschen\/#breadcrumb","itemListElement":[{"@type":"ListItem","position":1,"name":"Accueil","item":"https:\/\/www.chantegrive.ch\/de\/"},{"@type":"ListItem","position":2,"name":"Shop Cat\u00e9gorie","item":"https:\/\/www.chantegrive.ch\/shop\/"},{"@type":"ListItem","position":3,"name":"Entdeckungsbox 12 Flaschen"}]},{"@type":"WebSite","@id":"https:\/\/www.chantegrive.ch\/#website","url":"https:\/\/www.chantegrive.ch\/","name":"Domaine de Chantegrive","description":"Vins Alain Rolaz &amp; fils","potentialAction":[{"@type":"SearchAction","target":{"@type":"EntryPoint","urlTemplate":"https:\/\/www.chantegrive.ch\/?s={search_term_string}"},"query-input":{"@type":"PropertyValueSpecification","valueRequired":true,"valueName":"search_term_string"}}],"inLanguage":"de"}]}},"_links":{"self":[{"href":"https:\/\/www.chantegrive.ch\/de\/wp-json\/wp\/v2\/product\/11950","targetHints":{"allow":["GET"]}}],"collection":[{"href":"https:\/\/www.chantegrive.ch\/de\/wp-json\/wp\/v2\/product"}],"about":[{"href":"https:\/\/www.chantegrive.ch\/de\/wp-json\/wp\/v2\/types\/product"}],"wp:featuredmedia":[{"embeddable":true,"href":"https:\/\/www.chantegrive.ch\/de\/wp-json\/wp\/v2\/media\/11947"}],"wp:attachment":[{"href":"https:\/\/www.chantegrive.ch\/de\/wp-json\/wp\/v2\/media?parent=11950"}],"wp:term":[{"taxonomy":"product_brand","embeddable":true,"href":"https:\/\/www.chantegrive.ch\/de\/wp-json\/wp\/v2\/product_brand?post=11950"},{"taxonomy":"product_cat","embeddable":true,"href":"https:\/\/www.chantegrive.ch\/de\/wp-json\/wp\/v2\/product_cat?post=11950"},{"taxonomy":"product_tag","embeddable":true,"href":"https:\/\/www.chantegrive.ch\/de\/wp-json\/wp\/v2\/product_tag?post=11950"}],"curies":[{"name":"wp","href":"https:\/\/api.w.org\/{rel}","templated":true}]}}