{"id":12186,"date":"2023-07-12T11:04:35","date_gmt":"2023-07-12T09:04:35","guid":{"rendered":"https:\/\/www.chantegrive.ch\/produit\/naturwein-chantegrive\/"},"modified":"2023-12-22T15:05:51","modified_gmt":"2023-12-22T14:05:51","slug":"naturwein-chantegrive","status":"publish","type":"product","link":"https:\/\/www.chantegrive.ch\/de\/produit\/naturwein-chantegrive\/","title":{"rendered":"Naturwein Chantegrive"},"content":{"rendered":"<div class=\"row\"  id=\"row-1972598798\">\n\n\t<div id=\"col-597645109\" class=\"col small-12 large-12\"  >\n\t\t\t\t<div class=\"col-inner dark\"  >\n\t\t\t\n\t\t\t\n<div class=\"row\"  id=\"row-1354359154\">\n\n\t<div id=\"col-1987919887\" class=\"col small-12 large-12\"  >\n\t\t\t\t<div class=\"col-inner\"  >\n\t\t\t\n\t\t\t\n<h2>Naturwein &#8211; ohne Sulfitzusatz<br \/>\n<span class=\"alt-font\">Bio-Zucht<\/span><\/h2>\n\t<div id=\"gap-2034902342\" class=\"gap-element clearfix\" style=\"display:block; height:auto;\">\n\t\t\n<style>\n#gap-2034902342 {\n  padding-top: 30px;\n}\n<\/style>\n\t<\/div>\n\t\n<p class=\"lead\">Es ist ein Wein ohne synthetische Chemikalien und \u00f6nologische Hilfsmittel, der aus handgelesenen Bio-Trauben hergestellt wird.<\/p>\n\t\t<\/div>\n\t\t\t\t\t<\/div>\n\n\t\n<\/div>\n<div class=\"row\"  id=\"row-197378115\">\n\n\t<div id=\"col-1069274100\" class=\"col medium-6 small-12 large-6\"  >\n\t\t\t\t<div class=\"col-inner\"  >\n\t\t\t\n\t\t\t\n<h3>Wein :<\/h3>\n<p>N&#8217;ature rouge entstand aus unserem Wunsch, eine Kollektion lebendiger Weine zu schaffen, die aus der Parzellenauswahl stammen. Unser Ziel ist es, unser Know-how mit den traditionellsten Methoden zu verbinden und dabei die beste Qualit\u00e4t anzustreben. Die Herausforderung ist gro\u00df, denn Naturweine haben keinen besonders guten Ruf, denn es stimmt, dass das Angebot zwischen mittelm\u00e4\u00dfig und ausgezeichnet schwankt.<\/p>\n<p>N&#8217;ature rouge ist eine Assemblage, die aus Dornfelder und Gamaret besteht. Die Trauben wurden gemeinsam geerntet und vergoren. Der Tankfu\u00df besteht ausschlie\u00dflich aus Dornfelder, der zur nat\u00fcrlichen Besetzung des Tanks diente. Die alkoholische und malolaktische G\u00e4rung endeten auf nat\u00fcrliche Weise. Wir f\u00fchrten mehrere Schwerkraftabf\u00fcllungen durch, um die gr\u00f6bsten Hefen zu entfernen und nur die feinen Hefen von ausgezeichneter Qualit\u00e4t zu hinterlassen.<\/p>\n<p>Die Flaschenabf\u00fcllung erfolgte durch Schwerkraft, um alle Kriterien f\u00fcr die Vinifizierung eines Naturweins zu erf\u00fcllen.<\/p>\n<p>Der Wein enth\u00e4lt von Natur aus Sulfite, deren Gesamtgehalt unter 18 mg\/L liegt.<\/p>\n\t\t<\/div>\n\t\t\t\t\t<\/div>\n\n\t\n\n\t<div id=\"col-1356688297\" class=\"col medium-6 small-12 large-6\"  >\n\t\t\t\t<div class=\"col-inner\"  >\n\t\t\t\n\t\t\t\n<h4>Betreuungszeit<\/h4>\n<p>Betreuungszeit: 3 bis 5 Jahre<\/p>\n<p>Zur Aufbewahrung: Alterungstemperatur um 15\u00b0C und sollte im ganzen Keller gleichm\u00e4\u00dfig sein.<\/p>\n<h4>Betriebstemperatur<\/h4>\n<p><img loading=\"lazy\" decoding=\"async\" class=\"alignnone size-full wp-image-7156\" src=\"https:\/\/www.chantegrive.ch\/wp-content\/uploads\/2019\/08\/thermometer-icon-white-domaine-de-chantegrive-2.png\" alt=\"\" width=\"55\" height=\"51\" \/>Ideale Temperatur: 10 bis 12 Grad<\/p>\n<h3 style=\"text-align: left;\">Der K\u00fcnstler :<\/h3>\n<p style=\"text-align: left;\">Jean-Daniel Rohrer ist ein preisgekr\u00f6nter Schweizer K\u00fcnstler mit Sitz in Kanada, dessen Gem\u00e4lde in beiden L\u00e4ndern sowie in den USA, Frankreich, Japan und England ausgestellt wurden. Er beschreibt seine Kunst als gepr\u00e4gt von Leidenschaft, menschlicher Pr\u00e4senz, dem Tierreich und der Erinnerung. Rohrers plastische Sprache verschmilzt die Welt der Grafik, der &#8220;zeitlosen Chroniken&#8221; und der malerischen Tradition.<\/p>\n\t\t<\/div>\n\t\t\t\t\t<\/div>\n\n\t\n<\/div>\n\t\t<\/div>\n\t\t\t\t\t<\/div>\n\n\t\n<\/div>\n","protected":false},"excerpt":{"rendered":"<h3>N&#8217;ature &#8211; von Julien Rolaz<\/h3>\n<p><em>Rebsorte: Dornfelder Gamaret<\/em><\/p>\n<blockquote>\n<p class=\"lead\">Es ist ein Wein ohne synthetische Chemikalien und \u00f6nologische Hilfsmittel, der aus handgelesenen Bio-Trauben hergestellt wird.<\/p>\n<p style=\"font-weight: 400;\"><strong>Philosophie : <\/strong><\/p>\n<p style=\"font-weight: 400;\">Der Naturansatz <strong>reduziert Interventionen <\/strong>Die G\u00e4rung erfolgt daher mit nat\u00fcrlicher Hefe (statt mit ausgew\u00e4hlten Hefen in Beuteln, die w\u00e4hrend der G\u00e4rung hinzugef\u00fcgt werden), ohne dass Enzyme oder verschiedene chemische Verbindungen hinzugef\u00fcgt werden, die die Weinbereitung erleichtern sollen. Dies ist mit &#8220;nichts hinzugef\u00fcgt&#8221; gemeint.<\/p>\n<p style=\"font-weight: 400;\">Naturweine werden weder gekl\u00e4rt noch gefiltert. Diese beiden Techniken entfernen im Wein schwebende Feststoffe oder sogar Mikroorganismen im Fall der sogenannten sterilen Filtration. Das ist die Idee des &#8220;nichts wegnehmen&#8221;.<\/p>\n<\/blockquote>\n<p><img loading=\"lazy\" decoding=\"async\" class=\"alignright size-full wp-image-6728\" src=\"https:\/\/www.chantegrive.ch\/wp-content\/uploads\/2019\/09\/logo-grive-blanc-domaine-de-chantegrive.png\" alt=\"\" width=\"95\" height=\"99\" \/><\/p>\n<h4>Karton mit 6 Flaschen<\/h4>\n<ul>\n<li>6x 75 cl = <strong>CHF 156.-<\/strong> (CHF 26.- pro Fls.)<\/li>\n<\/ul>\n","protected":false},"featured_media":12087,"template":"","meta":{"iawp_total_views":60},"product_brand":[],"product_cat":[],"product_tag":[],"class_list":{"0":"post-12186","1":"product","2":"type-product","3":"status-publish","4":"has-post-thumbnail","7":"first","8":"instock","9":"shipping-taxable","10":"purchasable","11":"product-type-simple","12":"add-to-wishlist-after_add_to_cart"},"group_of_quantity":6,"min_quantity":6,"max_quantity":"","exclude_order_quantity_value_rules":"no","exclude_category_quantity_rules":"no","combine_variations":"no","yoast_head":"<!-- This site is optimized with the Yoast SEO plugin v27.4 - https:\/\/yoast.com\/product\/yoast-seo-wordpress\/ -->\n<title>Naturwein Chantegrive - Domaine de Chantegrive<\/title>\n<meta name=\"description\" content=\"N&#039;ature - von Julien Rolaz Rebsorte: Dornfelder Gamaret  Es ist ein Wein ohne synthetische Chemikalien und \u00f6nologische Hilfsmittel, der aus handgelesenen Bio-Trauben hergestellt wird. Philosophie :  Der Naturansatz reduziert Interventionen Die G\u00e4rung erfolgt daher mit nat\u00fcrlicher Hefe (statt mit ausgew\u00e4hlten Hefen in Beuteln, die w\u00e4hrend der G\u00e4rung hinzugef\u00fcgt werden), ohne dass Enzyme oder verschiedene chemische Verbindungen hinzugef\u00fcgt werden, die die Weinbereitung erleichtern sollen. Dies ist mit &quot;nichts hinzugef\u00fcgt&quot; gemeint. Naturweine werden weder gekl\u00e4rt noch gefiltert. Diese beiden Techniken entfernen im Wein schwebende Feststoffe oder sogar Mikroorganismen im Fall der sogenannten sterilen Filtration. Das ist die Idee des &quot;nichts wegnehmen&quot;.   Karton mit 6 Flaschen   6x 75 cl = CHF 156.- (CHF 26.- pro Fls.) % N&#039;ature ist ein Wein ohne synthetische Chemikalien und \u00f6nologische Hilfsmittel, der aus handgelesenen Bio-Trauben hergestellt wird.\" \/>\n<meta name=\"robots\" content=\"index, follow, max-snippet:-1, max-image-preview:large, max-video-preview:-1\" \/>\n<link rel=\"canonical\" href=\"https:\/\/www.chantegrive.ch\/de\/produit\/naturwein-chantegrive\/\" \/>\n<meta property=\"og:locale\" content=\"de_DE\" \/>\n<meta property=\"og:type\" content=\"article\" \/>\n<meta property=\"og:title\" content=\"Naturwein Chantegrive - Domaine de Chantegrive\" \/>\n<meta property=\"og:description\" content=\"N&#039;ature - von Julien Rolaz Rebsorte: Dornfelder Gamaret  Es ist ein Wein ohne synthetische Chemikalien und \u00f6nologische Hilfsmittel, der aus handgelesenen Bio-Trauben hergestellt wird. Philosophie :  Der Naturansatz reduziert Interventionen Die G\u00e4rung erfolgt daher mit nat\u00fcrlicher Hefe (statt mit ausgew\u00e4hlten Hefen in Beuteln, die w\u00e4hrend der G\u00e4rung hinzugef\u00fcgt werden), ohne dass Enzyme oder verschiedene chemische Verbindungen hinzugef\u00fcgt werden, die die Weinbereitung erleichtern sollen. Dies ist mit &quot;nichts hinzugef\u00fcgt&quot; gemeint. Naturweine werden weder gekl\u00e4rt noch gefiltert. Diese beiden Techniken entfernen im Wein schwebende Feststoffe oder sogar Mikroorganismen im Fall der sogenannten sterilen Filtration. Das ist die Idee des &quot;nichts wegnehmen&quot;.   Karton mit 6 Flaschen   6x 75 cl = CHF 156.- (CHF 26.- pro Fls.) % N&#039;ature ist ein Wein ohne synthetische Chemikalien und \u00f6nologische Hilfsmittel, der aus handgelesenen Bio-Trauben hergestellt wird.\" \/>\n<meta property=\"og:url\" content=\"https:\/\/www.chantegrive.ch\/de\/produit\/naturwein-chantegrive\/\" \/>\n<meta property=\"og:site_name\" content=\"Domaine de Chantegrive\" \/>\n<meta property=\"article:publisher\" content=\"https:\/\/www.facebook.com\/domainedechantegrive\/\" \/>\n<meta property=\"article:modified_time\" content=\"2023-12-22T14:05:51+00:00\" \/>\n<meta property=\"og:image\" content=\"https:\/\/www.chantegrive.ch\/wp-content\/uploads\/2023\/06\/photosch-92-scaled.jpg\" \/>\n\t<meta property=\"og:image:width\" content=\"1920\" \/>\n\t<meta property=\"og:image:height\" content=\"2560\" \/>\n\t<meta property=\"og:image:type\" content=\"image\/jpeg\" \/>\n<meta name=\"twitter:card\" content=\"summary_large_image\" \/>\n<meta name=\"twitter:label1\" content=\"Gesch\u00e4tzte Lesezeit\" \/>\n\t<meta name=\"twitter:data1\" content=\"2\u00a0Minuten\" \/>\n<script type=\"application\/ld+json\" class=\"yoast-schema-graph\">{\"@context\":\"https:\\\/\\\/schema.org\",\"@graph\":[{\"@type\":\"WebPage\",\"@id\":\"https:\\\/\\\/www.chantegrive.ch\\\/de\\\/produit\\\/naturwein-chantegrive\\\/\",\"url\":\"https:\\\/\\\/www.chantegrive.ch\\\/de\\\/produit\\\/naturwein-chantegrive\\\/\",\"name\":\"Naturwein Chantegrive - Domaine de Chantegrive\",\"isPartOf\":{\"@id\":\"https:\\\/\\\/www.chantegrive.ch\\\/#website\"},\"primaryImageOfPage\":{\"@id\":\"https:\\\/\\\/www.chantegrive.ch\\\/de\\\/produit\\\/naturwein-chantegrive\\\/#primaryimage\"},\"image\":{\"@id\":\"https:\\\/\\\/www.chantegrive.ch\\\/de\\\/produit\\\/naturwein-chantegrive\\\/#primaryimage\"},\"thumbnailUrl\":\"https:\\\/\\\/www.chantegrive.ch\\\/wp-content\\\/uploads\\\/2023\\\/06\\\/photosch-92-scaled.jpg\",\"datePublished\":\"2023-07-12T09:04:35+00:00\",\"dateModified\":\"2023-12-22T14:05:51+00:00\",\"description\":\"N'ature - von Julien Rolaz Rebsorte: Dornfelder Gamaret Es ist ein Wein ohne synthetische Chemikalien und \u00f6nologische Hilfsmittel, der aus handgelesenen Bio-Trauben hergestellt wird. Philosophie : Der Naturansatz reduziert Interventionen Die G\u00e4rung erfolgt daher mit nat\u00fcrlicher Hefe (statt mit ausgew\u00e4hlten Hefen in Beuteln, die w\u00e4hrend der G\u00e4rung hinzugef\u00fcgt werden), ohne dass Enzyme oder verschiedene chemische Verbindungen hinzugef\u00fcgt werden, die die Weinbereitung erleichtern sollen. Dies ist mit \\\"nichts hinzugef\u00fcgt\\\" gemeint. Naturweine werden weder gekl\u00e4rt noch gefiltert. Diese beiden Techniken entfernen im Wein schwebende Feststoffe oder sogar Mikroorganismen im Fall der sogenannten sterilen Filtration. Das ist die Idee des \\\"nichts wegnehmen\\\". Karton mit 6 Flaschen 6x 75 cl = CHF 156.- (CHF 26.- pro Fls.) % N'ature ist ein Wein ohne synthetische Chemikalien und \u00f6nologische Hilfsmittel, der aus handgelesenen Bio-Trauben hergestellt wird.\",\"breadcrumb\":{\"@id\":\"https:\\\/\\\/www.chantegrive.ch\\\/de\\\/produit\\\/naturwein-chantegrive\\\/#breadcrumb\"},\"inLanguage\":\"de\",\"potentialAction\":[{\"@type\":\"ReadAction\",\"target\":[\"https:\\\/\\\/www.chantegrive.ch\\\/de\\\/produit\\\/naturwein-chantegrive\\\/\"]}]},{\"@type\":\"ImageObject\",\"inLanguage\":\"de\",\"@id\":\"https:\\\/\\\/www.chantegrive.ch\\\/de\\\/produit\\\/naturwein-chantegrive\\\/#primaryimage\",\"url\":\"https:\\\/\\\/www.chantegrive.ch\\\/wp-content\\\/uploads\\\/2023\\\/06\\\/photosch-92-scaled.jpg\",\"contentUrl\":\"https:\\\/\\\/www.chantegrive.ch\\\/wp-content\\\/uploads\\\/2023\\\/06\\\/photosch-92-scaled.jpg\",\"width\":1920,\"height\":2560},{\"@type\":\"BreadcrumbList\",\"@id\":\"https:\\\/\\\/www.chantegrive.ch\\\/de\\\/produit\\\/naturwein-chantegrive\\\/#breadcrumb\",\"itemListElement\":[{\"@type\":\"ListItem\",\"position\":1,\"name\":\"Accueil\",\"item\":\"https:\\\/\\\/www.chantegrive.ch\\\/de\\\/\"},{\"@type\":\"ListItem\",\"position\":2,\"name\":\"Shop Cat\u00e9gorie\",\"item\":\"https:\\\/\\\/www.chantegrive.ch\\\/shop\\\/\"},{\"@type\":\"ListItem\",\"position\":3,\"name\":\"Naturwein Chantegrive\"}]},{\"@type\":\"WebSite\",\"@id\":\"https:\\\/\\\/www.chantegrive.ch\\\/#website\",\"url\":\"https:\\\/\\\/www.chantegrive.ch\\\/\",\"name\":\"Domaine de Chantegrive\",\"description\":\"Vins Alain Rolaz &amp; fils\",\"potentialAction\":[{\"@type\":\"SearchAction\",\"target\":{\"@type\":\"EntryPoint\",\"urlTemplate\":\"https:\\\/\\\/www.chantegrive.ch\\\/?s={search_term_string}\"},\"query-input\":{\"@type\":\"PropertyValueSpecification\",\"valueRequired\":true,\"valueName\":\"search_term_string\"}}],\"inLanguage\":\"de\"}]}<\/script>\n<!-- \/ Yoast SEO plugin. -->","yoast_head_json":{"title":"Naturwein Chantegrive - Domaine de Chantegrive","description":"N'ature - von Julien Rolaz Rebsorte: Dornfelder Gamaret  Es ist ein Wein ohne synthetische Chemikalien und \u00f6nologische Hilfsmittel, der aus handgelesenen Bio-Trauben hergestellt wird. Philosophie :  Der Naturansatz reduziert Interventionen Die G\u00e4rung erfolgt daher mit nat\u00fcrlicher Hefe (statt mit ausgew\u00e4hlten Hefen in Beuteln, die w\u00e4hrend der G\u00e4rung hinzugef\u00fcgt werden), ohne dass Enzyme oder verschiedene chemische Verbindungen hinzugef\u00fcgt werden, die die Weinbereitung erleichtern sollen. Dies ist mit \"nichts hinzugef\u00fcgt\" gemeint. Naturweine werden weder gekl\u00e4rt noch gefiltert. Diese beiden Techniken entfernen im Wein schwebende Feststoffe oder sogar Mikroorganismen im Fall der sogenannten sterilen Filtration. Das ist die Idee des \"nichts wegnehmen\".   Karton mit 6 Flaschen   6x 75 cl = CHF 156.- (CHF 26.- pro Fls.) % N'ature ist ein Wein ohne synthetische Chemikalien und \u00f6nologische Hilfsmittel, der aus handgelesenen Bio-Trauben hergestellt wird.","robots":{"index":"index","follow":"follow","max-snippet":"max-snippet:-1","max-image-preview":"max-image-preview:large","max-video-preview":"max-video-preview:-1"},"canonical":"https:\/\/www.chantegrive.ch\/de\/produit\/naturwein-chantegrive\/","og_locale":"de_DE","og_type":"article","og_title":"Naturwein Chantegrive - Domaine de Chantegrive","og_description":"N'ature - von Julien Rolaz Rebsorte: Dornfelder Gamaret  Es ist ein Wein ohne synthetische Chemikalien und \u00f6nologische Hilfsmittel, der aus handgelesenen Bio-Trauben hergestellt wird. Philosophie :  Der Naturansatz reduziert Interventionen Die G\u00e4rung erfolgt daher mit nat\u00fcrlicher Hefe (statt mit ausgew\u00e4hlten Hefen in Beuteln, die w\u00e4hrend der G\u00e4rung hinzugef\u00fcgt werden), ohne dass Enzyme oder verschiedene chemische Verbindungen hinzugef\u00fcgt werden, die die Weinbereitung erleichtern sollen. Dies ist mit \"nichts hinzugef\u00fcgt\" gemeint. Naturweine werden weder gekl\u00e4rt noch gefiltert. Diese beiden Techniken entfernen im Wein schwebende Feststoffe oder sogar Mikroorganismen im Fall der sogenannten sterilen Filtration. Das ist die Idee des \"nichts wegnehmen\".   Karton mit 6 Flaschen   6x 75 cl = CHF 156.- (CHF 26.- pro Fls.) % N'ature ist ein Wein ohne synthetische Chemikalien und \u00f6nologische Hilfsmittel, der aus handgelesenen Bio-Trauben hergestellt wird.","og_url":"https:\/\/www.chantegrive.ch\/de\/produit\/naturwein-chantegrive\/","og_site_name":"Domaine de Chantegrive","article_publisher":"https:\/\/www.facebook.com\/domainedechantegrive\/","article_modified_time":"2023-12-22T14:05:51+00:00","og_image":[{"width":1920,"height":2560,"url":"https:\/\/www.chantegrive.ch\/wp-content\/uploads\/2023\/06\/photosch-92-scaled.jpg","type":"image\/jpeg"}],"twitter_card":"summary_large_image","twitter_misc":{"Gesch\u00e4tzte Lesezeit":"2\u00a0Minuten"},"schema":{"@context":"https:\/\/schema.org","@graph":[{"@type":"WebPage","@id":"https:\/\/www.chantegrive.ch\/de\/produit\/naturwein-chantegrive\/","url":"https:\/\/www.chantegrive.ch\/de\/produit\/naturwein-chantegrive\/","name":"Naturwein Chantegrive - Domaine de Chantegrive","isPartOf":{"@id":"https:\/\/www.chantegrive.ch\/#website"},"primaryImageOfPage":{"@id":"https:\/\/www.chantegrive.ch\/de\/produit\/naturwein-chantegrive\/#primaryimage"},"image":{"@id":"https:\/\/www.chantegrive.ch\/de\/produit\/naturwein-chantegrive\/#primaryimage"},"thumbnailUrl":"https:\/\/www.chantegrive.ch\/wp-content\/uploads\/2023\/06\/photosch-92-scaled.jpg","datePublished":"2023-07-12T09:04:35+00:00","dateModified":"2023-12-22T14:05:51+00:00","description":"N'ature - von Julien Rolaz Rebsorte: Dornfelder Gamaret Es ist ein Wein ohne synthetische Chemikalien und \u00f6nologische Hilfsmittel, der aus handgelesenen Bio-Trauben hergestellt wird. Philosophie : Der Naturansatz reduziert Interventionen Die G\u00e4rung erfolgt daher mit nat\u00fcrlicher Hefe (statt mit ausgew\u00e4hlten Hefen in Beuteln, die w\u00e4hrend der G\u00e4rung hinzugef\u00fcgt werden), ohne dass Enzyme oder verschiedene chemische Verbindungen hinzugef\u00fcgt werden, die die Weinbereitung erleichtern sollen. Dies ist mit \"nichts hinzugef\u00fcgt\" gemeint. Naturweine werden weder gekl\u00e4rt noch gefiltert. Diese beiden Techniken entfernen im Wein schwebende Feststoffe oder sogar Mikroorganismen im Fall der sogenannten sterilen Filtration. Das ist die Idee des \"nichts wegnehmen\". Karton mit 6 Flaschen 6x 75 cl = CHF 156.- (CHF 26.- pro Fls.) % N'ature ist ein Wein ohne synthetische Chemikalien und \u00f6nologische Hilfsmittel, der aus handgelesenen Bio-Trauben hergestellt wird.","breadcrumb":{"@id":"https:\/\/www.chantegrive.ch\/de\/produit\/naturwein-chantegrive\/#breadcrumb"},"inLanguage":"de","potentialAction":[{"@type":"ReadAction","target":["https:\/\/www.chantegrive.ch\/de\/produit\/naturwein-chantegrive\/"]}]},{"@type":"ImageObject","inLanguage":"de","@id":"https:\/\/www.chantegrive.ch\/de\/produit\/naturwein-chantegrive\/#primaryimage","url":"https:\/\/www.chantegrive.ch\/wp-content\/uploads\/2023\/06\/photosch-92-scaled.jpg","contentUrl":"https:\/\/www.chantegrive.ch\/wp-content\/uploads\/2023\/06\/photosch-92-scaled.jpg","width":1920,"height":2560},{"@type":"BreadcrumbList","@id":"https:\/\/www.chantegrive.ch\/de\/produit\/naturwein-chantegrive\/#breadcrumb","itemListElement":[{"@type":"ListItem","position":1,"name":"Accueil","item":"https:\/\/www.chantegrive.ch\/de\/"},{"@type":"ListItem","position":2,"name":"Shop Cat\u00e9gorie","item":"https:\/\/www.chantegrive.ch\/shop\/"},{"@type":"ListItem","position":3,"name":"Naturwein Chantegrive"}]},{"@type":"WebSite","@id":"https:\/\/www.chantegrive.ch\/#website","url":"https:\/\/www.chantegrive.ch\/","name":"Domaine de Chantegrive","description":"Vins Alain Rolaz &amp; fils","potentialAction":[{"@type":"SearchAction","target":{"@type":"EntryPoint","urlTemplate":"https:\/\/www.chantegrive.ch\/?s={search_term_string}"},"query-input":{"@type":"PropertyValueSpecification","valueRequired":true,"valueName":"search_term_string"}}],"inLanguage":"de"}]}},"_links":{"self":[{"href":"https:\/\/www.chantegrive.ch\/de\/wp-json\/wp\/v2\/product\/12186","targetHints":{"allow":["GET"]}}],"collection":[{"href":"https:\/\/www.chantegrive.ch\/de\/wp-json\/wp\/v2\/product"}],"about":[{"href":"https:\/\/www.chantegrive.ch\/de\/wp-json\/wp\/v2\/types\/product"}],"wp:featuredmedia":[{"embeddable":true,"href":"https:\/\/www.chantegrive.ch\/de\/wp-json\/wp\/v2\/media\/12087"}],"wp:attachment":[{"href":"https:\/\/www.chantegrive.ch\/de\/wp-json\/wp\/v2\/media?parent=12186"}],"wp:term":[{"taxonomy":"product_brand","embeddable":true,"href":"https:\/\/www.chantegrive.ch\/de\/wp-json\/wp\/v2\/product_brand?post=12186"},{"taxonomy":"product_cat","embeddable":true,"href":"https:\/\/www.chantegrive.ch\/de\/wp-json\/wp\/v2\/product_cat?post=12186"},{"taxonomy":"product_tag","embeddable":true,"href":"https:\/\/www.chantegrive.ch\/de\/wp-json\/wp\/v2\/product_tag?post=12186"}],"curies":[{"name":"wp","href":"https:\/\/api.w.org\/{rel}","templated":true}]}}