{"id":12189,"date":"2023-07-13T10:43:59","date_gmt":"2023-07-13T08:43:59","guid":{"rendered":"https:\/\/www.chantegrive.ch\/produit\/rose-der-spritzige-rosewein-by-julien-rolaz\/"},"modified":"2023-07-13T10:44:04","modified_gmt":"2023-07-13T08:44:04","slug":"rose-der-spritzige-rosewein-by-julien-rolaz","status":"publish","type":"product","link":"https:\/\/www.chantegrive.ch\/de\/produit\/rose-der-spritzige-rosewein-by-julien-rolaz\/","title":{"rendered":"R&#8217;os\u00e9 &#8211; der spritzige Ros\u00e9wein by Julien Rolaz"},"content":{"rendered":"<p>Entdecken Sie die neueste Kreation von Julien!<\/p>\n<p>Ein Kronkorkenverschluss mag zwar st\u00f6rend sein, ist aber eine qualitative und umweltfreundliche Alternative. F\u00fcr Experten reicht eine Tischkante oder ein Feuerzeug, um den Kronkorken zu \u00f6ffnen.<\/p>\n<p>Denken Sie daran, ihn k\u00fchl zu servieren, und R&#8217;os\u00e9 le en piscine mit zwei Eisw\u00fcrfeln.<\/p>\n<p>R&#8217;os\u00e9 wird aus einer Mischung von Pinot-Noir und Gamay hergestellt und ist der ideale Begleiter f\u00fcr Sommerabende.<\/p>\n<p>Er hat eine gl\u00e4nzende lachsfarbene Robe wie die Ros\u00e9weine der Provence, aber Schweiz.<\/p>\n<p>Seine verf\u00fchrerische Nase nach roten Beeren sublimiert seinen fruchtigen und frischen Geschmack.<\/p>\n","protected":false},"excerpt":{"rendered":"<p>&nbsp;<\/p>\n<h3>Julien Rolaz: R&#8217;os\u00e9<\/h3>\n<p><em>Rebsorte: Ros\u00e9-Schaumwein<\/em><\/p>\n<blockquote>\n<p class=\"lead\">Julien Rolaz, Sohn von Alain Rolaz, l\u00e4dt Sie ein, den Schweizer Ros\u00e9 zu probieren!<\/p>\n<\/blockquote>\n<p><img loading=\"lazy\" decoding=\"async\" class=\"alignright size-full wp-image-6731\" src=\"https:\/\/www.chantegrive.ch\/wp-content\/uploads\/2019\/09\/logo-grive-rose-domaine-de-chantegrive.png\" alt=\"\" width=\"96\" height=\"99\" \/><\/p>\n<h4>Carton<\/h4>\n<ul>\n<li>6x 75 cl = <strong>CHF 87.-<\/strong> (CHF 14.50 per fls.)<\/li>\n<\/ul>\n","protected":false},"featured_media":12153,"template":"","meta":{"iawp_total_views":15},"product_brand":[],"product_cat":[237],"product_tag":[],"class_list":{"0":"post-12189","1":"product","2":"type-product","3":"status-publish","4":"has-post-thumbnail","6":"product_cat-expressions-des-terroirs-de","8":"first","9":"outofstock","10":"shipping-taxable","11":"purchasable","12":"product-type-simple","13":"add-to-wishlist-after_add_to_cart"},"group_of_quantity":0,"min_quantity":6,"max_quantity":"","exclude_order_quantity_value_rules":"no","exclude_category_quantity_rules":"no","combine_variations":"no","yoast_head":"<!-- This site is optimized with the Yoast SEO plugin v27.4 - https:\/\/yoast.com\/product\/yoast-seo-wordpress\/ -->\n<title>R&#039;os\u00e9 - der spritzige Ros\u00e9wein by Julien Rolaz - Domaine de Chantegrive<\/title>\n<meta name=\"description\" content=\"&nbsp; Julien Rolaz: R&#039;os\u00e9 Rebsorte: Ros\u00e9-Schaumwein  Julien Rolaz, Sohn von Alain Rolaz, l\u00e4dt Sie ein, den Schweizer Ros\u00e9 zu probieren!   Carton   6x 75 cl = CHF 87.- (CHF 14.50 per fls.)\" \/>\n<meta name=\"robots\" content=\"index, follow, max-snippet:-1, max-image-preview:large, max-video-preview:-1\" \/>\n<link rel=\"canonical\" href=\"https:\/\/www.chantegrive.ch\/de\/produit\/rose-der-spritzige-rosewein-by-julien-rolaz\/\" \/>\n<meta property=\"og:locale\" content=\"de_DE\" \/>\n<meta property=\"og:type\" content=\"article\" \/>\n<meta property=\"og:title\" content=\"R&#039;os\u00e9 - der spritzige Ros\u00e9wein by Julien Rolaz - Domaine de Chantegrive\" \/>\n<meta property=\"og:description\" content=\"&nbsp; Julien Rolaz: R&#039;os\u00e9 Rebsorte: Ros\u00e9-Schaumwein  Julien Rolaz, Sohn von Alain Rolaz, l\u00e4dt Sie ein, den Schweizer Ros\u00e9 zu probieren!   Carton   6x 75 cl = CHF 87.- (CHF 14.50 per fls.)\" \/>\n<meta property=\"og:url\" content=\"https:\/\/www.chantegrive.ch\/de\/produit\/rose-der-spritzige-rosewein-by-julien-rolaz\/\" \/>\n<meta property=\"og:site_name\" content=\"Domaine de Chantegrive\" \/>\n<meta property=\"article:publisher\" content=\"https:\/\/www.facebook.com\/domainedechantegrive\/\" \/>\n<meta property=\"article:modified_time\" content=\"2023-07-13T08:44:04+00:00\" \/>\n<meta property=\"og:image\" content=\"https:\/\/www.chantegrive.ch\/wp-content\/uploads\/2021\/07\/Design-sans-titre-2.png\" \/>\n\t<meta property=\"og:image:width\" content=\"1080\" \/>\n\t<meta property=\"og:image:height\" content=\"1080\" \/>\n\t<meta property=\"og:image:type\" content=\"image\/png\" \/>\n<meta name=\"twitter:card\" content=\"summary_large_image\" \/>\n<script type=\"application\/ld+json\" class=\"yoast-schema-graph\">{\"@context\":\"https:\\\/\\\/schema.org\",\"@graph\":[{\"@type\":\"WebPage\",\"@id\":\"https:\\\/\\\/www.chantegrive.ch\\\/de\\\/produit\\\/rose-der-spritzige-rosewein-by-julien-rolaz\\\/\",\"url\":\"https:\\\/\\\/www.chantegrive.ch\\\/de\\\/produit\\\/rose-der-spritzige-rosewein-by-julien-rolaz\\\/\",\"name\":\"R'os\u00e9 - der spritzige Ros\u00e9wein by Julien Rolaz - Domaine de Chantegrive\",\"isPartOf\":{\"@id\":\"https:\\\/\\\/www.chantegrive.ch\\\/#website\"},\"primaryImageOfPage\":{\"@id\":\"https:\\\/\\\/www.chantegrive.ch\\\/de\\\/produit\\\/rose-der-spritzige-rosewein-by-julien-rolaz\\\/#primaryimage\"},\"image\":{\"@id\":\"https:\\\/\\\/www.chantegrive.ch\\\/de\\\/produit\\\/rose-der-spritzige-rosewein-by-julien-rolaz\\\/#primaryimage\"},\"thumbnailUrl\":\"https:\\\/\\\/www.chantegrive.ch\\\/wp-content\\\/uploads\\\/2021\\\/07\\\/Design-sans-titre-2.png\",\"datePublished\":\"2023-07-13T08:43:59+00:00\",\"dateModified\":\"2023-07-13T08:44:04+00:00\",\"description\":\"&nbsp; Julien Rolaz: R'os\u00e9 Rebsorte: Ros\u00e9-Schaumwein Julien Rolaz, Sohn von Alain Rolaz, l\u00e4dt Sie ein, den Schweizer Ros\u00e9 zu probieren! Carton 6x 75 cl = CHF 87.- (CHF 14.50 per fls.)\",\"breadcrumb\":{\"@id\":\"https:\\\/\\\/www.chantegrive.ch\\\/de\\\/produit\\\/rose-der-spritzige-rosewein-by-julien-rolaz\\\/#breadcrumb\"},\"inLanguage\":\"de\",\"potentialAction\":[{\"@type\":\"ReadAction\",\"target\":[\"https:\\\/\\\/www.chantegrive.ch\\\/de\\\/produit\\\/rose-der-spritzige-rosewein-by-julien-rolaz\\\/\"]}]},{\"@type\":\"ImageObject\",\"inLanguage\":\"de\",\"@id\":\"https:\\\/\\\/www.chantegrive.ch\\\/de\\\/produit\\\/rose-der-spritzige-rosewein-by-julien-rolaz\\\/#primaryimage\",\"url\":\"https:\\\/\\\/www.chantegrive.ch\\\/wp-content\\\/uploads\\\/2021\\\/07\\\/Design-sans-titre-2.png\",\"contentUrl\":\"https:\\\/\\\/www.chantegrive.ch\\\/wp-content\\\/uploads\\\/2021\\\/07\\\/Design-sans-titre-2.png\",\"width\":1080,\"height\":1080},{\"@type\":\"BreadcrumbList\",\"@id\":\"https:\\\/\\\/www.chantegrive.ch\\\/de\\\/produit\\\/rose-der-spritzige-rosewein-by-julien-rolaz\\\/#breadcrumb\",\"itemListElement\":[{\"@type\":\"ListItem\",\"position\":1,\"name\":\"Accueil\",\"item\":\"https:\\\/\\\/www.chantegrive.ch\\\/de\\\/\"},{\"@type\":\"ListItem\",\"position\":2,\"name\":\"Shop Cat\u00e9gorie\",\"item\":\"https:\\\/\\\/www.chantegrive.ch\\\/shop\\\/\"},{\"@type\":\"ListItem\",\"position\":3,\"name\":\"R&#8217;os\u00e9 &#8211; der spritzige Ros\u00e9wein by Julien Rolaz\"}]},{\"@type\":\"WebSite\",\"@id\":\"https:\\\/\\\/www.chantegrive.ch\\\/#website\",\"url\":\"https:\\\/\\\/www.chantegrive.ch\\\/\",\"name\":\"Domaine de Chantegrive\",\"description\":\"Vins Alain Rolaz &amp; fils\",\"potentialAction\":[{\"@type\":\"SearchAction\",\"target\":{\"@type\":\"EntryPoint\",\"urlTemplate\":\"https:\\\/\\\/www.chantegrive.ch\\\/?s={search_term_string}\"},\"query-input\":{\"@type\":\"PropertyValueSpecification\",\"valueRequired\":true,\"valueName\":\"search_term_string\"}}],\"inLanguage\":\"de\"}]}<\/script>\n<!-- \/ Yoast SEO plugin. -->","yoast_head_json":{"title":"R'os\u00e9 - der spritzige Ros\u00e9wein by Julien Rolaz - Domaine de Chantegrive","description":"&nbsp; Julien Rolaz: R'os\u00e9 Rebsorte: Ros\u00e9-Schaumwein  Julien Rolaz, Sohn von Alain Rolaz, l\u00e4dt Sie ein, den Schweizer Ros\u00e9 zu probieren!   Carton   6x 75 cl = CHF 87.- (CHF 14.50 per fls.)","robots":{"index":"index","follow":"follow","max-snippet":"max-snippet:-1","max-image-preview":"max-image-preview:large","max-video-preview":"max-video-preview:-1"},"canonical":"https:\/\/www.chantegrive.ch\/de\/produit\/rose-der-spritzige-rosewein-by-julien-rolaz\/","og_locale":"de_DE","og_type":"article","og_title":"R'os\u00e9 - der spritzige Ros\u00e9wein by Julien Rolaz - Domaine de Chantegrive","og_description":"&nbsp; Julien Rolaz: R'os\u00e9 Rebsorte: Ros\u00e9-Schaumwein  Julien Rolaz, Sohn von Alain Rolaz, l\u00e4dt Sie ein, den Schweizer Ros\u00e9 zu probieren!   Carton   6x 75 cl = CHF 87.- (CHF 14.50 per fls.)","og_url":"https:\/\/www.chantegrive.ch\/de\/produit\/rose-der-spritzige-rosewein-by-julien-rolaz\/","og_site_name":"Domaine de Chantegrive","article_publisher":"https:\/\/www.facebook.com\/domainedechantegrive\/","article_modified_time":"2023-07-13T08:44:04+00:00","og_image":[{"width":1080,"height":1080,"url":"https:\/\/www.chantegrive.ch\/wp-content\/uploads\/2021\/07\/Design-sans-titre-2.png","type":"image\/png"}],"twitter_card":"summary_large_image","schema":{"@context":"https:\/\/schema.org","@graph":[{"@type":"WebPage","@id":"https:\/\/www.chantegrive.ch\/de\/produit\/rose-der-spritzige-rosewein-by-julien-rolaz\/","url":"https:\/\/www.chantegrive.ch\/de\/produit\/rose-der-spritzige-rosewein-by-julien-rolaz\/","name":"R'os\u00e9 - der spritzige Ros\u00e9wein by Julien Rolaz - Domaine de Chantegrive","isPartOf":{"@id":"https:\/\/www.chantegrive.ch\/#website"},"primaryImageOfPage":{"@id":"https:\/\/www.chantegrive.ch\/de\/produit\/rose-der-spritzige-rosewein-by-julien-rolaz\/#primaryimage"},"image":{"@id":"https:\/\/www.chantegrive.ch\/de\/produit\/rose-der-spritzige-rosewein-by-julien-rolaz\/#primaryimage"},"thumbnailUrl":"https:\/\/www.chantegrive.ch\/wp-content\/uploads\/2021\/07\/Design-sans-titre-2.png","datePublished":"2023-07-13T08:43:59+00:00","dateModified":"2023-07-13T08:44:04+00:00","description":"&nbsp; Julien Rolaz: R'os\u00e9 Rebsorte: Ros\u00e9-Schaumwein Julien Rolaz, Sohn von Alain Rolaz, l\u00e4dt Sie ein, den Schweizer Ros\u00e9 zu probieren! Carton 6x 75 cl = CHF 87.- (CHF 14.50 per fls.)","breadcrumb":{"@id":"https:\/\/www.chantegrive.ch\/de\/produit\/rose-der-spritzige-rosewein-by-julien-rolaz\/#breadcrumb"},"inLanguage":"de","potentialAction":[{"@type":"ReadAction","target":["https:\/\/www.chantegrive.ch\/de\/produit\/rose-der-spritzige-rosewein-by-julien-rolaz\/"]}]},{"@type":"ImageObject","inLanguage":"de","@id":"https:\/\/www.chantegrive.ch\/de\/produit\/rose-der-spritzige-rosewein-by-julien-rolaz\/#primaryimage","url":"https:\/\/www.chantegrive.ch\/wp-content\/uploads\/2021\/07\/Design-sans-titre-2.png","contentUrl":"https:\/\/www.chantegrive.ch\/wp-content\/uploads\/2021\/07\/Design-sans-titre-2.png","width":1080,"height":1080},{"@type":"BreadcrumbList","@id":"https:\/\/www.chantegrive.ch\/de\/produit\/rose-der-spritzige-rosewein-by-julien-rolaz\/#breadcrumb","itemListElement":[{"@type":"ListItem","position":1,"name":"Accueil","item":"https:\/\/www.chantegrive.ch\/de\/"},{"@type":"ListItem","position":2,"name":"Shop Cat\u00e9gorie","item":"https:\/\/www.chantegrive.ch\/shop\/"},{"@type":"ListItem","position":3,"name":"R&#8217;os\u00e9 &#8211; der spritzige Ros\u00e9wein by Julien Rolaz"}]},{"@type":"WebSite","@id":"https:\/\/www.chantegrive.ch\/#website","url":"https:\/\/www.chantegrive.ch\/","name":"Domaine de Chantegrive","description":"Vins Alain Rolaz &amp; fils","potentialAction":[{"@type":"SearchAction","target":{"@type":"EntryPoint","urlTemplate":"https:\/\/www.chantegrive.ch\/?s={search_term_string}"},"query-input":{"@type":"PropertyValueSpecification","valueRequired":true,"valueName":"search_term_string"}}],"inLanguage":"de"}]}},"_links":{"self":[{"href":"https:\/\/www.chantegrive.ch\/de\/wp-json\/wp\/v2\/product\/12189","targetHints":{"allow":["GET"]}}],"collection":[{"href":"https:\/\/www.chantegrive.ch\/de\/wp-json\/wp\/v2\/product"}],"about":[{"href":"https:\/\/www.chantegrive.ch\/de\/wp-json\/wp\/v2\/types\/product"}],"wp:featuredmedia":[{"embeddable":true,"href":"https:\/\/www.chantegrive.ch\/de\/wp-json\/wp\/v2\/media\/12153"}],"wp:attachment":[{"href":"https:\/\/www.chantegrive.ch\/de\/wp-json\/wp\/v2\/media?parent=12189"}],"wp:term":[{"taxonomy":"product_brand","embeddable":true,"href":"https:\/\/www.chantegrive.ch\/de\/wp-json\/wp\/v2\/product_brand?post=12189"},{"taxonomy":"product_cat","embeddable":true,"href":"https:\/\/www.chantegrive.ch\/de\/wp-json\/wp\/v2\/product_cat?post=12189"},{"taxonomy":"product_tag","embeddable":true,"href":"https:\/\/www.chantegrive.ch\/de\/wp-json\/wp\/v2\/product_tag?post=12189"}],"curies":[{"name":"wp","href":"https:\/\/api.w.org\/{rel}","templated":true}]}}