{"id":12190,"date":"2023-07-13T10:49:58","date_gmt":"2023-07-13T08:49:58","guid":{"rendered":"https:\/\/www.chantegrive.ch\/produit\/chantegrive-honig\/"},"modified":"2023-07-13T10:53:04","modified_gmt":"2023-07-13T08:53:04","slug":"chantegrive-honig","status":"publish","type":"product","link":"https:\/\/www.chantegrive.ch\/de\/produit\/chantegrive-honig\/","title":{"rendered":"Chantegrive-Honig"},"content":{"rendered":"\t<div id=\"gap-1962098847\" class=\"gap-element clearfix\" style=\"display:block; height:auto;\">\n\t\t\n<style>\n#gap-1962098847 {\n  padding-top: 30px;\n}\n<\/style>\n\t<\/div>\n\t\n<p>Entdecken Sie den Chantegrive-Honig, eine bet\u00f6rende Harmonie aus blumigen Aromen und exquisiter S\u00fc\u00dfe. Dieser reine und nat\u00fcrliche Honig wird mit Sorgfalt in unseren Familienbienenst\u00f6cken geerntet und ist ein wahrer Geschmacksschatz. Lassen Sie sich von seiner cremigen Textur und seinem bet\u00f6renden Aroma verzaubern. Genie\u00dfen Sie jeden L\u00f6ffel und tauchen Sie ein in die k\u00f6stliche Welt des Chantegrive-Honigs, ein einzigartiges Geschmackserlebnis, das Sie ohne M\u00e4\u00dfigung genie\u00dfen k\u00f6nnen.<\/p>\n","protected":false},"excerpt":{"rendered":"<h3>100% Blumen<\/h3>\n<blockquote>\n<p class=\"lead\">Tauchen Sie ein in die s\u00fc\u00dfe Essenz der Natur mit unserem k\u00f6stlichen Honig, der direkt aus den \u00fcppigen Bl\u00fcten unserer Obstg\u00e4rten neben unseren Weinbergen gewonnen wird. Mit Sorgfalt und Liebe geerntet, verk\u00f6rpert dieser au\u00dfergew\u00f6hnliche Honig die Reinheit und den Reichtum der nat\u00fcrlichen Aromen.<\/p>\n<\/blockquote>\n<p><img loading=\"lazy\" decoding=\"async\" class=\"alignright size-full wp-image-6728\" src=\"https:\/\/www.chantegrive.ch\/wp-content\/uploads\/2019\/09\/logo-grive-blanc-domaine-de-chantegrive.png\" alt=\"\" width=\"95\" height=\"99\" \/><\/p>\n<h4>1 Glas Honig<\/h4>\n<ul>\n<li>1x 500g = <strong>CHF 19.-<\/strong><\/li>\n<\/ul>\n","protected":false},"featured_media":12161,"template":"","meta":{"iawp_total_views":11},"product_brand":[],"product_cat":[170],"product_tag":[],"class_list":{"0":"post-12190","1":"product","2":"type-product","3":"status-publish","4":"has-post-thumbnail","6":"product_cat-uncategorized","8":"first","9":"instock","10":"shipping-taxable","11":"purchasable","12":"product-type-simple","13":"add-to-wishlist-after_add_to_cart"},"group_of_quantity":1,"min_quantity":1,"max_quantity":"","exclude_order_quantity_value_rules":"no","exclude_category_quantity_rules":"no","combine_variations":"no","yoast_head":"<!-- This site is optimized with the Yoast SEO plugin v27.4 - https:\/\/yoast.com\/product\/yoast-seo-wordpress\/ -->\n<title>Chantegrive-Honig - Domaine de Chantegrive<\/title>\n<meta name=\"description\" content=\"100% Blumen  Tauchen Sie ein in die s\u00fc\u00dfe Essenz der Natur mit unserem k\u00f6stlichen Honig, der direkt aus den \u00fcppigen Bl\u00fcten unserer Obstg\u00e4rten neben unseren Weinbergen gewonnen wird. Mit Sorgfalt und Liebe geerntet, verk\u00f6rpert dieser au\u00dfergew\u00f6hnliche Honig die Reinheit und den Reichtum der nat\u00fcrlichen Aromen.   1 Glas Honig   1x 500g = CHF 19.- Entdecken Sie den Chantegrive-Honig, eine bet\u00f6rende Harmonie aus blumigen Aromen und exquisiter S\u00fc\u00dfe. Dieser reine und nat\u00fcrliche Honig wird mit Sorgfalt in unseren Familienbienenst\u00f6cken geerntet und ist ein wahrer Geschmacksschatz. Lassen Sie sich von seiner cremigen Textur und seinem bet\u00f6renden Aroma verzaubern.\" \/>\n<meta name=\"robots\" content=\"index, follow, max-snippet:-1, max-image-preview:large, max-video-preview:-1\" \/>\n<link rel=\"canonical\" href=\"https:\/\/www.chantegrive.ch\/de\/produit\/chantegrive-honig\/\" \/>\n<meta property=\"og:locale\" content=\"de_DE\" \/>\n<meta property=\"og:type\" content=\"article\" \/>\n<meta property=\"og:title\" content=\"Chantegrive-Honig - Domaine de Chantegrive\" \/>\n<meta property=\"og:description\" content=\"100% Blumen  Tauchen Sie ein in die s\u00fc\u00dfe Essenz der Natur mit unserem k\u00f6stlichen Honig, der direkt aus den \u00fcppigen Bl\u00fcten unserer Obstg\u00e4rten neben unseren Weinbergen gewonnen wird. Mit Sorgfalt und Liebe geerntet, verk\u00f6rpert dieser au\u00dfergew\u00f6hnliche Honig die Reinheit und den Reichtum der nat\u00fcrlichen Aromen.   1 Glas Honig   1x 500g = CHF 19.- Entdecken Sie den Chantegrive-Honig, eine bet\u00f6rende Harmonie aus blumigen Aromen und exquisiter S\u00fc\u00dfe. Dieser reine und nat\u00fcrliche Honig wird mit Sorgfalt in unseren Familienbienenst\u00f6cken geerntet und ist ein wahrer Geschmacksschatz. Lassen Sie sich von seiner cremigen Textur und seinem bet\u00f6renden Aroma verzaubern.\" \/>\n<meta property=\"og:url\" content=\"https:\/\/www.chantegrive.ch\/de\/produit\/chantegrive-honig\/\" \/>\n<meta property=\"og:site_name\" content=\"Domaine de Chantegrive\" \/>\n<meta property=\"article:publisher\" content=\"https:\/\/www.facebook.com\/domainedechantegrive\/\" \/>\n<meta property=\"article:modified_time\" content=\"2023-07-13T08:53:04+00:00\" \/>\n<meta property=\"og:image\" content=\"https:\/\/www.chantegrive.ch\/wp-content\/uploads\/2023\/07\/photosch-99-800x800.png\" \/>\n\t<meta property=\"og:image:width\" content=\"800\" \/>\n\t<meta property=\"og:image:height\" content=\"800\" \/>\n\t<meta property=\"og:image:type\" content=\"image\/png\" \/>\n<meta name=\"twitter:card\" content=\"summary_large_image\" \/>\n<script type=\"application\/ld+json\" class=\"yoast-schema-graph\">{\"@context\":\"https:\\\/\\\/schema.org\",\"@graph\":[{\"@type\":\"WebPage\",\"@id\":\"https:\\\/\\\/www.chantegrive.ch\\\/de\\\/produit\\\/chantegrive-honig\\\/\",\"url\":\"https:\\\/\\\/www.chantegrive.ch\\\/de\\\/produit\\\/chantegrive-honig\\\/\",\"name\":\"Chantegrive-Honig - Domaine de Chantegrive\",\"isPartOf\":{\"@id\":\"https:\\\/\\\/www.chantegrive.ch\\\/#website\"},\"primaryImageOfPage\":{\"@id\":\"https:\\\/\\\/www.chantegrive.ch\\\/de\\\/produit\\\/chantegrive-honig\\\/#primaryimage\"},\"image\":{\"@id\":\"https:\\\/\\\/www.chantegrive.ch\\\/de\\\/produit\\\/chantegrive-honig\\\/#primaryimage\"},\"thumbnailUrl\":\"https:\\\/\\\/www.chantegrive.ch\\\/wp-content\\\/uploads\\\/2023\\\/07\\\/photosch-99.png\",\"datePublished\":\"2023-07-13T08:49:58+00:00\",\"dateModified\":\"2023-07-13T08:53:04+00:00\",\"description\":\"100% Blumen Tauchen Sie ein in die s\u00fc\u00dfe Essenz der Natur mit unserem k\u00f6stlichen Honig, der direkt aus den \u00fcppigen Bl\u00fcten unserer Obstg\u00e4rten neben unseren Weinbergen gewonnen wird. Mit Sorgfalt und Liebe geerntet, verk\u00f6rpert dieser au\u00dfergew\u00f6hnliche Honig die Reinheit und den Reichtum der nat\u00fcrlichen Aromen. 1 Glas Honig 1x 500g = CHF 19.- Entdecken Sie den Chantegrive-Honig, eine bet\u00f6rende Harmonie aus blumigen Aromen und exquisiter S\u00fc\u00dfe. Dieser reine und nat\u00fcrliche Honig wird mit Sorgfalt in unseren Familienbienenst\u00f6cken geerntet und ist ein wahrer Geschmacksschatz. Lassen Sie sich von seiner cremigen Textur und seinem bet\u00f6renden Aroma verzaubern.\",\"breadcrumb\":{\"@id\":\"https:\\\/\\\/www.chantegrive.ch\\\/de\\\/produit\\\/chantegrive-honig\\\/#breadcrumb\"},\"inLanguage\":\"de\",\"potentialAction\":[{\"@type\":\"ReadAction\",\"target\":[\"https:\\\/\\\/www.chantegrive.ch\\\/de\\\/produit\\\/chantegrive-honig\\\/\"]}]},{\"@type\":\"ImageObject\",\"inLanguage\":\"de\",\"@id\":\"https:\\\/\\\/www.chantegrive.ch\\\/de\\\/produit\\\/chantegrive-honig\\\/#primaryimage\",\"url\":\"https:\\\/\\\/www.chantegrive.ch\\\/wp-content\\\/uploads\\\/2023\\\/07\\\/photosch-99.png\",\"contentUrl\":\"https:\\\/\\\/www.chantegrive.ch\\\/wp-content\\\/uploads\\\/2023\\\/07\\\/photosch-99.png\",\"width\":3024,\"height\":3024},{\"@type\":\"BreadcrumbList\",\"@id\":\"https:\\\/\\\/www.chantegrive.ch\\\/de\\\/produit\\\/chantegrive-honig\\\/#breadcrumb\",\"itemListElement\":[{\"@type\":\"ListItem\",\"position\":1,\"name\":\"Accueil\",\"item\":\"https:\\\/\\\/www.chantegrive.ch\\\/de\\\/\"},{\"@type\":\"ListItem\",\"position\":2,\"name\":\"Shop Cat\u00e9gorie\",\"item\":\"https:\\\/\\\/www.chantegrive.ch\\\/shop\\\/\"},{\"@type\":\"ListItem\",\"position\":3,\"name\":\"Chantegrive-Honig\"}]},{\"@type\":\"WebSite\",\"@id\":\"https:\\\/\\\/www.chantegrive.ch\\\/#website\",\"url\":\"https:\\\/\\\/www.chantegrive.ch\\\/\",\"name\":\"Domaine de Chantegrive\",\"description\":\"Vins Alain Rolaz &amp; fils\",\"potentialAction\":[{\"@type\":\"SearchAction\",\"target\":{\"@type\":\"EntryPoint\",\"urlTemplate\":\"https:\\\/\\\/www.chantegrive.ch\\\/?s={search_term_string}\"},\"query-input\":{\"@type\":\"PropertyValueSpecification\",\"valueRequired\":true,\"valueName\":\"search_term_string\"}}],\"inLanguage\":\"de\"}]}<\/script>\n<!-- \/ Yoast SEO plugin. -->","yoast_head_json":{"title":"Chantegrive-Honig - Domaine de Chantegrive","description":"100% Blumen  Tauchen Sie ein in die s\u00fc\u00dfe Essenz der Natur mit unserem k\u00f6stlichen Honig, der direkt aus den \u00fcppigen Bl\u00fcten unserer Obstg\u00e4rten neben unseren Weinbergen gewonnen wird. Mit Sorgfalt und Liebe geerntet, verk\u00f6rpert dieser au\u00dfergew\u00f6hnliche Honig die Reinheit und den Reichtum der nat\u00fcrlichen Aromen.   1 Glas Honig   1x 500g = CHF 19.- Entdecken Sie den Chantegrive-Honig, eine bet\u00f6rende Harmonie aus blumigen Aromen und exquisiter S\u00fc\u00dfe. Dieser reine und nat\u00fcrliche Honig wird mit Sorgfalt in unseren Familienbienenst\u00f6cken geerntet und ist ein wahrer Geschmacksschatz. Lassen Sie sich von seiner cremigen Textur und seinem bet\u00f6renden Aroma verzaubern.","robots":{"index":"index","follow":"follow","max-snippet":"max-snippet:-1","max-image-preview":"max-image-preview:large","max-video-preview":"max-video-preview:-1"},"canonical":"https:\/\/www.chantegrive.ch\/de\/produit\/chantegrive-honig\/","og_locale":"de_DE","og_type":"article","og_title":"Chantegrive-Honig - Domaine de Chantegrive","og_description":"100% Blumen  Tauchen Sie ein in die s\u00fc\u00dfe Essenz der Natur mit unserem k\u00f6stlichen Honig, der direkt aus den \u00fcppigen Bl\u00fcten unserer Obstg\u00e4rten neben unseren Weinbergen gewonnen wird. Mit Sorgfalt und Liebe geerntet, verk\u00f6rpert dieser au\u00dfergew\u00f6hnliche Honig die Reinheit und den Reichtum der nat\u00fcrlichen Aromen.   1 Glas Honig   1x 500g = CHF 19.- Entdecken Sie den Chantegrive-Honig, eine bet\u00f6rende Harmonie aus blumigen Aromen und exquisiter S\u00fc\u00dfe. Dieser reine und nat\u00fcrliche Honig wird mit Sorgfalt in unseren Familienbienenst\u00f6cken geerntet und ist ein wahrer Geschmacksschatz. Lassen Sie sich von seiner cremigen Textur und seinem bet\u00f6renden Aroma verzaubern.","og_url":"https:\/\/www.chantegrive.ch\/de\/produit\/chantegrive-honig\/","og_site_name":"Domaine de Chantegrive","article_publisher":"https:\/\/www.facebook.com\/domainedechantegrive\/","article_modified_time":"2023-07-13T08:53:04+00:00","og_image":[{"width":800,"height":800,"url":"https:\/\/www.chantegrive.ch\/wp-content\/uploads\/2023\/07\/photosch-99-800x800.png","type":"image\/png"}],"twitter_card":"summary_large_image","schema":{"@context":"https:\/\/schema.org","@graph":[{"@type":"WebPage","@id":"https:\/\/www.chantegrive.ch\/de\/produit\/chantegrive-honig\/","url":"https:\/\/www.chantegrive.ch\/de\/produit\/chantegrive-honig\/","name":"Chantegrive-Honig - Domaine de Chantegrive","isPartOf":{"@id":"https:\/\/www.chantegrive.ch\/#website"},"primaryImageOfPage":{"@id":"https:\/\/www.chantegrive.ch\/de\/produit\/chantegrive-honig\/#primaryimage"},"image":{"@id":"https:\/\/www.chantegrive.ch\/de\/produit\/chantegrive-honig\/#primaryimage"},"thumbnailUrl":"https:\/\/www.chantegrive.ch\/wp-content\/uploads\/2023\/07\/photosch-99.png","datePublished":"2023-07-13T08:49:58+00:00","dateModified":"2023-07-13T08:53:04+00:00","description":"100% Blumen Tauchen Sie ein in die s\u00fc\u00dfe Essenz der Natur mit unserem k\u00f6stlichen Honig, der direkt aus den \u00fcppigen Bl\u00fcten unserer Obstg\u00e4rten neben unseren Weinbergen gewonnen wird. Mit Sorgfalt und Liebe geerntet, verk\u00f6rpert dieser au\u00dfergew\u00f6hnliche Honig die Reinheit und den Reichtum der nat\u00fcrlichen Aromen. 1 Glas Honig 1x 500g = CHF 19.- Entdecken Sie den Chantegrive-Honig, eine bet\u00f6rende Harmonie aus blumigen Aromen und exquisiter S\u00fc\u00dfe. Dieser reine und nat\u00fcrliche Honig wird mit Sorgfalt in unseren Familienbienenst\u00f6cken geerntet und ist ein wahrer Geschmacksschatz. Lassen Sie sich von seiner cremigen Textur und seinem bet\u00f6renden Aroma verzaubern.","breadcrumb":{"@id":"https:\/\/www.chantegrive.ch\/de\/produit\/chantegrive-honig\/#breadcrumb"},"inLanguage":"de","potentialAction":[{"@type":"ReadAction","target":["https:\/\/www.chantegrive.ch\/de\/produit\/chantegrive-honig\/"]}]},{"@type":"ImageObject","inLanguage":"de","@id":"https:\/\/www.chantegrive.ch\/de\/produit\/chantegrive-honig\/#primaryimage","url":"https:\/\/www.chantegrive.ch\/wp-content\/uploads\/2023\/07\/photosch-99.png","contentUrl":"https:\/\/www.chantegrive.ch\/wp-content\/uploads\/2023\/07\/photosch-99.png","width":3024,"height":3024},{"@type":"BreadcrumbList","@id":"https:\/\/www.chantegrive.ch\/de\/produit\/chantegrive-honig\/#breadcrumb","itemListElement":[{"@type":"ListItem","position":1,"name":"Accueil","item":"https:\/\/www.chantegrive.ch\/de\/"},{"@type":"ListItem","position":2,"name":"Shop Cat\u00e9gorie","item":"https:\/\/www.chantegrive.ch\/shop\/"},{"@type":"ListItem","position":3,"name":"Chantegrive-Honig"}]},{"@type":"WebSite","@id":"https:\/\/www.chantegrive.ch\/#website","url":"https:\/\/www.chantegrive.ch\/","name":"Domaine de Chantegrive","description":"Vins Alain Rolaz &amp; fils","potentialAction":[{"@type":"SearchAction","target":{"@type":"EntryPoint","urlTemplate":"https:\/\/www.chantegrive.ch\/?s={search_term_string}"},"query-input":{"@type":"PropertyValueSpecification","valueRequired":true,"valueName":"search_term_string"}}],"inLanguage":"de"}]}},"_links":{"self":[{"href":"https:\/\/www.chantegrive.ch\/de\/wp-json\/wp\/v2\/product\/12190","targetHints":{"allow":["GET"]}}],"collection":[{"href":"https:\/\/www.chantegrive.ch\/de\/wp-json\/wp\/v2\/product"}],"about":[{"href":"https:\/\/www.chantegrive.ch\/de\/wp-json\/wp\/v2\/types\/product"}],"wp:featuredmedia":[{"embeddable":true,"href":"https:\/\/www.chantegrive.ch\/de\/wp-json\/wp\/v2\/media\/12161"}],"wp:attachment":[{"href":"https:\/\/www.chantegrive.ch\/de\/wp-json\/wp\/v2\/media?parent=12190"}],"wp:term":[{"taxonomy":"product_brand","embeddable":true,"href":"https:\/\/www.chantegrive.ch\/de\/wp-json\/wp\/v2\/product_brand?post=12190"},{"taxonomy":"product_cat","embeddable":true,"href":"https:\/\/www.chantegrive.ch\/de\/wp-json\/wp\/v2\/product_cat?post=12190"},{"taxonomy":"product_tag","embeddable":true,"href":"https:\/\/www.chantegrive.ch\/de\/wp-json\/wp\/v2\/product_tag?post=12190"}],"curies":[{"name":"wp","href":"https:\/\/api.w.org\/{rel}","templated":true}]}}