{"id":1973,"date":"2019-08-15T00:00:04","date_gmt":"2019-08-14T22:00:04","guid":{"rendered":"https:\/\/www.chantegrive.ch\/produit\/fechy\/"},"modified":"2021-12-07T12:28:39","modified_gmt":"2021-12-07T11:28:39","slug":"chasselas-fechy","status":"publish","type":"product","link":"https:\/\/www.chantegrive.ch\/de\/produit\/chasselas-fechy\/","title":{"rendered":"F\u00e9chy, Grand Cru Chasselas AOC La C\u00f4te"},"content":{"rendered":"<div class=\"row\"  id=\"row-1525107611\">\n\n\t<div id=\"col-135941285\" class=\"col small-12 large-12\"  >\n\t\t\t\t<div class=\"col-inner dark\"  >\n\t\t\t\n\t\t\t\n<h2>F\u00e9chy, Grand Cru<br \/>\n<span class=\"alt-font\">Chasselas AOC La C\u00f4te<\/span><\/h2>\n\t<div id=\"gap-2107926227\" class=\"gap-element clearfix\" style=\"display:block; height:auto;\">\n\t\t\n<style>\n#gap-2107926227 {\n  padding-top: 30px;\n}\n<\/style>\n\t<\/div>\n\t\n<p class=\"lead\">F\u00e9chy, der historische Kern von La C\u00f4te, ist in der Deutschschweiz bekannt und gilt als einer der renommiertesten Produktionsstandorte der Schweiz. Der gr\u00f6\u00dfte Teil des Bodens unseres \u00ab F\u00e9chy \u00bb ist \u00fcber Kalkstein mit lehmig-mergeligen B\u00f6den verteilt.<\/p>\n\t\t<\/div>\n\t\t\t\t\t<\/div>\n\n\t\n<\/div>\n<div class=\"row\"  id=\"row-142202835\">\n\n\t<div id=\"col-766602953\" class=\"col medium-6 small-12 large-6\"  >\n\t\t\t\t<div class=\"col-inner dark\"  >\n\t\t\t\n\t\t\t\n<h3>Weinprobe chasselas F\u00e9chy<\/h3>\n<p>Dieser Wein mit subtilen und komplexen Aromen hat blumige duftende Noten, die von der Charakteristik des Terroirs dieser Bezeichnung gepr\u00e4gt ist.<\/p>\n<h4>Unterst\u00fctzung<\/h4>\n<p>Er ist der ulitmative Aperitifwein und passt hervorragend zu K\u00e4segerichten wie Fondue und Raclette.<\/p>\n\t\t<\/div>\n\t\t\t\t\t<\/div>\n\n\t\n\n\t<div id=\"col-1343366998\" class=\"col medium-6 small-12 large-6\"  >\n\t\t\t\t<div class=\"col-inner dark\"  >\n\t\t\t\n\t\t\t\n<h4>Aufbewahrungsdauer<\/h4>\n<p>Innerhalb von zwei bis drei Jahren verbrauchen, um seine Frische zu geniessen. Es kann auch mehr als zehn Jahre im Keller aufbewahrt werden, woraufhin sch\u00f6ne \u00dcberraschungen auf Sie warten.<\/p>\n<h4>Trinktemperatur<\/h4>\n<p><img loading=\"lazy\" decoding=\"async\" class=\"alignnone size-full wp-image-7158\" src=\"https:\/\/www.chantegrive.ch\/wp-content\/uploads\/2019\/08\/thermometer-icon-white-domaine-de-chantegrive-2.png\" alt=\"\" width=\"55\" height=\"51\" \/>Ideale Temperatur : 10 bis 12 Grad<\/p>\n\t\t<\/div>\n\t\t\t\t\t<\/div>\n\n\t\n<\/div>\n","protected":false},"excerpt":{"rendered":"<h3>Expressions des terroirs: F\u00e9chy<\/h3>\n<p><em>Traubensorte: Chasselas<\/em><\/p>\n<blockquote>\n<p class=\"lead\">Dieser Chasselas Weisswein mit subtilen und komplexen Aromen sowie blumigen Noten, die von der Typizit\u00e4t des Terroirs dieser Bezeichnung gepr\u00e4gt ist.<\/p>\n<\/blockquote>\n<p><img loading=\"lazy\" decoding=\"async\" class=\"alignright size-full wp-image-6728\" src=\"https:\/\/www.chantegrive.ch\/wp-content\/uploads\/2019\/09\/logo-grive-blanc-domaine-de-chantegrive.png\" alt=\"\" width=\"95\" height=\"99\" \/><\/p>\n<h4>Karton aus 12 Flaschen<\/h4>\n<ul>\n<li>12x 75 cl = <strong>CHF 186.-<\/strong> (CHF 15.50.- pro Flasche.)<\/li>\n<\/ul>\n","protected":false},"featured_media":6086,"template":"","meta":{"iawp_total_views":93},"product_brand":[],"product_cat":[237],"product_tag":[],"class_list":{"0":"post-1973","1":"product","2":"type-product","3":"status-publish","4":"has-post-thumbnail","6":"product_cat-expressions-des-terroirs-de","8":"first","9":"instock","10":"shipping-taxable","11":"purchasable","12":"product-type-simple","13":"add-to-wishlist-after_add_to_cart"},"group_of_quantity":12,"min_quantity":12,"max_quantity":"","exclude_order_quantity_value_rules":"no","exclude_category_quantity_rules":"no","combine_variations":"no","yoast_head":"<!-- This site is optimized with the Yoast SEO plugin v27.1.1 - https:\/\/yoast.com\/product\/yoast-seo-wordpress\/ -->\n<title>F\u00e9chy, Grand Cru AOC La C\u00f4te - Domaine de Chantegrive<\/title>\n<meta name=\"description\" content=\"F\u00e9chy Domaine de Chantegrive Weine aus F\u00e9chy sind sehr bekannt. Eigentlich geh\u00f6ren sie zu den bekanntesten Weinen der Schweiz...\" \/>\n<meta name=\"robots\" content=\"index, follow, max-snippet:-1, max-image-preview:large, max-video-preview:-1\" \/>\n<link rel=\"canonical\" href=\"https:\/\/www.chantegrive.ch\/de\/produit\/chasselas-fechy\/\" \/>\n<meta property=\"og:locale\" content=\"de_DE\" \/>\n<meta property=\"og:type\" content=\"article\" \/>\n<meta property=\"og:title\" content=\"F\u00e9chy, Grand Cru AOC La C\u00f4te - Domaine de Chantegrive\" \/>\n<meta property=\"og:description\" content=\"F\u00e9chy Domaine de Chantegrive Weine aus F\u00e9chy sind sehr bekannt. Eigentlich geh\u00f6ren sie zu den bekanntesten Weinen der Schweiz...\" \/>\n<meta property=\"og:url\" content=\"https:\/\/www.chantegrive.ch\/de\/produit\/chasselas-fechy\/\" \/>\n<meta property=\"og:site_name\" content=\"Domaine de Chantegrive\" \/>\n<meta property=\"article:publisher\" content=\"https:\/\/www.facebook.com\/domainedechantegrive\/\" \/>\n<meta property=\"article:modified_time\" content=\"2021-12-07T11:28:39+00:00\" \/>\n<meta property=\"og:image\" content=\"https:\/\/www.chantegrive.ch\/wp-content\/uploads\/2019\/08\/fechy-expressions-des-terroirs-domaine-chantegrive.jpg\" \/>\n\t<meta property=\"og:image:width\" content=\"1100\" \/>\n\t<meta property=\"og:image:height\" content=\"1100\" \/>\n\t<meta property=\"og:image:type\" content=\"image\/jpeg\" \/>\n<meta name=\"twitter:card\" content=\"summary_large_image\" \/>\n<meta name=\"twitter:label1\" content=\"Gesch\u00e4tzte Lesezeit\" \/>\n\t<meta name=\"twitter:data1\" content=\"1\u00a0Minute\" \/>\n<script type=\"application\/ld+json\" class=\"yoast-schema-graph\">{\"@context\":\"https:\/\/schema.org\",\"@graph\":[{\"@type\":\"WebPage\",\"@id\":\"https:\/\/www.chantegrive.ch\/de\/produit\/chasselas-fechy\/\",\"url\":\"https:\/\/www.chantegrive.ch\/de\/produit\/chasselas-fechy\/\",\"name\":\"F\u00e9chy, Grand Cru AOC La C\u00f4te - Domaine de Chantegrive\",\"isPartOf\":{\"@id\":\"https:\/\/www.chantegrive.ch\/#website\"},\"primaryImageOfPage\":{\"@id\":\"https:\/\/www.chantegrive.ch\/de\/produit\/chasselas-fechy\/#primaryimage\"},\"image\":{\"@id\":\"https:\/\/www.chantegrive.ch\/de\/produit\/chasselas-fechy\/#primaryimage\"},\"thumbnailUrl\":\"https:\/\/www.chantegrive.ch\/wp-content\/uploads\/2019\/08\/fechy-expressions-des-terroirs-domaine-chantegrive.jpg\",\"datePublished\":\"2019-08-14T22:00:04+00:00\",\"dateModified\":\"2021-12-07T11:28:39+00:00\",\"description\":\"F\u00e9chy Domaine de Chantegrive Weine aus F\u00e9chy sind sehr bekannt. Eigentlich geh\u00f6ren sie zu den bekanntesten Weinen der Schweiz...\",\"breadcrumb\":{\"@id\":\"https:\/\/www.chantegrive.ch\/de\/produit\/chasselas-fechy\/#breadcrumb\"},\"inLanguage\":\"de\",\"potentialAction\":[{\"@type\":\"ReadAction\",\"target\":[\"https:\/\/www.chantegrive.ch\/de\/produit\/chasselas-fechy\/\"]}]},{\"@type\":\"ImageObject\",\"inLanguage\":\"de\",\"@id\":\"https:\/\/www.chantegrive.ch\/de\/produit\/chasselas-fechy\/#primaryimage\",\"url\":\"https:\/\/www.chantegrive.ch\/wp-content\/uploads\/2019\/08\/fechy-expressions-des-terroirs-domaine-chantegrive.jpg\",\"contentUrl\":\"https:\/\/www.chantegrive.ch\/wp-content\/uploads\/2019\/08\/fechy-expressions-des-terroirs-domaine-chantegrive.jpg\",\"width\":1100,\"height\":1100,\"caption\":\"F\u00e9chy Expression des Terroirs Domaine de Chantegrive\"},{\"@type\":\"BreadcrumbList\",\"@id\":\"https:\/\/www.chantegrive.ch\/de\/produit\/chasselas-fechy\/#breadcrumb\",\"itemListElement\":[{\"@type\":\"ListItem\",\"position\":1,\"name\":\"Accueil\",\"item\":\"https:\/\/www.chantegrive.ch\/de\/\"},{\"@type\":\"ListItem\",\"position\":2,\"name\":\"Shop Cat\u00e9gorie\",\"item\":\"https:\/\/www.chantegrive.ch\/shop\/\"},{\"@type\":\"ListItem\",\"position\":3,\"name\":\"F\u00e9chy, Grand Cru Chasselas AOC La C\u00f4te\"}]},{\"@type\":\"WebSite\",\"@id\":\"https:\/\/www.chantegrive.ch\/#website\",\"url\":\"https:\/\/www.chantegrive.ch\/\",\"name\":\"Domaine de Chantegrive\",\"description\":\"Vins Alain Rolaz &amp; fils\",\"potentialAction\":[{\"@type\":\"SearchAction\",\"target\":{\"@type\":\"EntryPoint\",\"urlTemplate\":\"https:\/\/www.chantegrive.ch\/?s={search_term_string}\"},\"query-input\":{\"@type\":\"PropertyValueSpecification\",\"valueRequired\":true,\"valueName\":\"search_term_string\"}}],\"inLanguage\":\"de\"}]}<\/script>\n<!-- \/ Yoast SEO plugin. -->","yoast_head_json":{"title":"F\u00e9chy, Grand Cru AOC La C\u00f4te - Domaine de Chantegrive","description":"F\u00e9chy Domaine de Chantegrive Weine aus F\u00e9chy sind sehr bekannt. Eigentlich geh\u00f6ren sie zu den bekanntesten Weinen der Schweiz...","robots":{"index":"index","follow":"follow","max-snippet":"max-snippet:-1","max-image-preview":"max-image-preview:large","max-video-preview":"max-video-preview:-1"},"canonical":"https:\/\/www.chantegrive.ch\/de\/produit\/chasselas-fechy\/","og_locale":"de_DE","og_type":"article","og_title":"F\u00e9chy, Grand Cru AOC La C\u00f4te - Domaine de Chantegrive","og_description":"F\u00e9chy Domaine de Chantegrive Weine aus F\u00e9chy sind sehr bekannt. Eigentlich geh\u00f6ren sie zu den bekanntesten Weinen der Schweiz...","og_url":"https:\/\/www.chantegrive.ch\/de\/produit\/chasselas-fechy\/","og_site_name":"Domaine de Chantegrive","article_publisher":"https:\/\/www.facebook.com\/domainedechantegrive\/","article_modified_time":"2021-12-07T11:28:39+00:00","og_image":[{"width":1100,"height":1100,"url":"https:\/\/www.chantegrive.ch\/wp-content\/uploads\/2019\/08\/fechy-expressions-des-terroirs-domaine-chantegrive.jpg","type":"image\/jpeg"}],"twitter_card":"summary_large_image","twitter_misc":{"Gesch\u00e4tzte Lesezeit":"1\u00a0Minute"},"schema":{"@context":"https:\/\/schema.org","@graph":[{"@type":"WebPage","@id":"https:\/\/www.chantegrive.ch\/de\/produit\/chasselas-fechy\/","url":"https:\/\/www.chantegrive.ch\/de\/produit\/chasselas-fechy\/","name":"F\u00e9chy, Grand Cru AOC La C\u00f4te - Domaine de Chantegrive","isPartOf":{"@id":"https:\/\/www.chantegrive.ch\/#website"},"primaryImageOfPage":{"@id":"https:\/\/www.chantegrive.ch\/de\/produit\/chasselas-fechy\/#primaryimage"},"image":{"@id":"https:\/\/www.chantegrive.ch\/de\/produit\/chasselas-fechy\/#primaryimage"},"thumbnailUrl":"https:\/\/www.chantegrive.ch\/wp-content\/uploads\/2019\/08\/fechy-expressions-des-terroirs-domaine-chantegrive.jpg","datePublished":"2019-08-14T22:00:04+00:00","dateModified":"2021-12-07T11:28:39+00:00","description":"F\u00e9chy Domaine de Chantegrive Weine aus F\u00e9chy sind sehr bekannt. Eigentlich geh\u00f6ren sie zu den bekanntesten Weinen der Schweiz...","breadcrumb":{"@id":"https:\/\/www.chantegrive.ch\/de\/produit\/chasselas-fechy\/#breadcrumb"},"inLanguage":"de","potentialAction":[{"@type":"ReadAction","target":["https:\/\/www.chantegrive.ch\/de\/produit\/chasselas-fechy\/"]}]},{"@type":"ImageObject","inLanguage":"de","@id":"https:\/\/www.chantegrive.ch\/de\/produit\/chasselas-fechy\/#primaryimage","url":"https:\/\/www.chantegrive.ch\/wp-content\/uploads\/2019\/08\/fechy-expressions-des-terroirs-domaine-chantegrive.jpg","contentUrl":"https:\/\/www.chantegrive.ch\/wp-content\/uploads\/2019\/08\/fechy-expressions-des-terroirs-domaine-chantegrive.jpg","width":1100,"height":1100,"caption":"F\u00e9chy Expression des Terroirs Domaine de Chantegrive"},{"@type":"BreadcrumbList","@id":"https:\/\/www.chantegrive.ch\/de\/produit\/chasselas-fechy\/#breadcrumb","itemListElement":[{"@type":"ListItem","position":1,"name":"Accueil","item":"https:\/\/www.chantegrive.ch\/de\/"},{"@type":"ListItem","position":2,"name":"Shop Cat\u00e9gorie","item":"https:\/\/www.chantegrive.ch\/shop\/"},{"@type":"ListItem","position":3,"name":"F\u00e9chy, Grand Cru Chasselas AOC La C\u00f4te"}]},{"@type":"WebSite","@id":"https:\/\/www.chantegrive.ch\/#website","url":"https:\/\/www.chantegrive.ch\/","name":"Domaine de Chantegrive","description":"Vins Alain Rolaz &amp; fils","potentialAction":[{"@type":"SearchAction","target":{"@type":"EntryPoint","urlTemplate":"https:\/\/www.chantegrive.ch\/?s={search_term_string}"},"query-input":{"@type":"PropertyValueSpecification","valueRequired":true,"valueName":"search_term_string"}}],"inLanguage":"de"}]}},"_links":{"self":[{"href":"https:\/\/www.chantegrive.ch\/de\/wp-json\/wp\/v2\/product\/1973","targetHints":{"allow":["GET"]}}],"collection":[{"href":"https:\/\/www.chantegrive.ch\/de\/wp-json\/wp\/v2\/product"}],"about":[{"href":"https:\/\/www.chantegrive.ch\/de\/wp-json\/wp\/v2\/types\/product"}],"wp:featuredmedia":[{"embeddable":true,"href":"https:\/\/www.chantegrive.ch\/de\/wp-json\/wp\/v2\/media\/6086"}],"wp:attachment":[{"href":"https:\/\/www.chantegrive.ch\/de\/wp-json\/wp\/v2\/media?parent=1973"}],"wp:term":[{"taxonomy":"product_brand","embeddable":true,"href":"https:\/\/www.chantegrive.ch\/de\/wp-json\/wp\/v2\/product_brand?post=1973"},{"taxonomy":"product_cat","embeddable":true,"href":"https:\/\/www.chantegrive.ch\/de\/wp-json\/wp\/v2\/product_cat?post=1973"},{"taxonomy":"product_tag","embeddable":true,"href":"https:\/\/www.chantegrive.ch\/de\/wp-json\/wp\/v2\/product_tag?post=1973"}],"curies":[{"name":"wp","href":"https:\/\/api.w.org\/{rel}","templated":true}]}}