{"id":2008,"date":"2019-08-13T00:00:23","date_gmt":"2019-08-12T22:00:23","guid":{"rendered":"https:\/\/www.chantegrive.ch\/produit\/cantabile-assemblage\/"},"modified":"2022-12-01T15:31:10","modified_gmt":"2022-12-01T14:31:10","slug":"gemischte-rotweine-cantabile","status":"publish","type":"product","link":"https:\/\/www.chantegrive.ch\/de\/produit\/gemischte-rotweine-cantabile\/","title":{"rendered":"Cantabile Gemischte Rotweine AOC La C\u00f4te"},"content":{"rendered":"<div class=\"row\"  id=\"row-709137389\">\n\n\t<div id=\"col-24190716\" class=\"col small-12 large-12\"  >\n\t\t\t\t<div class=\"col-inner dark\"  >\n\t\t\t\n\t\t\t\n<h2>Cantabile<br \/>\n<span class=\"alt-font\">Assemblage rouge AOC La C\u00f4te<\/span><\/h2>\n\t<div id=\"gap-95125382\" class=\"gap-element clearfix\" style=\"display:block; height:auto;\">\n\t\t\n<style>\n#gap-95125382 {\n  padding-top: 30px;\n}\n<\/style>\n\t<\/div>\n\t\n<p class=\"lead\">Der \u00abCantabile\u00bb ist das Schweizer Messer der Sammlung, Alain beschreibt ihn als einen Wein, der \u00fcberall hinkommt, weil er von allen gesch\u00e4tzt wird und seinen Platz als Aperitif bis zum Dessert leicht am Tisch findet.<\/p>\n\t\t<\/div>\n\t\t\t\t\t<\/div>\n\n\t\n<\/div>\n<div class=\"row\"  id=\"row-224125130\">\n\n\t<div id=\"col-681834149\" class=\"col medium-6 small-12 large-6\"  >\n\t\t\t\t<div class=\"col-inner dark\"  >\n\t\t\t\n\t\t\t\n<h3>Weinprobe Cantabile<\/h3>\n<p>Eine sch\u00f6ne tiefe Farbe und eine herrliche Leuchtkraft. Auch der Duft mit Noten von kleinen roten und schwarzen Fr\u00fcchten ist sehr angenehm. Der Geschmack ist rund und seidig. Alles in allem ist es ein geschmeidiger und gen\u00fcsslicher Wein mit einem leichten Hauch von Gew\u00fcrzen.<\/p>\n<h4>Unterst\u00fctzung<\/h4>\n<p>Der \u00abCantabile\u00bb wird zu rotem Fleisch, gegrilltem Fleisch, K\u00e4se sowie zu Gourmet-Salaten serviert. Er kann auch als Aperitif f\u00fcr Rotweinliebhaber serviert werden.<\/p>\n\t\t<\/div>\n\t\t\t\t\t<\/div>\n\n\t\n\n\t<div id=\"col-850475391\" class=\"col medium-6 small-12 large-6\"  >\n\t\t\t\t<div class=\"col-inner dark\"  >\n\t\t\t\n\t\t\t\n<h4>Aufbewahrungsdauer<\/h4>\n<p>Aufbewahrungsdauer: 3 bis 6 Jahre<\/p>\n<h4>Trinktemperatur<\/h4>\n<p><img loading=\"lazy\" decoding=\"async\" class=\"alignnone size-full wp-image-7158\" src=\"https:\/\/www.chantegrive.ch\/wp-content\/uploads\/2019\/08\/thermometer-icon-white-domaine-de-chantegrive-2.png\" alt=\"\" width=\"55\" height=\"51\" \/>Ideale Temperatur : 13 bis 14 Grad<\/p>\n\t\t<\/div>\n\t\t\t\t\t<\/div>\n\n\t\n<\/div>\n","protected":false},"excerpt":{"rendered":"<h3>Signature Alain Rolaz: Cantabile<\/h3>\n<p><em>Traubensorte: Gemischte Rotweine <\/em><\/p>\n<blockquote>\n<p class=\"lead\">Ein geschmeidiger und gen\u00fcsslicher Rotwein mit einem leichten Hauch von Gew\u00fcrzen. Eine sch\u00f6ne tiefe Farbe und eine herrliche Leuchtkraft. Auch der Duft mit Noten von kleinen roten und schwarzen Fr\u00fcchten ist sehr angenehm. Der Geschmack ist rund und seidig<\/p>\n<\/blockquote>\n<p><img loading=\"lazy\" decoding=\"async\" class=\"alignright size-full wp-image-6734\" src=\"https:\/\/www.chantegrive.ch\/wp-content\/uploads\/2019\/09\/logo-grive-rouge-domaine-de-chantegrive.png\" alt=\"\" width=\"95\" height=\"99\" \/><\/p>\n<h4>Verpackung<\/h4>\n<ul>\n<li>12x 75 cl = <strong>CHF 150.-<\/strong> (CHF 12.50.- pro fl.)<\/li>\n<li>15x 50 cl = <strong>CHF 135.-<\/strong>\u00a0(CHF 9.- pro fl.)<\/li>\n<\/ul>\n","protected":false},"featured_media":6096,"template":"","meta":{"iawp_total_views":46},"product_brand":[],"product_cat":[233],"product_tag":[],"class_list":{"0":"post-2008","1":"product","2":"type-product","3":"status-publish","4":"has-post-thumbnail","6":"product_cat-signature-alain-rolaz-de","8":"first","9":"instock","10":"shipping-taxable","11":"purchasable","12":"product-type-variable","13":"add-to-wishlist-after_add_to_cart"},"group_of_quantity":0,"min_quantity":0,"max_quantity":"","exclude_order_quantity_value_rules":"no","exclude_category_quantity_rules":"no","combine_variations":"no","yoast_head":"<!-- This site is optimized with the Yoast SEO plugin v27.4 - https:\/\/yoast.com\/product\/yoast-seo-wordpress\/ -->\n<title>Cantabile Gemischte Rotweine AOC La C\u00f4te - Domaine de Chantegrive<\/title>\n<meta name=\"description\" content=\"Cantabile assemblage Domaine de Chantegrive Der Pinot Noir von alten Rebst\u00f6cken ist die empfindlichste Weinsorte.\" \/>\n<meta name=\"robots\" content=\"index, follow, max-snippet:-1, max-image-preview:large, max-video-preview:-1\" \/>\n<link rel=\"canonical\" href=\"https:\/\/www.chantegrive.ch\/de\/produit\/gemischte-rotweine-cantabile\/\" \/>\n<meta property=\"og:locale\" content=\"de_DE\" \/>\n<meta property=\"og:type\" content=\"article\" \/>\n<meta property=\"og:title\" content=\"Cantabile Gemischte Rotweine AOC La C\u00f4te\" \/>\n<meta property=\"og:description\" content=\"Cantabile assemblage Domaine de Chantegrive Der Pinot Noir von alten Rebst\u00f6cken ist die empfindlichste Weinsorte.\" \/>\n<meta property=\"og:url\" content=\"https:\/\/www.chantegrive.ch\/de\/produit\/gemischte-rotweine-cantabile\/\" \/>\n<meta property=\"og:site_name\" content=\"Domaine de Chantegrive\" \/>\n<meta property=\"article:publisher\" content=\"https:\/\/www.facebook.com\/domainedechantegrive\/\" \/>\n<meta property=\"article:modified_time\" content=\"2022-12-01T14:31:10+00:00\" \/>\n<meta property=\"og:image\" content=\"https:\/\/www.chantegrive.ch\/wp-content\/uploads\/2019\/08\/opengraph-cantabile-signature-alain-rolaz-restaurant-domaine-chantegrive-1.jpg\" \/>\n\t<meta property=\"og:image:width\" content=\"1200\" \/>\n\t<meta property=\"og:image:height\" content=\"630\" \/>\n\t<meta property=\"og:image:type\" content=\"image\/jpeg\" \/>\n<meta name=\"twitter:card\" content=\"summary_large_image\" \/>\n<meta name=\"twitter:label1\" content=\"Gesch\u00e4tzte Lesezeit\" \/>\n\t<meta name=\"twitter:data1\" content=\"1\u00a0Minute\" \/>\n<script type=\"application\/ld+json\" class=\"yoast-schema-graph\">{\"@context\":\"https:\\\/\\\/schema.org\",\"@graph\":[{\"@type\":\"WebPage\",\"@id\":\"https:\\\/\\\/www.chantegrive.ch\\\/de\\\/produit\\\/gemischte-rotweine-cantabile\\\/\",\"url\":\"https:\\\/\\\/www.chantegrive.ch\\\/de\\\/produit\\\/gemischte-rotweine-cantabile\\\/\",\"name\":\"Cantabile Gemischte Rotweine AOC La C\u00f4te - Domaine de Chantegrive\",\"isPartOf\":{\"@id\":\"https:\\\/\\\/www.chantegrive.ch\\\/#website\"},\"primaryImageOfPage\":{\"@id\":\"https:\\\/\\\/www.chantegrive.ch\\\/de\\\/produit\\\/gemischte-rotweine-cantabile\\\/#primaryimage\"},\"image\":{\"@id\":\"https:\\\/\\\/www.chantegrive.ch\\\/de\\\/produit\\\/gemischte-rotweine-cantabile\\\/#primaryimage\"},\"thumbnailUrl\":\"https:\\\/\\\/www.chantegrive.ch\\\/wp-content\\\/uploads\\\/2019\\\/08\\\/cantabile-signature-alain-rolaz-des-terroirs-domaine-chantegrive.jpg\",\"datePublished\":\"2019-08-12T22:00:23+00:00\",\"dateModified\":\"2022-12-01T14:31:10+00:00\",\"description\":\"Cantabile assemblage Domaine de Chantegrive Der Pinot Noir von alten Rebst\u00f6cken ist die empfindlichste Weinsorte.\",\"breadcrumb\":{\"@id\":\"https:\\\/\\\/www.chantegrive.ch\\\/de\\\/produit\\\/gemischte-rotweine-cantabile\\\/#breadcrumb\"},\"inLanguage\":\"de\",\"potentialAction\":[{\"@type\":\"ReadAction\",\"target\":[\"https:\\\/\\\/www.chantegrive.ch\\\/de\\\/produit\\\/gemischte-rotweine-cantabile\\\/\"]}]},{\"@type\":\"ImageObject\",\"inLanguage\":\"de\",\"@id\":\"https:\\\/\\\/www.chantegrive.ch\\\/de\\\/produit\\\/gemischte-rotweine-cantabile\\\/#primaryimage\",\"url\":\"https:\\\/\\\/www.chantegrive.ch\\\/wp-content\\\/uploads\\\/2019\\\/08\\\/cantabile-signature-alain-rolaz-des-terroirs-domaine-chantegrive.jpg\",\"contentUrl\":\"https:\\\/\\\/www.chantegrive.ch\\\/wp-content\\\/uploads\\\/2019\\\/08\\\/cantabile-signature-alain-rolaz-des-terroirs-domaine-chantegrive.jpg\",\"width\":1100,\"height\":1100,\"caption\":\"Cantabile Signature Alain Rolaz Domaine de Chantegrive\"},{\"@type\":\"BreadcrumbList\",\"@id\":\"https:\\\/\\\/www.chantegrive.ch\\\/de\\\/produit\\\/gemischte-rotweine-cantabile\\\/#breadcrumb\",\"itemListElement\":[{\"@type\":\"ListItem\",\"position\":1,\"name\":\"Accueil\",\"item\":\"https:\\\/\\\/www.chantegrive.ch\\\/de\\\/\"},{\"@type\":\"ListItem\",\"position\":2,\"name\":\"Shop Cat\u00e9gorie\",\"item\":\"https:\\\/\\\/www.chantegrive.ch\\\/shop\\\/\"},{\"@type\":\"ListItem\",\"position\":3,\"name\":\"Cantabile Gemischte Rotweine AOC La C\u00f4te\"}]},{\"@type\":\"WebSite\",\"@id\":\"https:\\\/\\\/www.chantegrive.ch\\\/#website\",\"url\":\"https:\\\/\\\/www.chantegrive.ch\\\/\",\"name\":\"Domaine de Chantegrive\",\"description\":\"Vins Alain Rolaz &amp; fils\",\"potentialAction\":[{\"@type\":\"SearchAction\",\"target\":{\"@type\":\"EntryPoint\",\"urlTemplate\":\"https:\\\/\\\/www.chantegrive.ch\\\/?s={search_term_string}\"},\"query-input\":{\"@type\":\"PropertyValueSpecification\",\"valueRequired\":true,\"valueName\":\"search_term_string\"}}],\"inLanguage\":\"de\"}]}<\/script>\n<!-- \/ Yoast SEO plugin. -->","yoast_head_json":{"title":"Cantabile Gemischte Rotweine AOC La C\u00f4te - Domaine de Chantegrive","description":"Cantabile assemblage Domaine de Chantegrive Der Pinot Noir von alten Rebst\u00f6cken ist die empfindlichste Weinsorte.","robots":{"index":"index","follow":"follow","max-snippet":"max-snippet:-1","max-image-preview":"max-image-preview:large","max-video-preview":"max-video-preview:-1"},"canonical":"https:\/\/www.chantegrive.ch\/de\/produit\/gemischte-rotweine-cantabile\/","og_locale":"de_DE","og_type":"article","og_title":"Cantabile Gemischte Rotweine AOC La C\u00f4te","og_description":"Cantabile assemblage Domaine de Chantegrive Der Pinot Noir von alten Rebst\u00f6cken ist die empfindlichste Weinsorte.","og_url":"https:\/\/www.chantegrive.ch\/de\/produit\/gemischte-rotweine-cantabile\/","og_site_name":"Domaine de Chantegrive","article_publisher":"https:\/\/www.facebook.com\/domainedechantegrive\/","article_modified_time":"2022-12-01T14:31:10+00:00","og_image":[{"width":1200,"height":630,"url":"https:\/\/www.chantegrive.ch\/wp-content\/uploads\/2019\/08\/opengraph-cantabile-signature-alain-rolaz-restaurant-domaine-chantegrive-1.jpg","type":"image\/jpeg"}],"twitter_card":"summary_large_image","twitter_misc":{"Gesch\u00e4tzte Lesezeit":"1\u00a0Minute"},"schema":{"@context":"https:\/\/schema.org","@graph":[{"@type":"WebPage","@id":"https:\/\/www.chantegrive.ch\/de\/produit\/gemischte-rotweine-cantabile\/","url":"https:\/\/www.chantegrive.ch\/de\/produit\/gemischte-rotweine-cantabile\/","name":"Cantabile Gemischte Rotweine AOC La C\u00f4te - Domaine de Chantegrive","isPartOf":{"@id":"https:\/\/www.chantegrive.ch\/#website"},"primaryImageOfPage":{"@id":"https:\/\/www.chantegrive.ch\/de\/produit\/gemischte-rotweine-cantabile\/#primaryimage"},"image":{"@id":"https:\/\/www.chantegrive.ch\/de\/produit\/gemischte-rotweine-cantabile\/#primaryimage"},"thumbnailUrl":"https:\/\/www.chantegrive.ch\/wp-content\/uploads\/2019\/08\/cantabile-signature-alain-rolaz-des-terroirs-domaine-chantegrive.jpg","datePublished":"2019-08-12T22:00:23+00:00","dateModified":"2022-12-01T14:31:10+00:00","description":"Cantabile assemblage Domaine de Chantegrive Der Pinot Noir von alten Rebst\u00f6cken ist die empfindlichste Weinsorte.","breadcrumb":{"@id":"https:\/\/www.chantegrive.ch\/de\/produit\/gemischte-rotweine-cantabile\/#breadcrumb"},"inLanguage":"de","potentialAction":[{"@type":"ReadAction","target":["https:\/\/www.chantegrive.ch\/de\/produit\/gemischte-rotweine-cantabile\/"]}]},{"@type":"ImageObject","inLanguage":"de","@id":"https:\/\/www.chantegrive.ch\/de\/produit\/gemischte-rotweine-cantabile\/#primaryimage","url":"https:\/\/www.chantegrive.ch\/wp-content\/uploads\/2019\/08\/cantabile-signature-alain-rolaz-des-terroirs-domaine-chantegrive.jpg","contentUrl":"https:\/\/www.chantegrive.ch\/wp-content\/uploads\/2019\/08\/cantabile-signature-alain-rolaz-des-terroirs-domaine-chantegrive.jpg","width":1100,"height":1100,"caption":"Cantabile Signature Alain Rolaz Domaine de Chantegrive"},{"@type":"BreadcrumbList","@id":"https:\/\/www.chantegrive.ch\/de\/produit\/gemischte-rotweine-cantabile\/#breadcrumb","itemListElement":[{"@type":"ListItem","position":1,"name":"Accueil","item":"https:\/\/www.chantegrive.ch\/de\/"},{"@type":"ListItem","position":2,"name":"Shop Cat\u00e9gorie","item":"https:\/\/www.chantegrive.ch\/shop\/"},{"@type":"ListItem","position":3,"name":"Cantabile Gemischte Rotweine AOC La C\u00f4te"}]},{"@type":"WebSite","@id":"https:\/\/www.chantegrive.ch\/#website","url":"https:\/\/www.chantegrive.ch\/","name":"Domaine de Chantegrive","description":"Vins Alain Rolaz &amp; fils","potentialAction":[{"@type":"SearchAction","target":{"@type":"EntryPoint","urlTemplate":"https:\/\/www.chantegrive.ch\/?s={search_term_string}"},"query-input":{"@type":"PropertyValueSpecification","valueRequired":true,"valueName":"search_term_string"}}],"inLanguage":"de"}]}},"_links":{"self":[{"href":"https:\/\/www.chantegrive.ch\/de\/wp-json\/wp\/v2\/product\/2008","targetHints":{"allow":["GET"]}}],"collection":[{"href":"https:\/\/www.chantegrive.ch\/de\/wp-json\/wp\/v2\/product"}],"about":[{"href":"https:\/\/www.chantegrive.ch\/de\/wp-json\/wp\/v2\/types\/product"}],"wp:featuredmedia":[{"embeddable":true,"href":"https:\/\/www.chantegrive.ch\/de\/wp-json\/wp\/v2\/media\/6096"}],"wp:attachment":[{"href":"https:\/\/www.chantegrive.ch\/de\/wp-json\/wp\/v2\/media?parent=2008"}],"wp:term":[{"taxonomy":"product_brand","embeddable":true,"href":"https:\/\/www.chantegrive.ch\/de\/wp-json\/wp\/v2\/product_brand?post=2008"},{"taxonomy":"product_cat","embeddable":true,"href":"https:\/\/www.chantegrive.ch\/de\/wp-json\/wp\/v2\/product_cat?post=2008"},{"taxonomy":"product_tag","embeddable":true,"href":"https:\/\/www.chantegrive.ch\/de\/wp-json\/wp\/v2\/product_tag?post=2008"}],"curies":[{"name":"wp","href":"https:\/\/api.w.org\/{rel}","templated":true}]}}