{"id":2030,"date":"2019-08-12T00:00:36","date_gmt":"2019-08-11T22:00:36","guid":{"rendered":"https:\/\/www.chantegrive.ch\/produit\/arioso-dornfelder\/"},"modified":"2025-05-05T11:23:44","modified_gmt":"2025-05-05T09:23:44","slug":"dornfelder-arioso","status":"publish","type":"product","link":"https:\/\/www.chantegrive.ch\/de\/produit\/dornfelder-arioso\/","title":{"rendered":"Arioso Dornfelder AOC La C\u00f4te"},"content":{"rendered":"<div class=\"row\"  id=\"row-1102347850\">\n\n\t<div id=\"col-1410474705\" class=\"col small-12 large-12\"  >\n\t\t\t\t<div class=\"col-inner dark\"  >\n\t\t\t\n\t\t\t\n<h2>Arioso<br \/>\n<span class=\"alt-font\">Dornfelder AOC La C\u00f4te<\/span><\/h2>\n\t<div id=\"gap-1181381564\" class=\"gap-element clearfix\" style=\"display:block; height:auto;\">\n\t\t\n<style>\n#gap-1181381564 {\n  padding-top: 30px;\n}\n<\/style>\n\t<\/div>\n\t\n<p class=\"lead\">Diese atypische rote Rebsorte ist in der Schweiz nur sehr wenig bekannt. Nach Alains beruflichen Erfahrung in der Region Pfalz in Deutschland beschloss er 1998, einige Dornfelder-Reben f\u00fcr Versuche zu importieren. Anfang der 2000er Jahre beschloss er schlussendlich den Dornfelder zu vermarkten.<\/p>\n\t\t<\/div>\n\t\t\t\t\t<\/div>\n\n\t\n<\/div>\n<div class=\"row\"  id=\"row-728687179\">\n\n\t<div id=\"col-580153642\" class=\"col medium-6 small-12 large-6\"  >\n\t\t\t\t<div class=\"col-inner dark\"  >\n\t\t\t\n\t\t\t\n<h3>Weinprobe Arioso<\/h3>\n<p>Eine sch\u00f6ne tiefe Farbe und eine sch\u00f6ne Leuchtkraft. Auch der Duft mit Noten von kleinen roten und schwarzen Fr\u00fcchten ist sehr angenehm. Der Geschmack ist rund und seidig. Alles in allem ist es ein geschmeidiger und gen\u00fcsslicher Wein mit einem leichten Hauch von Gew\u00fcrzen.<\/p>\n<h4>Unterst\u00fctzung<\/h4>\n<p>Er ist sehr ausgewogen und passt perfekt zu w\u00fcrzigen Gerichten und zur asiatischen K\u00fcche insgesamt.<\/p>\n\t\t<\/div>\n\t\t\t\t\t<\/div>\n\n\t\n\n\t<div id=\"col-578643183\" class=\"col medium-6 small-12 large-6\"  >\n\t\t\t\t<div class=\"col-inner dark\"  >\n\t\t\t\n\t\t\t\n<h4>Aufbewahrungsdauer<\/h4>\n<p>Aufbewahrungsdauer: 3 bis 6 Jahre<\/p>\n<h4>Trinktemperatur<\/h4>\n<p><img loading=\"lazy\" decoding=\"async\" class=\"alignnone size-full wp-image-7156\" src=\"https:\/\/www.chantegrive.ch\/wp-content\/uploads\/2019\/08\/thermometer-icon-white-domaine-de-chantegrive-2.png\" alt=\"\" width=\"55\" height=\"51\" \/>Ideale Temperatur : 13 bis 16 Grad<\/p>\n\t\t<\/div>\n\t\t\t\t\t<\/div>\n\n\t\n<\/div>\n","protected":false},"excerpt":{"rendered":"<h3>Signature Alain Rolaz: Arioso<\/h3>\n<p><em>Traubensorte: Dornfelder<\/em><\/p>\n<blockquote>\n<p class=\"lead\">Diese Rebsorte ergibt einen Wein mit einer sch\u00f6nen intensiven rubinroten Farbe, fruchtig, parf\u00fcmiert, geschmeidig mit eher umh\u00fcllten Tanninen und allgemein guter S\u00e4ure.<\/p>\n<\/blockquote>\n<p><img loading=\"lazy\" decoding=\"async\" class=\"alignright size-full wp-image-6734\" src=\"https:\/\/www.chantegrive.ch\/wp-content\/uploads\/2019\/09\/logo-grive-rouge-domaine-de-chantegrive.png\" alt=\"\" width=\"95\" height=\"99\" \/><\/p>\n<h4>Verpackung<\/h4>\n<ul>\n<li>6x 75 cl = <strong>CHF 93.-<\/strong>\u00a0(CHF 15.50 pro fl.)<\/li>\n<\/ul>\n","protected":false},"featured_media":6099,"template":"","meta":{"iawp_total_views":36},"product_brand":[],"product_cat":[233],"product_tag":[],"class_list":{"0":"post-2030","1":"product","2":"type-product","3":"status-publish","4":"has-post-thumbnail","6":"product_cat-signature-alain-rolaz-de","8":"first","9":"instock","10":"shipping-taxable","11":"purchasable","12":"product-type-simple","13":"add-to-wishlist-after_add_to_cart"},"group_of_quantity":6,"min_quantity":6,"max_quantity":"","exclude_order_quantity_value_rules":"no","exclude_category_quantity_rules":"no","combine_variations":"no","yoast_head":"<!-- This site is optimized with the Yoast SEO plugin v27.4 - https:\/\/yoast.com\/product\/yoast-seo-wordpress\/ -->\n<title>Arioso Dornfelder AOC La C\u00f4te - Domaine de Chantegrive<\/title>\n<meta name=\"description\" content=\"Diese atypische rote Rebsorte ist in der Schweiz nur sehr wenig bekannt. Nach Alains beruflichen Erfahrung in der Region Pfalz in Deutschland beschloss er 1998\" \/>\n<meta name=\"robots\" content=\"index, follow, max-snippet:-1, max-image-preview:large, max-video-preview:-1\" \/>\n<link rel=\"canonical\" href=\"https:\/\/www.chantegrive.ch\/de\/produit\/dornfelder-arioso\/\" \/>\n<meta property=\"og:locale\" content=\"de_DE\" \/>\n<meta property=\"og:type\" content=\"article\" \/>\n<meta property=\"og:title\" content=\"Arioso Dornfelder AOC La C\u00f4te Domaine de Chantegrive\" \/>\n<meta property=\"og:description\" content=\"Diese atypische rote Rebsorte ist in der Schweiz nur sehr wenig bekannt. Nach Alains beruflichen Erfahrung in der Region Pfalz in Deutschland beschloss er 1998\" \/>\n<meta property=\"og:url\" content=\"https:\/\/www.chantegrive.ch\/de\/produit\/dornfelder-arioso\/\" \/>\n<meta property=\"og:site_name\" content=\"Domaine de Chantegrive\" \/>\n<meta property=\"article:publisher\" content=\"https:\/\/www.facebook.com\/domainedechantegrive\/\" \/>\n<meta property=\"article:modified_time\" content=\"2025-05-05T09:23:44+00:00\" \/>\n<meta property=\"og:image\" content=\"https:\/\/www.chantegrive.ch\/wp-content\/uploads\/2019\/08\/opengraph-arioso-signature-alain-rolaz-restaurant-domaine-chantegrive.jpg\" \/>\n\t<meta property=\"og:image:width\" content=\"1200\" \/>\n\t<meta property=\"og:image:height\" content=\"630\" \/>\n\t<meta property=\"og:image:type\" content=\"image\/jpeg\" \/>\n<meta name=\"twitter:card\" content=\"summary_large_image\" \/>\n<meta name=\"twitter:label1\" content=\"Gesch\u00e4tzte Lesezeit\" \/>\n\t<meta name=\"twitter:data1\" content=\"2\u00a0Minuten\" \/>\n<script type=\"application\/ld+json\" class=\"yoast-schema-graph\">{\"@context\":\"https:\\\/\\\/schema.org\",\"@graph\":[{\"@type\":\"WebPage\",\"@id\":\"https:\\\/\\\/www.chantegrive.ch\\\/de\\\/produit\\\/dornfelder-arioso\\\/\",\"url\":\"https:\\\/\\\/www.chantegrive.ch\\\/de\\\/produit\\\/dornfelder-arioso\\\/\",\"name\":\"Arioso Dornfelder AOC La C\u00f4te - Domaine de Chantegrive\",\"isPartOf\":{\"@id\":\"https:\\\/\\\/www.chantegrive.ch\\\/#website\"},\"primaryImageOfPage\":{\"@id\":\"https:\\\/\\\/www.chantegrive.ch\\\/de\\\/produit\\\/dornfelder-arioso\\\/#primaryimage\"},\"image\":{\"@id\":\"https:\\\/\\\/www.chantegrive.ch\\\/de\\\/produit\\\/dornfelder-arioso\\\/#primaryimage\"},\"thumbnailUrl\":\"https:\\\/\\\/www.chantegrive.ch\\\/wp-content\\\/uploads\\\/2019\\\/08\\\/arioso-signature-alain-rolaz-des-terroirs-domaine-chantegrive.jpg\",\"datePublished\":\"2019-08-11T22:00:36+00:00\",\"dateModified\":\"2025-05-05T09:23:44+00:00\",\"description\":\"Diese atypische rote Rebsorte ist in der Schweiz nur sehr wenig bekannt. Nach Alains beruflichen Erfahrung in der Region Pfalz in Deutschland beschloss er 1998\",\"breadcrumb\":{\"@id\":\"https:\\\/\\\/www.chantegrive.ch\\\/de\\\/produit\\\/dornfelder-arioso\\\/#breadcrumb\"},\"inLanguage\":\"de\",\"potentialAction\":[{\"@type\":\"ReadAction\",\"target\":[\"https:\\\/\\\/www.chantegrive.ch\\\/de\\\/produit\\\/dornfelder-arioso\\\/\"]}]},{\"@type\":\"ImageObject\",\"inLanguage\":\"de\",\"@id\":\"https:\\\/\\\/www.chantegrive.ch\\\/de\\\/produit\\\/dornfelder-arioso\\\/#primaryimage\",\"url\":\"https:\\\/\\\/www.chantegrive.ch\\\/wp-content\\\/uploads\\\/2019\\\/08\\\/arioso-signature-alain-rolaz-des-terroirs-domaine-chantegrive.jpg\",\"contentUrl\":\"https:\\\/\\\/www.chantegrive.ch\\\/wp-content\\\/uploads\\\/2019\\\/08\\\/arioso-signature-alain-rolaz-des-terroirs-domaine-chantegrive.jpg\",\"width\":1100,\"height\":1100,\"caption\":\"Arioso Signature Alain Rolaz Domaine de Chantegrive\"},{\"@type\":\"BreadcrumbList\",\"@id\":\"https:\\\/\\\/www.chantegrive.ch\\\/de\\\/produit\\\/dornfelder-arioso\\\/#breadcrumb\",\"itemListElement\":[{\"@type\":\"ListItem\",\"position\":1,\"name\":\"Accueil\",\"item\":\"https:\\\/\\\/www.chantegrive.ch\\\/de\\\/\"},{\"@type\":\"ListItem\",\"position\":2,\"name\":\"Shop Cat\u00e9gorie\",\"item\":\"https:\\\/\\\/www.chantegrive.ch\\\/shop\\\/\"},{\"@type\":\"ListItem\",\"position\":3,\"name\":\"Arioso Dornfelder AOC La C\u00f4te\"}]},{\"@type\":\"WebSite\",\"@id\":\"https:\\\/\\\/www.chantegrive.ch\\\/#website\",\"url\":\"https:\\\/\\\/www.chantegrive.ch\\\/\",\"name\":\"Domaine de Chantegrive\",\"description\":\"Vins Alain Rolaz &amp; fils\",\"potentialAction\":[{\"@type\":\"SearchAction\",\"target\":{\"@type\":\"EntryPoint\",\"urlTemplate\":\"https:\\\/\\\/www.chantegrive.ch\\\/?s={search_term_string}\"},\"query-input\":{\"@type\":\"PropertyValueSpecification\",\"valueRequired\":true,\"valueName\":\"search_term_string\"}}],\"inLanguage\":\"de\"}]}<\/script>\n<!-- \/ Yoast SEO plugin. -->","yoast_head_json":{"title":"Arioso Dornfelder AOC La C\u00f4te - Domaine de Chantegrive","description":"Diese atypische rote Rebsorte ist in der Schweiz nur sehr wenig bekannt. Nach Alains beruflichen Erfahrung in der Region Pfalz in Deutschland beschloss er 1998","robots":{"index":"index","follow":"follow","max-snippet":"max-snippet:-1","max-image-preview":"max-image-preview:large","max-video-preview":"max-video-preview:-1"},"canonical":"https:\/\/www.chantegrive.ch\/de\/produit\/dornfelder-arioso\/","og_locale":"de_DE","og_type":"article","og_title":"Arioso Dornfelder AOC La C\u00f4te Domaine de Chantegrive","og_description":"Diese atypische rote Rebsorte ist in der Schweiz nur sehr wenig bekannt. Nach Alains beruflichen Erfahrung in der Region Pfalz in Deutschland beschloss er 1998","og_url":"https:\/\/www.chantegrive.ch\/de\/produit\/dornfelder-arioso\/","og_site_name":"Domaine de Chantegrive","article_publisher":"https:\/\/www.facebook.com\/domainedechantegrive\/","article_modified_time":"2025-05-05T09:23:44+00:00","og_image":[{"width":1200,"height":630,"url":"https:\/\/www.chantegrive.ch\/wp-content\/uploads\/2019\/08\/opengraph-arioso-signature-alain-rolaz-restaurant-domaine-chantegrive.jpg","type":"image\/jpeg"}],"twitter_card":"summary_large_image","twitter_misc":{"Gesch\u00e4tzte Lesezeit":"2\u00a0Minuten"},"schema":{"@context":"https:\/\/schema.org","@graph":[{"@type":"WebPage","@id":"https:\/\/www.chantegrive.ch\/de\/produit\/dornfelder-arioso\/","url":"https:\/\/www.chantegrive.ch\/de\/produit\/dornfelder-arioso\/","name":"Arioso Dornfelder AOC La C\u00f4te - Domaine de Chantegrive","isPartOf":{"@id":"https:\/\/www.chantegrive.ch\/#website"},"primaryImageOfPage":{"@id":"https:\/\/www.chantegrive.ch\/de\/produit\/dornfelder-arioso\/#primaryimage"},"image":{"@id":"https:\/\/www.chantegrive.ch\/de\/produit\/dornfelder-arioso\/#primaryimage"},"thumbnailUrl":"https:\/\/www.chantegrive.ch\/wp-content\/uploads\/2019\/08\/arioso-signature-alain-rolaz-des-terroirs-domaine-chantegrive.jpg","datePublished":"2019-08-11T22:00:36+00:00","dateModified":"2025-05-05T09:23:44+00:00","description":"Diese atypische rote Rebsorte ist in der Schweiz nur sehr wenig bekannt. Nach Alains beruflichen Erfahrung in der Region Pfalz in Deutschland beschloss er 1998","breadcrumb":{"@id":"https:\/\/www.chantegrive.ch\/de\/produit\/dornfelder-arioso\/#breadcrumb"},"inLanguage":"de","potentialAction":[{"@type":"ReadAction","target":["https:\/\/www.chantegrive.ch\/de\/produit\/dornfelder-arioso\/"]}]},{"@type":"ImageObject","inLanguage":"de","@id":"https:\/\/www.chantegrive.ch\/de\/produit\/dornfelder-arioso\/#primaryimage","url":"https:\/\/www.chantegrive.ch\/wp-content\/uploads\/2019\/08\/arioso-signature-alain-rolaz-des-terroirs-domaine-chantegrive.jpg","contentUrl":"https:\/\/www.chantegrive.ch\/wp-content\/uploads\/2019\/08\/arioso-signature-alain-rolaz-des-terroirs-domaine-chantegrive.jpg","width":1100,"height":1100,"caption":"Arioso Signature Alain Rolaz Domaine de Chantegrive"},{"@type":"BreadcrumbList","@id":"https:\/\/www.chantegrive.ch\/de\/produit\/dornfelder-arioso\/#breadcrumb","itemListElement":[{"@type":"ListItem","position":1,"name":"Accueil","item":"https:\/\/www.chantegrive.ch\/de\/"},{"@type":"ListItem","position":2,"name":"Shop Cat\u00e9gorie","item":"https:\/\/www.chantegrive.ch\/shop\/"},{"@type":"ListItem","position":3,"name":"Arioso Dornfelder AOC La C\u00f4te"}]},{"@type":"WebSite","@id":"https:\/\/www.chantegrive.ch\/#website","url":"https:\/\/www.chantegrive.ch\/","name":"Domaine de Chantegrive","description":"Vins Alain Rolaz &amp; fils","potentialAction":[{"@type":"SearchAction","target":{"@type":"EntryPoint","urlTemplate":"https:\/\/www.chantegrive.ch\/?s={search_term_string}"},"query-input":{"@type":"PropertyValueSpecification","valueRequired":true,"valueName":"search_term_string"}}],"inLanguage":"de"}]}},"_links":{"self":[{"href":"https:\/\/www.chantegrive.ch\/de\/wp-json\/wp\/v2\/product\/2030","targetHints":{"allow":["GET"]}}],"collection":[{"href":"https:\/\/www.chantegrive.ch\/de\/wp-json\/wp\/v2\/product"}],"about":[{"href":"https:\/\/www.chantegrive.ch\/de\/wp-json\/wp\/v2\/types\/product"}],"wp:featuredmedia":[{"embeddable":true,"href":"https:\/\/www.chantegrive.ch\/de\/wp-json\/wp\/v2\/media\/6099"}],"wp:attachment":[{"href":"https:\/\/www.chantegrive.ch\/de\/wp-json\/wp\/v2\/media?parent=2030"}],"wp:term":[{"taxonomy":"product_brand","embeddable":true,"href":"https:\/\/www.chantegrive.ch\/de\/wp-json\/wp\/v2\/product_brand?post=2030"},{"taxonomy":"product_cat","embeddable":true,"href":"https:\/\/www.chantegrive.ch\/de\/wp-json\/wp\/v2\/product_cat?post=2030"},{"taxonomy":"product_tag","embeddable":true,"href":"https:\/\/www.chantegrive.ch\/de\/wp-json\/wp\/v2\/product_tag?post=2030"}],"curies":[{"name":"wp","href":"https:\/\/api.w.org\/{rel}","templated":true}]}}