{"id":2065,"date":"2017-04-18T22:47:22","date_gmt":"2017-04-18T20:47:22","guid":{"rendered":"https:\/\/www.chantegrive.ch\/produit\/crescendo-gamay\/"},"modified":"2022-01-12T19:27:33","modified_gmt":"2022-01-12T18:27:33","slug":"crescendo-gamay","status":"publish","type":"product","link":"https:\/\/www.chantegrive.ch\/de\/produit\/crescendo-gamay\/","title":{"rendered":"Crescendo Gamay"},"content":{"rendered":"<h2>Crescendo Gamay<\/h2>\n<p>Auf unseren Terroirs tief verwurzelt ist der Gamay. Dieser ist grunds\u00e4tzlich als leichter Wein bekannt und einfach zu trinken. Dank einer freiwilligen Produktionslimitierung entfaltet der Wein eine erstaunliche Vitalit\u00e4t. Er differenziert sich mit seiner w\u00fcrzigen Note die ihm zus\u00e4tzliches Volumen verleiht. Durch seine Vinifizierung in Qualit\u00e4tsholzf\u00e4ssern verf\u00fcgt er \u00fcber eine ausgesprochen subtile Aromenvielfalt. Zudem verf\u00fcgen seine Tannine \u00fcber bemerkenswerte Feinheiten.<\/p>\n<p>Mit dem Gamay des Jahrgangs 2003 konnte das Domaine sogar den Schweizer Meistertitel 2005 gewinnen, was f\u00fcr einen Winzer bzw. ein Weingut ein ausserordentliches Ereignis darstellt.<\/p>\n<p><img loading=\"lazy\" decoding=\"async\" class=\"alignleft size-full wp-image-430\" src=\"https:\/\/www.chantegrive.ch\/wp-content\/uploads\/2017\/04\/13-16.png\" alt=\"Ideale Trinktemperatur: 13\u201216 \u00b0C\" width=\"80\" height=\"58\" \/>Ideale Trinktemperatur: 13\u201216 \u00b0C<\/p>\n","protected":false},"excerpt":{"rendered":"<h3>Crescendo Gamay<\/h3>\n<p>Ein Wein von bemerkenswerter Eleganz. Ideal f\u00fcr die warme K\u00fcche.<\/p>\n<p>Verpackungseinheit: Karton zu 6 Flaschen<\/p>\n<ul>\n<li>6x 75 cl = <strong>CHF 120.-<\/strong> (20.- pro Fl.)<\/li>\n<\/ul>\n<p>Preise netto inkl. MwSt., ab Weinkeller.<\/p>\n","protected":false},"featured_media":6124,"template":"","meta":{"iawp_total_views":10},"product_brand":[],"product_cat":[207],"product_tag":[],"class_list":{"0":"post-2065","1":"product","2":"type-product","3":"status-publish","4":"has-post-thumbnail","6":"product_cat-crescendo-de","8":"first","9":"instock","10":"shipping-taxable","11":"purchasable","12":"product-type-simple","13":"add-to-wishlist-after_add_to_cart"},"group_of_quantity":6,"min_quantity":6,"max_quantity":"","exclude_order_quantity_value_rules":"no","exclude_category_quantity_rules":"no","combine_variations":"no","yoast_head":"<!-- This site is optimized with the Yoast SEO plugin v27.4 - https:\/\/yoast.com\/product\/yoast-seo-wordpress\/ -->\n<title>Crescendo Gamay Domaine de Chantegrive<\/title>\n<meta name=\"description\" content=\"Crescendo Gamay Domaine de Chantegrive - Mit dem Gamay des Jahrgangs 2003 konnte das Domaine sogar den Schweizer Meistertitel 2005 gewinnen...\" \/>\n<meta name=\"robots\" content=\"index, follow, max-snippet:-1, max-image-preview:large, max-video-preview:-1\" \/>\n<link rel=\"canonical\" href=\"https:\/\/www.chantegrive.ch\/de\/produit\/crescendo-gamay\/\" \/>\n<meta property=\"og:locale\" content=\"de_DE\" \/>\n<meta property=\"og:type\" content=\"article\" \/>\n<meta property=\"og:title\" content=\"Crescendo Gamay Domaine de Chantegrive\" \/>\n<meta property=\"og:description\" content=\"Auf unseren Terroirs tief verwurzelt ist der Gamay. Dieser ist grunds\u00e4tzlich als leichter Wein bekannt und einfach zu trinken. Dank einer freiwilligen Produktionslimitierung entfaltet der Wein eine erstaunliche Vitalit\u00e4t. Er differenziert sich mit seiner w\u00fcrzigen Note die ihm zus\u00e4tzliches Volumen verleiht.\" \/>\n<meta property=\"og:url\" content=\"https:\/\/www.chantegrive.ch\/de\/produit\/crescendo-gamay\/\" \/>\n<meta property=\"og:site_name\" content=\"Domaine de Chantegrive\" \/>\n<meta property=\"article:publisher\" content=\"https:\/\/www.facebook.com\/domainedechantegrive\/\" \/>\n<meta property=\"article:modified_time\" content=\"2022-01-12T18:27:33+00:00\" \/>\n<meta property=\"og:image\" content=\"https:\/\/www.chantegrive.ch\/wp-content\/uploads\/2019\/08\/gamay-crescendo-domaine-chantegrive.jpg\" \/>\n\t<meta property=\"og:image:width\" content=\"1100\" \/>\n\t<meta property=\"og:image:height\" content=\"1100\" \/>\n\t<meta property=\"og:image:type\" content=\"image\/jpeg\" \/>\n<meta name=\"twitter:card\" content=\"summary_large_image\" \/>\n<script type=\"application\/ld+json\" class=\"yoast-schema-graph\">{\"@context\":\"https:\\\/\\\/schema.org\",\"@graph\":[{\"@type\":\"WebPage\",\"@id\":\"https:\\\/\\\/www.chantegrive.ch\\\/de\\\/produit\\\/crescendo-gamay\\\/\",\"url\":\"https:\\\/\\\/www.chantegrive.ch\\\/de\\\/produit\\\/crescendo-gamay\\\/\",\"name\":\"Crescendo Gamay Domaine de Chantegrive\",\"isPartOf\":{\"@id\":\"https:\\\/\\\/www.chantegrive.ch\\\/#website\"},\"primaryImageOfPage\":{\"@id\":\"https:\\\/\\\/www.chantegrive.ch\\\/de\\\/produit\\\/crescendo-gamay\\\/#primaryimage\"},\"image\":{\"@id\":\"https:\\\/\\\/www.chantegrive.ch\\\/de\\\/produit\\\/crescendo-gamay\\\/#primaryimage\"},\"thumbnailUrl\":\"https:\\\/\\\/www.chantegrive.ch\\\/wp-content\\\/uploads\\\/2019\\\/08\\\/gamay-crescendo-domaine-chantegrive.jpg\",\"datePublished\":\"2017-04-18T20:47:22+00:00\",\"dateModified\":\"2022-01-12T18:27:33+00:00\",\"description\":\"Crescendo Gamay Domaine de Chantegrive - Mit dem Gamay des Jahrgangs 2003 konnte das Domaine sogar den Schweizer Meistertitel 2005 gewinnen...\",\"breadcrumb\":{\"@id\":\"https:\\\/\\\/www.chantegrive.ch\\\/de\\\/produit\\\/crescendo-gamay\\\/#breadcrumb\"},\"inLanguage\":\"de\",\"potentialAction\":[{\"@type\":\"ReadAction\",\"target\":[\"https:\\\/\\\/www.chantegrive.ch\\\/de\\\/produit\\\/crescendo-gamay\\\/\"]}]},{\"@type\":\"ImageObject\",\"inLanguage\":\"de\",\"@id\":\"https:\\\/\\\/www.chantegrive.ch\\\/de\\\/produit\\\/crescendo-gamay\\\/#primaryimage\",\"url\":\"https:\\\/\\\/www.chantegrive.ch\\\/wp-content\\\/uploads\\\/2019\\\/08\\\/gamay-crescendo-domaine-chantegrive.jpg\",\"contentUrl\":\"https:\\\/\\\/www.chantegrive.ch\\\/wp-content\\\/uploads\\\/2019\\\/08\\\/gamay-crescendo-domaine-chantegrive.jpg\",\"width\":1100,\"height\":1100,\"caption\":\"Gamay Crescendo Domaine de Chantegrive\"},{\"@type\":\"BreadcrumbList\",\"@id\":\"https:\\\/\\\/www.chantegrive.ch\\\/de\\\/produit\\\/crescendo-gamay\\\/#breadcrumb\",\"itemListElement\":[{\"@type\":\"ListItem\",\"position\":1,\"name\":\"Accueil\",\"item\":\"https:\\\/\\\/www.chantegrive.ch\\\/de\\\/\"},{\"@type\":\"ListItem\",\"position\":2,\"name\":\"Shop Cat\u00e9gorie\",\"item\":\"https:\\\/\\\/www.chantegrive.ch\\\/shop\\\/\"},{\"@type\":\"ListItem\",\"position\":3,\"name\":\"Crescendo Gamay\"}]},{\"@type\":\"WebSite\",\"@id\":\"https:\\\/\\\/www.chantegrive.ch\\\/#website\",\"url\":\"https:\\\/\\\/www.chantegrive.ch\\\/\",\"name\":\"Domaine de Chantegrive\",\"description\":\"Vins Alain Rolaz &amp; fils\",\"potentialAction\":[{\"@type\":\"SearchAction\",\"target\":{\"@type\":\"EntryPoint\",\"urlTemplate\":\"https:\\\/\\\/www.chantegrive.ch\\\/?s={search_term_string}\"},\"query-input\":{\"@type\":\"PropertyValueSpecification\",\"valueRequired\":true,\"valueName\":\"search_term_string\"}}],\"inLanguage\":\"de\"}]}<\/script>\n<!-- \/ Yoast SEO plugin. -->","yoast_head_json":{"title":"Crescendo Gamay Domaine de Chantegrive","description":"Crescendo Gamay Domaine de Chantegrive - Mit dem Gamay des Jahrgangs 2003 konnte das Domaine sogar den Schweizer Meistertitel 2005 gewinnen...","robots":{"index":"index","follow":"follow","max-snippet":"max-snippet:-1","max-image-preview":"max-image-preview:large","max-video-preview":"max-video-preview:-1"},"canonical":"https:\/\/www.chantegrive.ch\/de\/produit\/crescendo-gamay\/","og_locale":"de_DE","og_type":"article","og_title":"Crescendo Gamay Domaine de Chantegrive","og_description":"Auf unseren Terroirs tief verwurzelt ist der Gamay. Dieser ist grunds\u00e4tzlich als leichter Wein bekannt und einfach zu trinken. Dank einer freiwilligen Produktionslimitierung entfaltet der Wein eine erstaunliche Vitalit\u00e4t. Er differenziert sich mit seiner w\u00fcrzigen Note die ihm zus\u00e4tzliches Volumen verleiht.","og_url":"https:\/\/www.chantegrive.ch\/de\/produit\/crescendo-gamay\/","og_site_name":"Domaine de Chantegrive","article_publisher":"https:\/\/www.facebook.com\/domainedechantegrive\/","article_modified_time":"2022-01-12T18:27:33+00:00","og_image":[{"width":1100,"height":1100,"url":"https:\/\/www.chantegrive.ch\/wp-content\/uploads\/2019\/08\/gamay-crescendo-domaine-chantegrive.jpg","type":"image\/jpeg"}],"twitter_card":"summary_large_image","schema":{"@context":"https:\/\/schema.org","@graph":[{"@type":"WebPage","@id":"https:\/\/www.chantegrive.ch\/de\/produit\/crescendo-gamay\/","url":"https:\/\/www.chantegrive.ch\/de\/produit\/crescendo-gamay\/","name":"Crescendo Gamay Domaine de Chantegrive","isPartOf":{"@id":"https:\/\/www.chantegrive.ch\/#website"},"primaryImageOfPage":{"@id":"https:\/\/www.chantegrive.ch\/de\/produit\/crescendo-gamay\/#primaryimage"},"image":{"@id":"https:\/\/www.chantegrive.ch\/de\/produit\/crescendo-gamay\/#primaryimage"},"thumbnailUrl":"https:\/\/www.chantegrive.ch\/wp-content\/uploads\/2019\/08\/gamay-crescendo-domaine-chantegrive.jpg","datePublished":"2017-04-18T20:47:22+00:00","dateModified":"2022-01-12T18:27:33+00:00","description":"Crescendo Gamay Domaine de Chantegrive - Mit dem Gamay des Jahrgangs 2003 konnte das Domaine sogar den Schweizer Meistertitel 2005 gewinnen...","breadcrumb":{"@id":"https:\/\/www.chantegrive.ch\/de\/produit\/crescendo-gamay\/#breadcrumb"},"inLanguage":"de","potentialAction":[{"@type":"ReadAction","target":["https:\/\/www.chantegrive.ch\/de\/produit\/crescendo-gamay\/"]}]},{"@type":"ImageObject","inLanguage":"de","@id":"https:\/\/www.chantegrive.ch\/de\/produit\/crescendo-gamay\/#primaryimage","url":"https:\/\/www.chantegrive.ch\/wp-content\/uploads\/2019\/08\/gamay-crescendo-domaine-chantegrive.jpg","contentUrl":"https:\/\/www.chantegrive.ch\/wp-content\/uploads\/2019\/08\/gamay-crescendo-domaine-chantegrive.jpg","width":1100,"height":1100,"caption":"Gamay Crescendo Domaine de Chantegrive"},{"@type":"BreadcrumbList","@id":"https:\/\/www.chantegrive.ch\/de\/produit\/crescendo-gamay\/#breadcrumb","itemListElement":[{"@type":"ListItem","position":1,"name":"Accueil","item":"https:\/\/www.chantegrive.ch\/de\/"},{"@type":"ListItem","position":2,"name":"Shop Cat\u00e9gorie","item":"https:\/\/www.chantegrive.ch\/shop\/"},{"@type":"ListItem","position":3,"name":"Crescendo Gamay"}]},{"@type":"WebSite","@id":"https:\/\/www.chantegrive.ch\/#website","url":"https:\/\/www.chantegrive.ch\/","name":"Domaine de Chantegrive","description":"Vins Alain Rolaz &amp; fils","potentialAction":[{"@type":"SearchAction","target":{"@type":"EntryPoint","urlTemplate":"https:\/\/www.chantegrive.ch\/?s={search_term_string}"},"query-input":{"@type":"PropertyValueSpecification","valueRequired":true,"valueName":"search_term_string"}}],"inLanguage":"de"}]}},"_links":{"self":[{"href":"https:\/\/www.chantegrive.ch\/de\/wp-json\/wp\/v2\/product\/2065","targetHints":{"allow":["GET"]}}],"collection":[{"href":"https:\/\/www.chantegrive.ch\/de\/wp-json\/wp\/v2\/product"}],"about":[{"href":"https:\/\/www.chantegrive.ch\/de\/wp-json\/wp\/v2\/types\/product"}],"wp:featuredmedia":[{"embeddable":true,"href":"https:\/\/www.chantegrive.ch\/de\/wp-json\/wp\/v2\/media\/6124"}],"wp:attachment":[{"href":"https:\/\/www.chantegrive.ch\/de\/wp-json\/wp\/v2\/media?parent=2065"}],"wp:term":[{"taxonomy":"product_brand","embeddable":true,"href":"https:\/\/www.chantegrive.ch\/de\/wp-json\/wp\/v2\/product_brand?post=2065"},{"taxonomy":"product_cat","embeddable":true,"href":"https:\/\/www.chantegrive.ch\/de\/wp-json\/wp\/v2\/product_cat?post=2065"},{"taxonomy":"product_tag","embeddable":true,"href":"https:\/\/www.chantegrive.ch\/de\/wp-json\/wp\/v2\/product_tag?post=2065"}],"curies":[{"name":"wp","href":"https:\/\/api.w.org\/{rel}","templated":true}]}}