{"id":2089,"date":"2017-04-20T17:47:28","date_gmt":"2017-04-20T15:47:28","guid":{"rendered":"https:\/\/www.chantegrive.ch\/produit\/crescendo-gamaret\/"},"modified":"2022-01-13T10:51:51","modified_gmt":"2022-01-13T09:51:51","slug":"crescendo-gamaret","status":"publish","type":"product","link":"https:\/\/www.chantegrive.ch\/de\/produit\/crescendo-gamaret\/","title":{"rendered":"Crescendo Gamaret"},"content":{"rendered":"<h2>Crescendo rouge Gamaret<\/h2>\n<p>F\u00fcr die Liebhaber sortenreiner Weine \u2013 und die Herzensangelegenheit des Patrons. Dieser aus der Gamaret-Traube bestehende Wein hat eine dunkle, fast schwarze Farbe und ist kr\u00e4ftig mit konzentrierten, w\u00fcrzigen Aromen. Ein lagerf\u00e4higer Wein und einer, unter den besten Weinen \u00fcberhaupt.<\/p>\n<p>Durch seinen Ausbau im Eichenfass werden seine Aromen nach 2\u20123 Jahren zus\u00e4tzlicher Lagerung im Keller noch intensiviert.<br \/>\nIn der Karaffe serviert passt er zu jeder grossen Tafelrunde, ganz besonders zu Wildgerichten, Grilliertem oder Fleisch mit Saucen.<br \/>\nDer Gamaret Crescendo wurde sogar 2 Mal zu den 6 Finalisten des Grand Prix du Vin Suisse nominiert.<\/p>\n<p><img loading=\"lazy\" decoding=\"async\" class=\"alignleft size-full wp-image-430\" src=\"https:\/\/www.chantegrive.ch\/wp-content\/uploads\/2017\/04\/13-16.png\" alt=\"Ideale Trinktemperatur: 13-16\u00b0C\" width=\"80\" height=\"58\" \/>Ideale Trinktemperatur: 13-16\u00b0C<\/p>\n","protected":false},"excerpt":{"rendered":"<h3>Crescendo rouge Gamaret<\/h3>\n<p>Lagerf\u00e4higer Wein. Kr\u00e4ftig und mit w\u00fcrzigen Aromen. F\u00fcr kulinarische Hochgen\u00fcsse und vor allem zu Wildgerichten.<\/p>\n<p>Verpackungseinheit: Karton zu 6 Flaschen<\/p>\n<ul>\n<li>6x 75 cl = <strong>CHF 138.-<\/strong> (23.- per bot.)<\/li>\n<li>1x 150cl = <strong>CHF 51.-<\/strong><\/li>\n<\/ul>\n<p>Preise netto inkl. MwSt., ab Weinkeller.<\/p>\n","protected":false},"featured_media":6130,"template":"","meta":{"iawp_total_views":28},"product_brand":[],"product_cat":[207],"product_tag":[],"class_list":{"0":"post-2089","1":"product","2":"type-product","3":"status-publish","4":"has-post-thumbnail","6":"product_cat-crescendo-de","8":"first","9":"instock","10":"shipping-taxable","11":"purchasable","12":"product-type-variable","13":"add-to-wishlist-after_add_to_cart"},"group_of_quantity":0,"min_quantity":0,"max_quantity":"","exclude_order_quantity_value_rules":"no","exclude_category_quantity_rules":"no","combine_variations":"no","yoast_head":"<!-- This site is optimized with the Yoast SEO plugin v27.4 - https:\/\/yoast.com\/product\/yoast-seo-wordpress\/ -->\n<title>Crescendo Gamaret Domaine de Chantegrive<\/title>\n<meta name=\"description\" content=\"Crescendo Gamaret Domaine de Chantegrive - Dieser aus der Gamaret-Traube bestehende Wein hat eine dunkle, fast schwarze Farbe und ist kr\u00e4ftig mit konzentrierten\" \/>\n<meta name=\"robots\" content=\"index, follow, max-snippet:-1, max-image-preview:large, max-video-preview:-1\" \/>\n<link rel=\"canonical\" href=\"https:\/\/www.chantegrive.ch\/de\/produit\/crescendo-gamaret\/\" \/>\n<meta property=\"og:locale\" content=\"de_DE\" \/>\n<meta property=\"og:type\" content=\"article\" \/>\n<meta property=\"og:title\" content=\"Crescendo Gamaret Domaine de Chantegrive\" \/>\n<meta property=\"og:description\" content=\"F\u00fcr die Liebhaber sortenreiner Weine \u2013 und die Herzensangelegenheit des Patrons. Dieser aus der Gamaret-Traube bestehende Wein hat eine dunkle, fast schwarze Farbe und ist kr\u00e4ftig mit konzentrierten, w\u00fcrzigen Aromen. Ein lagerf\u00e4higer Wein und einer, unter den besten Weinen \u00fcberhaupt.\" \/>\n<meta property=\"og:url\" content=\"https:\/\/www.chantegrive.ch\/de\/produit\/crescendo-gamaret\/\" \/>\n<meta property=\"og:site_name\" content=\"Domaine de Chantegrive\" \/>\n<meta property=\"article:publisher\" content=\"https:\/\/www.facebook.com\/domainedechantegrive\/\" \/>\n<meta property=\"article:modified_time\" content=\"2022-01-13T09:51:51+00:00\" \/>\n<meta property=\"og:image\" content=\"https:\/\/www.chantegrive.ch\/wp-content\/uploads\/2019\/08\/gamaret-crescendo-domaine-chantegrive.jpg\" \/>\n\t<meta property=\"og:image:width\" content=\"1100\" \/>\n\t<meta property=\"og:image:height\" content=\"1100\" \/>\n\t<meta property=\"og:image:type\" content=\"image\/jpeg\" \/>\n<meta name=\"twitter:card\" content=\"summary_large_image\" \/>\n<meta name=\"twitter:label1\" content=\"Gesch\u00e4tzte Lesezeit\" \/>\n\t<meta name=\"twitter:data1\" content=\"1\u00a0Minute\" \/>\n<script type=\"application\/ld+json\" class=\"yoast-schema-graph\">{\"@context\":\"https:\\\/\\\/schema.org\",\"@graph\":[{\"@type\":\"WebPage\",\"@id\":\"https:\\\/\\\/www.chantegrive.ch\\\/de\\\/produit\\\/crescendo-gamaret\\\/\",\"url\":\"https:\\\/\\\/www.chantegrive.ch\\\/de\\\/produit\\\/crescendo-gamaret\\\/\",\"name\":\"Crescendo Gamaret Domaine de Chantegrive\",\"isPartOf\":{\"@id\":\"https:\\\/\\\/www.chantegrive.ch\\\/#website\"},\"primaryImageOfPage\":{\"@id\":\"https:\\\/\\\/www.chantegrive.ch\\\/de\\\/produit\\\/crescendo-gamaret\\\/#primaryimage\"},\"image\":{\"@id\":\"https:\\\/\\\/www.chantegrive.ch\\\/de\\\/produit\\\/crescendo-gamaret\\\/#primaryimage\"},\"thumbnailUrl\":\"https:\\\/\\\/www.chantegrive.ch\\\/wp-content\\\/uploads\\\/2019\\\/08\\\/gamaret-crescendo-domaine-chantegrive.jpg\",\"datePublished\":\"2017-04-20T15:47:28+00:00\",\"dateModified\":\"2022-01-13T09:51:51+00:00\",\"description\":\"Crescendo Gamaret Domaine de Chantegrive - Dieser aus der Gamaret-Traube bestehende Wein hat eine dunkle, fast schwarze Farbe und ist kr\u00e4ftig mit konzentrierten\",\"breadcrumb\":{\"@id\":\"https:\\\/\\\/www.chantegrive.ch\\\/de\\\/produit\\\/crescendo-gamaret\\\/#breadcrumb\"},\"inLanguage\":\"de\",\"potentialAction\":[{\"@type\":\"ReadAction\",\"target\":[\"https:\\\/\\\/www.chantegrive.ch\\\/de\\\/produit\\\/crescendo-gamaret\\\/\"]}]},{\"@type\":\"ImageObject\",\"inLanguage\":\"de\",\"@id\":\"https:\\\/\\\/www.chantegrive.ch\\\/de\\\/produit\\\/crescendo-gamaret\\\/#primaryimage\",\"url\":\"https:\\\/\\\/www.chantegrive.ch\\\/wp-content\\\/uploads\\\/2019\\\/08\\\/gamaret-crescendo-domaine-chantegrive.jpg\",\"contentUrl\":\"https:\\\/\\\/www.chantegrive.ch\\\/wp-content\\\/uploads\\\/2019\\\/08\\\/gamaret-crescendo-domaine-chantegrive.jpg\",\"width\":1100,\"height\":1100,\"caption\":\"Gamaret Crescendo Domaine de Chantegrive\"},{\"@type\":\"BreadcrumbList\",\"@id\":\"https:\\\/\\\/www.chantegrive.ch\\\/de\\\/produit\\\/crescendo-gamaret\\\/#breadcrumb\",\"itemListElement\":[{\"@type\":\"ListItem\",\"position\":1,\"name\":\"Accueil\",\"item\":\"https:\\\/\\\/www.chantegrive.ch\\\/de\\\/\"},{\"@type\":\"ListItem\",\"position\":2,\"name\":\"Shop Cat\u00e9gorie\",\"item\":\"https:\\\/\\\/www.chantegrive.ch\\\/shop\\\/\"},{\"@type\":\"ListItem\",\"position\":3,\"name\":\"Crescendo Gamaret\"}]},{\"@type\":\"WebSite\",\"@id\":\"https:\\\/\\\/www.chantegrive.ch\\\/#website\",\"url\":\"https:\\\/\\\/www.chantegrive.ch\\\/\",\"name\":\"Domaine de Chantegrive\",\"description\":\"Vins Alain Rolaz &amp; fils\",\"potentialAction\":[{\"@type\":\"SearchAction\",\"target\":{\"@type\":\"EntryPoint\",\"urlTemplate\":\"https:\\\/\\\/www.chantegrive.ch\\\/?s={search_term_string}\"},\"query-input\":{\"@type\":\"PropertyValueSpecification\",\"valueRequired\":true,\"valueName\":\"search_term_string\"}}],\"inLanguage\":\"de\"}]}<\/script>\n<!-- \/ Yoast SEO plugin. -->","yoast_head_json":{"title":"Crescendo Gamaret Domaine de Chantegrive","description":"Crescendo Gamaret Domaine de Chantegrive - Dieser aus der Gamaret-Traube bestehende Wein hat eine dunkle, fast schwarze Farbe und ist kr\u00e4ftig mit konzentrierten","robots":{"index":"index","follow":"follow","max-snippet":"max-snippet:-1","max-image-preview":"max-image-preview:large","max-video-preview":"max-video-preview:-1"},"canonical":"https:\/\/www.chantegrive.ch\/de\/produit\/crescendo-gamaret\/","og_locale":"de_DE","og_type":"article","og_title":"Crescendo Gamaret Domaine de Chantegrive","og_description":"F\u00fcr die Liebhaber sortenreiner Weine \u2013 und die Herzensangelegenheit des Patrons. Dieser aus der Gamaret-Traube bestehende Wein hat eine dunkle, fast schwarze Farbe und ist kr\u00e4ftig mit konzentrierten, w\u00fcrzigen Aromen. Ein lagerf\u00e4higer Wein und einer, unter den besten Weinen \u00fcberhaupt.","og_url":"https:\/\/www.chantegrive.ch\/de\/produit\/crescendo-gamaret\/","og_site_name":"Domaine de Chantegrive","article_publisher":"https:\/\/www.facebook.com\/domainedechantegrive\/","article_modified_time":"2022-01-13T09:51:51+00:00","og_image":[{"width":1100,"height":1100,"url":"https:\/\/www.chantegrive.ch\/wp-content\/uploads\/2019\/08\/gamaret-crescendo-domaine-chantegrive.jpg","type":"image\/jpeg"}],"twitter_card":"summary_large_image","twitter_misc":{"Gesch\u00e4tzte Lesezeit":"1\u00a0Minute"},"schema":{"@context":"https:\/\/schema.org","@graph":[{"@type":"WebPage","@id":"https:\/\/www.chantegrive.ch\/de\/produit\/crescendo-gamaret\/","url":"https:\/\/www.chantegrive.ch\/de\/produit\/crescendo-gamaret\/","name":"Crescendo Gamaret Domaine de Chantegrive","isPartOf":{"@id":"https:\/\/www.chantegrive.ch\/#website"},"primaryImageOfPage":{"@id":"https:\/\/www.chantegrive.ch\/de\/produit\/crescendo-gamaret\/#primaryimage"},"image":{"@id":"https:\/\/www.chantegrive.ch\/de\/produit\/crescendo-gamaret\/#primaryimage"},"thumbnailUrl":"https:\/\/www.chantegrive.ch\/wp-content\/uploads\/2019\/08\/gamaret-crescendo-domaine-chantegrive.jpg","datePublished":"2017-04-20T15:47:28+00:00","dateModified":"2022-01-13T09:51:51+00:00","description":"Crescendo Gamaret Domaine de Chantegrive - Dieser aus der Gamaret-Traube bestehende Wein hat eine dunkle, fast schwarze Farbe und ist kr\u00e4ftig mit konzentrierten","breadcrumb":{"@id":"https:\/\/www.chantegrive.ch\/de\/produit\/crescendo-gamaret\/#breadcrumb"},"inLanguage":"de","potentialAction":[{"@type":"ReadAction","target":["https:\/\/www.chantegrive.ch\/de\/produit\/crescendo-gamaret\/"]}]},{"@type":"ImageObject","inLanguage":"de","@id":"https:\/\/www.chantegrive.ch\/de\/produit\/crescendo-gamaret\/#primaryimage","url":"https:\/\/www.chantegrive.ch\/wp-content\/uploads\/2019\/08\/gamaret-crescendo-domaine-chantegrive.jpg","contentUrl":"https:\/\/www.chantegrive.ch\/wp-content\/uploads\/2019\/08\/gamaret-crescendo-domaine-chantegrive.jpg","width":1100,"height":1100,"caption":"Gamaret Crescendo Domaine de Chantegrive"},{"@type":"BreadcrumbList","@id":"https:\/\/www.chantegrive.ch\/de\/produit\/crescendo-gamaret\/#breadcrumb","itemListElement":[{"@type":"ListItem","position":1,"name":"Accueil","item":"https:\/\/www.chantegrive.ch\/de\/"},{"@type":"ListItem","position":2,"name":"Shop Cat\u00e9gorie","item":"https:\/\/www.chantegrive.ch\/shop\/"},{"@type":"ListItem","position":3,"name":"Crescendo Gamaret"}]},{"@type":"WebSite","@id":"https:\/\/www.chantegrive.ch\/#website","url":"https:\/\/www.chantegrive.ch\/","name":"Domaine de Chantegrive","description":"Vins Alain Rolaz &amp; fils","potentialAction":[{"@type":"SearchAction","target":{"@type":"EntryPoint","urlTemplate":"https:\/\/www.chantegrive.ch\/?s={search_term_string}"},"query-input":{"@type":"PropertyValueSpecification","valueRequired":true,"valueName":"search_term_string"}}],"inLanguage":"de"}]}},"_links":{"self":[{"href":"https:\/\/www.chantegrive.ch\/de\/wp-json\/wp\/v2\/product\/2089","targetHints":{"allow":["GET"]}}],"collection":[{"href":"https:\/\/www.chantegrive.ch\/de\/wp-json\/wp\/v2\/product"}],"about":[{"href":"https:\/\/www.chantegrive.ch\/de\/wp-json\/wp\/v2\/types\/product"}],"wp:featuredmedia":[{"embeddable":true,"href":"https:\/\/www.chantegrive.ch\/de\/wp-json\/wp\/v2\/media\/6130"}],"wp:attachment":[{"href":"https:\/\/www.chantegrive.ch\/de\/wp-json\/wp\/v2\/media?parent=2089"}],"wp:term":[{"taxonomy":"product_brand","embeddable":true,"href":"https:\/\/www.chantegrive.ch\/de\/wp-json\/wp\/v2\/product_brand?post=2089"},{"taxonomy":"product_cat","embeddable":true,"href":"https:\/\/www.chantegrive.ch\/de\/wp-json\/wp\/v2\/product_cat?post=2089"},{"taxonomy":"product_tag","embeddable":true,"href":"https:\/\/www.chantegrive.ch\/de\/wp-json\/wp\/v2\/product_tag?post=2089"}],"curies":[{"name":"wp","href":"https:\/\/api.w.org\/{rel}","templated":true}]}}