{"id":2097,"date":"2017-04-20T23:48:04","date_gmt":"2017-04-20T21:48:04","guid":{"rendered":"https:\/\/www.chantegrive.ch\/produit\/crescendo-merlot\/"},"modified":"2025-10-30T23:04:36","modified_gmt":"2025-10-30T22:04:36","slug":"crescendo-merlot","status":"publish","type":"product","link":"https:\/\/www.chantegrive.ch\/de\/produit\/crescendo-merlot\/","title":{"rendered":"Crescendo Merlot"},"content":{"rendered":"<h2>Crescendo Merlot<\/h2>\n<p>Der Merlot ist eine sortenreine Traubensorte mit intensiver Farbe und violetten Reflexen. Im Mund volumin\u00f6s und w\u00fcrzig, sind ihre Weine gepr\u00e4gt von runden und weichen Tanninen, welche kulinarische K\u00f6stlichkeiten subtil begleiten. Im Holzfass ausgebaut und nach 2 bis 3 Jahren im Weinkeller ist der Wein voll entfaltet.<\/p>\n<p><img loading=\"lazy\" decoding=\"async\" class=\"alignleft size-full wp-image-430\" src=\"https:\/\/www.chantegrive.ch\/wp-content\/uploads\/2017\/04\/13-16.png\" alt=\"Ideale Trinktemperatur: 13-16\u00b0C\" width=\"80\" height=\"58\" \/>Ideale Trinktemperatur: 13-16\u00b0C<\/p>\n","protected":false},"excerpt":{"rendered":"<h3>Crescendo rouge Merlot<\/h3>\n<p>Lagerf\u00e4higer, kr\u00e4ftiger und reinrassiger Wein. Hervorragend zu allen feinen Speisen.<\/p>\n<p>Verpackungseinheit: Karton zu 6 Flaschen<\/p>\n<ul>\n<li>6x 75 cl = <strong>CHF 168.-<\/strong> (28.- pro Fl.)<\/li>\n<\/ul>\n<p>Preise netto inkl. MwSt., ab Weinkeller.<\/p>\n","protected":false},"featured_media":6136,"template":"","meta":{"iawp_total_views":30},"product_brand":[],"product_cat":[207],"product_tag":[],"class_list":{"0":"post-2097","1":"product","2":"type-product","3":"status-publish","4":"has-post-thumbnail","6":"product_cat-crescendo-de","8":"first","9":"instock","10":"shipping-taxable","11":"purchasable","12":"product-type-simple","13":"add-to-wishlist-after_add_to_cart"},"group_of_quantity":6,"min_quantity":6,"max_quantity":"","exclude_order_quantity_value_rules":"no","exclude_category_quantity_rules":"no","combine_variations":"no","yoast_head":"<!-- This site is optimized with the Yoast SEO plugin v27.4 - https:\/\/yoast.com\/product\/yoast-seo-wordpress\/ -->\n<title>Crescendo Merlot Domaine de Chantegrive<\/title>\n<meta name=\"description\" content=\"Crescendo Merlot Domaine de Chantegrive - Der Merlot ist eine sortenreine Traubensorte mit intensiver Farbe und violetten Reflexen...\" \/>\n<meta name=\"robots\" content=\"index, follow, max-snippet:-1, max-image-preview:large, max-video-preview:-1\" \/>\n<link rel=\"canonical\" href=\"https:\/\/www.chantegrive.ch\/de\/produit\/crescendo-merlot\/\" \/>\n<meta property=\"og:locale\" content=\"de_DE\" \/>\n<meta property=\"og:type\" content=\"article\" \/>\n<meta property=\"og:title\" content=\"Crescendo Merlot Domaine de Chantegrive\" \/>\n<meta property=\"og:description\" content=\"Der Merlot ist eine sortenreine Traubensorte mit intensiver Farbe und violetten Reflexen. Im Mund volumin\u00f6s und w\u00fcrzig, sind ihre Weine gepr\u00e4gt von runden und weichen Tanninen, welche kulinarische K\u00f6stlichkeiten subtil begleiten. Im Holzfass ausgebaut und nach 2 bis 3 Jahren im Weinkeller ist der Wein voll entfaltet.\" \/>\n<meta property=\"og:url\" content=\"https:\/\/www.chantegrive.ch\/de\/produit\/crescendo-merlot\/\" \/>\n<meta property=\"og:site_name\" content=\"Domaine de Chantegrive\" \/>\n<meta property=\"article:publisher\" content=\"https:\/\/www.facebook.com\/domainedechantegrive\/\" \/>\n<meta property=\"article:modified_time\" content=\"2025-10-30T22:04:36+00:00\" \/>\n<meta property=\"og:image\" content=\"https:\/\/www.chantegrive.ch\/wp-content\/uploads\/2019\/08\/merlot-crescendo-domaine-chantegrive.jpg\" \/>\n\t<meta property=\"og:image:width\" content=\"1100\" \/>\n\t<meta property=\"og:image:height\" content=\"1100\" \/>\n\t<meta property=\"og:image:type\" content=\"image\/jpeg\" \/>\n<meta name=\"twitter:card\" content=\"summary_large_image\" \/>\n<script type=\"application\/ld+json\" class=\"yoast-schema-graph\">{\"@context\":\"https:\\\/\\\/schema.org\",\"@graph\":[{\"@type\":\"WebPage\",\"@id\":\"https:\\\/\\\/www.chantegrive.ch\\\/de\\\/produit\\\/crescendo-merlot\\\/\",\"url\":\"https:\\\/\\\/www.chantegrive.ch\\\/de\\\/produit\\\/crescendo-merlot\\\/\",\"name\":\"Crescendo Merlot Domaine de Chantegrive\",\"isPartOf\":{\"@id\":\"https:\\\/\\\/www.chantegrive.ch\\\/#website\"},\"primaryImageOfPage\":{\"@id\":\"https:\\\/\\\/www.chantegrive.ch\\\/de\\\/produit\\\/crescendo-merlot\\\/#primaryimage\"},\"image\":{\"@id\":\"https:\\\/\\\/www.chantegrive.ch\\\/de\\\/produit\\\/crescendo-merlot\\\/#primaryimage\"},\"thumbnailUrl\":\"https:\\\/\\\/www.chantegrive.ch\\\/wp-content\\\/uploads\\\/2019\\\/08\\\/merlot-crescendo-domaine-chantegrive.jpg\",\"datePublished\":\"2017-04-20T21:48:04+00:00\",\"dateModified\":\"2025-10-30T22:04:36+00:00\",\"description\":\"Crescendo Merlot Domaine de Chantegrive - Der Merlot ist eine sortenreine Traubensorte mit intensiver Farbe und violetten Reflexen...\",\"breadcrumb\":{\"@id\":\"https:\\\/\\\/www.chantegrive.ch\\\/de\\\/produit\\\/crescendo-merlot\\\/#breadcrumb\"},\"inLanguage\":\"de\",\"potentialAction\":[{\"@type\":\"ReadAction\",\"target\":[\"https:\\\/\\\/www.chantegrive.ch\\\/de\\\/produit\\\/crescendo-merlot\\\/\"]}]},{\"@type\":\"ImageObject\",\"inLanguage\":\"de\",\"@id\":\"https:\\\/\\\/www.chantegrive.ch\\\/de\\\/produit\\\/crescendo-merlot\\\/#primaryimage\",\"url\":\"https:\\\/\\\/www.chantegrive.ch\\\/wp-content\\\/uploads\\\/2019\\\/08\\\/merlot-crescendo-domaine-chantegrive.jpg\",\"contentUrl\":\"https:\\\/\\\/www.chantegrive.ch\\\/wp-content\\\/uploads\\\/2019\\\/08\\\/merlot-crescendo-domaine-chantegrive.jpg\",\"width\":1100,\"height\":1100,\"caption\":\"Merlot Crescendo\"},{\"@type\":\"BreadcrumbList\",\"@id\":\"https:\\\/\\\/www.chantegrive.ch\\\/de\\\/produit\\\/crescendo-merlot\\\/#breadcrumb\",\"itemListElement\":[{\"@type\":\"ListItem\",\"position\":1,\"name\":\"Accueil\",\"item\":\"https:\\\/\\\/www.chantegrive.ch\\\/de\\\/\"},{\"@type\":\"ListItem\",\"position\":2,\"name\":\"Shop Cat\u00e9gorie\",\"item\":\"https:\\\/\\\/www.chantegrive.ch\\\/shop\\\/\"},{\"@type\":\"ListItem\",\"position\":3,\"name\":\"Crescendo Merlot\"}]},{\"@type\":\"WebSite\",\"@id\":\"https:\\\/\\\/www.chantegrive.ch\\\/#website\",\"url\":\"https:\\\/\\\/www.chantegrive.ch\\\/\",\"name\":\"Domaine de Chantegrive\",\"description\":\"Vins Alain Rolaz &amp; fils\",\"potentialAction\":[{\"@type\":\"SearchAction\",\"target\":{\"@type\":\"EntryPoint\",\"urlTemplate\":\"https:\\\/\\\/www.chantegrive.ch\\\/?s={search_term_string}\"},\"query-input\":{\"@type\":\"PropertyValueSpecification\",\"valueRequired\":true,\"valueName\":\"search_term_string\"}}],\"inLanguage\":\"de\"}]}<\/script>\n<!-- \/ Yoast SEO plugin. -->","yoast_head_json":{"title":"Crescendo Merlot Domaine de Chantegrive","description":"Crescendo Merlot Domaine de Chantegrive - Der Merlot ist eine sortenreine Traubensorte mit intensiver Farbe und violetten Reflexen...","robots":{"index":"index","follow":"follow","max-snippet":"max-snippet:-1","max-image-preview":"max-image-preview:large","max-video-preview":"max-video-preview:-1"},"canonical":"https:\/\/www.chantegrive.ch\/de\/produit\/crescendo-merlot\/","og_locale":"de_DE","og_type":"article","og_title":"Crescendo Merlot Domaine de Chantegrive","og_description":"Der Merlot ist eine sortenreine Traubensorte mit intensiver Farbe und violetten Reflexen. Im Mund volumin\u00f6s und w\u00fcrzig, sind ihre Weine gepr\u00e4gt von runden und weichen Tanninen, welche kulinarische K\u00f6stlichkeiten subtil begleiten. Im Holzfass ausgebaut und nach 2 bis 3 Jahren im Weinkeller ist der Wein voll entfaltet.","og_url":"https:\/\/www.chantegrive.ch\/de\/produit\/crescendo-merlot\/","og_site_name":"Domaine de Chantegrive","article_publisher":"https:\/\/www.facebook.com\/domainedechantegrive\/","article_modified_time":"2025-10-30T22:04:36+00:00","og_image":[{"width":1100,"height":1100,"url":"https:\/\/www.chantegrive.ch\/wp-content\/uploads\/2019\/08\/merlot-crescendo-domaine-chantegrive.jpg","type":"image\/jpeg"}],"twitter_card":"summary_large_image","schema":{"@context":"https:\/\/schema.org","@graph":[{"@type":"WebPage","@id":"https:\/\/www.chantegrive.ch\/de\/produit\/crescendo-merlot\/","url":"https:\/\/www.chantegrive.ch\/de\/produit\/crescendo-merlot\/","name":"Crescendo Merlot Domaine de Chantegrive","isPartOf":{"@id":"https:\/\/www.chantegrive.ch\/#website"},"primaryImageOfPage":{"@id":"https:\/\/www.chantegrive.ch\/de\/produit\/crescendo-merlot\/#primaryimage"},"image":{"@id":"https:\/\/www.chantegrive.ch\/de\/produit\/crescendo-merlot\/#primaryimage"},"thumbnailUrl":"https:\/\/www.chantegrive.ch\/wp-content\/uploads\/2019\/08\/merlot-crescendo-domaine-chantegrive.jpg","datePublished":"2017-04-20T21:48:04+00:00","dateModified":"2025-10-30T22:04:36+00:00","description":"Crescendo Merlot Domaine de Chantegrive - Der Merlot ist eine sortenreine Traubensorte mit intensiver Farbe und violetten Reflexen...","breadcrumb":{"@id":"https:\/\/www.chantegrive.ch\/de\/produit\/crescendo-merlot\/#breadcrumb"},"inLanguage":"de","potentialAction":[{"@type":"ReadAction","target":["https:\/\/www.chantegrive.ch\/de\/produit\/crescendo-merlot\/"]}]},{"@type":"ImageObject","inLanguage":"de","@id":"https:\/\/www.chantegrive.ch\/de\/produit\/crescendo-merlot\/#primaryimage","url":"https:\/\/www.chantegrive.ch\/wp-content\/uploads\/2019\/08\/merlot-crescendo-domaine-chantegrive.jpg","contentUrl":"https:\/\/www.chantegrive.ch\/wp-content\/uploads\/2019\/08\/merlot-crescendo-domaine-chantegrive.jpg","width":1100,"height":1100,"caption":"Merlot Crescendo"},{"@type":"BreadcrumbList","@id":"https:\/\/www.chantegrive.ch\/de\/produit\/crescendo-merlot\/#breadcrumb","itemListElement":[{"@type":"ListItem","position":1,"name":"Accueil","item":"https:\/\/www.chantegrive.ch\/de\/"},{"@type":"ListItem","position":2,"name":"Shop Cat\u00e9gorie","item":"https:\/\/www.chantegrive.ch\/shop\/"},{"@type":"ListItem","position":3,"name":"Crescendo Merlot"}]},{"@type":"WebSite","@id":"https:\/\/www.chantegrive.ch\/#website","url":"https:\/\/www.chantegrive.ch\/","name":"Domaine de Chantegrive","description":"Vins Alain Rolaz &amp; fils","potentialAction":[{"@type":"SearchAction","target":{"@type":"EntryPoint","urlTemplate":"https:\/\/www.chantegrive.ch\/?s={search_term_string}"},"query-input":{"@type":"PropertyValueSpecification","valueRequired":true,"valueName":"search_term_string"}}],"inLanguage":"de"}]}},"_links":{"self":[{"href":"https:\/\/www.chantegrive.ch\/de\/wp-json\/wp\/v2\/product\/2097","targetHints":{"allow":["GET"]}}],"collection":[{"href":"https:\/\/www.chantegrive.ch\/de\/wp-json\/wp\/v2\/product"}],"about":[{"href":"https:\/\/www.chantegrive.ch\/de\/wp-json\/wp\/v2\/types\/product"}],"wp:featuredmedia":[{"embeddable":true,"href":"https:\/\/www.chantegrive.ch\/de\/wp-json\/wp\/v2\/media\/6136"}],"wp:attachment":[{"href":"https:\/\/www.chantegrive.ch\/de\/wp-json\/wp\/v2\/media?parent=2097"}],"wp:term":[{"taxonomy":"product_brand","embeddable":true,"href":"https:\/\/www.chantegrive.ch\/de\/wp-json\/wp\/v2\/product_brand?post=2097"},{"taxonomy":"product_cat","embeddable":true,"href":"https:\/\/www.chantegrive.ch\/de\/wp-json\/wp\/v2\/product_cat?post=2097"},{"taxonomy":"product_tag","embeddable":true,"href":"https:\/\/www.chantegrive.ch\/de\/wp-json\/wp\/v2\/product_tag?post=2097"}],"curies":[{"name":"wp","href":"https:\/\/api.w.org\/{rel}","templated":true}]}}