{"id":2107,"date":"2017-04-21T00:48:37","date_gmt":"2017-04-20T22:48:37","guid":{"rendered":"https:\/\/www.chantegrive.ch\/produit\/crescendo-cabernet-franc\/"},"modified":"2022-01-12T19:59:43","modified_gmt":"2022-01-12T18:59:43","slug":"crescendo-cabernet-franc","status":"publish","type":"product","link":"https:\/\/www.chantegrive.ch\/de\/produit\/crescendo-cabernet-franc\/","title":{"rendered":"Crescendo Cabernet Franc"},"content":{"rendered":"<h2>Crescendo Cabernet Franc<\/h2>\n<p>Mit seinem leistungsf\u00e4higen Kleid mit rassigen Tannine, ist Cabernet Franc beliebt bei den Fans von mono sorten. Seine Cremigkeit am Gaumen mit violettem und Johannisbeeren Aromen erg\u00e4nzt.<\/p>\n<p>Es unterst\u00fctzt alle guten Speisen und kr\u00e4ftigen K\u00e4sesorten . Vollst\u00e4ndig nach 2 oder 3 Jahren im Keller vinifiziert in F\u00e4ssern, \u00f6ffnet sich dieser Wein aus.<\/p>\n<p><img loading=\"lazy\" decoding=\"async\" class=\"alignleft size-full wp-image-430\" src=\"https:\/\/www.chantegrive.ch\/wp-content\/uploads\/2017\/04\/13-16.png\" alt=\"Ideale Trinktemperatur: 13-16\u00b0C\" width=\"80\" height=\"58\" \/>Ideale Trinktemperatur: 13-16\u00b0C<\/p>\n","protected":false},"excerpt":{"rendered":"<h3>Crescendo rouge Cabernet Franc<\/h3>\n<p>Lagerf\u00e4higer Wein. Kr\u00e4ftig und mit w\u00fcrzigen Aromen. F\u00fcr kulinarische Hochgen\u00fcsse und vor allem zu Wildgerichten.<\/p>\n<p>Verpackungseinheit: Karton zu 6 Flaschen<\/p>\n<ul>\n<li>6x 75 cl = <strong>CHF 168.-<\/strong> (28.- pro Fl.)<\/li>\n<\/ul>\n<p>Preise netto inkl. MwSt., ab Weinkeller.<\/p>\n","protected":false},"featured_media":6133,"template":"","meta":{"iawp_total_views":22},"product_brand":[],"product_cat":[207],"product_tag":[],"class_list":{"0":"post-2107","1":"product","2":"type-product","3":"status-publish","4":"has-post-thumbnail","6":"product_cat-crescendo-de","8":"first","9":"instock","10":"shipping-taxable","11":"purchasable","12":"product-type-simple","13":"add-to-wishlist-after_add_to_cart"},"group_of_quantity":6,"min_quantity":6,"max_quantity":"","exclude_order_quantity_value_rules":"no","exclude_category_quantity_rules":"no","combine_variations":"no","yoast_head":"<!-- This site is optimized with the Yoast SEO plugin v27.1.1 - https:\/\/yoast.com\/product\/yoast-seo-wordpress\/ -->\n<title>Crescendo Cabernet Franc Domaine de Chantegrive<\/title>\n<meta name=\"description\" content=\"Crescendo Cabernet Franc Domaine de Chantegrive - Mit seinem leistungsf\u00e4higen Kleid mit rassigen Tannine, ist Cabernet Franc beliebt bei den Fans von mono sorten.\" \/>\n<meta name=\"robots\" content=\"index, follow, max-snippet:-1, max-image-preview:large, max-video-preview:-1\" \/>\n<link rel=\"canonical\" href=\"https:\/\/www.chantegrive.ch\/de\/produit\/crescendo-cabernet-franc\/\" \/>\n<meta property=\"og:locale\" content=\"de_DE\" \/>\n<meta property=\"og:type\" content=\"article\" \/>\n<meta property=\"og:title\" content=\"Crescendo Cabernet Franc Domaine de Chantegrive\" \/>\n<meta property=\"og:description\" content=\"Mit seinem leistungsf\u00e4higen Kleid mit rassigen Tannine, ist Cabernet Franc beliebt bei den Fans von mono sorten. Seine Cremigkeit am Gaumen mit violettem und Johannisbeeren Aromen erg\u00e4nzt. Es unterst\u00fctzt alle guten Speisen und kr\u00e4ftigen K\u00e4sesorten . Vollst\u00e4ndig nach 2 oder 3 Jahren im Keller vinifiziert in F\u00e4ssern, \u00f6ffnet sich dieser Wein aus.\" \/>\n<meta property=\"og:url\" content=\"https:\/\/www.chantegrive.ch\/de\/produit\/crescendo-cabernet-franc\/\" \/>\n<meta property=\"og:site_name\" content=\"Domaine de Chantegrive\" \/>\n<meta property=\"article:publisher\" content=\"https:\/\/www.facebook.com\/domainedechantegrive\/\" \/>\n<meta property=\"article:modified_time\" content=\"2022-01-12T18:59:43+00:00\" \/>\n<meta property=\"og:image\" content=\"https:\/\/www.chantegrive.ch\/wp-content\/uploads\/2019\/08\/cabernet-franc-crescendo-domaine-chantegrive.jpg\" \/>\n\t<meta property=\"og:image:width\" content=\"1100\" \/>\n\t<meta property=\"og:image:height\" content=\"1100\" \/>\n\t<meta property=\"og:image:type\" content=\"image\/jpeg\" \/>\n<meta name=\"twitter:card\" content=\"summary_large_image\" \/>\n<script type=\"application\/ld+json\" class=\"yoast-schema-graph\">{\"@context\":\"https:\/\/schema.org\",\"@graph\":[{\"@type\":\"WebPage\",\"@id\":\"https:\/\/www.chantegrive.ch\/de\/produit\/crescendo-cabernet-franc\/\",\"url\":\"https:\/\/www.chantegrive.ch\/de\/produit\/crescendo-cabernet-franc\/\",\"name\":\"Crescendo Cabernet Franc Domaine de Chantegrive\",\"isPartOf\":{\"@id\":\"https:\/\/www.chantegrive.ch\/#website\"},\"primaryImageOfPage\":{\"@id\":\"https:\/\/www.chantegrive.ch\/de\/produit\/crescendo-cabernet-franc\/#primaryimage\"},\"image\":{\"@id\":\"https:\/\/www.chantegrive.ch\/de\/produit\/crescendo-cabernet-franc\/#primaryimage\"},\"thumbnailUrl\":\"https:\/\/www.chantegrive.ch\/wp-content\/uploads\/2019\/08\/cabernet-franc-crescendo-domaine-chantegrive.jpg\",\"datePublished\":\"2017-04-20T22:48:37+00:00\",\"dateModified\":\"2022-01-12T18:59:43+00:00\",\"description\":\"Crescendo Cabernet Franc Domaine de Chantegrive - Mit seinem leistungsf\u00e4higen Kleid mit rassigen Tannine, ist Cabernet Franc beliebt bei den Fans von mono sorten.\",\"breadcrumb\":{\"@id\":\"https:\/\/www.chantegrive.ch\/de\/produit\/crescendo-cabernet-franc\/#breadcrumb\"},\"inLanguage\":\"de\",\"potentialAction\":[{\"@type\":\"ReadAction\",\"target\":[\"https:\/\/www.chantegrive.ch\/de\/produit\/crescendo-cabernet-franc\/\"]}]},{\"@type\":\"ImageObject\",\"inLanguage\":\"de\",\"@id\":\"https:\/\/www.chantegrive.ch\/de\/produit\/crescendo-cabernet-franc\/#primaryimage\",\"url\":\"https:\/\/www.chantegrive.ch\/wp-content\/uploads\/2019\/08\/cabernet-franc-crescendo-domaine-chantegrive.jpg\",\"contentUrl\":\"https:\/\/www.chantegrive.ch\/wp-content\/uploads\/2019\/08\/cabernet-franc-crescendo-domaine-chantegrive.jpg\",\"width\":1100,\"height\":1100,\"caption\":\"Cabernet Franc Crescendo Domaine de Chantegrive\"},{\"@type\":\"BreadcrumbList\",\"@id\":\"https:\/\/www.chantegrive.ch\/de\/produit\/crescendo-cabernet-franc\/#breadcrumb\",\"itemListElement\":[{\"@type\":\"ListItem\",\"position\":1,\"name\":\"Accueil\",\"item\":\"https:\/\/www.chantegrive.ch\/de\/\"},{\"@type\":\"ListItem\",\"position\":2,\"name\":\"Shop Cat\u00e9gorie\",\"item\":\"https:\/\/www.chantegrive.ch\/shop\/\"},{\"@type\":\"ListItem\",\"position\":3,\"name\":\"Crescendo Cabernet Franc\"}]},{\"@type\":\"WebSite\",\"@id\":\"https:\/\/www.chantegrive.ch\/#website\",\"url\":\"https:\/\/www.chantegrive.ch\/\",\"name\":\"Domaine de Chantegrive\",\"description\":\"Vins Alain Rolaz &amp; fils\",\"potentialAction\":[{\"@type\":\"SearchAction\",\"target\":{\"@type\":\"EntryPoint\",\"urlTemplate\":\"https:\/\/www.chantegrive.ch\/?s={search_term_string}\"},\"query-input\":{\"@type\":\"PropertyValueSpecification\",\"valueRequired\":true,\"valueName\":\"search_term_string\"}}],\"inLanguage\":\"de\"}]}<\/script>\n<!-- \/ Yoast SEO plugin. -->","yoast_head_json":{"title":"Crescendo Cabernet Franc Domaine de Chantegrive","description":"Crescendo Cabernet Franc Domaine de Chantegrive - Mit seinem leistungsf\u00e4higen Kleid mit rassigen Tannine, ist Cabernet Franc beliebt bei den Fans von mono sorten.","robots":{"index":"index","follow":"follow","max-snippet":"max-snippet:-1","max-image-preview":"max-image-preview:large","max-video-preview":"max-video-preview:-1"},"canonical":"https:\/\/www.chantegrive.ch\/de\/produit\/crescendo-cabernet-franc\/","og_locale":"de_DE","og_type":"article","og_title":"Crescendo Cabernet Franc Domaine de Chantegrive","og_description":"Mit seinem leistungsf\u00e4higen Kleid mit rassigen Tannine, ist Cabernet Franc beliebt bei den Fans von mono sorten. Seine Cremigkeit am Gaumen mit violettem und Johannisbeeren Aromen erg\u00e4nzt. Es unterst\u00fctzt alle guten Speisen und kr\u00e4ftigen K\u00e4sesorten . Vollst\u00e4ndig nach 2 oder 3 Jahren im Keller vinifiziert in F\u00e4ssern, \u00f6ffnet sich dieser Wein aus.","og_url":"https:\/\/www.chantegrive.ch\/de\/produit\/crescendo-cabernet-franc\/","og_site_name":"Domaine de Chantegrive","article_publisher":"https:\/\/www.facebook.com\/domainedechantegrive\/","article_modified_time":"2022-01-12T18:59:43+00:00","og_image":[{"width":1100,"height":1100,"url":"https:\/\/www.chantegrive.ch\/wp-content\/uploads\/2019\/08\/cabernet-franc-crescendo-domaine-chantegrive.jpg","type":"image\/jpeg"}],"twitter_card":"summary_large_image","schema":{"@context":"https:\/\/schema.org","@graph":[{"@type":"WebPage","@id":"https:\/\/www.chantegrive.ch\/de\/produit\/crescendo-cabernet-franc\/","url":"https:\/\/www.chantegrive.ch\/de\/produit\/crescendo-cabernet-franc\/","name":"Crescendo Cabernet Franc Domaine de Chantegrive","isPartOf":{"@id":"https:\/\/www.chantegrive.ch\/#website"},"primaryImageOfPage":{"@id":"https:\/\/www.chantegrive.ch\/de\/produit\/crescendo-cabernet-franc\/#primaryimage"},"image":{"@id":"https:\/\/www.chantegrive.ch\/de\/produit\/crescendo-cabernet-franc\/#primaryimage"},"thumbnailUrl":"https:\/\/www.chantegrive.ch\/wp-content\/uploads\/2019\/08\/cabernet-franc-crescendo-domaine-chantegrive.jpg","datePublished":"2017-04-20T22:48:37+00:00","dateModified":"2022-01-12T18:59:43+00:00","description":"Crescendo Cabernet Franc Domaine de Chantegrive - Mit seinem leistungsf\u00e4higen Kleid mit rassigen Tannine, ist Cabernet Franc beliebt bei den Fans von mono sorten.","breadcrumb":{"@id":"https:\/\/www.chantegrive.ch\/de\/produit\/crescendo-cabernet-franc\/#breadcrumb"},"inLanguage":"de","potentialAction":[{"@type":"ReadAction","target":["https:\/\/www.chantegrive.ch\/de\/produit\/crescendo-cabernet-franc\/"]}]},{"@type":"ImageObject","inLanguage":"de","@id":"https:\/\/www.chantegrive.ch\/de\/produit\/crescendo-cabernet-franc\/#primaryimage","url":"https:\/\/www.chantegrive.ch\/wp-content\/uploads\/2019\/08\/cabernet-franc-crescendo-domaine-chantegrive.jpg","contentUrl":"https:\/\/www.chantegrive.ch\/wp-content\/uploads\/2019\/08\/cabernet-franc-crescendo-domaine-chantegrive.jpg","width":1100,"height":1100,"caption":"Cabernet Franc Crescendo Domaine de Chantegrive"},{"@type":"BreadcrumbList","@id":"https:\/\/www.chantegrive.ch\/de\/produit\/crescendo-cabernet-franc\/#breadcrumb","itemListElement":[{"@type":"ListItem","position":1,"name":"Accueil","item":"https:\/\/www.chantegrive.ch\/de\/"},{"@type":"ListItem","position":2,"name":"Shop Cat\u00e9gorie","item":"https:\/\/www.chantegrive.ch\/shop\/"},{"@type":"ListItem","position":3,"name":"Crescendo Cabernet Franc"}]},{"@type":"WebSite","@id":"https:\/\/www.chantegrive.ch\/#website","url":"https:\/\/www.chantegrive.ch\/","name":"Domaine de Chantegrive","description":"Vins Alain Rolaz &amp; fils","potentialAction":[{"@type":"SearchAction","target":{"@type":"EntryPoint","urlTemplate":"https:\/\/www.chantegrive.ch\/?s={search_term_string}"},"query-input":{"@type":"PropertyValueSpecification","valueRequired":true,"valueName":"search_term_string"}}],"inLanguage":"de"}]}},"_links":{"self":[{"href":"https:\/\/www.chantegrive.ch\/de\/wp-json\/wp\/v2\/product\/2107","targetHints":{"allow":["GET"]}}],"collection":[{"href":"https:\/\/www.chantegrive.ch\/de\/wp-json\/wp\/v2\/product"}],"about":[{"href":"https:\/\/www.chantegrive.ch\/de\/wp-json\/wp\/v2\/types\/product"}],"wp:featuredmedia":[{"embeddable":true,"href":"https:\/\/www.chantegrive.ch\/de\/wp-json\/wp\/v2\/media\/6133"}],"wp:attachment":[{"href":"https:\/\/www.chantegrive.ch\/de\/wp-json\/wp\/v2\/media?parent=2107"}],"wp:term":[{"taxonomy":"product_brand","embeddable":true,"href":"https:\/\/www.chantegrive.ch\/de\/wp-json\/wp\/v2\/product_brand?post=2107"},{"taxonomy":"product_cat","embeddable":true,"href":"https:\/\/www.chantegrive.ch\/de\/wp-json\/wp\/v2\/product_cat?post=2107"},{"taxonomy":"product_tag","embeddable":true,"href":"https:\/\/www.chantegrive.ch\/de\/wp-json\/wp\/v2\/product_tag?post=2107"}],"curies":[{"name":"wp","href":"https:\/\/api.w.org\/{rel}","templated":true}]}}