{"id":2115,"date":"2017-04-21T01:02:07","date_gmt":"2017-04-20T23:02:07","guid":{"rendered":"https:\/\/www.chantegrive.ch\/produit\/crescendo-merlot-cabernet-franc\/"},"modified":"2023-11-29T10:50:19","modified_gmt":"2023-11-29T09:50:19","slug":"crescendo-merlot-cabernet-franc","status":"publish","type":"product","link":"https:\/\/www.chantegrive.ch\/de\/produit\/crescendo-merlot-cabernet-franc\/","title":{"rendered":"Crescendo Merlot Cabernet Franc"},"content":{"rendered":"<h2>Crescendo rouge Merlot Cabernet Franc<\/h2>\n<p>Beide Rebsorten sind sehr anspruchsvoll und bedingen aufw\u00e4ndiger Arbeit. Der Merlot, welcher zwar bei uns sehr gut gedeiht, f\u00f6rdert lediglich geringe Mengen hervor.<\/p>\n<p>Im Gegensatz dazu ist die Rebsorte Cabernet Franc heikler und sp\u00e4ter reifend. Folglich ergeben sich in der Produktion nicht mehr als 300 bis 400 gr\/m2.<\/p>\n<p><img loading=\"lazy\" decoding=\"async\" class=\"alignleft size-full wp-image-430\" src=\"https:\/\/www.chantegrive.ch\/wp-content\/uploads\/2017\/04\/13-16.png\" alt=\"Ideale Trinktemperatur: 13-16\u00b0C\" width=\"80\" height=\"58\" \/>Ideale Trinktemperatur: 13-16\u00b0C<\/p>\n","protected":false},"excerpt":{"rendered":"<h3>Crescendo rouge Merlot Cabernet Franc<\/h3>\n<p>Lagerf\u00e4higer, kr\u00e4ftiger und reinrassiger Wein. Hervorragend zu allen feinen Speisen.<\/p>\n<p>Verpackungseinheit: Karton zu 6 Flaschen<\/p>\n<ul>\n<li>6x 75 cl = <strong>CHF 192.-<\/strong> (32.- pro Fl.)<\/li>\n<li>1x 150 cl = <strong>CHF 59.-<\/strong><\/li>\n<\/ul>\n<p>Preise netto inkl. MwSt., ab Weinkeller.<\/p>\n","protected":false},"featured_media":6139,"template":"","meta":{"iawp_total_views":22},"product_brand":[],"product_cat":[207],"product_tag":[],"class_list":{"0":"post-2115","1":"product","2":"type-product","3":"status-publish","4":"has-post-thumbnail","6":"product_cat-crescendo-de","8":"first","9":"instock","10":"shipping-taxable","11":"purchasable","12":"product-type-variable","13":"add-to-wishlist-after_add_to_cart"},"group_of_quantity":0,"min_quantity":0,"max_quantity":"","exclude_order_quantity_value_rules":"no","exclude_category_quantity_rules":"no","combine_variations":"no","yoast_head":"<!-- This site is optimized with the Yoast SEO plugin v27.5 - https:\/\/yoast.com\/product\/yoast-seo-wordpress\/ -->\n<title>Crescendo Merlot Cabernet Franc Domaine de Chantegrive<\/title>\n<meta name=\"description\" content=\"Crescendo Merlot Cabernet Franc Domaine de Chantegrive - Beide Rebsorten sind sehr anspruchsvoll und bedingen aufw\u00e4ndiger Arbeit...\" \/>\n<meta name=\"robots\" content=\"index, follow, max-snippet:-1, max-image-preview:large, max-video-preview:-1\" \/>\n<link rel=\"canonical\" href=\"https:\/\/www.chantegrive.ch\/de\/produit\/crescendo-merlot-cabernet-franc\/\" \/>\n<meta property=\"og:locale\" content=\"de_DE\" \/>\n<meta property=\"og:type\" content=\"article\" \/>\n<meta property=\"og:title\" content=\"Crescendo Merlot Cabernet Franc Domaine de Chantegrive\" \/>\n<meta property=\"og:description\" content=\"Beide Rebsorten sind sehr anspruchsvoll und bedingen aufw\u00e4ndiger Arbeit. Der Merlot, welcher zwar bei uns sehr gut gedeiht, f\u00f6rdert lediglich geringe Mengen hervor. Im Gegensatz dazu ist die Rebsorte Cabernet Franc heikler und sp\u00e4ter reifend. Folglich ergeben sich in der Produktion nicht mehr als 300 bis 400 gr\/m2.\" \/>\n<meta property=\"og:url\" content=\"https:\/\/www.chantegrive.ch\/de\/produit\/crescendo-merlot-cabernet-franc\/\" \/>\n<meta property=\"og:site_name\" content=\"Domaine de Chantegrive\" \/>\n<meta property=\"article:publisher\" content=\"https:\/\/www.facebook.com\/domainedechantegrive\/\" \/>\n<meta property=\"article:modified_time\" content=\"2023-11-29T09:50:19+00:00\" \/>\n<meta property=\"og:image\" content=\"https:\/\/www.chantegrive.ch\/wp-content\/uploads\/2019\/08\/merlot-cabernet-franc-crescendo-domaine-chantegrive.jpg\" \/>\n\t<meta property=\"og:image:width\" content=\"1100\" \/>\n\t<meta property=\"og:image:height\" content=\"1100\" \/>\n\t<meta property=\"og:image:type\" content=\"image\/jpeg\" \/>\n<meta name=\"twitter:card\" content=\"summary_large_image\" \/>\n<meta name=\"twitter:label1\" content=\"Gesch\u00e4tzte Lesezeit\" \/>\n\t<meta name=\"twitter:data1\" content=\"1\u00a0Minute\" \/>\n<script type=\"application\/ld+json\" class=\"yoast-schema-graph\">{\"@context\":\"https:\\\/\\\/schema.org\",\"@graph\":[{\"@type\":\"WebPage\",\"@id\":\"https:\\\/\\\/www.chantegrive.ch\\\/de\\\/produit\\\/crescendo-merlot-cabernet-franc\\\/\",\"url\":\"https:\\\/\\\/www.chantegrive.ch\\\/de\\\/produit\\\/crescendo-merlot-cabernet-franc\\\/\",\"name\":\"Crescendo Merlot Cabernet Franc Domaine de Chantegrive\",\"isPartOf\":{\"@id\":\"https:\\\/\\\/www.chantegrive.ch\\\/#website\"},\"primaryImageOfPage\":{\"@id\":\"https:\\\/\\\/www.chantegrive.ch\\\/de\\\/produit\\\/crescendo-merlot-cabernet-franc\\\/#primaryimage\"},\"image\":{\"@id\":\"https:\\\/\\\/www.chantegrive.ch\\\/de\\\/produit\\\/crescendo-merlot-cabernet-franc\\\/#primaryimage\"},\"thumbnailUrl\":\"https:\\\/\\\/www.chantegrive.ch\\\/wp-content\\\/uploads\\\/2019\\\/08\\\/merlot-cabernet-franc-crescendo-domaine-chantegrive.jpg\",\"datePublished\":\"2017-04-20T23:02:07+00:00\",\"dateModified\":\"2023-11-29T09:50:19+00:00\",\"description\":\"Crescendo Merlot Cabernet Franc Domaine de Chantegrive - Beide Rebsorten sind sehr anspruchsvoll und bedingen aufw\u00e4ndiger Arbeit...\",\"breadcrumb\":{\"@id\":\"https:\\\/\\\/www.chantegrive.ch\\\/de\\\/produit\\\/crescendo-merlot-cabernet-franc\\\/#breadcrumb\"},\"inLanguage\":\"de\",\"potentialAction\":[{\"@type\":\"ReadAction\",\"target\":[\"https:\\\/\\\/www.chantegrive.ch\\\/de\\\/produit\\\/crescendo-merlot-cabernet-franc\\\/\"]}]},{\"@type\":\"ImageObject\",\"inLanguage\":\"de\",\"@id\":\"https:\\\/\\\/www.chantegrive.ch\\\/de\\\/produit\\\/crescendo-merlot-cabernet-franc\\\/#primaryimage\",\"url\":\"https:\\\/\\\/www.chantegrive.ch\\\/wp-content\\\/uploads\\\/2019\\\/08\\\/merlot-cabernet-franc-crescendo-domaine-chantegrive.jpg\",\"contentUrl\":\"https:\\\/\\\/www.chantegrive.ch\\\/wp-content\\\/uploads\\\/2019\\\/08\\\/merlot-cabernet-franc-crescendo-domaine-chantegrive.jpg\",\"width\":1100,\"height\":1100,\"caption\":\"Merlot Crescendo Domaine de Chantegrive\"},{\"@type\":\"BreadcrumbList\",\"@id\":\"https:\\\/\\\/www.chantegrive.ch\\\/de\\\/produit\\\/crescendo-merlot-cabernet-franc\\\/#breadcrumb\",\"itemListElement\":[{\"@type\":\"ListItem\",\"position\":1,\"name\":\"Accueil\",\"item\":\"https:\\\/\\\/www.chantegrive.ch\\\/de\\\/\"},{\"@type\":\"ListItem\",\"position\":2,\"name\":\"Shop Cat\u00e9gorie\",\"item\":\"https:\\\/\\\/www.chantegrive.ch\\\/shop\\\/\"},{\"@type\":\"ListItem\",\"position\":3,\"name\":\"Crescendo Merlot Cabernet Franc\"}]},{\"@type\":\"WebSite\",\"@id\":\"https:\\\/\\\/www.chantegrive.ch\\\/#website\",\"url\":\"https:\\\/\\\/www.chantegrive.ch\\\/\",\"name\":\"Domaine de Chantegrive\",\"description\":\"Vins Alain Rolaz &amp; fils\",\"potentialAction\":[{\"@type\":\"SearchAction\",\"target\":{\"@type\":\"EntryPoint\",\"urlTemplate\":\"https:\\\/\\\/www.chantegrive.ch\\\/?s={search_term_string}\"},\"query-input\":{\"@type\":\"PropertyValueSpecification\",\"valueRequired\":true,\"valueName\":\"search_term_string\"}}],\"inLanguage\":\"de\"}]}<\/script>\n<!-- \/ Yoast SEO plugin. -->","yoast_head_json":{"title":"Crescendo Merlot Cabernet Franc Domaine de Chantegrive","description":"Crescendo Merlot Cabernet Franc Domaine de Chantegrive - Beide Rebsorten sind sehr anspruchsvoll und bedingen aufw\u00e4ndiger Arbeit...","robots":{"index":"index","follow":"follow","max-snippet":"max-snippet:-1","max-image-preview":"max-image-preview:large","max-video-preview":"max-video-preview:-1"},"canonical":"https:\/\/www.chantegrive.ch\/de\/produit\/crescendo-merlot-cabernet-franc\/","og_locale":"de_DE","og_type":"article","og_title":"Crescendo Merlot Cabernet Franc Domaine de Chantegrive","og_description":"Beide Rebsorten sind sehr anspruchsvoll und bedingen aufw\u00e4ndiger Arbeit. Der Merlot, welcher zwar bei uns sehr gut gedeiht, f\u00f6rdert lediglich geringe Mengen hervor. Im Gegensatz dazu ist die Rebsorte Cabernet Franc heikler und sp\u00e4ter reifend. Folglich ergeben sich in der Produktion nicht mehr als 300 bis 400 gr\/m2.","og_url":"https:\/\/www.chantegrive.ch\/de\/produit\/crescendo-merlot-cabernet-franc\/","og_site_name":"Domaine de Chantegrive","article_publisher":"https:\/\/www.facebook.com\/domainedechantegrive\/","article_modified_time":"2023-11-29T09:50:19+00:00","og_image":[{"width":1100,"height":1100,"url":"https:\/\/www.chantegrive.ch\/wp-content\/uploads\/2019\/08\/merlot-cabernet-franc-crescendo-domaine-chantegrive.jpg","type":"image\/jpeg"}],"twitter_card":"summary_large_image","twitter_misc":{"Gesch\u00e4tzte Lesezeit":"1\u00a0Minute"},"schema":{"@context":"https:\/\/schema.org","@graph":[{"@type":"WebPage","@id":"https:\/\/www.chantegrive.ch\/de\/produit\/crescendo-merlot-cabernet-franc\/","url":"https:\/\/www.chantegrive.ch\/de\/produit\/crescendo-merlot-cabernet-franc\/","name":"Crescendo Merlot Cabernet Franc Domaine de Chantegrive","isPartOf":{"@id":"https:\/\/www.chantegrive.ch\/#website"},"primaryImageOfPage":{"@id":"https:\/\/www.chantegrive.ch\/de\/produit\/crescendo-merlot-cabernet-franc\/#primaryimage"},"image":{"@id":"https:\/\/www.chantegrive.ch\/de\/produit\/crescendo-merlot-cabernet-franc\/#primaryimage"},"thumbnailUrl":"https:\/\/www.chantegrive.ch\/wp-content\/uploads\/2019\/08\/merlot-cabernet-franc-crescendo-domaine-chantegrive.jpg","datePublished":"2017-04-20T23:02:07+00:00","dateModified":"2023-11-29T09:50:19+00:00","description":"Crescendo Merlot Cabernet Franc Domaine de Chantegrive - Beide Rebsorten sind sehr anspruchsvoll und bedingen aufw\u00e4ndiger Arbeit...","breadcrumb":{"@id":"https:\/\/www.chantegrive.ch\/de\/produit\/crescendo-merlot-cabernet-franc\/#breadcrumb"},"inLanguage":"de","potentialAction":[{"@type":"ReadAction","target":["https:\/\/www.chantegrive.ch\/de\/produit\/crescendo-merlot-cabernet-franc\/"]}]},{"@type":"ImageObject","inLanguage":"de","@id":"https:\/\/www.chantegrive.ch\/de\/produit\/crescendo-merlot-cabernet-franc\/#primaryimage","url":"https:\/\/www.chantegrive.ch\/wp-content\/uploads\/2019\/08\/merlot-cabernet-franc-crescendo-domaine-chantegrive.jpg","contentUrl":"https:\/\/www.chantegrive.ch\/wp-content\/uploads\/2019\/08\/merlot-cabernet-franc-crescendo-domaine-chantegrive.jpg","width":1100,"height":1100,"caption":"Merlot Crescendo Domaine de Chantegrive"},{"@type":"BreadcrumbList","@id":"https:\/\/www.chantegrive.ch\/de\/produit\/crescendo-merlot-cabernet-franc\/#breadcrumb","itemListElement":[{"@type":"ListItem","position":1,"name":"Accueil","item":"https:\/\/www.chantegrive.ch\/de\/"},{"@type":"ListItem","position":2,"name":"Shop Cat\u00e9gorie","item":"https:\/\/www.chantegrive.ch\/shop\/"},{"@type":"ListItem","position":3,"name":"Crescendo Merlot Cabernet Franc"}]},{"@type":"WebSite","@id":"https:\/\/www.chantegrive.ch\/#website","url":"https:\/\/www.chantegrive.ch\/","name":"Domaine de Chantegrive","description":"Vins Alain Rolaz &amp; fils","potentialAction":[{"@type":"SearchAction","target":{"@type":"EntryPoint","urlTemplate":"https:\/\/www.chantegrive.ch\/?s={search_term_string}"},"query-input":{"@type":"PropertyValueSpecification","valueRequired":true,"valueName":"search_term_string"}}],"inLanguage":"de"}]}},"_links":{"self":[{"href":"https:\/\/www.chantegrive.ch\/de\/wp-json\/wp\/v2\/product\/2115","targetHints":{"allow":["GET"]}}],"collection":[{"href":"https:\/\/www.chantegrive.ch\/de\/wp-json\/wp\/v2\/product"}],"about":[{"href":"https:\/\/www.chantegrive.ch\/de\/wp-json\/wp\/v2\/types\/product"}],"wp:featuredmedia":[{"embeddable":true,"href":"https:\/\/www.chantegrive.ch\/de\/wp-json\/wp\/v2\/media\/6139"}],"wp:attachment":[{"href":"https:\/\/www.chantegrive.ch\/de\/wp-json\/wp\/v2\/media?parent=2115"}],"wp:term":[{"taxonomy":"product_brand","embeddable":true,"href":"https:\/\/www.chantegrive.ch\/de\/wp-json\/wp\/v2\/product_brand?post=2115"},{"taxonomy":"product_cat","embeddable":true,"href":"https:\/\/www.chantegrive.ch\/de\/wp-json\/wp\/v2\/product_cat?post=2115"},{"taxonomy":"product_tag","embeddable":true,"href":"https:\/\/www.chantegrive.ch\/de\/wp-json\/wp\/v2\/product_tag?post=2115"}],"curies":[{"name":"wp","href":"https:\/\/api.w.org\/{rel}","templated":true}]}}