{"id":2150,"date":"2019-08-09T00:00:13","date_gmt":"2019-08-08T22:00:13","guid":{"rendered":"https:\/\/www.chantegrive.ch\/?post_type=product&#038;p=2150\/"},"modified":"2026-04-30T11:24:22","modified_gmt":"2026-04-30T09:24:22","slug":"capriccioso-brut","status":"publish","type":"product","link":"https:\/\/www.chantegrive.ch\/de\/produit\/capriccioso-brut\/","title":{"rendered":"Capriccioso Brut AOC La C\u00f4te"},"content":{"rendered":"<div class=\"row\"  id=\"row-1301838002\">\n\n\t<div id=\"col-1445661322\" class=\"col small-12 large-12\"  >\n\t\t\t\t<div class=\"col-inner dark\"  >\n\t\t\t\n\t\t\t\n<h2>Capriccioso Brut<br \/>\n<span class=\"alt-font\"> AOC La C\u00f4te<\/span><\/h2>\n\t<div id=\"gap-101663450\" class=\"gap-element clearfix\" style=\"display:block; height:auto;\">\n\t\t\n<style>\n#gap-101663450 {\n  padding-top: 30px;\n}\n<\/style>\n\t<\/div>\n\t\n<p class=\"lead\">Dieser spritzige Weisswein wird aus einer Kombination von weissen Rebsorten und schwarzen Weissweinen hergestellt. Der &#8220;Capriccioso&#8221; ist ein einfacher und eleganter Schaumwein, der sich an alle Situationen anpasst. Es ist vor allem ein Symbol der Geselligkeit und des Teilens.<\/p>\n\t\t<\/div>\n\t\t\t\t\t<\/div>\n\n\t\n<\/div>\n<div class=\"row\"  id=\"row-1010998109\">\n\n\t<div id=\"col-2077242536\" class=\"col medium-6 small-12 large-6\"  >\n\t\t\t\t<div class=\"col-inner dark\"  >\n\t\t\t\n\t\t\t\n<h3>Weinprobe Capriccioso Brut<\/h3>\n<p>Der \u00ab Capriccioso \u00bb ist ein Wein, der in seiner Jugend getrunken werden sollte. Am besten in den ersten zwei Jahren nach der Ernte. Vor allem suchen wir nach seinem fruchtigen Geschmack. Seine feinen Bl\u00e4schen machen ihn zu einem feinen Wein mit einer sch\u00f6nen S\u00e4ure, die ihm Frische im Mund verleiht.<\/p>\n<h4>Unterst\u00fctzung<\/h4>\n<p>Er eignet sich hervorragend als Aperitif mit Antipasti. Er passt ausgezeichnet zu Risotto oder Nudelgerichten mit wei\u00dfer Sauce sowie zu Meeresfr\u00fcchten oder mediterranem Fisch.<\/p>\n\t\t<\/div>\n\t\t\t\t\t<\/div>\n\n\t\n\n\t<div id=\"col-1213173573\" class=\"col medium-6 small-12 large-6\"  >\n\t\t\t\t<div class=\"col-inner dark\"  >\n\t\t\t\n\t\t\t\n<h4>Aufbewahrungsdauer<\/h4>\n<p>Aufbewahrung: Reifungstemperatur bei 12\u00b0C, welche im gesamten Keller einheitlich sein sollte.<\/p>\n<h4>Trinktemperatur<\/h4>\n<p><img loading=\"lazy\" decoding=\"async\" class=\"alignnone size-full wp-image-7158\" src=\"https:\/\/www.chantegrive.ch\/wp-content\/uploads\/2019\/08\/thermometer-icon-white-domaine-de-chantegrive-2.png\" alt=\"\" width=\"55\" height=\"51\" \/>Ideale Temperatur : 6 bis 10 Grad<\/p>\n\t\t<\/div>\n\t\t\t\t\t<\/div>\n\n\t\n<\/div>\n","protected":false},"excerpt":{"rendered":"<h3>Signature Alain Rolaz: Capriccioso Brut<\/h3>\n<p><em>Traubensorte: Wei\u00df-Schwarz-Wei\u00df-Baugruppe<\/em><\/p>\n<blockquote>\n<p class=\"lead\">Der \u00ab Capriccioso \u00bb ist ein Wein, der in seiner Jugend getrunken werden sollte. Am besten in den ersten zwei Jahren nach der Ernte. Vor allem suchen wir nach seinem fruchtigen Geschmack. Seine feinen Bl\u00e4schen machen ihn zu einem feinen Wein mit einer sch\u00f6nen S\u00e4ure, die ihm Frische im Mund verleiht.<\/p>\n<\/blockquote>\n<p><img loading=\"lazy\" decoding=\"async\" class=\"alignright size-full wp-image-6728\" src=\"https:\/\/www.chantegrive.ch\/wp-content\/uploads\/2019\/09\/logo-grive-blanc-domaine-de-chantegrive.png\" alt=\"\" width=\"95\" height=\"99\" \/><\/p>\n<h4>Verpackung<\/h4>\n<ul>\n<li>6x 75 cl = <strong>CHF 117.-<\/strong> (CHF 19.50.- pro fl.)<\/li>\n<\/ul>\n","protected":false},"featured_media":6121,"template":"","meta":{"iawp_total_views":21},"product_brand":[],"product_cat":[233],"product_tag":[],"class_list":{"0":"post-2150","1":"product","2":"type-product","3":"status-publish","4":"has-post-thumbnail","6":"product_cat-signature-alain-rolaz-de","8":"first","9":"instock","10":"shipping-taxable","11":"purchasable","12":"product-type-simple","13":"add-to-wishlist-after_add_to_cart"},"group_of_quantity":0,"min_quantity":0,"max_quantity":"","exclude_order_quantity_value_rules":"no","exclude_category_quantity_rules":"no","combine_variations":"no","yoast_head":"<!-- This site is optimized with the Yoast SEO plugin v27.4 - https:\/\/yoast.com\/product\/yoast-seo-wordpress\/ -->\n<title>Capriccioso Brut AOC La C\u00f4te - Domaine de Chantegrive<\/title>\n<meta name=\"description\" content=\"Capriccioso Brut Domaine de Chantegrive - Aus der kombination von verschiedenen weissen trauben entstand ein erfrischend-perlender aperoschaumwein...\" \/>\n<meta name=\"robots\" content=\"index, follow, max-snippet:-1, max-image-preview:large, max-video-preview:-1\" \/>\n<link rel=\"canonical\" href=\"https:\/\/www.chantegrive.ch\/de\/produit\/capriccioso-brut\/\" \/>\n<meta property=\"og:locale\" content=\"de_DE\" \/>\n<meta property=\"og:type\" content=\"article\" \/>\n<meta property=\"og:title\" content=\"Capriccioso Brut AOC La C\u00f4te Domaine de Chantegrive\" \/>\n<meta property=\"og:description\" content=\"Capriccioso Brut Domaine de Chantegrive - Aus der kombination von verschiedenen weissen trauben entstand ein erfrischend-perlender aperoschaumwein...\" \/>\n<meta property=\"og:url\" content=\"https:\/\/www.chantegrive.ch\/de\/produit\/capriccioso-brut\/\" \/>\n<meta property=\"og:site_name\" content=\"Domaine de Chantegrive\" \/>\n<meta property=\"article:publisher\" content=\"https:\/\/www.facebook.com\/domainedechantegrive\/\" \/>\n<meta property=\"article:modified_time\" content=\"2026-04-30T09:24:22+00:00\" \/>\n<meta property=\"og:image\" content=\"https:\/\/www.chantegrive.ch\/wp-content\/uploads\/2019\/08\/mousseux-signature-alain-rolaz-domaine-chantegrive-1.jpg\" \/>\n\t<meta property=\"og:image:width\" content=\"1100\" \/>\n\t<meta property=\"og:image:height\" content=\"1100\" \/>\n\t<meta property=\"og:image:type\" content=\"image\/jpeg\" \/>\n<meta name=\"twitter:card\" content=\"summary_large_image\" \/>\n<meta name=\"twitter:label1\" content=\"Gesch\u00e4tzte Lesezeit\" \/>\n\t<meta name=\"twitter:data1\" content=\"2\u00a0Minuten\" \/>\n<script type=\"application\/ld+json\" class=\"yoast-schema-graph\">{\"@context\":\"https:\\\/\\\/schema.org\",\"@graph\":[{\"@type\":\"WebPage\",\"@id\":\"https:\\\/\\\/www.chantegrive.ch\\\/de\\\/produit\\\/capriccioso-brut\\\/\",\"url\":\"https:\\\/\\\/www.chantegrive.ch\\\/de\\\/produit\\\/capriccioso-brut\\\/\",\"name\":\"Capriccioso Brut AOC La C\u00f4te - Domaine de Chantegrive\",\"isPartOf\":{\"@id\":\"https:\\\/\\\/www.chantegrive.ch\\\/#website\"},\"primaryImageOfPage\":{\"@id\":\"https:\\\/\\\/www.chantegrive.ch\\\/de\\\/produit\\\/capriccioso-brut\\\/#primaryimage\"},\"image\":{\"@id\":\"https:\\\/\\\/www.chantegrive.ch\\\/de\\\/produit\\\/capriccioso-brut\\\/#primaryimage\"},\"thumbnailUrl\":\"https:\\\/\\\/www.chantegrive.ch\\\/wp-content\\\/uploads\\\/2019\\\/08\\\/mousseux-signature-alain-rolaz-domaine-chantegrive-1.jpg\",\"datePublished\":\"2019-08-08T22:00:13+00:00\",\"dateModified\":\"2026-04-30T09:24:22+00:00\",\"description\":\"Capriccioso Brut Domaine de Chantegrive - Aus der kombination von verschiedenen weissen trauben entstand ein erfrischend-perlender aperoschaumwein...\",\"breadcrumb\":{\"@id\":\"https:\\\/\\\/www.chantegrive.ch\\\/de\\\/produit\\\/capriccioso-brut\\\/#breadcrumb\"},\"inLanguage\":\"de\",\"potentialAction\":[{\"@type\":\"ReadAction\",\"target\":[\"https:\\\/\\\/www.chantegrive.ch\\\/de\\\/produit\\\/capriccioso-brut\\\/\"]}]},{\"@type\":\"ImageObject\",\"inLanguage\":\"de\",\"@id\":\"https:\\\/\\\/www.chantegrive.ch\\\/de\\\/produit\\\/capriccioso-brut\\\/#primaryimage\",\"url\":\"https:\\\/\\\/www.chantegrive.ch\\\/wp-content\\\/uploads\\\/2019\\\/08\\\/mousseux-signature-alain-rolaz-domaine-chantegrive-1.jpg\",\"contentUrl\":\"https:\\\/\\\/www.chantegrive.ch\\\/wp-content\\\/uploads\\\/2019\\\/08\\\/mousseux-signature-alain-rolaz-domaine-chantegrive-1.jpg\",\"width\":1100,\"height\":1100,\"caption\":\"Capriccioso Signature Alain Rolaz Domaine de Chantegrive\"},{\"@type\":\"BreadcrumbList\",\"@id\":\"https:\\\/\\\/www.chantegrive.ch\\\/de\\\/produit\\\/capriccioso-brut\\\/#breadcrumb\",\"itemListElement\":[{\"@type\":\"ListItem\",\"position\":1,\"name\":\"Accueil\",\"item\":\"https:\\\/\\\/www.chantegrive.ch\\\/de\\\/\"},{\"@type\":\"ListItem\",\"position\":2,\"name\":\"Shop Cat\u00e9gorie\",\"item\":\"https:\\\/\\\/www.chantegrive.ch\\\/shop\\\/\"},{\"@type\":\"ListItem\",\"position\":3,\"name\":\"Capriccioso Brut AOC La C\u00f4te\"}]},{\"@type\":\"WebSite\",\"@id\":\"https:\\\/\\\/www.chantegrive.ch\\\/#website\",\"url\":\"https:\\\/\\\/www.chantegrive.ch\\\/\",\"name\":\"Domaine de Chantegrive\",\"description\":\"Vins Alain Rolaz &amp; fils\",\"potentialAction\":[{\"@type\":\"SearchAction\",\"target\":{\"@type\":\"EntryPoint\",\"urlTemplate\":\"https:\\\/\\\/www.chantegrive.ch\\\/?s={search_term_string}\"},\"query-input\":{\"@type\":\"PropertyValueSpecification\",\"valueRequired\":true,\"valueName\":\"search_term_string\"}}],\"inLanguage\":\"de\"}]}<\/script>\n<!-- \/ Yoast SEO plugin. -->","yoast_head_json":{"title":"Capriccioso Brut AOC La C\u00f4te - Domaine de Chantegrive","description":"Capriccioso Brut Domaine de Chantegrive - Aus der kombination von verschiedenen weissen trauben entstand ein erfrischend-perlender aperoschaumwein...","robots":{"index":"index","follow":"follow","max-snippet":"max-snippet:-1","max-image-preview":"max-image-preview:large","max-video-preview":"max-video-preview:-1"},"canonical":"https:\/\/www.chantegrive.ch\/de\/produit\/capriccioso-brut\/","og_locale":"de_DE","og_type":"article","og_title":"Capriccioso Brut AOC La C\u00f4te Domaine de Chantegrive","og_description":"Capriccioso Brut Domaine de Chantegrive - Aus der kombination von verschiedenen weissen trauben entstand ein erfrischend-perlender aperoschaumwein...","og_url":"https:\/\/www.chantegrive.ch\/de\/produit\/capriccioso-brut\/","og_site_name":"Domaine de Chantegrive","article_publisher":"https:\/\/www.facebook.com\/domainedechantegrive\/","article_modified_time":"2026-04-30T09:24:22+00:00","og_image":[{"width":1100,"height":1100,"url":"https:\/\/www.chantegrive.ch\/wp-content\/uploads\/2019\/08\/mousseux-signature-alain-rolaz-domaine-chantegrive-1.jpg","type":"image\/jpeg"}],"twitter_card":"summary_large_image","twitter_misc":{"Gesch\u00e4tzte Lesezeit":"2\u00a0Minuten"},"schema":{"@context":"https:\/\/schema.org","@graph":[{"@type":"WebPage","@id":"https:\/\/www.chantegrive.ch\/de\/produit\/capriccioso-brut\/","url":"https:\/\/www.chantegrive.ch\/de\/produit\/capriccioso-brut\/","name":"Capriccioso Brut AOC La C\u00f4te - Domaine de Chantegrive","isPartOf":{"@id":"https:\/\/www.chantegrive.ch\/#website"},"primaryImageOfPage":{"@id":"https:\/\/www.chantegrive.ch\/de\/produit\/capriccioso-brut\/#primaryimage"},"image":{"@id":"https:\/\/www.chantegrive.ch\/de\/produit\/capriccioso-brut\/#primaryimage"},"thumbnailUrl":"https:\/\/www.chantegrive.ch\/wp-content\/uploads\/2019\/08\/mousseux-signature-alain-rolaz-domaine-chantegrive-1.jpg","datePublished":"2019-08-08T22:00:13+00:00","dateModified":"2026-04-30T09:24:22+00:00","description":"Capriccioso Brut Domaine de Chantegrive - Aus der kombination von verschiedenen weissen trauben entstand ein erfrischend-perlender aperoschaumwein...","breadcrumb":{"@id":"https:\/\/www.chantegrive.ch\/de\/produit\/capriccioso-brut\/#breadcrumb"},"inLanguage":"de","potentialAction":[{"@type":"ReadAction","target":["https:\/\/www.chantegrive.ch\/de\/produit\/capriccioso-brut\/"]}]},{"@type":"ImageObject","inLanguage":"de","@id":"https:\/\/www.chantegrive.ch\/de\/produit\/capriccioso-brut\/#primaryimage","url":"https:\/\/www.chantegrive.ch\/wp-content\/uploads\/2019\/08\/mousseux-signature-alain-rolaz-domaine-chantegrive-1.jpg","contentUrl":"https:\/\/www.chantegrive.ch\/wp-content\/uploads\/2019\/08\/mousseux-signature-alain-rolaz-domaine-chantegrive-1.jpg","width":1100,"height":1100,"caption":"Capriccioso Signature Alain Rolaz Domaine de Chantegrive"},{"@type":"BreadcrumbList","@id":"https:\/\/www.chantegrive.ch\/de\/produit\/capriccioso-brut\/#breadcrumb","itemListElement":[{"@type":"ListItem","position":1,"name":"Accueil","item":"https:\/\/www.chantegrive.ch\/de\/"},{"@type":"ListItem","position":2,"name":"Shop Cat\u00e9gorie","item":"https:\/\/www.chantegrive.ch\/shop\/"},{"@type":"ListItem","position":3,"name":"Capriccioso Brut AOC La C\u00f4te"}]},{"@type":"WebSite","@id":"https:\/\/www.chantegrive.ch\/#website","url":"https:\/\/www.chantegrive.ch\/","name":"Domaine de Chantegrive","description":"Vins Alain Rolaz &amp; fils","potentialAction":[{"@type":"SearchAction","target":{"@type":"EntryPoint","urlTemplate":"https:\/\/www.chantegrive.ch\/?s={search_term_string}"},"query-input":{"@type":"PropertyValueSpecification","valueRequired":true,"valueName":"search_term_string"}}],"inLanguage":"de"}]}},"_links":{"self":[{"href":"https:\/\/www.chantegrive.ch\/de\/wp-json\/wp\/v2\/product\/2150","targetHints":{"allow":["GET"]}}],"collection":[{"href":"https:\/\/www.chantegrive.ch\/de\/wp-json\/wp\/v2\/product"}],"about":[{"href":"https:\/\/www.chantegrive.ch\/de\/wp-json\/wp\/v2\/types\/product"}],"wp:featuredmedia":[{"embeddable":true,"href":"https:\/\/www.chantegrive.ch\/de\/wp-json\/wp\/v2\/media\/6121"}],"wp:attachment":[{"href":"https:\/\/www.chantegrive.ch\/de\/wp-json\/wp\/v2\/media?parent=2150"}],"wp:term":[{"taxonomy":"product_brand","embeddable":true,"href":"https:\/\/www.chantegrive.ch\/de\/wp-json\/wp\/v2\/product_brand?post=2150"},{"taxonomy":"product_cat","embeddable":true,"href":"https:\/\/www.chantegrive.ch\/de\/wp-json\/wp\/v2\/product_cat?post=2150"},{"taxonomy":"product_tag","embeddable":true,"href":"https:\/\/www.chantegrive.ch\/de\/wp-json\/wp\/v2\/product_tag?post=2150"}],"curies":[{"name":"wp","href":"https:\/\/api.w.org\/{rel}","templated":true}]}}