{"id":9402,"date":"2019-08-13T12:00:00","date_gmt":"2019-08-13T10:00:00","guid":{"rendered":"https:\/\/www.chantegrive.ch\/produit\/envol-sauvignon-aoc-la-cote\/"},"modified":"2025-10-30T23:04:36","modified_gmt":"2025-10-30T22:04:36","slug":"envol-sauvignon-aoc-la-cote","status":"publish","type":"product","link":"https:\/\/www.chantegrive.ch\/de\/produit\/envol-sauvignon-aoc-la-cote\/","title":{"rendered":"L\u2019Envol Sauvignon AOC La C\u00f4te"},"content":{"rendered":"<div class=\"row\"  id=\"row-1794798499\">\n\n\t<div id=\"col-2014652519\" class=\"col small-12 large-12\"  >\n\t\t\t\t<div class=\"col-inner dark\"  >\n\t\t\t\n\t\t\t\n<div class=\"row\"  id=\"row-1795218970\">\n\n\t<div id=\"col-508422021\" class=\"col small-12 large-12\"  >\n\t\t\t\t<div class=\"col-inner\"  >\n\t\t\t\n\t\t\t\n<h2>L\u2019Envol<br \/>\n<span class=\"alt-font\">Sauvignon AOC La C\u00f4te<\/span><\/h2>\n\t<div id=\"gap-296044121\" class=\"gap-element clearfix\" style=\"display:block; height:auto;\">\n\t\t\n<style>\n#gap-296044121 {\n  padding-top: 30px;\n}\n<\/style>\n\t<\/div>\n\t\n<p class=\"lead\">Der Sauvignon \u00ab L\u2019envol \u00bb ist die j\u00fcngste Erg\u00e4nzung der Kollektion &#8220;Signature Alain Rolaz&#8221;. Sein modernes Design erinnert an den &#8220;Cheval mon ami&#8221;. Diese beiden Weine sind f\u00fcr Verbraucher gedacht, die sich festliche, frische und aromatische Weine w\u00fcnschen.<\/p>\n\t\t<\/div>\n\t\t\t\t\t<\/div>\n\n\t\n<\/div>\n<div class=\"row\"  id=\"row-1582330060\">\n\n\t<div id=\"col-328138974\" class=\"col medium-6 small-12 large-6\"  >\n\t\t\t\t<div class=\"col-inner\"  >\n\t\t\t\n\t\t\t\n<h3>Weinprobe Sauvignon L\u2019envol<\/h3>\n<p>\u00ab L\u2019envol \u00bb ist ein trockener Weisswein mit intensiven Aromen von Zitrus und exotischen Fr\u00fcchten. Seine Frische und Lebhaftigkeit am Gaumen werden Sie \u00fcberraschen.<\/p>\n<h4>Unterst\u00fctzung<\/h4>\n<p>Seine Frische und aromatische Harmonie sind ideal f\u00fcr einen sommerlichen Aperitif. Er passt hervorragend zu Fisch, Meeresfr\u00fcchten und gegrilltem Gem\u00fcse.<\/p>\n\t\t<\/div>\n\t\t\t\t\t<\/div>\n\n\t\n\n\t<div id=\"col-1590535061\" class=\"col medium-6 small-12 large-6\"  >\n\t\t\t\t<div class=\"col-inner\"  >\n\t\t\t\n\t\t\t\n<h4>Aufbewahrungsdauer<\/h4>\n<p>Innerhalb von 2-3 Jahren verbrauchen, um seine Frische zu geniessen.<br \/>\nEs kann auch mehr als zehn Jahre im Keller aufbewahrt werden, woraufhin sch\u00f6ne \u00dcberraschungen auf Sie warten.<\/p>\n<h4>Trinktemperatur<\/h4>\n<p><img loading=\"lazy\" decoding=\"async\" class=\"alignnone size-full wp-image-7158\" src=\"https:\/\/www.chantegrive.ch\/wp-content\/uploads\/2019\/08\/thermometer-icon-white-domaine-de-chantegrive-2.png\" alt=\"\" width=\"55\" height=\"51\" \/>Temp\u00e9rature id\u00e9ale: 10 \u00e0 12 degr\u00e9s<\/p>\n\t\t<\/div>\n\t\t\t\t\t<\/div>\n\n\t\n<\/div>\n\t\t<\/div>\n\t\t\t\t\t<\/div>\n\n\t\n<\/div>\n","protected":false},"excerpt":{"rendered":"<h3>Collection: Signature Alain Rolaz<\/h3>\n<p><em>Traubensorte: Sauvignon<\/em><\/p>\n<blockquote>\n<p class=\"lead\">Der Sauvignon \u00ab L\u2019envol \u00bb ist die j\u00fcngste Erg\u00e4nzung der Kollektion &#8220;Signature Alain Rolaz&#8221;. Sein modernes Design erinnert an den &#8220;Cheval mon ami&#8221;. Diese beiden Weine sind f\u00fcr Verbraucher gedacht, die sich festliche, frische und aromatische Weine w\u00fcnschen.<\/p>\n<\/blockquote>\n<p><img loading=\"lazy\" decoding=\"async\" class=\"alignright size-full wp-image-6728\" src=\"https:\/\/www.chantegrive.ch\/wp-content\/uploads\/2019\/09\/logo-grive-blanc-domaine-de-chantegrive.png\" alt=\"\" width=\"95\" height=\"99\" \/><\/p>\n<h4>Karton aus 6 Flaschen<\/h4>\n<ul>\n<li>6x 75 cl = <strong>CHF 114.-<\/strong> (CHF 19.- pro fl.)<\/li>\n<\/ul>\n","protected":false},"featured_media":8553,"template":"","meta":{"iawp_total_views":13},"product_brand":[],"product_cat":[233],"product_tag":[],"class_list":{"0":"post-9402","1":"product","2":"type-product","3":"status-publish","4":"has-post-thumbnail","6":"product_cat-signature-alain-rolaz-de","8":"first","9":"instock","10":"shipping-taxable","11":"purchasable","12":"product-type-simple","13":"add-to-wishlist-after_add_to_cart"},"group_of_quantity":6,"min_quantity":6,"max_quantity":"","exclude_order_quantity_value_rules":"no","exclude_category_quantity_rules":"no","combine_variations":"no","yoast_head":"<!-- This site is optimized with the Yoast SEO plugin v27.4 - https:\/\/yoast.com\/product\/yoast-seo-wordpress\/ -->\n<title>L\u2019Envol Sauvignon AOC La C\u00f4te - Domaine de Chantegrive<\/title>\n<meta name=\"description\" content=\"Collection: Signature Alain Rolaz Traubensorte: Sauvignon  Der Sauvignon \u00ab L\u2019envol \u00bb ist die j\u00fcngste Erg\u00e4nzung der Kollektion &quot;Signature Alain Rolaz&quot;. Sein modernes Design erinnert an den &quot;Cheval mon ami&quot;. Diese beiden Weine sind f\u00fcr Verbraucher gedacht, die sich festliche, frische und aromatische Weine w\u00fcnschen.   Karton aus 6 Flaschen   6x 75 cl = CHF 114.- (CHF 19.- pro fl.)\" \/>\n<meta name=\"robots\" content=\"index, follow, max-snippet:-1, max-image-preview:large, max-video-preview:-1\" \/>\n<link rel=\"canonical\" href=\"https:\/\/www.chantegrive.ch\/de\/produit\/envol-sauvignon-aoc-la-cote\/\" \/>\n<meta property=\"og:locale\" content=\"de_DE\" \/>\n<meta property=\"og:type\" content=\"article\" \/>\n<meta property=\"og:title\" content=\"L\u2019Envol Sauvignon AOC La C\u00f4te - Domaine de Chantegrive\" \/>\n<meta property=\"og:description\" content=\"Collection: Signature Alain Rolaz Traubensorte: Sauvignon  Der Sauvignon \u00ab L\u2019envol \u00bb ist die j\u00fcngste Erg\u00e4nzung der Kollektion &quot;Signature Alain Rolaz&quot;. Sein modernes Design erinnert an den &quot;Cheval mon ami&quot;. Diese beiden Weine sind f\u00fcr Verbraucher gedacht, die sich festliche, frische und aromatische Weine w\u00fcnschen.   Karton aus 6 Flaschen   6x 75 cl = CHF 114.- (CHF 19.- pro fl.)\" \/>\n<meta property=\"og:url\" content=\"https:\/\/www.chantegrive.ch\/de\/produit\/envol-sauvignon-aoc-la-cote\/\" \/>\n<meta property=\"og:site_name\" content=\"Domaine de Chantegrive\" \/>\n<meta property=\"article:publisher\" content=\"https:\/\/www.facebook.com\/domainedechantegrive\/\" \/>\n<meta property=\"article:modified_time\" content=\"2025-10-30T22:04:36+00:00\" \/>\n<meta property=\"og:image\" content=\"https:\/\/www.chantegrive.ch\/wp-content\/uploads\/2020\/03\/lenvol-sauvignon-domaine-de-chantegrive.jpg\" \/>\n\t<meta property=\"og:image:width\" content=\"1100\" \/>\n\t<meta property=\"og:image:height\" content=\"1100\" \/>\n\t<meta property=\"og:image:type\" content=\"image\/jpeg\" \/>\n<meta name=\"twitter:card\" content=\"summary_large_image\" \/>\n<meta name=\"twitter:label1\" content=\"Gesch\u00e4tzte Lesezeit\" \/>\n\t<meta name=\"twitter:data1\" content=\"2\u00a0Minuten\" \/>\n<script type=\"application\/ld+json\" class=\"yoast-schema-graph\">{\"@context\":\"https:\\\/\\\/schema.org\",\"@graph\":[{\"@type\":\"WebPage\",\"@id\":\"https:\\\/\\\/www.chantegrive.ch\\\/de\\\/produit\\\/envol-sauvignon-aoc-la-cote\\\/\",\"url\":\"https:\\\/\\\/www.chantegrive.ch\\\/de\\\/produit\\\/envol-sauvignon-aoc-la-cote\\\/\",\"name\":\"L\u2019Envol Sauvignon AOC La C\u00f4te - Domaine de Chantegrive\",\"isPartOf\":{\"@id\":\"https:\\\/\\\/www.chantegrive.ch\\\/#website\"},\"primaryImageOfPage\":{\"@id\":\"https:\\\/\\\/www.chantegrive.ch\\\/de\\\/produit\\\/envol-sauvignon-aoc-la-cote\\\/#primaryimage\"},\"image\":{\"@id\":\"https:\\\/\\\/www.chantegrive.ch\\\/de\\\/produit\\\/envol-sauvignon-aoc-la-cote\\\/#primaryimage\"},\"thumbnailUrl\":\"https:\\\/\\\/www.chantegrive.ch\\\/wp-content\\\/uploads\\\/2020\\\/03\\\/lenvol-sauvignon-domaine-de-chantegrive.jpg\",\"datePublished\":\"2019-08-13T10:00:00+00:00\",\"dateModified\":\"2025-10-30T22:04:36+00:00\",\"description\":\"Collection: Signature Alain Rolaz Traubensorte: Sauvignon Der Sauvignon \u00ab L\u2019envol \u00bb ist die j\u00fcngste Erg\u00e4nzung der Kollektion \\\"Signature Alain Rolaz\\\". Sein modernes Design erinnert an den \\\"Cheval mon ami\\\". Diese beiden Weine sind f\u00fcr Verbraucher gedacht, die sich festliche, frische und aromatische Weine w\u00fcnschen. Karton aus 6 Flaschen 6x 75 cl = CHF 114.- (CHF 19.- pro fl.)\",\"breadcrumb\":{\"@id\":\"https:\\\/\\\/www.chantegrive.ch\\\/de\\\/produit\\\/envol-sauvignon-aoc-la-cote\\\/#breadcrumb\"},\"inLanguage\":\"de\",\"potentialAction\":[{\"@type\":\"ReadAction\",\"target\":[\"https:\\\/\\\/www.chantegrive.ch\\\/de\\\/produit\\\/envol-sauvignon-aoc-la-cote\\\/\"]}]},{\"@type\":\"ImageObject\",\"inLanguage\":\"de\",\"@id\":\"https:\\\/\\\/www.chantegrive.ch\\\/de\\\/produit\\\/envol-sauvignon-aoc-la-cote\\\/#primaryimage\",\"url\":\"https:\\\/\\\/www.chantegrive.ch\\\/wp-content\\\/uploads\\\/2020\\\/03\\\/lenvol-sauvignon-domaine-de-chantegrive.jpg\",\"contentUrl\":\"https:\\\/\\\/www.chantegrive.ch\\\/wp-content\\\/uploads\\\/2020\\\/03\\\/lenvol-sauvignon-domaine-de-chantegrive.jpg\",\"width\":1100,\"height\":1100,\"caption\":\"Sauvignon L'Envol Signature Alain Rolaz Domaine de Chantegrive\"},{\"@type\":\"BreadcrumbList\",\"@id\":\"https:\\\/\\\/www.chantegrive.ch\\\/de\\\/produit\\\/envol-sauvignon-aoc-la-cote\\\/#breadcrumb\",\"itemListElement\":[{\"@type\":\"ListItem\",\"position\":1,\"name\":\"Accueil\",\"item\":\"https:\\\/\\\/www.chantegrive.ch\\\/de\\\/\"},{\"@type\":\"ListItem\",\"position\":2,\"name\":\"Shop Cat\u00e9gorie\",\"item\":\"https:\\\/\\\/www.chantegrive.ch\\\/shop\\\/\"},{\"@type\":\"ListItem\",\"position\":3,\"name\":\"L\u2019Envol Sauvignon AOC La C\u00f4te\"}]},{\"@type\":\"WebSite\",\"@id\":\"https:\\\/\\\/www.chantegrive.ch\\\/#website\",\"url\":\"https:\\\/\\\/www.chantegrive.ch\\\/\",\"name\":\"Domaine de Chantegrive\",\"description\":\"Vins Alain Rolaz &amp; fils\",\"potentialAction\":[{\"@type\":\"SearchAction\",\"target\":{\"@type\":\"EntryPoint\",\"urlTemplate\":\"https:\\\/\\\/www.chantegrive.ch\\\/?s={search_term_string}\"},\"query-input\":{\"@type\":\"PropertyValueSpecification\",\"valueRequired\":true,\"valueName\":\"search_term_string\"}}],\"inLanguage\":\"de\"}]}<\/script>\n<!-- \/ Yoast SEO plugin. -->","yoast_head_json":{"title":"L\u2019Envol Sauvignon AOC La C\u00f4te - Domaine de Chantegrive","description":"Collection: Signature Alain Rolaz Traubensorte: Sauvignon  Der Sauvignon \u00ab L\u2019envol \u00bb ist die j\u00fcngste Erg\u00e4nzung der Kollektion \"Signature Alain Rolaz\". Sein modernes Design erinnert an den \"Cheval mon ami\". Diese beiden Weine sind f\u00fcr Verbraucher gedacht, die sich festliche, frische und aromatische Weine w\u00fcnschen.   Karton aus 6 Flaschen   6x 75 cl = CHF 114.- (CHF 19.- pro fl.)","robots":{"index":"index","follow":"follow","max-snippet":"max-snippet:-1","max-image-preview":"max-image-preview:large","max-video-preview":"max-video-preview:-1"},"canonical":"https:\/\/www.chantegrive.ch\/de\/produit\/envol-sauvignon-aoc-la-cote\/","og_locale":"de_DE","og_type":"article","og_title":"L\u2019Envol Sauvignon AOC La C\u00f4te - Domaine de Chantegrive","og_description":"Collection: Signature Alain Rolaz Traubensorte: Sauvignon  Der Sauvignon \u00ab L\u2019envol \u00bb ist die j\u00fcngste Erg\u00e4nzung der Kollektion \"Signature Alain Rolaz\". Sein modernes Design erinnert an den \"Cheval mon ami\". Diese beiden Weine sind f\u00fcr Verbraucher gedacht, die sich festliche, frische und aromatische Weine w\u00fcnschen.   Karton aus 6 Flaschen   6x 75 cl = CHF 114.- (CHF 19.- pro fl.)","og_url":"https:\/\/www.chantegrive.ch\/de\/produit\/envol-sauvignon-aoc-la-cote\/","og_site_name":"Domaine de Chantegrive","article_publisher":"https:\/\/www.facebook.com\/domainedechantegrive\/","article_modified_time":"2025-10-30T22:04:36+00:00","og_image":[{"width":1100,"height":1100,"url":"https:\/\/www.chantegrive.ch\/wp-content\/uploads\/2020\/03\/lenvol-sauvignon-domaine-de-chantegrive.jpg","type":"image\/jpeg"}],"twitter_card":"summary_large_image","twitter_misc":{"Gesch\u00e4tzte Lesezeit":"2\u00a0Minuten"},"schema":{"@context":"https:\/\/schema.org","@graph":[{"@type":"WebPage","@id":"https:\/\/www.chantegrive.ch\/de\/produit\/envol-sauvignon-aoc-la-cote\/","url":"https:\/\/www.chantegrive.ch\/de\/produit\/envol-sauvignon-aoc-la-cote\/","name":"L\u2019Envol Sauvignon AOC La C\u00f4te - Domaine de Chantegrive","isPartOf":{"@id":"https:\/\/www.chantegrive.ch\/#website"},"primaryImageOfPage":{"@id":"https:\/\/www.chantegrive.ch\/de\/produit\/envol-sauvignon-aoc-la-cote\/#primaryimage"},"image":{"@id":"https:\/\/www.chantegrive.ch\/de\/produit\/envol-sauvignon-aoc-la-cote\/#primaryimage"},"thumbnailUrl":"https:\/\/www.chantegrive.ch\/wp-content\/uploads\/2020\/03\/lenvol-sauvignon-domaine-de-chantegrive.jpg","datePublished":"2019-08-13T10:00:00+00:00","dateModified":"2025-10-30T22:04:36+00:00","description":"Collection: Signature Alain Rolaz Traubensorte: Sauvignon Der Sauvignon \u00ab L\u2019envol \u00bb ist die j\u00fcngste Erg\u00e4nzung der Kollektion \"Signature Alain Rolaz\". Sein modernes Design erinnert an den \"Cheval mon ami\". Diese beiden Weine sind f\u00fcr Verbraucher gedacht, die sich festliche, frische und aromatische Weine w\u00fcnschen. Karton aus 6 Flaschen 6x 75 cl = CHF 114.- (CHF 19.- pro fl.)","breadcrumb":{"@id":"https:\/\/www.chantegrive.ch\/de\/produit\/envol-sauvignon-aoc-la-cote\/#breadcrumb"},"inLanguage":"de","potentialAction":[{"@type":"ReadAction","target":["https:\/\/www.chantegrive.ch\/de\/produit\/envol-sauvignon-aoc-la-cote\/"]}]},{"@type":"ImageObject","inLanguage":"de","@id":"https:\/\/www.chantegrive.ch\/de\/produit\/envol-sauvignon-aoc-la-cote\/#primaryimage","url":"https:\/\/www.chantegrive.ch\/wp-content\/uploads\/2020\/03\/lenvol-sauvignon-domaine-de-chantegrive.jpg","contentUrl":"https:\/\/www.chantegrive.ch\/wp-content\/uploads\/2020\/03\/lenvol-sauvignon-domaine-de-chantegrive.jpg","width":1100,"height":1100,"caption":"Sauvignon L'Envol Signature Alain Rolaz Domaine de Chantegrive"},{"@type":"BreadcrumbList","@id":"https:\/\/www.chantegrive.ch\/de\/produit\/envol-sauvignon-aoc-la-cote\/#breadcrumb","itemListElement":[{"@type":"ListItem","position":1,"name":"Accueil","item":"https:\/\/www.chantegrive.ch\/de\/"},{"@type":"ListItem","position":2,"name":"Shop Cat\u00e9gorie","item":"https:\/\/www.chantegrive.ch\/shop\/"},{"@type":"ListItem","position":3,"name":"L\u2019Envol Sauvignon AOC La C\u00f4te"}]},{"@type":"WebSite","@id":"https:\/\/www.chantegrive.ch\/#website","url":"https:\/\/www.chantegrive.ch\/","name":"Domaine de Chantegrive","description":"Vins Alain Rolaz &amp; fils","potentialAction":[{"@type":"SearchAction","target":{"@type":"EntryPoint","urlTemplate":"https:\/\/www.chantegrive.ch\/?s={search_term_string}"},"query-input":{"@type":"PropertyValueSpecification","valueRequired":true,"valueName":"search_term_string"}}],"inLanguage":"de"}]}},"_links":{"self":[{"href":"https:\/\/www.chantegrive.ch\/de\/wp-json\/wp\/v2\/product\/9402","targetHints":{"allow":["GET"]}}],"collection":[{"href":"https:\/\/www.chantegrive.ch\/de\/wp-json\/wp\/v2\/product"}],"about":[{"href":"https:\/\/www.chantegrive.ch\/de\/wp-json\/wp\/v2\/types\/product"}],"wp:featuredmedia":[{"embeddable":true,"href":"https:\/\/www.chantegrive.ch\/de\/wp-json\/wp\/v2\/media\/8553"}],"wp:attachment":[{"href":"https:\/\/www.chantegrive.ch\/de\/wp-json\/wp\/v2\/media?parent=9402"}],"wp:term":[{"taxonomy":"product_brand","embeddable":true,"href":"https:\/\/www.chantegrive.ch\/de\/wp-json\/wp\/v2\/product_brand?post=9402"},{"taxonomy":"product_cat","embeddable":true,"href":"https:\/\/www.chantegrive.ch\/de\/wp-json\/wp\/v2\/product_cat?post=9402"},{"taxonomy":"product_tag","embeddable":true,"href":"https:\/\/www.chantegrive.ch\/de\/wp-json\/wp\/v2\/product_tag?post=9402"}],"curies":[{"name":"wp","href":"https:\/\/api.w.org\/{rel}","templated":true}]}}