{"id":2322,"date":"2017-07-22T21:31:45","date_gmt":"2017-07-22T19:31:45","guid":{"rendered":"https:\/\/www.chantegrive.ch\/prix-2017\/"},"modified":"2020-05-16T08:54:48","modified_gmt":"2020-05-16T06:54:48","slug":"award-winning-wines-2017","status":"publish","type":"page","link":"https:\/\/www.chantegrive.ch\/en\/award-winning-wines-2017\/","title":{"rendered":"Award-winning wines 2017"},"content":{"rendered":"<div class=\"row\"  id=\"row-1583410525\">\n\n\t<div id=\"col-673731716\" class=\"col small-12 large-12\"  >\n\t\t\t\t<div class=\"col-inner\"  >\n\t\t\t\n\t\t\t\n<div class=\"row\"  id=\"row-1522699108\">\n\n\t<div id=\"col-1264044954\" class=\"col small-12 large-12\"  >\n\t\t\t\t<div class=\"col-inner\"  >\n\t\t\t\n\t\t\t\n\n  <div class=\"banner has-hover\" id=\"banner-1329921355\">\n          <div class=\"banner-inner fill\">\n        <div class=\"banner-bg fill\" >\n                                                \n                    <\/div>\n\t\t\n        <div class=\"banner-layers container\">\n            <div class=\"fill banner-link\"><\/div>            \n   <div id=\"text-box-2103709192\" class=\"text-box banner-layer x50 md-x50 lg-x50 y50 md-y50 lg-y50 res-text\">\n                                <div class=\"text-box-content text \">\n              \n              <div class=\"text-inner text-center\">\n                  \n\t<div id=\"gap-1739133618\" class=\"gap-element clearfix\" style=\"display:block; height:auto;\">\n\t\t\n<style>\n#gap-1739133618 {\n  padding-top: 30px;\n}\n<\/style>\n\t<\/div>\n\t\n\t<div id=\"gap-1339525411\" class=\"gap-element clearfix\" style=\"display:block; height:auto;\">\n\t\t\n<style>\n#gap-1339525411 {\n  padding-top: 2px;\n}\n<\/style>\n\t<\/div>\n\t\n<h2 class=\"uppercase\" style=\"text-align: center;\">Award-winning wines 2017<\/h2>\n<p style=\"text-align: center;\"><span style=\"font-size: 100%;\">Find our award-winning wines throughout 2017.<\/span><\/p>\n<p><img loading=\"lazy\" decoding=\"async\" class=\"aligncenter size-full wp-image-5437\" src=\"https:\/\/www.chantegrive.ch\/wp-content\/uploads\/2019\/08\/separator.png\" alt=\"separator\" width=\"144\" height=\"44\" \/><\/p>\n              <\/div>\n           <\/div>\n                            \n<style>\n#text-box-2103709192 {\n  width: 90%;\n}\n#text-box-2103709192 .text-box-content {\n  font-size: 125%;\n}\n@media (min-width:550px) {\n  #text-box-2103709192 {\n    width: 80%;\n  }\n  #text-box-2103709192 .text-box-content {\n    font-size: 100%;\n  }\n}\n<\/style>\n    <\/div>\n \n        <\/div>\n      <\/div>\n\n            \n<style>\n#banner-1329921355 {\n  padding-top: 300px;\n  background-color: rgb(255, 255, 255);\n}\n@media (min-width:550px) {\n  #banner-1329921355 {\n    padding-top: 220px;\n  }\n}\n<\/style>\n  <\/div>\n\n\n\t\t<\/div>\n\t\t\t\t\t<\/div>\n\n\t\n<\/div>\n<div class=\"row\"  id=\"row-1872494807\">\n\n\t<div id=\"col-462630975\" class=\"col small-12 large-12\"  >\n\t\t\t\t<div class=\"col-inner\"  >\n\t\t\t\n\t\t\t\n<div class=\"container section-title-container\" ><h3 class=\"section-title section-title-center\"><b><\/b><span class=\"section-title-main\" >Selection of Vaud wines<\/span><b><\/b><\/h3><\/div>\n<div class=\"row\"  id=\"row-126421025\">\n\n\t<div id=\"col-1829320277\" class=\"col medium-7 small-12 large-7\"  >\n\t\t\t\t<div class=\"col-inner text-center\"  >\n\t\t\t\n\t\t\t\n<p class=\"lead\" style=\"text-align: left;\"><strong>5 award-winning wines<\/strong> in the selection of Vaud wines 2017 including a 1st Gold Medal prize with the Crescendo Cabernet Franc which stands out in the \u201cOther pure red grape varieties\u201d category (highest score for a red wine), Chasselas C\u00f4teau -de-Vincy 2016 Gold medal (category Chasselas vintage 2016), Arioso 2016 Gold medal (category Other pure red grape varieties), Chasselas Ambitus 2016 Silver medal (category Chasselas vintage 2016) and Chasselas Mont -sur-Rolle 2016 Silver medal (Chasselas vintage 2016 category).<\/p>\n\t\t<\/div>\n\t\t\t\t\n<style>\n#col-1829320277 > .col-inner {\n  padding: 14px 14px 14px 14px;\n}\n<\/style>\n\t<\/div>\n\n\t\n\n\t<div id=\"col-648948962\" class=\"col medium-5 small-12 large-5\"  >\n\t\t\t\t<div class=\"col-inner\"  >\n\t\t\t\n\t\t\t\n\t<div class=\"img has-hover x md-x lg-x y md-y lg-y\" id=\"image_1327159425\">\n\t\t<a class=\"image-lightbox lightbox-gallery\" title=\"\" href=\"https:\/\/www.chantegrive.ch\/wp-content\/uploads\/2019\/08\/selection-vins-vaudois-2017-domaine-chantegrive.jpg\">\t\t\t\t\t\t<div class=\"img-inner dark\" >\n\t\t\t<img loading=\"lazy\" decoding=\"async\" width=\"900\" height=\"600\" src=\"https:\/\/www.chantegrive.ch\/wp-content\/uploads\/2019\/08\/selection-vins-vaudois-2017-domaine-chantegrive.jpg\" class=\"attachment-large size-large\" alt=\"Remise des prix S\u00e9lection des vins vaudois 2017\" srcset=\"https:\/\/www.chantegrive.ch\/wp-content\/uploads\/2019\/08\/selection-vins-vaudois-2017-domaine-chantegrive.jpg 900w, https:\/\/www.chantegrive.ch\/wp-content\/uploads\/2019\/08\/selection-vins-vaudois-2017-domaine-chantegrive-600x400.jpg 600w, https:\/\/www.chantegrive.ch\/wp-content\/uploads\/2019\/08\/selection-vins-vaudois-2017-domaine-chantegrive-768x512.jpg 768w, https:\/\/www.chantegrive.ch\/wp-content\/uploads\/2019\/08\/selection-vins-vaudois-2017-domaine-chantegrive-510x340.jpg 510w\" sizes=\"auto, (max-width: 900px) 100vw, 900px\" \/>\t\t\t\t\t\t\n\t\t\t\t\t\t\t<div class=\"caption\">Remise des prix S\u00e9lection des vins vaudois 2017<\/div>\n\t\t\t\t\t<\/div>\n\t\t\t\t\t\t<\/a>\t\t\n<style>\n#image_1327159425 {\n  width: 100%;\n}\n<\/style>\n\t<\/div>\n\t\n\t\t<\/div>\n\t\t\t\t\t<\/div>\n\n\t\n<\/div>\n\t\t<\/div>\n\t\t\t\t\t<\/div>\n\n\t\n<\/div>\n<div class=\"row\"  id=\"row-285241992\">\n\n\t<div id=\"col-794367407\" class=\"col medium-5 small-12 large-5\"  data-animate=\"fadeInUp\">\n\t\t\t\t<div class=\"col-inner text-center dark\" style=\"background-color:rgb(68, 118, 102);\" >\n\t\t\t\n\t\t\t\n<div class=\"row\"  id=\"row-1155271119\">\n\n\t<div id=\"col-114498712\" class=\"col medium-10 small-12 large-10\"  >\n\t\t\t\t<div class=\"col-inner\"  >\n\t\t\t\n\t\t\t\n<div class=\"is-divider divider clearfix\" ><\/div>\n<p><span style=\"font-size: 130%;\"><strong>1st Prize Gold Medal<\/strong><\/span><br \/>Crescendo Cabernet Franc 2015<\/p>\n<p><span style=\"font-size: 130%;\"><strong>Gold Medal<\/strong><\/span><br \/>C\u00f4teau de Vincy 2016<\/p>\n<p><span style=\"font-size: 130%;\"><strong>Gold Medal<\/strong><\/span><br \/>Arioso 2016<\/p>\n<p><span style=\"font-size: 130%;\"><strong>Silver medal<\/strong><\/span><br \/>Ambitus 2016<\/p>\n<p><span style=\"font-size: 130%;\"><strong>Silver medal<\/strong><\/span><br \/>Mont-sur-Rolle 2016<\/p>\n\t\t<\/div>\n\t\t\t\t\t<\/div>\n\n\t\n<\/div>\n\t\t<\/div>\n\t\t\t\t\n<style>\n#col-794367407 > .col-inner {\n  padding: 10% 5% 10% 0%;\n}\n<\/style>\n\t<\/div>\n\n\t\n\n\t<div id=\"col-253448174\" class=\"col medium-3 small-12 large-3\"  >\n\t\t\t\t<div class=\"col-inner\"  >\n\t\t\t\n\t\t\t\n\t<div class=\"img has-hover x md-x lg-x y md-y lg-y\" id=\"image_523801079\">\n\t\t<a class=\"image-lightbox lightbox-gallery\" title=\"\" href=\"https:\/\/www.chantegrive.ch\/wp-content\/uploads\/2019\/08\/vin-prime-crescendo-cabernet-franc-2015-domaine-de-chantegrive-800x800.jpg\">\t\t\t\t\t\t<div class=\"img-inner dark\" >\n\t\t\t<img loading=\"lazy\" decoding=\"async\" width=\"800\" height=\"800\" src=\"https:\/\/www.chantegrive.ch\/wp-content\/uploads\/2019\/08\/vin-prime-crescendo-cabernet-franc-2015-domaine-de-chantegrive-800x800.jpg\" class=\"attachment-large size-large\" alt=\"Crescendo Cabernet Franc 2015 1er prix M\u00e9daille d&#039;or S\u00e9lection des vins vaudois 2017\" srcset=\"https:\/\/www.chantegrive.ch\/wp-content\/uploads\/2019\/08\/vin-prime-crescendo-cabernet-franc-2015-domaine-de-chantegrive-800x800.jpg 800w, https:\/\/www.chantegrive.ch\/wp-content\/uploads\/2019\/08\/vin-prime-crescendo-cabernet-franc-2015-domaine-de-chantegrive-400x400.jpg 400w, https:\/\/www.chantegrive.ch\/wp-content\/uploads\/2019\/08\/vin-prime-crescendo-cabernet-franc-2015-domaine-de-chantegrive-280x280.jpg 280w, https:\/\/www.chantegrive.ch\/wp-content\/uploads\/2019\/08\/vin-prime-crescendo-cabernet-franc-2015-domaine-de-chantegrive-768x768.jpg 768w, https:\/\/www.chantegrive.ch\/wp-content\/uploads\/2019\/08\/vin-prime-crescendo-cabernet-franc-2015-domaine-de-chantegrive-510x510.jpg 510w, https:\/\/www.chantegrive.ch\/wp-content\/uploads\/2019\/08\/vin-prime-crescendo-cabernet-franc-2015-domaine-de-chantegrive-100x100.jpg 100w, https:\/\/www.chantegrive.ch\/wp-content\/uploads\/2019\/08\/vin-prime-crescendo-cabernet-franc-2015-domaine-de-chantegrive.jpg 900w\" sizes=\"auto, (max-width: 800px) 100vw, 800px\" \/>\t\t\t\t\t\t\n\t\t\t\t\t\t\t<div class=\"caption\">Crescendo Cabernet Franc 2015 1er prix M\u00e9daille d'or<\/div>\n\t\t\t\t\t<\/div>\n\t\t\t\t\t\t<\/a>\t\t\n<style>\n#image_523801079 {\n  width: 100%;\n}\n<\/style>\n\t<\/div>\n\t\n\t<div class=\"img has-hover x md-x lg-x y md-y lg-y\" id=\"image_1588999215\">\n\t\t<a class=\"image-lightbox lightbox-gallery\" title=\"\" href=\"https:\/\/www.chantegrive.ch\/wp-content\/uploads\/2019\/08\/vin-prime-chasselas-coteau-de-vincy-2016-domaine-de-chantegrive-800x800.jpg\">\t\t\t\t\t\t<div class=\"img-inner dark\" >\n\t\t\t<img loading=\"lazy\" decoding=\"async\" width=\"800\" height=\"800\" src=\"https:\/\/www.chantegrive.ch\/wp-content\/uploads\/2019\/08\/vin-prime-chasselas-coteau-de-vincy-2016-domaine-de-chantegrive-800x800.jpg\" class=\"attachment-large size-large\" alt=\"C\u00f4teau-de-Vincy 2016 M\u00e9daille d&#039;or S\u00e9lection des vins vaudois 2017\" srcset=\"https:\/\/www.chantegrive.ch\/wp-content\/uploads\/2019\/08\/vin-prime-chasselas-coteau-de-vincy-2016-domaine-de-chantegrive-800x800.jpg 800w, https:\/\/www.chantegrive.ch\/wp-content\/uploads\/2019\/08\/vin-prime-chasselas-coteau-de-vincy-2016-domaine-de-chantegrive-400x400.jpg 400w, https:\/\/www.chantegrive.ch\/wp-content\/uploads\/2019\/08\/vin-prime-chasselas-coteau-de-vincy-2016-domaine-de-chantegrive-280x280.jpg 280w, https:\/\/www.chantegrive.ch\/wp-content\/uploads\/2019\/08\/vin-prime-chasselas-coteau-de-vincy-2016-domaine-de-chantegrive-768x768.jpg 768w, https:\/\/www.chantegrive.ch\/wp-content\/uploads\/2019\/08\/vin-prime-chasselas-coteau-de-vincy-2016-domaine-de-chantegrive-510x510.jpg 510w, https:\/\/www.chantegrive.ch\/wp-content\/uploads\/2019\/08\/vin-prime-chasselas-coteau-de-vincy-2016-domaine-de-chantegrive-100x100.jpg 100w, https:\/\/www.chantegrive.ch\/wp-content\/uploads\/2019\/08\/vin-prime-chasselas-coteau-de-vincy-2016-domaine-de-chantegrive.jpg 900w\" sizes=\"auto, (max-width: 800px) 100vw, 800px\" \/>\t\t\t\t\t\t\n\t\t\t\t\t\t\t<div class=\"caption\">C\u00f4teau-de-Vincy 2016 M\u00e9daille d'or<\/div>\n\t\t\t\t\t<\/div>\n\t\t\t\t\t\t<\/a>\t\t\n<style>\n#image_1588999215 {\n  width: 100%;\n}\n<\/style>\n\t<\/div>\n\t\n\t\t<\/div>\n\t\t\t\t\t<\/div>\n\n\t\n\n\t<div id=\"col-1252980246\" class=\"col medium-3 small-12 large-3\"  >\n\t\t\t\t<div class=\"col-inner\"  >\n\t\t\t\n\t\t\t\n\t<div class=\"img has-hover x md-x lg-x y md-y lg-y\" id=\"image_1042898833\">\n\t\t<a class=\"image-lightbox lightbox-gallery\" title=\"\" href=\"https:\/\/www.chantegrive.ch\/wp-content\/uploads\/2019\/08\/vin-prime-arioso-2016-domaine-de-chantegrive-800x800.jpg\">\t\t\t\t\t\t<div class=\"img-inner dark\" >\n\t\t\t<img loading=\"lazy\" decoding=\"async\" width=\"800\" height=\"800\" src=\"https:\/\/www.chantegrive.ch\/wp-content\/uploads\/2019\/08\/vin-prime-arioso-2016-domaine-de-chantegrive-800x800.jpg\" class=\"attachment-large size-large\" alt=\"Arioso 2016 M\u00e9daille d&#039;or S\u00e9lection des vins vaudois 2017\" srcset=\"https:\/\/www.chantegrive.ch\/wp-content\/uploads\/2019\/08\/vin-prime-arioso-2016-domaine-de-chantegrive-800x800.jpg 800w, https:\/\/www.chantegrive.ch\/wp-content\/uploads\/2019\/08\/vin-prime-arioso-2016-domaine-de-chantegrive-400x400.jpg 400w, https:\/\/www.chantegrive.ch\/wp-content\/uploads\/2019\/08\/vin-prime-arioso-2016-domaine-de-chantegrive-280x280.jpg 280w, https:\/\/www.chantegrive.ch\/wp-content\/uploads\/2019\/08\/vin-prime-arioso-2016-domaine-de-chantegrive-768x768.jpg 768w, https:\/\/www.chantegrive.ch\/wp-content\/uploads\/2019\/08\/vin-prime-arioso-2016-domaine-de-chantegrive-510x510.jpg 510w, https:\/\/www.chantegrive.ch\/wp-content\/uploads\/2019\/08\/vin-prime-arioso-2016-domaine-de-chantegrive-100x100.jpg 100w, https:\/\/www.chantegrive.ch\/wp-content\/uploads\/2019\/08\/vin-prime-arioso-2016-domaine-de-chantegrive.jpg 900w\" sizes=\"auto, (max-width: 800px) 100vw, 800px\" \/>\t\t\t\t\t\t\n\t\t\t\t\t\t\t<div class=\"caption\">Arioso 2016 M\u00e9daille d'or<\/div>\n\t\t\t\t\t<\/div>\n\t\t\t\t\t\t<\/a>\t\t\n<style>\n#image_1042898833 {\n  width: 100%;\n}\n<\/style>\n\t<\/div>\n\t\n\t<div class=\"img has-hover x md-x lg-x y md-y lg-y\" id=\"image_1138439475\">\n\t\t<a class=\"image-lightbox lightbox-gallery\" title=\"\" href=\"https:\/\/www.chantegrive.ch\/wp-content\/uploads\/2019\/08\/vin-prime-chasselas-ambitus-2016-domaine-de-chantegrive-800x800.jpg\">\t\t\t\t\t\t<div class=\"img-inner dark\" >\n\t\t\t<img loading=\"lazy\" decoding=\"async\" width=\"800\" height=\"800\" src=\"https:\/\/www.chantegrive.ch\/wp-content\/uploads\/2019\/08\/vin-prime-chasselas-ambitus-2016-domaine-de-chantegrive-800x800.jpg\" class=\"attachment-large size-large\" alt=\"Ambitus 2016 M\u00e9daille d&#039;argent S\u00e9lection des vins vaudois 2017\" srcset=\"https:\/\/www.chantegrive.ch\/wp-content\/uploads\/2019\/08\/vin-prime-chasselas-ambitus-2016-domaine-de-chantegrive-800x800.jpg 800w, https:\/\/www.chantegrive.ch\/wp-content\/uploads\/2019\/08\/vin-prime-chasselas-ambitus-2016-domaine-de-chantegrive-400x400.jpg 400w, https:\/\/www.chantegrive.ch\/wp-content\/uploads\/2019\/08\/vin-prime-chasselas-ambitus-2016-domaine-de-chantegrive-280x280.jpg 280w, https:\/\/www.chantegrive.ch\/wp-content\/uploads\/2019\/08\/vin-prime-chasselas-ambitus-2016-domaine-de-chantegrive-768x768.jpg 768w, https:\/\/www.chantegrive.ch\/wp-content\/uploads\/2019\/08\/vin-prime-chasselas-ambitus-2016-domaine-de-chantegrive-510x510.jpg 510w, https:\/\/www.chantegrive.ch\/wp-content\/uploads\/2019\/08\/vin-prime-chasselas-ambitus-2016-domaine-de-chantegrive-100x100.jpg 100w, https:\/\/www.chantegrive.ch\/wp-content\/uploads\/2019\/08\/vin-prime-chasselas-ambitus-2016-domaine-de-chantegrive.jpg 900w\" sizes=\"auto, (max-width: 800px) 100vw, 800px\" \/>\t\t\t\t\t\t\n\t\t\t\t\t\t\t<div class=\"caption\">Ambitus 2016 M\u00e9daille d'argent<\/div>\n\t\t\t\t\t<\/div>\n\t\t\t\t\t\t<\/a>\t\t\n<style>\n#image_1138439475 {\n  width: 100%;\n}\n<\/style>\n\t<\/div>\n\t\n\t<div class=\"img has-hover x md-x lg-x y md-y lg-y\" id=\"image_1808102379\">\n\t\t<a class=\"image-lightbox lightbox-gallery\" title=\"\" href=\"https:\/\/www.chantegrive.ch\/wp-content\/uploads\/2019\/08\/vin-prime-chasselas-mont-sur-rolle-2016-domaine-de-chantegrive-800x800.jpg\">\t\t\t\t\t\t<div class=\"img-inner dark\" >\n\t\t\t<img loading=\"lazy\" decoding=\"async\" width=\"800\" height=\"800\" src=\"https:\/\/www.chantegrive.ch\/wp-content\/uploads\/2019\/08\/vin-prime-chasselas-mont-sur-rolle-2016-domaine-de-chantegrive-800x800.jpg\" class=\"attachment-large size-large\" alt=\"Mont-sur-Rolle 2016 M\u00e9daille d&#039;argent S\u00e9lection des vins vaudois 2017\" srcset=\"https:\/\/www.chantegrive.ch\/wp-content\/uploads\/2019\/08\/vin-prime-chasselas-mont-sur-rolle-2016-domaine-de-chantegrive-800x800.jpg 800w, https:\/\/www.chantegrive.ch\/wp-content\/uploads\/2019\/08\/vin-prime-chasselas-mont-sur-rolle-2016-domaine-de-chantegrive-400x400.jpg 400w, https:\/\/www.chantegrive.ch\/wp-content\/uploads\/2019\/08\/vin-prime-chasselas-mont-sur-rolle-2016-domaine-de-chantegrive-280x280.jpg 280w, https:\/\/www.chantegrive.ch\/wp-content\/uploads\/2019\/08\/vin-prime-chasselas-mont-sur-rolle-2016-domaine-de-chantegrive-768x768.jpg 768w, https:\/\/www.chantegrive.ch\/wp-content\/uploads\/2019\/08\/vin-prime-chasselas-mont-sur-rolle-2016-domaine-de-chantegrive-510x510.jpg 510w, https:\/\/www.chantegrive.ch\/wp-content\/uploads\/2019\/08\/vin-prime-chasselas-mont-sur-rolle-2016-domaine-de-chantegrive-100x100.jpg 100w, https:\/\/www.chantegrive.ch\/wp-content\/uploads\/2019\/08\/vin-prime-chasselas-mont-sur-rolle-2016-domaine-de-chantegrive.jpg 900w\" sizes=\"auto, (max-width: 800px) 100vw, 800px\" \/>\t\t\t\t\t\t\n\t\t\t\t\t\t\t<div class=\"caption\">Mont-sur-Rolle 2016 M\u00e9daille d'argent<\/div>\n\t\t\t\t\t<\/div>\n\t\t\t\t\t\t<\/a>\t\t\n<style>\n#image_1808102379 {\n  width: 100%;\n}\n<\/style>\n\t<\/div>\n\t\n\t\t<\/div>\n\t\t\t\t\t<\/div>\n\n\t\n<\/div>\n\t\t<\/div>\n\t\t\t\t\t<\/div>\n\n\t\n<\/div>\n<div class=\"row\"  id=\"row-468646014\">\n\t<div id=\"gap-1876100631\" class=\"gap-element clearfix\" style=\"display:block; height:auto;\">\n\t\t\n<style>\n#gap-1876100631 {\n  padding-top: 30px;\n}\n<\/style>\n\t<\/div>\n\t\n<\/div>\n","protected":false},"excerpt":{"rendered":"","protected":false},"author":1,"featured_media":7594,"parent":0,"menu_order":0,"comment_status":"closed","ping_status":"closed","template":"","meta":{"iawp_total_views":0,"footnotes":""},"class_list":["post-2322","page","type-page","status-publish","has-post-thumbnail","hentry"],"yoast_head":"<!-- This site is optimized with the Yoast SEO plugin v27.5 - https:\/\/yoast.com\/product\/yoast-seo-wordpress\/ -->\n<title>Award-winning wines 2017 Domaine de Chantegrive<\/title>\n<meta name=\"description\" content=\"Prize 2017 Domaine de Chantegrive - 5 Awards including a gold medal at the Office des Vaudois wines with the Crescendo Cabernet Franc 2015...\" \/>\n<meta name=\"robots\" content=\"index, follow, max-snippet:-1, max-image-preview:large, max-video-preview:-1\" \/>\n<link rel=\"canonical\" href=\"https:\/\/www.chantegrive.ch\/en\/award-winning-wines-2017\/\" \/>\n<meta property=\"og:locale\" content=\"en_US\" \/>\n<meta property=\"og:type\" content=\"article\" \/>\n<meta property=\"og:title\" content=\"Award-winning wines 2017 Domaine de Chantegrive\" \/>\n<meta property=\"og:description\" content=\"Prize 2017 Domaine de Chantegrive - 5 Awards including a gold medal at the Office des Vaudois wines with the Crescendo Cabernet Franc 2015...\" \/>\n<meta property=\"og:url\" content=\"https:\/\/www.chantegrive.ch\/en\/award-winning-wines-2017\/\" \/>\n<meta property=\"og:site_name\" content=\"Domaine de Chantegrive\" \/>\n<meta property=\"article:publisher\" content=\"https:\/\/www.facebook.com\/domainedechantegrive\/\" \/>\n<meta property=\"article:modified_time\" content=\"2020-05-16T06:54:48+00:00\" \/>\n<meta property=\"og:image\" content=\"https:\/\/www.chantegrive.ch\/wp-content\/uploads\/2019\/11\/2017-vins-primes-domaine-de-chantegrive.jpg\" \/>\n\t<meta property=\"og:image:width\" content=\"1200\" \/>\n\t<meta property=\"og:image:height\" content=\"630\" \/>\n\t<meta property=\"og:image:type\" content=\"image\/jpeg\" \/>\n<meta name=\"twitter:card\" content=\"summary_large_image\" \/>\n<meta name=\"twitter:label1\" content=\"Est. reading time\" \/>\n\t<meta name=\"twitter:data1\" content=\"1 minute\" \/>\n<script type=\"application\/ld+json\" class=\"yoast-schema-graph\">{\"@context\":\"https:\\\/\\\/schema.org\",\"@graph\":[{\"@type\":\"WebPage\",\"@id\":\"https:\\\/\\\/www.chantegrive.ch\\\/en\\\/award-winning-wines-2017\\\/\",\"url\":\"https:\\\/\\\/www.chantegrive.ch\\\/en\\\/award-winning-wines-2017\\\/\",\"name\":\"Award-winning wines 2017 Domaine de Chantegrive\",\"isPartOf\":{\"@id\":\"https:\\\/\\\/www.chantegrive.ch\\\/#website\"},\"primaryImageOfPage\":{\"@id\":\"https:\\\/\\\/www.chantegrive.ch\\\/en\\\/award-winning-wines-2017\\\/#primaryimage\"},\"image\":{\"@id\":\"https:\\\/\\\/www.chantegrive.ch\\\/en\\\/award-winning-wines-2017\\\/#primaryimage\"},\"thumbnailUrl\":\"https:\\\/\\\/www.chantegrive.ch\\\/wp-content\\\/uploads\\\/2019\\\/11\\\/2017-vins-primes-domaine-de-chantegrive.jpg\",\"datePublished\":\"2017-07-22T19:31:45+00:00\",\"dateModified\":\"2020-05-16T06:54:48+00:00\",\"description\":\"Prize 2017 Domaine de Chantegrive - 5 Awards including a gold medal at the Office des Vaudois wines with the Crescendo Cabernet Franc 2015...\",\"breadcrumb\":{\"@id\":\"https:\\\/\\\/www.chantegrive.ch\\\/en\\\/award-winning-wines-2017\\\/#breadcrumb\"},\"inLanguage\":\"en-US\",\"potentialAction\":[{\"@type\":\"ReadAction\",\"target\":[\"https:\\\/\\\/www.chantegrive.ch\\\/en\\\/award-winning-wines-2017\\\/\"]}]},{\"@type\":\"ImageObject\",\"inLanguage\":\"en-US\",\"@id\":\"https:\\\/\\\/www.chantegrive.ch\\\/en\\\/award-winning-wines-2017\\\/#primaryimage\",\"url\":\"https:\\\/\\\/www.chantegrive.ch\\\/wp-content\\\/uploads\\\/2019\\\/11\\\/2017-vins-primes-domaine-de-chantegrive.jpg\",\"contentUrl\":\"https:\\\/\\\/www.chantegrive.ch\\\/wp-content\\\/uploads\\\/2019\\\/11\\\/2017-vins-primes-domaine-de-chantegrive.jpg\",\"width\":1200,\"height\":630,\"caption\":\"2017 Vins Prim\u00e9s\"},{\"@type\":\"BreadcrumbList\",\"@id\":\"https:\\\/\\\/www.chantegrive.ch\\\/en\\\/award-winning-wines-2017\\\/#breadcrumb\",\"itemListElement\":[{\"@type\":\"ListItem\",\"position\":1,\"name\":\"Accueil\",\"item\":\"https:\\\/\\\/www.chantegrive.ch\\\/en\\\/\"},{\"@type\":\"ListItem\",\"position\":2,\"name\":\"Award-winning wines 2017\"}]},{\"@type\":\"WebSite\",\"@id\":\"https:\\\/\\\/www.chantegrive.ch\\\/#website\",\"url\":\"https:\\\/\\\/www.chantegrive.ch\\\/\",\"name\":\"Domaine de Chantegrive\",\"description\":\"Vins Alain Rolaz &amp; fils\",\"potentialAction\":[{\"@type\":\"SearchAction\",\"target\":{\"@type\":\"EntryPoint\",\"urlTemplate\":\"https:\\\/\\\/www.chantegrive.ch\\\/?s={search_term_string}\"},\"query-input\":{\"@type\":\"PropertyValueSpecification\",\"valueRequired\":true,\"valueName\":\"search_term_string\"}}],\"inLanguage\":\"en-US\"}]}<\/script>\n<!-- \/ Yoast SEO plugin. -->","yoast_head_json":{"title":"Award-winning wines 2017 Domaine de Chantegrive","description":"Prize 2017 Domaine de Chantegrive - 5 Awards including a gold medal at the Office des Vaudois wines with the Crescendo Cabernet Franc 2015...","robots":{"index":"index","follow":"follow","max-snippet":"max-snippet:-1","max-image-preview":"max-image-preview:large","max-video-preview":"max-video-preview:-1"},"canonical":"https:\/\/www.chantegrive.ch\/en\/award-winning-wines-2017\/","og_locale":"en_US","og_type":"article","og_title":"Award-winning wines 2017 Domaine de Chantegrive","og_description":"Prize 2017 Domaine de Chantegrive - 5 Awards including a gold medal at the Office des Vaudois wines with the Crescendo Cabernet Franc 2015...","og_url":"https:\/\/www.chantegrive.ch\/en\/award-winning-wines-2017\/","og_site_name":"Domaine de Chantegrive","article_publisher":"https:\/\/www.facebook.com\/domainedechantegrive\/","article_modified_time":"2020-05-16T06:54:48+00:00","og_image":[{"width":1200,"height":630,"url":"https:\/\/www.chantegrive.ch\/wp-content\/uploads\/2019\/11\/2017-vins-primes-domaine-de-chantegrive.jpg","type":"image\/jpeg"}],"twitter_card":"summary_large_image","twitter_misc":{"Est. reading time":"1 minute"},"schema":{"@context":"https:\/\/schema.org","@graph":[{"@type":"WebPage","@id":"https:\/\/www.chantegrive.ch\/en\/award-winning-wines-2017\/","url":"https:\/\/www.chantegrive.ch\/en\/award-winning-wines-2017\/","name":"Award-winning wines 2017 Domaine de Chantegrive","isPartOf":{"@id":"https:\/\/www.chantegrive.ch\/#website"},"primaryImageOfPage":{"@id":"https:\/\/www.chantegrive.ch\/en\/award-winning-wines-2017\/#primaryimage"},"image":{"@id":"https:\/\/www.chantegrive.ch\/en\/award-winning-wines-2017\/#primaryimage"},"thumbnailUrl":"https:\/\/www.chantegrive.ch\/wp-content\/uploads\/2019\/11\/2017-vins-primes-domaine-de-chantegrive.jpg","datePublished":"2017-07-22T19:31:45+00:00","dateModified":"2020-05-16T06:54:48+00:00","description":"Prize 2017 Domaine de Chantegrive - 5 Awards including a gold medal at the Office des Vaudois wines with the Crescendo Cabernet Franc 2015...","breadcrumb":{"@id":"https:\/\/www.chantegrive.ch\/en\/award-winning-wines-2017\/#breadcrumb"},"inLanguage":"en-US","potentialAction":[{"@type":"ReadAction","target":["https:\/\/www.chantegrive.ch\/en\/award-winning-wines-2017\/"]}]},{"@type":"ImageObject","inLanguage":"en-US","@id":"https:\/\/www.chantegrive.ch\/en\/award-winning-wines-2017\/#primaryimage","url":"https:\/\/www.chantegrive.ch\/wp-content\/uploads\/2019\/11\/2017-vins-primes-domaine-de-chantegrive.jpg","contentUrl":"https:\/\/www.chantegrive.ch\/wp-content\/uploads\/2019\/11\/2017-vins-primes-domaine-de-chantegrive.jpg","width":1200,"height":630,"caption":"2017 Vins Prim\u00e9s"},{"@type":"BreadcrumbList","@id":"https:\/\/www.chantegrive.ch\/en\/award-winning-wines-2017\/#breadcrumb","itemListElement":[{"@type":"ListItem","position":1,"name":"Accueil","item":"https:\/\/www.chantegrive.ch\/en\/"},{"@type":"ListItem","position":2,"name":"Award-winning wines 2017"}]},{"@type":"WebSite","@id":"https:\/\/www.chantegrive.ch\/#website","url":"https:\/\/www.chantegrive.ch\/","name":"Domaine de Chantegrive","description":"Vins Alain Rolaz &amp; fils","potentialAction":[{"@type":"SearchAction","target":{"@type":"EntryPoint","urlTemplate":"https:\/\/www.chantegrive.ch\/?s={search_term_string}"},"query-input":{"@type":"PropertyValueSpecification","valueRequired":true,"valueName":"search_term_string"}}],"inLanguage":"en-US"}]}},"_links":{"self":[{"href":"https:\/\/www.chantegrive.ch\/en\/wp-json\/wp\/v2\/pages\/2322","targetHints":{"allow":["GET"]}}],"collection":[{"href":"https:\/\/www.chantegrive.ch\/en\/wp-json\/wp\/v2\/pages"}],"about":[{"href":"https:\/\/www.chantegrive.ch\/en\/wp-json\/wp\/v2\/types\/page"}],"author":[{"embeddable":true,"href":"https:\/\/www.chantegrive.ch\/en\/wp-json\/wp\/v2\/users\/1"}],"replies":[{"embeddable":true,"href":"https:\/\/www.chantegrive.ch\/en\/wp-json\/wp\/v2\/comments?post=2322"}],"version-history":[{"count":0,"href":"https:\/\/www.chantegrive.ch\/en\/wp-json\/wp\/v2\/pages\/2322\/revisions"}],"wp:featuredmedia":[{"embeddable":true,"href":"https:\/\/www.chantegrive.ch\/en\/wp-json\/wp\/v2\/media\/7594"}],"wp:attachment":[{"href":"https:\/\/www.chantegrive.ch\/en\/wp-json\/wp\/v2\/media?parent=2322"}],"curies":[{"name":"wp","href":"https:\/\/api.w.org\/{rel}","templated":true}]}}