{"id":2407,"date":"2017-07-02T13:46:12","date_gmt":"2017-07-02T11:46:12","guid":{"rendered":"https:\/\/www.chantegrive.ch\/protection-des-donnees\/"},"modified":"2017-07-23T11:54:34","modified_gmt":"2017-07-23T09:54:34","slug":"data-protection","status":"publish","type":"page","link":"https:\/\/www.chantegrive.ch\/en\/data-protection\/","title":{"rendered":"Data protection"},"content":{"rendered":"\n\t<section class=\"section\" id=\"section_1973025385\">\n\t\t<div class=\"section-bg fill\" >\n\t\t\t\t\t\t\t\t\t<div class=\"section-bg-overlay absolute fill\"><\/div>\n\t\t\t\n\n\t\t<\/div>\n\n\t\t\n\n\t\t<div class=\"section-content relative\">\n\t\t\t\n<div class=\"row row-large align-center\"  id=\"row-781697960\">\n\n\t<div id=\"col-2052354666\" class=\"col large-12\"  >\n\t\t\t\t<div class=\"col-inner\"  >\n\t\t\t\n\t\t\t\n\t<div class=\"img has-hover x md-x lg-x y md-y lg-y\" id=\"image_1150233662\">\n\t\t\t\t\t\t\t\t<div class=\"img-inner dark\" >\n\t\t\t<img loading=\"lazy\" decoding=\"async\" width=\"1020\" height=\"765\" src=\"https:\/\/www.chantegrive.ch\/wp-content\/uploads\/2017\/05\/vignes-domaine-de-chantegrive-1.jpg\" class=\"attachment-large size-large\" alt=\"Vignes juin Domaine de Chantegrive\" srcset=\"https:\/\/www.chantegrive.ch\/wp-content\/uploads\/2017\/05\/vignes-domaine-de-chantegrive-1.jpg 1024w, https:\/\/www.chantegrive.ch\/wp-content\/uploads\/2017\/05\/vignes-domaine-de-chantegrive-1-533x400.jpg 533w, https:\/\/www.chantegrive.ch\/wp-content\/uploads\/2017\/05\/vignes-domaine-de-chantegrive-1-768x576.jpg 768w, https:\/\/www.chantegrive.ch\/wp-content\/uploads\/2017\/05\/vignes-domaine-de-chantegrive-1-510x383.jpg 510w\" sizes=\"auto, (max-width: 1020px) 100vw, 1020px\" \/>\t\t\t\t\t\t\n\t\t\t\t\t<\/div>\n\t\t\t\t\t\t\t\t\n<style>\n#image_1150233662 {\n  width: 100%;\n}\n<\/style>\n\t<\/div>\n\t\n\t\t<\/div>\n\t\t\t\t\t<\/div>\n\n\t\n\n\t<div id=\"col-2107884961\" class=\"col medium-7 small-12 large-7\"  >\n\t\t\t\t<div class=\"col-inner text-center\"  >\n\t\t\t\n\t\t\t\n<p>\u00a0<\/p>\n<h1 style=\"text-align: left;\">Protection des donn\u00e9es<\/h1>\n<p>\u00a0<\/p>\n<div id=\"row-1951287396\" class=\"row\">\n<div class=\"col medium-1\/1 large-12\">\n<div class=\"col-inner\">\n<h2 style=\"text-align: left;\">D\u00e9claration relative \u00e0 la protection des donn\u00e9es personnelles<\/h2>\n<\/div>\n<\/div>\n<\/div>\n<div id=\"row-293092897\" class=\"row\" style=\"text-align: left;\">\n<div class=\"col medium-1\/1 large-12\">\n<div class=\"col-inner\">\n<p>Le Domaine de Chantegrive attache une grande importance \u00e0 la protection de la vie priv\u00e9e, et en particulier \u00e0 la protection des donn\u00e9es. Nous traitons les donn\u00e9es saisies avec le plus grand soin et respectons les dispositions de la l\u00e9gislation suisse en mati\u00e8re de protection des donn\u00e9es personnelles.<\/p>\n<p>La pr\u00e9sente d\u00e9claration sur la protection des donn\u00e9es peut \u00eatre modifi\u00e9e \u00e0 tout moment par les Laboratoires Bioligo SA, nous vous invitons \u00e0 la consulter r\u00e9guli\u00e8rement.<\/p>\n<\/div>\n<\/div>\n<\/div>\n<div id=\"row-1171972198\" class=\"row\" style=\"text-align: left;\">\n<div class=\"col medium-1\/1 large-12\">\n<div class=\"col-inner\">\n<div class=\"is-divider divider clearfix\">\u00a0<\/div>\n<h2>1) Collecte de vos donn\u00e9es personnelles<\/h2>\n<p>Le Domaine de Chantegrive collecte les informations personnelles que vous indiquez\u00a0notamment lorsque vous cr\u00e9ez un compte, achetez un produit sur le site, naviguez sur le site et consultez des produits.<\/p>\n<p>Le caract\u00e8re obligatoire des donn\u00e9es \u00e0 fournir vous est signal\u00e9 lors de la collecte par un ast\u00e9risque. En plus des informations saisies d\u00e9lib\u00e9r\u00e9ment, certaines donn\u00e9es sont collect\u00e9es automatiquement lors de votre navigation (voir point 5. Utilisation de cookies).<\/p>\n<\/div>\n<\/div>\n<\/div>\n<div id=\"row-1644575671\" class=\"row\" style=\"text-align: left;\">\n<div class=\"col medium-1\/1 large-12\">\n<div class=\"col-inner\">\n<div class=\"is-divider divider clearfix\">\u00a0<\/div>\n<h2>2) Utilisation des donn\u00e9es personnelles par le Domaine de Chantegrive<\/h2>\n<p>Les informations personnelles sont collect\u00e9es pour le bon d\u00e9roulement des op\u00e9rations commerciales ainsi qu\u2019\u00e0 des fins marketing et sont trait\u00e9es de mani\u00e8re confidentielle. Seules les informations n\u00e9cessaires au traitement de vos commandes sont enregistr\u00e9es chez nous.<\/p>\n<p>Vos donn\u00e9es personnelles ne sont pas transmises \u00e0 des tiers, sauf si une obligation l\u00e9gale impose de le faire, ou que l\u2019ex\u00e9cution de votre commande demande le recours \u00e0 l\u2019un de nos prestataires partenaires (prestataires de paiement, transporteurs, prestataires de contr\u00f4le de solvabilit\u00e9).<\/p>\n<\/div>\n<\/div>\n<\/div>\n<div id=\"row-1185350650\" class=\"row\" style=\"text-align: left;\">\n<div class=\"col medium-1\/1 large-12\">\n<div class=\"col-inner\">\n<div class=\"is-divider divider clearfix\">\u00a0<\/div>\n<h2>3)\u00a0Rectification de vos donn\u00e9es personnelles<\/h2>\n<p>Depuis votre compte, vous pouvez vous-m\u00eame mettre \u00e0 jour \u00e0 tout moment vos informations personnelles. Si vous avez cr\u00e9\u00e9 un compte et souhaitez le cl\u00f4turer, veuillez nous en faire la demande par e-mail \u00e0 l\u2019adresse <a href=\"mailto:info@chantegrive.ch\">info@chantegrive.ch<\/a> ou par courrier \u00e0 l\u2019adresse suivante : Alain Rolaz Domaine de Chantegrive. Ainsi, vos donn\u00e9es personnelles seront effac\u00e9es dans la mesure o\u00f9 aucune obligation l\u00e9gale de conservation ne s\u2019y oppose.<\/p>\n<\/div>\n<\/div>\n<\/div>\n<div id=\"row-256309395\" class=\"row\" style=\"text-align: left;\">\n<div class=\"col medium-1\/1 large-12\">\n<div class=\"col-inner\">\n<div class=\"is-divider divider clearfix\">\u00a0<\/div>\n<h2>4) S\u00e9curit\u00e9 des paiements<\/h2>\n<p>L\u2019enregistrement et la transmission des donn\u00e9es de votre carte de cr\u00e9dit se font syst\u00e9matiquement sous forme crypt\u00e9e. L\u2019utilisation de la technologie de cryptage SSL (Secure Socket Layer) garantit que vos donn\u00e9es sont prot\u00e9g\u00e9es contre tout acc\u00e8s ext\u00e9rieur.<\/p>\n<p>Aucune donn\u00e9e relative \u00e0 votre carte n\u2019est trait\u00e9e ni enregistr\u00e9e au Domaine de Chantegrive. Vos donn\u00e9es sont directement trait\u00e9es via notre partenaire de paiement \u00e9lectronique s\u00e9curis\u00e9 SIX Payment services \u2013 www.six-payment-services.com.<\/p>\n<\/div>\n<\/div>\n<\/div>\n<div id=\"row-1639349509\" class=\"row\">\n<div class=\"col medium-1\/1 large-12\">\n<div class=\"col-inner\">\n<div class=\"is-divider divider clearfix\" style=\"text-align: left;\">\u00a0<\/div>\n<h2 style=\"text-align: left;\">5)\u00a0Utilisation de cookies<\/h2>\n<p style=\"text-align: left;\">Ce site utilise Google Analytics, un service d\u2019analyse de site internet fourni par Google Inc. Google Analytics utilise des cookies, qui sont des fichiers textes plac\u00e9s sur votre ordinateur, pour aider le site internet \u00e0 analyser l\u2019utilisation du site par ses utilisateurs. Les donn\u00e9es g\u00e9n\u00e9r\u00e9es par les cookies concernant votre utilisation du site (y compris votre adresse IP) seront transmises et stock\u00e9es par Google sur des serveurs situ\u00e9s aux Etats-Unis. Google utilisera cette information dans le but d\u2019\u00e9valuer votre utilisation du site, de compiler des rapports sur l\u2019activit\u00e9 du site \u00e0 destination de son \u00e9diteur et de fournir d\u2019autres services relatifs \u00e0 l\u2019activit\u00e9 du site et \u00e0 l\u2019utilisation d\u2019Internet. Google est susceptible de communiquer ces donn\u00e9es \u00e0 des tiers en cas d\u2019obligation l\u00e9gale ou lorsque ces tiers traitent ces donn\u00e9es pour le compte de Google, y compris notamment l\u2019\u00e9diteur de ce site. Google ne recoupera pas votre adresse IP avec toute autre donn\u00e9e d\u00e9tenue par Google. Vous pouvez d\u00e9sactiver l\u2019utilisation de cookies en s\u00e9lectionnant les param\u00e8tres appropri\u00e9s de votre navigateur. Cependant, une telle d\u00e9sactivation pourrait emp\u00eacher l\u2019utilisation de certaines fonctionnalit\u00e9s de ce site. En utilisant ce site internet, vous consentez express\u00e9ment au traitement de vos donn\u00e9es nominatives par Google dans les conditions et pour les finalit\u00e9s d\u00e9crites ci-dessus.<\/p>\n<\/div>\n<\/div>\n<\/div>\n\t\t<\/div>\n\t\t\t\t\t<\/div>\n\n\t\n<\/div>\n\t\t<\/div>\n\n\t\t\n<style>\n#section_1973025385 {\n  padding-top: 0px;\n  padding-bottom: 0px;\n}\n#section_1973025385 .section-bg-overlay {\n  background-color: rgba(255, 255, 255, 0.6);\n}\n<\/style>\n\t<\/section>\n\t\n","protected":false},"excerpt":{"rendered":"","protected":false},"author":1,"featured_media":1953,"parent":0,"menu_order":0,"comment_status":"closed","ping_status":"closed","template":"","meta":{"iawp_total_views":8,"footnotes":""},"class_list":["post-2407","page","type-page","status-publish","has-post-thumbnail","hentry"],"yoast_head":"<!-- This site is optimized with the Yoast SEO plugin v27.4 - https:\/\/yoast.com\/product\/yoast-seo-wordpress\/ -->\n<title>Data protection Domaine de Chantegrive<\/title>\n<meta name=\"description\" content=\"Data protection Domaine de Chantegrive\" \/>\n<meta name=\"robots\" content=\"index, follow, max-snippet:-1, max-image-preview:large, max-video-preview:-1\" \/>\n<link rel=\"canonical\" href=\"https:\/\/www.chantegrive.ch\/en\/data-protection\/\" \/>\n<meta property=\"og:locale\" content=\"en_US\" \/>\n<meta property=\"og:type\" content=\"article\" \/>\n<meta property=\"og:title\" content=\"Data protection Domaine de Chantegrive\" \/>\n<meta property=\"og:description\" content=\"Data protection Domaine de Chantegrive\" \/>\n<meta property=\"og:url\" content=\"https:\/\/www.chantegrive.ch\/en\/data-protection\/\" \/>\n<meta property=\"og:site_name\" content=\"Domaine de Chantegrive\" \/>\n<meta property=\"article:publisher\" content=\"https:\/\/www.facebook.com\/domainedechantegrive\/\" \/>\n<meta property=\"article:modified_time\" content=\"2017-07-23T09:54:34+00:00\" \/>\n<meta property=\"og:image\" content=\"https:\/\/www.chantegrive.ch\/wp-content\/uploads\/2016\/02\/opengraph-facebook-domaine-chantegrive.jpg\" \/>\n\t<meta property=\"og:image:width\" content=\"1200\" \/>\n\t<meta property=\"og:image:height\" content=\"630\" \/>\n\t<meta property=\"og:image:type\" content=\"image\/jpeg\" \/>\n<meta name=\"twitter:card\" content=\"summary_large_image\" \/>\n<meta name=\"twitter:label1\" content=\"Est. reading time\" \/>\n\t<meta name=\"twitter:data1\" content=\"4 minutes\" \/>\n<script type=\"application\/ld+json\" class=\"yoast-schema-graph\">{\"@context\":\"https:\\\/\\\/schema.org\",\"@graph\":[{\"@type\":\"WebPage\",\"@id\":\"https:\\\/\\\/www.chantegrive.ch\\\/en\\\/data-protection\\\/\",\"url\":\"https:\\\/\\\/www.chantegrive.ch\\\/en\\\/data-protection\\\/\",\"name\":\"Data protection Domaine de Chantegrive\",\"isPartOf\":{\"@id\":\"https:\\\/\\\/www.chantegrive.ch\\\/#website\"},\"primaryImageOfPage\":{\"@id\":\"https:\\\/\\\/www.chantegrive.ch\\\/en\\\/data-protection\\\/#primaryimage\"},\"image\":{\"@id\":\"https:\\\/\\\/www.chantegrive.ch\\\/en\\\/data-protection\\\/#primaryimage\"},\"thumbnailUrl\":\"https:\\\/\\\/www.chantegrive.ch\\\/wp-content\\\/uploads\\\/2016\\\/02\\\/opengraph-facebook-domaine-chantegrive.jpg\",\"datePublished\":\"2017-07-02T11:46:12+00:00\",\"dateModified\":\"2017-07-23T09:54:34+00:00\",\"description\":\"Data protection Domaine de Chantegrive\",\"breadcrumb\":{\"@id\":\"https:\\\/\\\/www.chantegrive.ch\\\/en\\\/data-protection\\\/#breadcrumb\"},\"inLanguage\":\"en-US\",\"potentialAction\":[{\"@type\":\"ReadAction\",\"target\":[\"https:\\\/\\\/www.chantegrive.ch\\\/en\\\/data-protection\\\/\"]}]},{\"@type\":\"ImageObject\",\"inLanguage\":\"en-US\",\"@id\":\"https:\\\/\\\/www.chantegrive.ch\\\/en\\\/data-protection\\\/#primaryimage\",\"url\":\"https:\\\/\\\/www.chantegrive.ch\\\/wp-content\\\/uploads\\\/2016\\\/02\\\/opengraph-facebook-domaine-chantegrive.jpg\",\"contentUrl\":\"https:\\\/\\\/www.chantegrive.ch\\\/wp-content\\\/uploads\\\/2016\\\/02\\\/opengraph-facebook-domaine-chantegrive.jpg\",\"width\":1200,\"height\":630,\"caption\":\"Vins Alain Rolaz Domaine de Chantegrive\"},{\"@type\":\"BreadcrumbList\",\"@id\":\"https:\\\/\\\/www.chantegrive.ch\\\/en\\\/data-protection\\\/#breadcrumb\",\"itemListElement\":[{\"@type\":\"ListItem\",\"position\":1,\"name\":\"Accueil\",\"item\":\"https:\\\/\\\/www.chantegrive.ch\\\/en\\\/\"},{\"@type\":\"ListItem\",\"position\":2,\"name\":\"Data protection\"}]},{\"@type\":\"WebSite\",\"@id\":\"https:\\\/\\\/www.chantegrive.ch\\\/#website\",\"url\":\"https:\\\/\\\/www.chantegrive.ch\\\/\",\"name\":\"Domaine de Chantegrive\",\"description\":\"Vins Alain Rolaz &amp; fils\",\"potentialAction\":[{\"@type\":\"SearchAction\",\"target\":{\"@type\":\"EntryPoint\",\"urlTemplate\":\"https:\\\/\\\/www.chantegrive.ch\\\/?s={search_term_string}\"},\"query-input\":{\"@type\":\"PropertyValueSpecification\",\"valueRequired\":true,\"valueName\":\"search_term_string\"}}],\"inLanguage\":\"en-US\"}]}<\/script>\n<!-- \/ Yoast SEO plugin. -->","yoast_head_json":{"title":"Data protection Domaine de Chantegrive","description":"Data protection Domaine de Chantegrive","robots":{"index":"index","follow":"follow","max-snippet":"max-snippet:-1","max-image-preview":"max-image-preview:large","max-video-preview":"max-video-preview:-1"},"canonical":"https:\/\/www.chantegrive.ch\/en\/data-protection\/","og_locale":"en_US","og_type":"article","og_title":"Data protection Domaine de Chantegrive","og_description":"Data protection Domaine de Chantegrive","og_url":"https:\/\/www.chantegrive.ch\/en\/data-protection\/","og_site_name":"Domaine de Chantegrive","article_publisher":"https:\/\/www.facebook.com\/domainedechantegrive\/","article_modified_time":"2017-07-23T09:54:34+00:00","og_image":[{"width":1200,"height":630,"url":"https:\/\/www.chantegrive.ch\/wp-content\/uploads\/2016\/02\/opengraph-facebook-domaine-chantegrive.jpg","type":"image\/jpeg"}],"twitter_card":"summary_large_image","twitter_misc":{"Est. reading time":"4 minutes"},"schema":{"@context":"https:\/\/schema.org","@graph":[{"@type":"WebPage","@id":"https:\/\/www.chantegrive.ch\/en\/data-protection\/","url":"https:\/\/www.chantegrive.ch\/en\/data-protection\/","name":"Data protection Domaine de Chantegrive","isPartOf":{"@id":"https:\/\/www.chantegrive.ch\/#website"},"primaryImageOfPage":{"@id":"https:\/\/www.chantegrive.ch\/en\/data-protection\/#primaryimage"},"image":{"@id":"https:\/\/www.chantegrive.ch\/en\/data-protection\/#primaryimage"},"thumbnailUrl":"https:\/\/www.chantegrive.ch\/wp-content\/uploads\/2016\/02\/opengraph-facebook-domaine-chantegrive.jpg","datePublished":"2017-07-02T11:46:12+00:00","dateModified":"2017-07-23T09:54:34+00:00","description":"Data protection Domaine de Chantegrive","breadcrumb":{"@id":"https:\/\/www.chantegrive.ch\/en\/data-protection\/#breadcrumb"},"inLanguage":"en-US","potentialAction":[{"@type":"ReadAction","target":["https:\/\/www.chantegrive.ch\/en\/data-protection\/"]}]},{"@type":"ImageObject","inLanguage":"en-US","@id":"https:\/\/www.chantegrive.ch\/en\/data-protection\/#primaryimage","url":"https:\/\/www.chantegrive.ch\/wp-content\/uploads\/2016\/02\/opengraph-facebook-domaine-chantegrive.jpg","contentUrl":"https:\/\/www.chantegrive.ch\/wp-content\/uploads\/2016\/02\/opengraph-facebook-domaine-chantegrive.jpg","width":1200,"height":630,"caption":"Vins Alain Rolaz Domaine de Chantegrive"},{"@type":"BreadcrumbList","@id":"https:\/\/www.chantegrive.ch\/en\/data-protection\/#breadcrumb","itemListElement":[{"@type":"ListItem","position":1,"name":"Accueil","item":"https:\/\/www.chantegrive.ch\/en\/"},{"@type":"ListItem","position":2,"name":"Data protection"}]},{"@type":"WebSite","@id":"https:\/\/www.chantegrive.ch\/#website","url":"https:\/\/www.chantegrive.ch\/","name":"Domaine de Chantegrive","description":"Vins Alain Rolaz &amp; fils","potentialAction":[{"@type":"SearchAction","target":{"@type":"EntryPoint","urlTemplate":"https:\/\/www.chantegrive.ch\/?s={search_term_string}"},"query-input":{"@type":"PropertyValueSpecification","valueRequired":true,"valueName":"search_term_string"}}],"inLanguage":"en-US"}]}},"_links":{"self":[{"href":"https:\/\/www.chantegrive.ch\/en\/wp-json\/wp\/v2\/pages\/2407","targetHints":{"allow":["GET"]}}],"collection":[{"href":"https:\/\/www.chantegrive.ch\/en\/wp-json\/wp\/v2\/pages"}],"about":[{"href":"https:\/\/www.chantegrive.ch\/en\/wp-json\/wp\/v2\/types\/page"}],"author":[{"embeddable":true,"href":"https:\/\/www.chantegrive.ch\/en\/wp-json\/wp\/v2\/users\/1"}],"replies":[{"embeddable":true,"href":"https:\/\/www.chantegrive.ch\/en\/wp-json\/wp\/v2\/comments?post=2407"}],"version-history":[{"count":0,"href":"https:\/\/www.chantegrive.ch\/en\/wp-json\/wp\/v2\/pages\/2407\/revisions"}],"wp:featuredmedia":[{"embeddable":true,"href":"https:\/\/www.chantegrive.ch\/en\/wp-json\/wp\/v2\/media\/1953"}],"wp:attachment":[{"href":"https:\/\/www.chantegrive.ch\/en\/wp-json\/wp\/v2\/media?parent=2407"}],"curies":[{"name":"wp","href":"https:\/\/api.w.org\/{rel}","templated":true}]}}