{"id":10019,"date":"2020-07-06T13:22:24","date_gmt":"2020-07-06T11:22:24","guid":{"rendered":"https:\/\/www.chantegrive.ch\/?post_type=product&#038;p=10019"},"modified":"2020-07-06T13:22:24","modified_gmt":"2020-07-06T11:22:24","slug":"box-through-the-saison-summer","status":"publish","type":"product","link":"https:\/\/www.chantegrive.ch\/en\/produit\/box-through-the-saison-summer\/","title":{"rendered":"Box Through the saison Summer"},"content":{"rendered":"<h2>Box Through the seasons &#8220;<strong>Summer<\/strong>&#8221; on sale this season!<\/h2>\n<h2><span style=\"padding-left: 20px;\">6 bottles 75cl <del>90<\/del>\u00a0CHF 81.-<\/span><br \/>\n<span style=\"padding-left: 20px;\">12 bottles 75cl <del>180<\/del>\u00a0CHF 162.-<\/span><\/h2>\n<p class=\"lead\">Discover an ideal set for your summer evenings. A wine for every moment.<\/p>\n<p>The ros\u00e9 &#8211; Bel Canto is ideal for your aperitifs on the terrace. Cantible is a light and fruity red wine which is ideal for BBQs, and can also be served chilled.<br \/>\nGamaret Crescendo is a powerful red wine that goes perfectly with beautiful pieces of red meat.<\/p>\n","protected":false},"excerpt":{"rendered":"<h3>A selection of wines for this summer!<\/h3>\n<p class=\"lead\"><span style=\"color: #ffffff; background-color: #8eb7aa;\">\u00a0ON SALE this season!\u00a0<\/span><\/p>\n<blockquote>\n<p class=\"lead\">Receive 1 box set composed by Alain Rolaz in two formats, <strong>6 bottles<\/strong> or <strong>12 bottles 75cl<\/strong>. A &#8220;Little thirst&#8221; formula <strong> 15 bottles 50cl <\/strong> is also available.<\/p>\n<\/blockquote>\n<div class=\"row\"  id=\"row-171399625\">\n\n\t<div id=\"col-2020504243\" class=\"col small-12 large-12\"  >\n\t\t\t\t<div class=\"col-inner\"  >\n\t\t\t\n\t\t\t\n<div class=\"row align-center\"  id=\"row-1648338354\">\n\n\t<div id=\"col-1266075332\" class=\"col medium-5 small-12 large-5\"  >\n\t\t\t\t<div class=\"col-inner\"  >\n\t\t\t\n\t\t\t\n<h3><strong>6 bottles<\/strong><\/h3>\n<p class=\"lead\" style=\"padding-left: 10px;\">1 set of wine coolers <strong>3x 2 bottles<\/strong> 75cl<br \/>\n<del>91<\/del> <strong>CHF 82.-<\/strong><\/p>\n<p><em>Package contents<\/em><\/p>\n<ul>\n<li>2x <span style=\"color: #3aa757;\"><strong>Bel Canto &#8211; Ros\u00e9<\/strong><\/span><\/li>\n<li>2x <span style=\"color: #3aa757;\"><strong>Cantabile &#8211; Assemblage rouge<\/strong><\/span><\/li>\n<li>2x <span style=\"color: #3aa757;\"><strong>Crescendo &#8211; Gamaret<\/strong><\/span><\/li>\n<\/ul>\n\t\t<\/div>\n\t\t\t\t\t<\/div>\n\n\t\n<\/div>\n<div class=\"row align-center\"  id=\"row-385871525\">\n\n\t<div id=\"col-488442167\" class=\"col medium-5 small-12 large-5\"  >\n\t\t\t\t<div class=\"col-inner\"  >\n\t\t\t\n\t\t\t\n<h3><strong>12 bottles<\/strong><\/h3>\n<p class=\"lead\" style=\"padding-left: 10px;\">1 set of wine coolers <strong>3x 4 bottles<\/strong> 75cl<br \/>\n<del>182<\/del> <strong>CHF 160.-<\/strong><\/p>\n<p><em>Package contents<\/em><\/p>\n<ul>\n<li>4x <span style=\"color: #3aa757;\"><strong>Bel Canto &#8211; Ros\u00e9\/strong&gt;<\/strong><\/span><\/li>\n<li>4x <span style=\"color: #3aa757;\"><strong>Cantabile &#8211; Assemblage rouge<\/strong><\/span><\/li>\n<li>4x <span style=\"color: #3aa757;\"><strong>Crescendo &#8211; Gamaret<\/strong><\/span><\/li>\n<\/ul>\n\t\t<\/div>\n\t\t\t\t\t<\/div>\n\n\t\n\n\t<div id=\"col-1996961331\" class=\"col medium-5 small-12 large-5\"  >\n\t\t\t\t<div class=\"col-inner\"  >\n\t\t\t\n\t\t\t\n<h3><strong>Little Thirst<\/strong><\/h3>\n<p class=\"lead\" style=\"padding-left: 10px;\">1 set of wine coolers <strong>3x 5 bottles<\/strong> 50cl<br \/>\n<del>146<\/del> <strong>CHF 130.-<\/strong><\/p>\n<p><em>Package contents<\/em><\/p>\n<ul>\n<li>5x <span style=\"color: #3aa757;\"><strong>Bel Canto Ros\u00e9<\/strong><\/span><\/li>\n<li>5x <span style=\"color: #3aa757;\"><strong>Coteau de Vincy<\/strong><\/span><\/li>\n<li>5x <span style=\"color: #3aa757;\"><strong>Symphonie Crescendo<\/strong><\/span><\/li>\n<\/ul>\n\t\t<\/div>\n\t\t\t\t\t<\/div>\n\n\t\n<\/div>\n\t\t<\/div>\n\t\t\t\t\t<\/div>\n\n\t\n<\/div>\n","protected":false},"featured_media":10004,"template":"","meta":{"iawp_total_views":1},"product_brand":[],"product_cat":[234],"product_tag":[],"class_list":{"0":"post-10019","1":"product","2":"type-product","3":"status-publish","4":"has-post-thumbnail","6":"product_cat-box-through-the-seasons","8":"first","9":"instock","10":"shipping-taxable","11":"purchasable","12":"product-type-variable","13":"add-to-wishlist-after_add_to_cart"},"group_of_quantity":0,"min_quantity":0,"max_quantity":"","exclude_order_quantity_value_rules":"no","exclude_category_quantity_rules":"no","combine_variations":"no","yoast_head":"<!-- This site is optimized with the Yoast SEO plugin v27.4 - https:\/\/yoast.com\/product\/yoast-seo-wordpress\/ -->\n<title>Coffret D\u00e9couverte Printemps Domaine de Chantegrive<\/title>\n<meta name=\"description\" content=\"2 coffrets D\u00e9couverte Printemps 6 ou 12 bouteilles : L&#039;Envol Sauvignon, Ambitus Chasselas et Soprano Pinot Noir.\" \/>\n<meta name=\"robots\" content=\"index, follow, max-snippet:-1, max-image-preview:large, max-video-preview:-1\" \/>\n<link rel=\"canonical\" href=\"https:\/\/www.chantegrive.ch\/en\/produit\/box-through-the-saison-summer\/\" \/>\n<meta property=\"og:locale\" content=\"en_US\" \/>\n<meta property=\"og:type\" content=\"article\" \/>\n<meta property=\"og:title\" content=\"Coffret Printemps Domaine de Chantegrive\" \/>\n<meta property=\"og:description\" content=\"Une s\u00e9lection de vins pour ce Coffret Printemps avec l&#039;Envol Sauvignon, un vin festif, frais et aromatiques, l&#039;Ambitus Chasselas, un vin \u00e9lev\u00e9 sur ses fines lies, ainsi que le Soprano Pinot Noir pour accompagner vos plats de viandes rouges, agneau, canard, ainsi que les fromages persill\u00e9s ou \u00e0 p\u00e2te molle.\" \/>\n<meta property=\"og:url\" content=\"https:\/\/www.chantegrive.ch\/en\/produit\/box-through-the-saison-summer\/\" \/>\n<meta property=\"og:site_name\" content=\"Domaine de Chantegrive\" \/>\n<meta property=\"article:publisher\" content=\"https:\/\/www.facebook.com\/domainedechantegrive\/\" \/>\n<meta property=\"og:image\" content=\"https:\/\/www.chantegrive.ch\/wp-content\/uploads\/2020\/03\/2coffrets-printemps-web-domaine-de-chantegrive-1.jpg\" \/>\n\t<meta property=\"og:image:width\" content=\"1100\" \/>\n\t<meta property=\"og:image:height\" content=\"1100\" \/>\n\t<meta property=\"og:image:type\" content=\"image\/jpeg\" \/>\n<meta name=\"twitter:card\" content=\"summary_large_image\" \/>\n<script type=\"application\/ld+json\" class=\"yoast-schema-graph\">{\"@context\":\"https:\\\/\\\/schema.org\",\"@graph\":[{\"@type\":\"WebPage\",\"@id\":\"https:\\\/\\\/www.chantegrive.ch\\\/en\\\/produit\\\/box-through-the-saison-summer\\\/\",\"url\":\"https:\\\/\\\/www.chantegrive.ch\\\/en\\\/produit\\\/box-through-the-saison-summer\\\/\",\"name\":\"Coffret D\u00e9couverte Printemps Domaine de Chantegrive\",\"isPartOf\":{\"@id\":\"https:\\\/\\\/www.chantegrive.ch\\\/#website\"},\"primaryImageOfPage\":{\"@id\":\"https:\\\/\\\/www.chantegrive.ch\\\/en\\\/produit\\\/box-through-the-saison-summer\\\/#primaryimage\"},\"image\":{\"@id\":\"https:\\\/\\\/www.chantegrive.ch\\\/en\\\/produit\\\/box-through-the-saison-summer\\\/#primaryimage\"},\"thumbnailUrl\":\"https:\\\/\\\/www.chantegrive.ch\\\/wp-content\\\/uploads\\\/2020\\\/03\\\/coffret-ete-vins-domaine-chantegrive.png\",\"datePublished\":\"2020-07-06T11:22:24+00:00\",\"description\":\"2 coffrets D\u00e9couverte Printemps 6 ou 12 bouteilles : L'Envol Sauvignon, Ambitus Chasselas et Soprano Pinot Noir.\",\"breadcrumb\":{\"@id\":\"https:\\\/\\\/www.chantegrive.ch\\\/en\\\/produit\\\/box-through-the-saison-summer\\\/#breadcrumb\"},\"inLanguage\":\"en-US\",\"potentialAction\":[{\"@type\":\"ReadAction\",\"target\":[\"https:\\\/\\\/www.chantegrive.ch\\\/en\\\/produit\\\/box-through-the-saison-summer\\\/\"]}]},{\"@type\":\"ImageObject\",\"inLanguage\":\"en-US\",\"@id\":\"https:\\\/\\\/www.chantegrive.ch\\\/en\\\/produit\\\/box-through-the-saison-summer\\\/#primaryimage\",\"url\":\"https:\\\/\\\/www.chantegrive.ch\\\/wp-content\\\/uploads\\\/2020\\\/03\\\/coffret-ete-vins-domaine-chantegrive.png\",\"contentUrl\":\"https:\\\/\\\/www.chantegrive.ch\\\/wp-content\\\/uploads\\\/2020\\\/03\\\/coffret-ete-vins-domaine-chantegrive.png\",\"width\":667,\"height\":670,\"caption\":\"summer-box-wines-domain-chantegrive\"},{\"@type\":\"BreadcrumbList\",\"@id\":\"https:\\\/\\\/www.chantegrive.ch\\\/en\\\/produit\\\/box-through-the-saison-summer\\\/#breadcrumb\",\"itemListElement\":[{\"@type\":\"ListItem\",\"position\":1,\"name\":\"Accueil\",\"item\":\"https:\\\/\\\/www.chantegrive.ch\\\/en\\\/\"},{\"@type\":\"ListItem\",\"position\":2,\"name\":\"Shop Cat\u00e9gorie\",\"item\":\"https:\\\/\\\/www.chantegrive.ch\\\/shop\\\/\"},{\"@type\":\"ListItem\",\"position\":3,\"name\":\"Box Through the saison Summer\"}]},{\"@type\":\"WebSite\",\"@id\":\"https:\\\/\\\/www.chantegrive.ch\\\/#website\",\"url\":\"https:\\\/\\\/www.chantegrive.ch\\\/\",\"name\":\"Domaine de Chantegrive\",\"description\":\"Vins Alain Rolaz &amp; fils\",\"potentialAction\":[{\"@type\":\"SearchAction\",\"target\":{\"@type\":\"EntryPoint\",\"urlTemplate\":\"https:\\\/\\\/www.chantegrive.ch\\\/?s={search_term_string}\"},\"query-input\":{\"@type\":\"PropertyValueSpecification\",\"valueRequired\":true,\"valueName\":\"search_term_string\"}}],\"inLanguage\":\"en-US\"}]}<\/script>\n<!-- \/ Yoast SEO plugin. -->","yoast_head_json":{"title":"Coffret D\u00e9couverte Printemps Domaine de Chantegrive","description":"2 coffrets D\u00e9couverte Printemps 6 ou 12 bouteilles : L'Envol Sauvignon, Ambitus Chasselas et Soprano Pinot Noir.","robots":{"index":"index","follow":"follow","max-snippet":"max-snippet:-1","max-image-preview":"max-image-preview:large","max-video-preview":"max-video-preview:-1"},"canonical":"https:\/\/www.chantegrive.ch\/en\/produit\/box-through-the-saison-summer\/","og_locale":"en_US","og_type":"article","og_title":"Coffret Printemps Domaine de Chantegrive","og_description":"Une s\u00e9lection de vins pour ce Coffret Printemps avec l'Envol Sauvignon, un vin festif, frais et aromatiques, l'Ambitus Chasselas, un vin \u00e9lev\u00e9 sur ses fines lies, ainsi que le Soprano Pinot Noir pour accompagner vos plats de viandes rouges, agneau, canard, ainsi que les fromages persill\u00e9s ou \u00e0 p\u00e2te molle.","og_url":"https:\/\/www.chantegrive.ch\/en\/produit\/box-through-the-saison-summer\/","og_site_name":"Domaine de Chantegrive","article_publisher":"https:\/\/www.facebook.com\/domainedechantegrive\/","og_image":[{"width":1100,"height":1100,"url":"https:\/\/www.chantegrive.ch\/wp-content\/uploads\/2020\/03\/2coffrets-printemps-web-domaine-de-chantegrive-1.jpg","type":"image\/jpeg"}],"twitter_card":"summary_large_image","schema":{"@context":"https:\/\/schema.org","@graph":[{"@type":"WebPage","@id":"https:\/\/www.chantegrive.ch\/en\/produit\/box-through-the-saison-summer\/","url":"https:\/\/www.chantegrive.ch\/en\/produit\/box-through-the-saison-summer\/","name":"Coffret D\u00e9couverte Printemps Domaine de Chantegrive","isPartOf":{"@id":"https:\/\/www.chantegrive.ch\/#website"},"primaryImageOfPage":{"@id":"https:\/\/www.chantegrive.ch\/en\/produit\/box-through-the-saison-summer\/#primaryimage"},"image":{"@id":"https:\/\/www.chantegrive.ch\/en\/produit\/box-through-the-saison-summer\/#primaryimage"},"thumbnailUrl":"https:\/\/www.chantegrive.ch\/wp-content\/uploads\/2020\/03\/coffret-ete-vins-domaine-chantegrive.png","datePublished":"2020-07-06T11:22:24+00:00","description":"2 coffrets D\u00e9couverte Printemps 6 ou 12 bouteilles : L'Envol Sauvignon, Ambitus Chasselas et Soprano Pinot Noir.","breadcrumb":{"@id":"https:\/\/www.chantegrive.ch\/en\/produit\/box-through-the-saison-summer\/#breadcrumb"},"inLanguage":"en-US","potentialAction":[{"@type":"ReadAction","target":["https:\/\/www.chantegrive.ch\/en\/produit\/box-through-the-saison-summer\/"]}]},{"@type":"ImageObject","inLanguage":"en-US","@id":"https:\/\/www.chantegrive.ch\/en\/produit\/box-through-the-saison-summer\/#primaryimage","url":"https:\/\/www.chantegrive.ch\/wp-content\/uploads\/2020\/03\/coffret-ete-vins-domaine-chantegrive.png","contentUrl":"https:\/\/www.chantegrive.ch\/wp-content\/uploads\/2020\/03\/coffret-ete-vins-domaine-chantegrive.png","width":667,"height":670,"caption":"summer-box-wines-domain-chantegrive"},{"@type":"BreadcrumbList","@id":"https:\/\/www.chantegrive.ch\/en\/produit\/box-through-the-saison-summer\/#breadcrumb","itemListElement":[{"@type":"ListItem","position":1,"name":"Accueil","item":"https:\/\/www.chantegrive.ch\/en\/"},{"@type":"ListItem","position":2,"name":"Shop Cat\u00e9gorie","item":"https:\/\/www.chantegrive.ch\/shop\/"},{"@type":"ListItem","position":3,"name":"Box Through the saison Summer"}]},{"@type":"WebSite","@id":"https:\/\/www.chantegrive.ch\/#website","url":"https:\/\/www.chantegrive.ch\/","name":"Domaine de Chantegrive","description":"Vins Alain Rolaz &amp; fils","potentialAction":[{"@type":"SearchAction","target":{"@type":"EntryPoint","urlTemplate":"https:\/\/www.chantegrive.ch\/?s={search_term_string}"},"query-input":{"@type":"PropertyValueSpecification","valueRequired":true,"valueName":"search_term_string"}}],"inLanguage":"en-US"}]}},"_links":{"self":[{"href":"https:\/\/www.chantegrive.ch\/en\/wp-json\/wp\/v2\/product\/10019","targetHints":{"allow":["GET"]}}],"collection":[{"href":"https:\/\/www.chantegrive.ch\/en\/wp-json\/wp\/v2\/product"}],"about":[{"href":"https:\/\/www.chantegrive.ch\/en\/wp-json\/wp\/v2\/types\/product"}],"wp:featuredmedia":[{"embeddable":true,"href":"https:\/\/www.chantegrive.ch\/en\/wp-json\/wp\/v2\/media\/10004"}],"wp:attachment":[{"href":"https:\/\/www.chantegrive.ch\/en\/wp-json\/wp\/v2\/media?parent=10019"}],"wp:term":[{"taxonomy":"product_brand","embeddable":true,"href":"https:\/\/www.chantegrive.ch\/en\/wp-json\/wp\/v2\/product_brand?post=10019"},{"taxonomy":"product_cat","embeddable":true,"href":"https:\/\/www.chantegrive.ch\/en\/wp-json\/wp\/v2\/product_cat?post=10019"},{"taxonomy":"product_tag","embeddable":true,"href":"https:\/\/www.chantegrive.ch\/en\/wp-json\/wp\/v2\/product_tag?post=10019"}],"curies":[{"name":"wp","href":"https:\/\/api.w.org\/{rel}","templated":true}]}}