{"id":11332,"date":"2021-12-02T17:49:34","date_gmt":"2021-12-02T16:49:34","guid":{"rendered":"https:\/\/www.chantegrive.ch\/produit\/coffret-de-noel\/"},"modified":"2022-02-18T17:37:43","modified_gmt":"2022-02-18T16:37:43","slug":"christmas_box","status":"publish","type":"product","link":"https:\/\/www.chantegrive.ch\/en\/produit\/christmas_box\/","title":{"rendered":"Christmas Box 2021"},"content":{"rendered":"<h2>Gift set for Christmas 2021! 6 bottles\u00a075cl<span style=\"padding-left: 20px;\"><del>94<\/del>\u00a0<\/span>CHF 85.-<\/h2>\n<p><!--<span style=\"padding-left: 20px;\">15 bouteilles 50cl <del>146<\/del> CHF 130.-<\/span><\/h2>\n\n\n--><\/p>\n<p class=\"lead\">Discover an ideal box for your end of year meals. A wine for every moment.<\/p>\n<p class=\"lead\"><strong>Gamaret<\/strong> is a very colourful, dense and powerful wine. In the mouth, it develops aromas of black fruits on tannins with slightly spicy grains. It is served in a carafe and goes perfectly with upscale cuisine, especially game dishes and grilled meat or meat in sauce.<\/p>\n<p class=\"lead\">The <strong>Soprano<\/strong> is a light, fresh wine with aromas of red fruits and melting tannins. The Soprano goes well with red meat, lamb, duck as well as parsley or soft cheeses.<\/p>\n<p class=\"lead\">Discover Julien&#8217;s latest creation, the <strong>R&#8217;os\u00e9<\/strong>, a blend of Pinot Noir and Gamay. It has a brilliant salmon-coloured robe like the ros\u00e9 wines of Provence, but Swiss. Its seductive nose of red berries sublimates its fruity and fresh mouth. This makes it the ideal companion for the evening.<\/p>\n<p class=\"lead\">The <strong>Chasselas Coteau de Vincy Grand Cru<\/strong> has floral notes of lime blossom. It is served as an aperitif or with soft cheeses. It can also be served with fish and exotic dishes.<\/p>\n<p class=\"lead\"><strong>Cantabile<\/strong> is the Swiss army knife of the collection. Alain describes it as a wine that goes everywhere, as it is appreciated by all and easily finds its place at the table, from aperitif to dessert.<\/p>\n<p class=\"lead\">The <strong>Crescendo Chasselas<\/strong> has a remarkable freshness that comes from its aromas of citrus, white flowers and vanilla. Its long finish is due to the very silky tannins that give it an elegant and opulent texture. As a gastronomic wine, it is recommended for refined dishes such as fish with white meat or from the lake. It can also be served with hard cheeses.<\/p>\n","protected":false},"excerpt":{"rendered":"<h3>A selection of wines for the end of year celebrations!<\/h3>\n<p class=\"lead\"><span style=\"color: #ffffff; background-color: #8eb7aa;\">\u00a0ON SALE until 21 December 2021 with the code &#8220;noel&#8221;!\u00a0<\/span><\/p>\n<blockquote>\n<p class=\"lead\">Receive 1 box composed by Alain Rolaz especially for the holidays.<\/p>\n<\/blockquote>\n<div class=\"row\"  id=\"row-1989542208\">\n\n\t<div id=\"col-411333350\" class=\"col small-12 large-12\"  >\n\t\t\t\t<div class=\"col-inner\"  >\n\t\t\t\n\t\t\t\n<div class=\"row align-left\"  id=\"row-334219414\">\n\n\t<div id=\"col-1010656427\" class=\"col medium-5 small-12 large-5\"  >\n\t\t\t\t<div class=\"col-inner\"  >\n\t\t\t\n\t\t\t\n<h3><strong>6 bottles<\/strong><\/h3>\n<p>contents of the box<\/p>\n<ul>\n<li>1x <span style=\"color: #3aa757;\"><strong>Coteau de Vincy, Chasselas<\/strong><\/span><\/li>\n<li>1x <span style=\"color: #3aa757;\"><strong>Soprano, Pinot-Noir<\/strong><\/span><\/li>\n<li>1x <span style=\"color: #3aa757;\"><strong>Cantabile, Assemblage rouge<\/strong><\/span><\/li>\n<li>1x <span style=\"color: #3aa757;\"><strong>R&#8217;os\u00e9,\u00a0Vin mousseux\u00a0<\/strong><\/span><\/li>\n<li>1x <span style=\"color: #3aa757;\"><strong>Crescendo Gamaret<\/strong><\/span><\/li>\n<li>1x <span style=\"color: #3aa757;\"><strong>Crescendo Chasselas<\/strong><\/span><\/li>\n<\/ul>\n\t\t<\/div>\n\t\t\t\t\t<\/div>\n\n\t\n<\/div>\n\t\t<\/div>\n\t\t\t\t\t<\/div>\n\n\t\n<\/div>\n","protected":false},"featured_media":11330,"template":"","meta":{"iawp_total_views":3},"product_brand":[],"product_cat":[234],"product_tag":[],"class_list":{"0":"post-11332","1":"product","2":"type-product","3":"status-publish","4":"has-post-thumbnail","6":"product_cat-box-through-the-seasons","7":"product_shipping_class-livraison-gratuite-en","9":"first","10":"outofstock","11":"sale","12":"shipping-taxable","13":"purchasable","14":"product-type-variable","15":"has-default-attributes","16":"add-to-wishlist-after_add_to_cart"},"group_of_quantity":0,"min_quantity":0,"max_quantity":"","exclude_order_quantity_value_rules":"no","exclude_category_quantity_rules":"no","combine_variations":"no","yoast_head":"<!-- This site is optimized with the Yoast SEO plugin v27.4 - https:\/\/yoast.com\/product\/yoast-seo-wordpress\/ -->\n<title>Christmas Box Domaine de Chantegrive<\/title>\n<meta name=\"description\" content=\"A Christmas wine package with 6 bottles. Coteau de Vincy Chasselas, Soprano Pinot-Noir, Cantabile Assemblage rouge, R&#039;os\u00e9 Sparkling Wine, Crescendo Gamaret, Crescendo Chasselas\" \/>\n<meta name=\"robots\" content=\"index, follow, max-snippet:-1, max-image-preview:large, max-video-preview:-1\" \/>\n<link rel=\"canonical\" href=\"https:\/\/www.chantegrive.ch\/en\/produit\/christmas_box\/\" \/>\n<meta property=\"og:locale\" content=\"en_US\" \/>\n<meta property=\"og:type\" content=\"article\" \/>\n<meta property=\"og:title\" content=\"Coffret no\u00ebl Domaine de Chantegrive\" \/>\n<meta property=\"og:description\" content=\"Un coffret de vins de no\u00ebl comportant 6 bouteilles. Coteau de Vincy Chasselas, Soprano Pinot-Noir, Cantabile Assemblage rouge, R&#039;os\u00e9 Vin mousseux, Crescendo Gamaret, Crescendo Chasselas\" \/>\n<meta property=\"og:url\" content=\"https:\/\/www.chantegrive.ch\/en\/produit\/christmas_box\/\" \/>\n<meta property=\"og:site_name\" content=\"Domaine de Chantegrive\" \/>\n<meta property=\"article:publisher\" content=\"https:\/\/www.facebook.com\/domainedechantegrive\/\" \/>\n<meta property=\"article:modified_time\" content=\"2022-02-18T16:37:43+00:00\" \/>\n<meta property=\"og:image\" content=\"https:\/\/www.chantegrive.ch\/wp-content\/uploads\/2021\/12\/www.chantegrive.ch-5.png\" \/>\n\t<meta property=\"og:image:width\" content=\"1080\" \/>\n\t<meta property=\"og:image:height\" content=\"1080\" \/>\n\t<meta property=\"og:image:type\" content=\"image\/png\" \/>\n<meta name=\"twitter:card\" content=\"summary_large_image\" \/>\n<meta name=\"twitter:label1\" content=\"Est. reading time\" \/>\n\t<meta name=\"twitter:data1\" content=\"2 minutes\" \/>\n<script type=\"application\/ld+json\" class=\"yoast-schema-graph\">{\"@context\":\"https:\\\/\\\/schema.org\",\"@graph\":[{\"@type\":\"WebPage\",\"@id\":\"https:\\\/\\\/www.chantegrive.ch\\\/en\\\/produit\\\/christmas_box\\\/\",\"url\":\"https:\\\/\\\/www.chantegrive.ch\\\/en\\\/produit\\\/christmas_box\\\/\",\"name\":\"Christmas Box Domaine de Chantegrive\",\"isPartOf\":{\"@id\":\"https:\\\/\\\/www.chantegrive.ch\\\/#website\"},\"primaryImageOfPage\":{\"@id\":\"https:\\\/\\\/www.chantegrive.ch\\\/en\\\/produit\\\/christmas_box\\\/#primaryimage\"},\"image\":{\"@id\":\"https:\\\/\\\/www.chantegrive.ch\\\/en\\\/produit\\\/christmas_box\\\/#primaryimage\"},\"thumbnailUrl\":\"https:\\\/\\\/www.chantegrive.ch\\\/wp-content\\\/uploads\\\/2021\\\/12\\\/www.chantegrive.ch-5.png\",\"datePublished\":\"2021-12-02T16:49:34+00:00\",\"dateModified\":\"2022-02-18T16:37:43+00:00\",\"description\":\"A Christmas wine package with 6 bottles. Coteau de Vincy Chasselas, Soprano Pinot-Noir, Cantabile Assemblage rouge, R'os\u00e9 Sparkling Wine, Crescendo Gamaret, Crescendo Chasselas\",\"breadcrumb\":{\"@id\":\"https:\\\/\\\/www.chantegrive.ch\\\/en\\\/produit\\\/christmas_box\\\/#breadcrumb\"},\"inLanguage\":\"en-US\",\"potentialAction\":[{\"@type\":\"ReadAction\",\"target\":[\"https:\\\/\\\/www.chantegrive.ch\\\/en\\\/produit\\\/christmas_box\\\/\"]}]},{\"@type\":\"ImageObject\",\"inLanguage\":\"en-US\",\"@id\":\"https:\\\/\\\/www.chantegrive.ch\\\/en\\\/produit\\\/christmas_box\\\/#primaryimage\",\"url\":\"https:\\\/\\\/www.chantegrive.ch\\\/wp-content\\\/uploads\\\/2021\\\/12\\\/www.chantegrive.ch-5.png\",\"contentUrl\":\"https:\\\/\\\/www.chantegrive.ch\\\/wp-content\\\/uploads\\\/2021\\\/12\\\/www.chantegrive.ch-5.png\",\"width\":1080,\"height\":1080},{\"@type\":\"BreadcrumbList\",\"@id\":\"https:\\\/\\\/www.chantegrive.ch\\\/en\\\/produit\\\/christmas_box\\\/#breadcrumb\",\"itemListElement\":[{\"@type\":\"ListItem\",\"position\":1,\"name\":\"Accueil\",\"item\":\"https:\\\/\\\/www.chantegrive.ch\\\/en\\\/\"},{\"@type\":\"ListItem\",\"position\":2,\"name\":\"Shop Cat\u00e9gorie\",\"item\":\"https:\\\/\\\/www.chantegrive.ch\\\/shop\\\/\"},{\"@type\":\"ListItem\",\"position\":3,\"name\":\"Christmas Box 2021\"}]},{\"@type\":\"WebSite\",\"@id\":\"https:\\\/\\\/www.chantegrive.ch\\\/#website\",\"url\":\"https:\\\/\\\/www.chantegrive.ch\\\/\",\"name\":\"Domaine de Chantegrive\",\"description\":\"Vins Alain Rolaz &amp; fils\",\"potentialAction\":[{\"@type\":\"SearchAction\",\"target\":{\"@type\":\"EntryPoint\",\"urlTemplate\":\"https:\\\/\\\/www.chantegrive.ch\\\/?s={search_term_string}\"},\"query-input\":{\"@type\":\"PropertyValueSpecification\",\"valueRequired\":true,\"valueName\":\"search_term_string\"}}],\"inLanguage\":\"en-US\"}]}<\/script>\n<!-- \/ Yoast SEO plugin. -->","yoast_head_json":{"title":"Christmas Box Domaine de Chantegrive","description":"A Christmas wine package with 6 bottles. Coteau de Vincy Chasselas, Soprano Pinot-Noir, Cantabile Assemblage rouge, R'os\u00e9 Sparkling Wine, Crescendo Gamaret, Crescendo Chasselas","robots":{"index":"index","follow":"follow","max-snippet":"max-snippet:-1","max-image-preview":"max-image-preview:large","max-video-preview":"max-video-preview:-1"},"canonical":"https:\/\/www.chantegrive.ch\/en\/produit\/christmas_box\/","og_locale":"en_US","og_type":"article","og_title":"Coffret no\u00ebl Domaine de Chantegrive","og_description":"Un coffret de vins de no\u00ebl comportant 6 bouteilles. Coteau de Vincy Chasselas, Soprano Pinot-Noir, Cantabile Assemblage rouge, R'os\u00e9 Vin mousseux, Crescendo Gamaret, Crescendo Chasselas","og_url":"https:\/\/www.chantegrive.ch\/en\/produit\/christmas_box\/","og_site_name":"Domaine de Chantegrive","article_publisher":"https:\/\/www.facebook.com\/domainedechantegrive\/","article_modified_time":"2022-02-18T16:37:43+00:00","og_image":[{"width":1080,"height":1080,"url":"https:\/\/www.chantegrive.ch\/wp-content\/uploads\/2021\/12\/www.chantegrive.ch-5.png","type":"image\/png"}],"twitter_card":"summary_large_image","twitter_misc":{"Est. reading time":"2 minutes"},"schema":{"@context":"https:\/\/schema.org","@graph":[{"@type":"WebPage","@id":"https:\/\/www.chantegrive.ch\/en\/produit\/christmas_box\/","url":"https:\/\/www.chantegrive.ch\/en\/produit\/christmas_box\/","name":"Christmas Box Domaine de Chantegrive","isPartOf":{"@id":"https:\/\/www.chantegrive.ch\/#website"},"primaryImageOfPage":{"@id":"https:\/\/www.chantegrive.ch\/en\/produit\/christmas_box\/#primaryimage"},"image":{"@id":"https:\/\/www.chantegrive.ch\/en\/produit\/christmas_box\/#primaryimage"},"thumbnailUrl":"https:\/\/www.chantegrive.ch\/wp-content\/uploads\/2021\/12\/www.chantegrive.ch-5.png","datePublished":"2021-12-02T16:49:34+00:00","dateModified":"2022-02-18T16:37:43+00:00","description":"A Christmas wine package with 6 bottles. Coteau de Vincy Chasselas, Soprano Pinot-Noir, Cantabile Assemblage rouge, R'os\u00e9 Sparkling Wine, Crescendo Gamaret, Crescendo Chasselas","breadcrumb":{"@id":"https:\/\/www.chantegrive.ch\/en\/produit\/christmas_box\/#breadcrumb"},"inLanguage":"en-US","potentialAction":[{"@type":"ReadAction","target":["https:\/\/www.chantegrive.ch\/en\/produit\/christmas_box\/"]}]},{"@type":"ImageObject","inLanguage":"en-US","@id":"https:\/\/www.chantegrive.ch\/en\/produit\/christmas_box\/#primaryimage","url":"https:\/\/www.chantegrive.ch\/wp-content\/uploads\/2021\/12\/www.chantegrive.ch-5.png","contentUrl":"https:\/\/www.chantegrive.ch\/wp-content\/uploads\/2021\/12\/www.chantegrive.ch-5.png","width":1080,"height":1080},{"@type":"BreadcrumbList","@id":"https:\/\/www.chantegrive.ch\/en\/produit\/christmas_box\/#breadcrumb","itemListElement":[{"@type":"ListItem","position":1,"name":"Accueil","item":"https:\/\/www.chantegrive.ch\/en\/"},{"@type":"ListItem","position":2,"name":"Shop Cat\u00e9gorie","item":"https:\/\/www.chantegrive.ch\/shop\/"},{"@type":"ListItem","position":3,"name":"Christmas Box 2021"}]},{"@type":"WebSite","@id":"https:\/\/www.chantegrive.ch\/#website","url":"https:\/\/www.chantegrive.ch\/","name":"Domaine de Chantegrive","description":"Vins Alain Rolaz &amp; fils","potentialAction":[{"@type":"SearchAction","target":{"@type":"EntryPoint","urlTemplate":"https:\/\/www.chantegrive.ch\/?s={search_term_string}"},"query-input":{"@type":"PropertyValueSpecification","valueRequired":true,"valueName":"search_term_string"}}],"inLanguage":"en-US"}]}},"_links":{"self":[{"href":"https:\/\/www.chantegrive.ch\/en\/wp-json\/wp\/v2\/product\/11332","targetHints":{"allow":["GET"]}}],"collection":[{"href":"https:\/\/www.chantegrive.ch\/en\/wp-json\/wp\/v2\/product"}],"about":[{"href":"https:\/\/www.chantegrive.ch\/en\/wp-json\/wp\/v2\/types\/product"}],"wp:featuredmedia":[{"embeddable":true,"href":"https:\/\/www.chantegrive.ch\/en\/wp-json\/wp\/v2\/media\/11330"}],"wp:attachment":[{"href":"https:\/\/www.chantegrive.ch\/en\/wp-json\/wp\/v2\/media?parent=11332"}],"wp:term":[{"taxonomy":"product_brand","embeddable":true,"href":"https:\/\/www.chantegrive.ch\/en\/wp-json\/wp\/v2\/product_brand?post=11332"},{"taxonomy":"product_cat","embeddable":true,"href":"https:\/\/www.chantegrive.ch\/en\/wp-json\/wp\/v2\/product_cat?post=11332"},{"taxonomy":"product_tag","embeddable":true,"href":"https:\/\/www.chantegrive.ch\/en\/wp-json\/wp\/v2\/product_tag?post=11332"}],"curies":[{"name":"wp","href":"https:\/\/api.w.org\/{rel}","templated":true}]}}