{"id":12188,"date":"2023-07-13T10:41:41","date_gmt":"2023-07-13T08:41:41","guid":{"rendered":"https:\/\/www.chantegrive.ch\/produit\/rose-sparkling-rose-wine-by-julien-rolaz\/"},"modified":"2023-07-13T10:41:46","modified_gmt":"2023-07-13T08:41:46","slug":"rose-sparkling-rose-wine-by-julien-rolaz","status":"publish","type":"product","link":"https:\/\/www.chantegrive.ch\/en\/produit\/rose-sparkling-rose-wine-by-julien-rolaz\/","title":{"rendered":"R&#8217;os\u00e9 &#8211; Sparkling ros\u00e9 wine by Julien Rolaz"},"content":{"rendered":"<p>Discover Julien&#8217;s latest creation!<\/p>\n<p>A crown fastener may be a little disturbing, but it&#8217;s a qualitative and ecological alternative. For experts, a corner of the table or a lighter is all you need to open it.<\/p>\n<p>Remember to serve it chilled, and R&#8217;os\u00e9 in a pool with two ice cubes.<\/p>\n<p>Made from a blend of Pinot-Noir and Gamay grapes, R&#8217;os\u00e9 is the ideal companion for summer evenings.<\/p>\n<p>It has a brilliant salmon color, like the ros\u00e9 wines of Provence, but Swiss.<\/p>\n<p>Its seductive nose of red berries enhances its fresh, fruity palate.<\/p>\n","protected":false},"excerpt":{"rendered":"<p>&nbsp;<\/p>\n<h3>Julien Rolaz: R&#8217;os\u00e9<\/h3>\n<p><em>Grape varieties: sparkling ros\u00e9<\/em><\/p>\n<blockquote>\n<p class=\"lead\">Julien Rolaz, son of Alain Rolaz, invites you to taste Swiss ros\u00e9!<\/p>\n<\/blockquote>\n<p><img loading=\"lazy\" decoding=\"async\" class=\"alignright size-full wp-image-6731\" src=\"https:\/\/www.chantegrive.ch\/wp-content\/uploads\/2019\/09\/logo-grive-rose-domaine-de-chantegrive.png\" alt=\"\" width=\"96\" height=\"99\" \/><\/p>\n<h4>Carton<\/h4>\n<ul>\n<li>6x 75 cl = <strong>CHF 87.-<\/strong> (CHF 14.50 per bt.)<\/li>\n<\/ul>\n","protected":false},"featured_media":12152,"template":"","meta":{"iawp_total_views":6},"product_brand":[],"product_cat":[251],"product_tag":[],"class_list":{"0":"post-12188","1":"product","2":"type-product","3":"status-publish","4":"has-post-thumbnail","6":"product_cat-terroir-expressions","8":"first","9":"outofstock","10":"shipping-taxable","11":"purchasable","12":"product-type-simple","13":"add-to-wishlist-after_add_to_cart"},"group_of_quantity":0,"min_quantity":6,"max_quantity":"","exclude_order_quantity_value_rules":"no","exclude_category_quantity_rules":"no","combine_variations":"no","yoast_head":"<!-- This site is optimized with the Yoast SEO plugin v27.4 - https:\/\/yoast.com\/product\/yoast-seo-wordpress\/ -->\n<title>R&#039;os\u00e9 - Sparkling ros\u00e9 wine by Julien Rolaz - Domaine de Chantegrive<\/title>\n<meta name=\"description\" content=\"&nbsp; Julien Rolaz: R&#039;os\u00e9 Grape varieties: sparkling ros\u00e9  Julien Rolaz, son of Alain Rolaz, invites you to taste Swiss ros\u00e9!   Carton   6x 75 cl = CHF 87.- (CHF 14.50 per bt.)\" \/>\n<meta name=\"robots\" content=\"index, follow, max-snippet:-1, max-image-preview:large, max-video-preview:-1\" \/>\n<link rel=\"canonical\" href=\"https:\/\/www.chantegrive.ch\/en\/produit\/rose-sparkling-rose-wine-by-julien-rolaz\/\" \/>\n<meta property=\"og:locale\" content=\"en_US\" \/>\n<meta property=\"og:type\" content=\"article\" \/>\n<meta property=\"og:title\" content=\"R&#039;os\u00e9 - Sparkling ros\u00e9 wine by Julien Rolaz - Domaine de Chantegrive\" \/>\n<meta property=\"og:description\" content=\"&nbsp; Julien Rolaz: R&#039;os\u00e9 Grape varieties: sparkling ros\u00e9  Julien Rolaz, son of Alain Rolaz, invites you to taste Swiss ros\u00e9!   Carton   6x 75 cl = CHF 87.- (CHF 14.50 per bt.)\" \/>\n<meta property=\"og:url\" content=\"https:\/\/www.chantegrive.ch\/en\/produit\/rose-sparkling-rose-wine-by-julien-rolaz\/\" \/>\n<meta property=\"og:site_name\" content=\"Domaine de Chantegrive\" \/>\n<meta property=\"article:publisher\" content=\"https:\/\/www.facebook.com\/domainedechantegrive\/\" \/>\n<meta property=\"article:modified_time\" content=\"2023-07-13T08:41:46+00:00\" \/>\n<meta property=\"og:image\" content=\"https:\/\/www.chantegrive.ch\/wp-content\/uploads\/2021\/07\/Design-sans-titre-2.png\" \/>\n\t<meta property=\"og:image:width\" content=\"1080\" \/>\n\t<meta property=\"og:image:height\" content=\"1080\" \/>\n\t<meta property=\"og:image:type\" content=\"image\/png\" \/>\n<meta name=\"twitter:card\" content=\"summary_large_image\" \/>\n<script type=\"application\/ld+json\" class=\"yoast-schema-graph\">{\"@context\":\"https:\\\/\\\/schema.org\",\"@graph\":[{\"@type\":\"WebPage\",\"@id\":\"https:\\\/\\\/www.chantegrive.ch\\\/en\\\/produit\\\/rose-sparkling-rose-wine-by-julien-rolaz\\\/\",\"url\":\"https:\\\/\\\/www.chantegrive.ch\\\/en\\\/produit\\\/rose-sparkling-rose-wine-by-julien-rolaz\\\/\",\"name\":\"R'os\u00e9 - Sparkling ros\u00e9 wine by Julien Rolaz - Domaine de Chantegrive\",\"isPartOf\":{\"@id\":\"https:\\\/\\\/www.chantegrive.ch\\\/#website\"},\"primaryImageOfPage\":{\"@id\":\"https:\\\/\\\/www.chantegrive.ch\\\/en\\\/produit\\\/rose-sparkling-rose-wine-by-julien-rolaz\\\/#primaryimage\"},\"image\":{\"@id\":\"https:\\\/\\\/www.chantegrive.ch\\\/en\\\/produit\\\/rose-sparkling-rose-wine-by-julien-rolaz\\\/#primaryimage\"},\"thumbnailUrl\":\"https:\\\/\\\/www.chantegrive.ch\\\/wp-content\\\/uploads\\\/2021\\\/07\\\/Design-sans-titre-2.png\",\"datePublished\":\"2023-07-13T08:41:41+00:00\",\"dateModified\":\"2023-07-13T08:41:46+00:00\",\"description\":\"&nbsp; Julien Rolaz: R'os\u00e9 Grape varieties: sparkling ros\u00e9 Julien Rolaz, son of Alain Rolaz, invites you to taste Swiss ros\u00e9! Carton 6x 75 cl = CHF 87.- (CHF 14.50 per bt.)\",\"breadcrumb\":{\"@id\":\"https:\\\/\\\/www.chantegrive.ch\\\/en\\\/produit\\\/rose-sparkling-rose-wine-by-julien-rolaz\\\/#breadcrumb\"},\"inLanguage\":\"en-US\",\"potentialAction\":[{\"@type\":\"ReadAction\",\"target\":[\"https:\\\/\\\/www.chantegrive.ch\\\/en\\\/produit\\\/rose-sparkling-rose-wine-by-julien-rolaz\\\/\"]}]},{\"@type\":\"ImageObject\",\"inLanguage\":\"en-US\",\"@id\":\"https:\\\/\\\/www.chantegrive.ch\\\/en\\\/produit\\\/rose-sparkling-rose-wine-by-julien-rolaz\\\/#primaryimage\",\"url\":\"https:\\\/\\\/www.chantegrive.ch\\\/wp-content\\\/uploads\\\/2021\\\/07\\\/Design-sans-titre-2.png\",\"contentUrl\":\"https:\\\/\\\/www.chantegrive.ch\\\/wp-content\\\/uploads\\\/2021\\\/07\\\/Design-sans-titre-2.png\",\"width\":1080,\"height\":1080},{\"@type\":\"BreadcrumbList\",\"@id\":\"https:\\\/\\\/www.chantegrive.ch\\\/en\\\/produit\\\/rose-sparkling-rose-wine-by-julien-rolaz\\\/#breadcrumb\",\"itemListElement\":[{\"@type\":\"ListItem\",\"position\":1,\"name\":\"Accueil\",\"item\":\"https:\\\/\\\/www.chantegrive.ch\\\/en\\\/\"},{\"@type\":\"ListItem\",\"position\":2,\"name\":\"Shop Cat\u00e9gorie\",\"item\":\"https:\\\/\\\/www.chantegrive.ch\\\/shop\\\/\"},{\"@type\":\"ListItem\",\"position\":3,\"name\":\"R&#8217;os\u00e9 &#8211; Sparkling ros\u00e9 wine by Julien Rolaz\"}]},{\"@type\":\"WebSite\",\"@id\":\"https:\\\/\\\/www.chantegrive.ch\\\/#website\",\"url\":\"https:\\\/\\\/www.chantegrive.ch\\\/\",\"name\":\"Domaine de Chantegrive\",\"description\":\"Vins Alain Rolaz &amp; fils\",\"potentialAction\":[{\"@type\":\"SearchAction\",\"target\":{\"@type\":\"EntryPoint\",\"urlTemplate\":\"https:\\\/\\\/www.chantegrive.ch\\\/?s={search_term_string}\"},\"query-input\":{\"@type\":\"PropertyValueSpecification\",\"valueRequired\":true,\"valueName\":\"search_term_string\"}}],\"inLanguage\":\"en-US\"}]}<\/script>\n<!-- \/ Yoast SEO plugin. -->","yoast_head_json":{"title":"R'os\u00e9 - Sparkling ros\u00e9 wine by Julien Rolaz - Domaine de Chantegrive","description":"&nbsp; Julien Rolaz: R'os\u00e9 Grape varieties: sparkling ros\u00e9  Julien Rolaz, son of Alain Rolaz, invites you to taste Swiss ros\u00e9!   Carton   6x 75 cl = CHF 87.- (CHF 14.50 per bt.)","robots":{"index":"index","follow":"follow","max-snippet":"max-snippet:-1","max-image-preview":"max-image-preview:large","max-video-preview":"max-video-preview:-1"},"canonical":"https:\/\/www.chantegrive.ch\/en\/produit\/rose-sparkling-rose-wine-by-julien-rolaz\/","og_locale":"en_US","og_type":"article","og_title":"R'os\u00e9 - Sparkling ros\u00e9 wine by Julien Rolaz - Domaine de Chantegrive","og_description":"&nbsp; Julien Rolaz: R'os\u00e9 Grape varieties: sparkling ros\u00e9  Julien Rolaz, son of Alain Rolaz, invites you to taste Swiss ros\u00e9!   Carton   6x 75 cl = CHF 87.- (CHF 14.50 per bt.)","og_url":"https:\/\/www.chantegrive.ch\/en\/produit\/rose-sparkling-rose-wine-by-julien-rolaz\/","og_site_name":"Domaine de Chantegrive","article_publisher":"https:\/\/www.facebook.com\/domainedechantegrive\/","article_modified_time":"2023-07-13T08:41:46+00:00","og_image":[{"width":1080,"height":1080,"url":"https:\/\/www.chantegrive.ch\/wp-content\/uploads\/2021\/07\/Design-sans-titre-2.png","type":"image\/png"}],"twitter_card":"summary_large_image","schema":{"@context":"https:\/\/schema.org","@graph":[{"@type":"WebPage","@id":"https:\/\/www.chantegrive.ch\/en\/produit\/rose-sparkling-rose-wine-by-julien-rolaz\/","url":"https:\/\/www.chantegrive.ch\/en\/produit\/rose-sparkling-rose-wine-by-julien-rolaz\/","name":"R'os\u00e9 - Sparkling ros\u00e9 wine by Julien Rolaz - Domaine de Chantegrive","isPartOf":{"@id":"https:\/\/www.chantegrive.ch\/#website"},"primaryImageOfPage":{"@id":"https:\/\/www.chantegrive.ch\/en\/produit\/rose-sparkling-rose-wine-by-julien-rolaz\/#primaryimage"},"image":{"@id":"https:\/\/www.chantegrive.ch\/en\/produit\/rose-sparkling-rose-wine-by-julien-rolaz\/#primaryimage"},"thumbnailUrl":"https:\/\/www.chantegrive.ch\/wp-content\/uploads\/2021\/07\/Design-sans-titre-2.png","datePublished":"2023-07-13T08:41:41+00:00","dateModified":"2023-07-13T08:41:46+00:00","description":"&nbsp; Julien Rolaz: R'os\u00e9 Grape varieties: sparkling ros\u00e9 Julien Rolaz, son of Alain Rolaz, invites you to taste Swiss ros\u00e9! Carton 6x 75 cl = CHF 87.- (CHF 14.50 per bt.)","breadcrumb":{"@id":"https:\/\/www.chantegrive.ch\/en\/produit\/rose-sparkling-rose-wine-by-julien-rolaz\/#breadcrumb"},"inLanguage":"en-US","potentialAction":[{"@type":"ReadAction","target":["https:\/\/www.chantegrive.ch\/en\/produit\/rose-sparkling-rose-wine-by-julien-rolaz\/"]}]},{"@type":"ImageObject","inLanguage":"en-US","@id":"https:\/\/www.chantegrive.ch\/en\/produit\/rose-sparkling-rose-wine-by-julien-rolaz\/#primaryimage","url":"https:\/\/www.chantegrive.ch\/wp-content\/uploads\/2021\/07\/Design-sans-titre-2.png","contentUrl":"https:\/\/www.chantegrive.ch\/wp-content\/uploads\/2021\/07\/Design-sans-titre-2.png","width":1080,"height":1080},{"@type":"BreadcrumbList","@id":"https:\/\/www.chantegrive.ch\/en\/produit\/rose-sparkling-rose-wine-by-julien-rolaz\/#breadcrumb","itemListElement":[{"@type":"ListItem","position":1,"name":"Accueil","item":"https:\/\/www.chantegrive.ch\/en\/"},{"@type":"ListItem","position":2,"name":"Shop Cat\u00e9gorie","item":"https:\/\/www.chantegrive.ch\/shop\/"},{"@type":"ListItem","position":3,"name":"R&#8217;os\u00e9 &#8211; Sparkling ros\u00e9 wine by Julien Rolaz"}]},{"@type":"WebSite","@id":"https:\/\/www.chantegrive.ch\/#website","url":"https:\/\/www.chantegrive.ch\/","name":"Domaine de Chantegrive","description":"Vins Alain Rolaz &amp; fils","potentialAction":[{"@type":"SearchAction","target":{"@type":"EntryPoint","urlTemplate":"https:\/\/www.chantegrive.ch\/?s={search_term_string}"},"query-input":{"@type":"PropertyValueSpecification","valueRequired":true,"valueName":"search_term_string"}}],"inLanguage":"en-US"}]}},"_links":{"self":[{"href":"https:\/\/www.chantegrive.ch\/en\/wp-json\/wp\/v2\/product\/12188","targetHints":{"allow":["GET"]}}],"collection":[{"href":"https:\/\/www.chantegrive.ch\/en\/wp-json\/wp\/v2\/product"}],"about":[{"href":"https:\/\/www.chantegrive.ch\/en\/wp-json\/wp\/v2\/types\/product"}],"wp:featuredmedia":[{"embeddable":true,"href":"https:\/\/www.chantegrive.ch\/en\/wp-json\/wp\/v2\/media\/12152"}],"wp:attachment":[{"href":"https:\/\/www.chantegrive.ch\/en\/wp-json\/wp\/v2\/media?parent=12188"}],"wp:term":[{"taxonomy":"product_brand","embeddable":true,"href":"https:\/\/www.chantegrive.ch\/en\/wp-json\/wp\/v2\/product_brand?post=12188"},{"taxonomy":"product_cat","embeddable":true,"href":"https:\/\/www.chantegrive.ch\/en\/wp-json\/wp\/v2\/product_cat?post=12188"},{"taxonomy":"product_tag","embeddable":true,"href":"https:\/\/www.chantegrive.ch\/en\/wp-json\/wp\/v2\/product_tag?post=12188"}],"curies":[{"name":"wp","href":"https:\/\/api.w.org\/{rel}","templated":true}]}}