{"id":1972,"date":"2019-08-15T00:00:04","date_gmt":"2019-08-14T22:00:04","guid":{"rendered":"https:\/\/www.chantegrive.ch\/produit\/fechy\/"},"modified":"2023-02-24T01:11:33","modified_gmt":"2023-02-24T00:11:33","slug":"chasselas-fechy","status":"publish","type":"product","link":"https:\/\/www.chantegrive.ch\/en\/produit\/chasselas-fechy\/","title":{"rendered":"F\u00e9chy, Grand Cru Chasselas AOC La C\u00f4te"},"content":{"rendered":"<div class=\"row\"  id=\"row-977991300\">\n\n\t<div id=\"col-880445876\" class=\"col small-12 large-12\"  >\n\t\t\t\t<div class=\"col-inner dark\"  >\n\t\t\t\n\t\t\t\n<h2>F\u00e9chy, Grand Cru<br \/>\n<span class=\"alt-font\">Chasselas AOC La C\u00f4te<\/span><\/h2>\n\t<div id=\"gap-1112766896\" class=\"gap-element clearfix\" style=\"display:block; height:auto;\">\n\t\t\n<style>\n#gap-1112766896 {\n  padding-top: 30px;\n}\n<\/style>\n\t<\/div>\n\t\n<p class=\"lead\">Historical core of La C\u00f4te, F\u00e9chy well known in German-speaking region of Switzerland, it is considered as one of the most prestigious places of production of Switzerland. Most of the soils of our &#8220;F\u00e9chy&#8221; are distributed on limestone soils clay-marly bottom.<\/p>\n\t\t<\/div>\n\t\t\t\t\t<\/div>\n\n\t\n<\/div>\n<div class=\"row\"  id=\"row-677362724\">\n\n\t<div id=\"col-1436292116\" class=\"col medium-6 small-12 large-6\"  >\n\t\t\t\t<div class=\"col-inner dark\"  >\n\t\t\t\n\t\t\t\n<h3>Tasting chasselas F\u00e9chy<\/h3>\n<p>This wine with subtle and complex aromas has a nose with floral notes, marked by the typical terroir of this appellation.<\/p>\n<h4>Food pairing<\/h4>\n<p>This wine with subtle and complex aromas has a nose with floral notes, marked by the typical terroir of this appellation.<\/p>\n\t\t<\/div>\n\t\t\t\t\t<\/div>\n\n\t\n\n\t<div id=\"col-94739127\" class=\"col medium-6 small-12 large-6\"  >\n\t\t\t\t<div class=\"col-inner dark\"  >\n\t\t\t\n\t\t\t\n<h4>Time to keep<\/h4>\n<p>To be consumed within 2-3 years to taste its freshness. It can also be kept in cellar for a period of more than 10 years, beautiful surprises await you.<\/p>\n<h4>Serving temperature<\/h4>\n<p><img loading=\"lazy\" decoding=\"async\" class=\"alignnone size-full wp-image-7157\" src=\"https:\/\/www.chantegrive.ch\/wp-content\/uploads\/2019\/08\/thermometer-icon-white-domaine-de-chantegrive-2.png\" alt=\"\" width=\"55\" height=\"51\" \/>Serving temperature: 10 to 12\u00b0c<\/p>\n\t\t<\/div>\n\t\t\t\t\t<\/div>\n\n\t\n<\/div>\n","protected":false},"excerpt":{"rendered":"<h3>Expressions des terroirs: F\u00e9chy<\/h3>\n<p><em>Grape variety: Chasselas<\/em><\/p>\n<blockquote>\n<p class=\"lead\">This wine with subtle and complex aromas has a nose with floral notes, marked by the typical terroir of this appellation.<\/p>\n<\/blockquote>\n<p><img loading=\"lazy\" decoding=\"async\" class=\"alignright size-full wp-image-6728\" src=\"https:\/\/www.chantegrive.ch\/wp-content\/uploads\/2019\/09\/logo-grive-blanc-domaine-de-chantegrive.png\" alt=\"\" width=\"95\" height=\"99\" \/><\/p>\n<h4>Box of 12 bottles<\/h4>\n<ul>\n<li>12x 75 cl = <strong>CHF 186.-<\/strong> (CHF 15.50.- per bt.)<\/li>\n<\/ul>\n","protected":false},"featured_media":6085,"template":"","meta":{"iawp_total_views":97},"product_brand":[],"product_cat":[196,204,251],"product_tag":[],"class_list":{"0":"post-1972","1":"product","2":"type-product","3":"status-publish","4":"has-post-thumbnail","6":"product_cat-expressions-des-terroirs","7":"product_cat-expressions-des-terroirs-en","8":"product_cat-terroir-expressions","10":"first","11":"instock","12":"shipping-taxable","13":"purchasable","14":"product-type-simple","15":"add-to-wishlist-after_add_to_cart"},"group_of_quantity":12,"min_quantity":12,"max_quantity":"","exclude_order_quantity_value_rules":"no","exclude_category_quantity_rules":"no","combine_variations":"no","yoast_head":"<!-- This site is optimized with the Yoast SEO plugin v27.4 - https:\/\/yoast.com\/product\/yoast-seo-wordpress\/ -->\n<title>F\u00e9chy, Grand Cru AOC La C\u00f4te - Domaine de Chantegrive<\/title>\n<meta name=\"description\" content=\"F\u00e9chy Domaine de Chantegrive The wines of F\u00e9chy are very well-known and probably the most famous in Switzerland\" \/>\n<meta name=\"robots\" content=\"index, follow, max-snippet:-1, max-image-preview:large, max-video-preview:-1\" \/>\n<link rel=\"canonical\" href=\"https:\/\/www.chantegrive.ch\/en\/produit\/chasselas-fechy\/\" \/>\n<meta property=\"og:locale\" content=\"en_US\" \/>\n<meta property=\"og:type\" content=\"article\" \/>\n<meta property=\"og:title\" content=\"F\u00e9chy, Grand Cru AOC La C\u00f4te - Domaine de Chantegrive\" \/>\n<meta property=\"og:description\" content=\"F\u00e9chy Domaine de Chantegrive The wines of F\u00e9chy are very well-known and probably the most famous in Switzerland\" \/>\n<meta property=\"og:url\" content=\"https:\/\/www.chantegrive.ch\/en\/produit\/chasselas-fechy\/\" \/>\n<meta property=\"og:site_name\" content=\"Domaine de Chantegrive\" \/>\n<meta property=\"article:publisher\" content=\"https:\/\/www.facebook.com\/domainedechantegrive\/\" \/>\n<meta property=\"article:modified_time\" content=\"2023-02-24T00:11:33+00:00\" \/>\n<meta property=\"og:image\" content=\"https:\/\/www.chantegrive.ch\/wp-content\/uploads\/2019\/08\/fechy-expressions-des-terroirs-domaine-chantegrive.jpg\" \/>\n\t<meta property=\"og:image:width\" content=\"1100\" \/>\n\t<meta property=\"og:image:height\" content=\"1100\" \/>\n\t<meta property=\"og:image:type\" content=\"image\/jpeg\" \/>\n<meta name=\"twitter:card\" content=\"summary_large_image\" \/>\n<meta name=\"twitter:label1\" content=\"Est. reading time\" \/>\n\t<meta name=\"twitter:data1\" content=\"1 minute\" \/>\n<script type=\"application\/ld+json\" class=\"yoast-schema-graph\">{\"@context\":\"https:\\\/\\\/schema.org\",\"@graph\":[{\"@type\":\"WebPage\",\"@id\":\"https:\\\/\\\/www.chantegrive.ch\\\/en\\\/produit\\\/chasselas-fechy\\\/\",\"url\":\"https:\\\/\\\/www.chantegrive.ch\\\/en\\\/produit\\\/chasselas-fechy\\\/\",\"name\":\"F\u00e9chy, Grand Cru AOC La C\u00f4te - Domaine de Chantegrive\",\"isPartOf\":{\"@id\":\"https:\\\/\\\/www.chantegrive.ch\\\/#website\"},\"primaryImageOfPage\":{\"@id\":\"https:\\\/\\\/www.chantegrive.ch\\\/en\\\/produit\\\/chasselas-fechy\\\/#primaryimage\"},\"image\":{\"@id\":\"https:\\\/\\\/www.chantegrive.ch\\\/en\\\/produit\\\/chasselas-fechy\\\/#primaryimage\"},\"thumbnailUrl\":\"https:\\\/\\\/www.chantegrive.ch\\\/wp-content\\\/uploads\\\/2019\\\/08\\\/fechy-expressions-des-terroirs-domaine-chantegrive.jpg\",\"datePublished\":\"2019-08-14T22:00:04+00:00\",\"dateModified\":\"2023-02-24T00:11:33+00:00\",\"description\":\"F\u00e9chy Domaine de Chantegrive The wines of F\u00e9chy are very well-known and probably the most famous in Switzerland\",\"breadcrumb\":{\"@id\":\"https:\\\/\\\/www.chantegrive.ch\\\/en\\\/produit\\\/chasselas-fechy\\\/#breadcrumb\"},\"inLanguage\":\"en-US\",\"potentialAction\":[{\"@type\":\"ReadAction\",\"target\":[\"https:\\\/\\\/www.chantegrive.ch\\\/en\\\/produit\\\/chasselas-fechy\\\/\"]}]},{\"@type\":\"ImageObject\",\"inLanguage\":\"en-US\",\"@id\":\"https:\\\/\\\/www.chantegrive.ch\\\/en\\\/produit\\\/chasselas-fechy\\\/#primaryimage\",\"url\":\"https:\\\/\\\/www.chantegrive.ch\\\/wp-content\\\/uploads\\\/2019\\\/08\\\/fechy-expressions-des-terroirs-domaine-chantegrive.jpg\",\"contentUrl\":\"https:\\\/\\\/www.chantegrive.ch\\\/wp-content\\\/uploads\\\/2019\\\/08\\\/fechy-expressions-des-terroirs-domaine-chantegrive.jpg\",\"width\":1100,\"height\":1100,\"caption\":\"F\u00e9chy Expression des Terroirs Domaine de Chantegrive\"},{\"@type\":\"BreadcrumbList\",\"@id\":\"https:\\\/\\\/www.chantegrive.ch\\\/en\\\/produit\\\/chasselas-fechy\\\/#breadcrumb\",\"itemListElement\":[{\"@type\":\"ListItem\",\"position\":1,\"name\":\"Accueil\",\"item\":\"https:\\\/\\\/www.chantegrive.ch\\\/en\\\/\"},{\"@type\":\"ListItem\",\"position\":2,\"name\":\"Shop Cat\u00e9gorie\",\"item\":\"https:\\\/\\\/www.chantegrive.ch\\\/shop\\\/\"},{\"@type\":\"ListItem\",\"position\":3,\"name\":\"F\u00e9chy, Grand Cru Chasselas AOC La C\u00f4te\"}]},{\"@type\":\"WebSite\",\"@id\":\"https:\\\/\\\/www.chantegrive.ch\\\/#website\",\"url\":\"https:\\\/\\\/www.chantegrive.ch\\\/\",\"name\":\"Domaine de Chantegrive\",\"description\":\"Vins Alain Rolaz &amp; fils\",\"potentialAction\":[{\"@type\":\"SearchAction\",\"target\":{\"@type\":\"EntryPoint\",\"urlTemplate\":\"https:\\\/\\\/www.chantegrive.ch\\\/?s={search_term_string}\"},\"query-input\":{\"@type\":\"PropertyValueSpecification\",\"valueRequired\":true,\"valueName\":\"search_term_string\"}}],\"inLanguage\":\"en-US\"}]}<\/script>\n<!-- \/ Yoast SEO plugin. -->","yoast_head_json":{"title":"F\u00e9chy, Grand Cru AOC La C\u00f4te - Domaine de Chantegrive","description":"F\u00e9chy Domaine de Chantegrive The wines of F\u00e9chy are very well-known and probably the most famous in Switzerland","robots":{"index":"index","follow":"follow","max-snippet":"max-snippet:-1","max-image-preview":"max-image-preview:large","max-video-preview":"max-video-preview:-1"},"canonical":"https:\/\/www.chantegrive.ch\/en\/produit\/chasselas-fechy\/","og_locale":"en_US","og_type":"article","og_title":"F\u00e9chy, Grand Cru AOC La C\u00f4te - Domaine de Chantegrive","og_description":"F\u00e9chy Domaine de Chantegrive The wines of F\u00e9chy are very well-known and probably the most famous in Switzerland","og_url":"https:\/\/www.chantegrive.ch\/en\/produit\/chasselas-fechy\/","og_site_name":"Domaine de Chantegrive","article_publisher":"https:\/\/www.facebook.com\/domainedechantegrive\/","article_modified_time":"2023-02-24T00:11:33+00:00","og_image":[{"width":1100,"height":1100,"url":"https:\/\/www.chantegrive.ch\/wp-content\/uploads\/2019\/08\/fechy-expressions-des-terroirs-domaine-chantegrive.jpg","type":"image\/jpeg"}],"twitter_card":"summary_large_image","twitter_misc":{"Est. reading time":"1 minute"},"schema":{"@context":"https:\/\/schema.org","@graph":[{"@type":"WebPage","@id":"https:\/\/www.chantegrive.ch\/en\/produit\/chasselas-fechy\/","url":"https:\/\/www.chantegrive.ch\/en\/produit\/chasselas-fechy\/","name":"F\u00e9chy, Grand Cru AOC La C\u00f4te - Domaine de Chantegrive","isPartOf":{"@id":"https:\/\/www.chantegrive.ch\/#website"},"primaryImageOfPage":{"@id":"https:\/\/www.chantegrive.ch\/en\/produit\/chasselas-fechy\/#primaryimage"},"image":{"@id":"https:\/\/www.chantegrive.ch\/en\/produit\/chasselas-fechy\/#primaryimage"},"thumbnailUrl":"https:\/\/www.chantegrive.ch\/wp-content\/uploads\/2019\/08\/fechy-expressions-des-terroirs-domaine-chantegrive.jpg","datePublished":"2019-08-14T22:00:04+00:00","dateModified":"2023-02-24T00:11:33+00:00","description":"F\u00e9chy Domaine de Chantegrive The wines of F\u00e9chy are very well-known and probably the most famous in Switzerland","breadcrumb":{"@id":"https:\/\/www.chantegrive.ch\/en\/produit\/chasselas-fechy\/#breadcrumb"},"inLanguage":"en-US","potentialAction":[{"@type":"ReadAction","target":["https:\/\/www.chantegrive.ch\/en\/produit\/chasselas-fechy\/"]}]},{"@type":"ImageObject","inLanguage":"en-US","@id":"https:\/\/www.chantegrive.ch\/en\/produit\/chasselas-fechy\/#primaryimage","url":"https:\/\/www.chantegrive.ch\/wp-content\/uploads\/2019\/08\/fechy-expressions-des-terroirs-domaine-chantegrive.jpg","contentUrl":"https:\/\/www.chantegrive.ch\/wp-content\/uploads\/2019\/08\/fechy-expressions-des-terroirs-domaine-chantegrive.jpg","width":1100,"height":1100,"caption":"F\u00e9chy Expression des Terroirs Domaine de Chantegrive"},{"@type":"BreadcrumbList","@id":"https:\/\/www.chantegrive.ch\/en\/produit\/chasselas-fechy\/#breadcrumb","itemListElement":[{"@type":"ListItem","position":1,"name":"Accueil","item":"https:\/\/www.chantegrive.ch\/en\/"},{"@type":"ListItem","position":2,"name":"Shop Cat\u00e9gorie","item":"https:\/\/www.chantegrive.ch\/shop\/"},{"@type":"ListItem","position":3,"name":"F\u00e9chy, Grand Cru Chasselas AOC La C\u00f4te"}]},{"@type":"WebSite","@id":"https:\/\/www.chantegrive.ch\/#website","url":"https:\/\/www.chantegrive.ch\/","name":"Domaine de Chantegrive","description":"Vins Alain Rolaz &amp; fils","potentialAction":[{"@type":"SearchAction","target":{"@type":"EntryPoint","urlTemplate":"https:\/\/www.chantegrive.ch\/?s={search_term_string}"},"query-input":{"@type":"PropertyValueSpecification","valueRequired":true,"valueName":"search_term_string"}}],"inLanguage":"en-US"}]}},"_links":{"self":[{"href":"https:\/\/www.chantegrive.ch\/en\/wp-json\/wp\/v2\/product\/1972","targetHints":{"allow":["GET"]}}],"collection":[{"href":"https:\/\/www.chantegrive.ch\/en\/wp-json\/wp\/v2\/product"}],"about":[{"href":"https:\/\/www.chantegrive.ch\/en\/wp-json\/wp\/v2\/types\/product"}],"wp:featuredmedia":[{"embeddable":true,"href":"https:\/\/www.chantegrive.ch\/en\/wp-json\/wp\/v2\/media\/6085"}],"wp:attachment":[{"href":"https:\/\/www.chantegrive.ch\/en\/wp-json\/wp\/v2\/media?parent=1972"}],"wp:term":[{"taxonomy":"product_brand","embeddable":true,"href":"https:\/\/www.chantegrive.ch\/en\/wp-json\/wp\/v2\/product_brand?post=1972"},{"taxonomy":"product_cat","embeddable":true,"href":"https:\/\/www.chantegrive.ch\/en\/wp-json\/wp\/v2\/product_cat?post=1972"},{"taxonomy":"product_tag","embeddable":true,"href":"https:\/\/www.chantegrive.ch\/en\/wp-json\/wp\/v2\/product_tag?post=1972"}],"curies":[{"name":"wp","href":"https:\/\/api.w.org\/{rel}","templated":true}]}}