{"id":2000,"date":"2019-08-10T00:00:15","date_gmt":"2019-08-09T22:00:15","guid":{"rendered":"https:\/\/www.chantegrive.ch\/produit\/rose-vaudois\/"},"modified":"2023-03-02T09:52:17","modified_gmt":"2023-03-02T08:52:17","slug":"rose-bel-canto","status":"publish","type":"product","link":"https:\/\/www.chantegrive.ch\/en\/produit\/rose-bel-canto\/","title":{"rendered":"Bel canto Vin ros\u00e9 AOC La C\u00f4te"},"content":{"rendered":"<div class=\"row\"  id=\"row-1137001051\">\n\n\t<div id=\"col-295820827\" class=\"col small-12 large-12\"  >\n\t\t\t\t<div class=\"col-inner dark\"  >\n\t\t\t\n\t\t\t\n<h2>Bel canto<br \/>\n<span class=\"alt-font\">Vin ros\u00e9 AOC La C\u00f4te<\/span><\/h2>\n\t<div id=\"gap-1886135176\" class=\"gap-element clearfix\" style=\"display:block; height:auto;\">\n\t\t\n<style>\n#gap-1886135176 {\n  padding-top: 30px;\n}\n<\/style>\n\t<\/div>\n\t\n<p class=\"lead\">Undisputed star of the summer, the bottle of ros\u00e9 wine &#8220;Bel Canto&#8221; cleverly combines the best ingredients to delight all taste buds. Its lightness invites you to the conviviality of the summer evenings or for a refreshing break during the afternoon.<\/p>\n\t\t<\/div>\n\t\t\t\t\t<\/div>\n\n\t\n<\/div>\n<div class=\"row\"  id=\"row-1023461905\">\n\n\t<div id=\"col-2048876434\" class=\"col medium-6 small-12 large-6\"  >\n\t\t\t\t<div class=\"col-inner dark\"  >\n\t\t\t\n\t\t\t\n<h3>Tasting the Bel Canto<\/h3>\n<p>Bel canto has delicate and subtle aromas with notes of red berries<\/p>\n<p>Excellent aperitif wine, it accompanies perfectly canap\u00e9s, tapas and also grilled vegetables and raw vegetables.<\/p>\n\t\t<\/div>\n\t\t\t\t\t<\/div>\n\n\t\n\n\t<div id=\"col-1512637011\" class=\"col medium-6 small-12 large-6\"  >\n\t\t\t\t<div class=\"col-inner dark\"  >\n\t\t\t\n\t\t\t\n<h4>Time to keep<\/h4>\n<p>Time to keep: 1 to 3 years<\/p>\n<h4>Serving temperature<\/h4>\n<p><img loading=\"lazy\" decoding=\"async\" class=\"alignnone size-full wp-image-7157\" src=\"https:\/\/www.chantegrive.ch\/wp-content\/uploads\/2019\/08\/thermometer-icon-white-domaine-de-chantegrive-2.png\" alt=\"\" width=\"55\" height=\"51\" \/>Serving temperature: 8 to 10\u00b0c<\/p>\n\t\t<\/div>\n\t\t\t\t\t<\/div>\n\n\t\n<\/div>\n","protected":false},"excerpt":{"rendered":"<h3>Signature Alain Rolaz: Bel Canto<\/h3>\n<p><em>Grape varieties: Red blend<\/em><\/p>\n<blockquote>\n<p class=\"lead\">&#8220;Bel Canto&#8221; invites you to the conviviality of the summer evenings or for a refreshing break during the afternoon.<\/p>\n<\/blockquote>\n<p><img loading=\"lazy\" decoding=\"async\" class=\"alignright size-full wp-image-6731\" src=\"https:\/\/www.chantegrive.ch\/wp-content\/uploads\/2019\/09\/logo-grive-rose-domaine-de-chantegrive.png\" alt=\"\" width=\"96\" height=\"99\" \/><\/p>\n<h4>Packaging<\/h4>\n<ul>\n<li>12x 75 cl = <strong>CHF 144.-<\/strong> (CHF 12 per bt.)<\/li>\n<li>15x 50 cl = <strong>CHF 127.50.-<\/strong> (CHF 8.50 per bt.)<\/li>\n<\/ul>\n","protected":false},"featured_media":6101,"template":"","meta":{"iawp_total_views":21},"product_brand":[],"product_cat":[231],"product_tag":[],"class_list":{"0":"post-2000","1":"product","2":"type-product","3":"status-publish","4":"has-post-thumbnail","6":"product_cat-signature-alain-rolaz-en","8":"first","9":"instock","10":"shipping-taxable","11":"purchasable","12":"product-type-variable","13":"add-to-wishlist-after_add_to_cart"},"group_of_quantity":0,"min_quantity":0,"max_quantity":"","exclude_order_quantity_value_rules":"no","exclude_category_quantity_rules":"no","combine_variations":"no","yoast_head":"<!-- This site is optimized with the Yoast SEO plugin v27.4 - https:\/\/yoast.com\/product\/yoast-seo-wordpress\/ -->\n<title>Bel Canto Sp\u00e9cialit\u00e9 de Vin ros\u00e9 - Domaine de Chantegrive<\/title>\n<meta name=\"description\" content=\"Undisputed star of the summer, the bottle of ros\u0439 wine &quot;Bel Canto&quot; cleverly combines the best ingredients to delight all taste buds.\" \/>\n<meta name=\"robots\" content=\"index, follow, max-snippet:-1, max-image-preview:large, max-video-preview:-1\" \/>\n<link rel=\"canonical\" href=\"https:\/\/www.chantegrive.ch\/en\/produit\/rose-bel-canto\/\" \/>\n<meta property=\"og:locale\" content=\"en_US\" \/>\n<meta property=\"og:type\" content=\"article\" \/>\n<meta property=\"og:title\" content=\"Bel Canto Sp\u00e9cialit\u00e9 de Vin ros\u00e9 Domaine de Chantegrive\" \/>\n<meta property=\"og:description\" content=\"Star incontestable de la saison estivale, la bouteille de vin ros\u00e9 &quot;Bel Canto&quot; combine savamment les meilleurs ingr\u00e9dients pour ravir toutes les papilles.\" \/>\n<meta property=\"og:url\" content=\"https:\/\/www.chantegrive.ch\/en\/produit\/rose-bel-canto\/\" \/>\n<meta property=\"og:site_name\" content=\"Domaine de Chantegrive\" \/>\n<meta property=\"article:publisher\" content=\"https:\/\/www.facebook.com\/domainedechantegrive\/\" \/>\n<meta property=\"article:modified_time\" content=\"2023-03-02T08:52:17+00:00\" \/>\n<meta property=\"og:image\" content=\"https:\/\/www.chantegrive.ch\/wp-content\/uploads\/2019\/08\/bel-canto-signature-alain-rolaz-des-terroirs-domaine-chantegrive.jpg\" \/>\n\t<meta property=\"og:image:width\" content=\"1100\" \/>\n\t<meta property=\"og:image:height\" content=\"1100\" \/>\n\t<meta property=\"og:image:type\" content=\"image\/jpeg\" \/>\n<meta name=\"twitter:card\" content=\"summary_large_image\" \/>\n<meta name=\"twitter:label1\" content=\"Est. reading time\" \/>\n\t<meta name=\"twitter:data1\" content=\"1 minute\" \/>\n<script type=\"application\/ld+json\" class=\"yoast-schema-graph\">{\"@context\":\"https:\\\/\\\/schema.org\",\"@graph\":[{\"@type\":\"WebPage\",\"@id\":\"https:\\\/\\\/www.chantegrive.ch\\\/en\\\/produit\\\/rose-bel-canto\\\/\",\"url\":\"https:\\\/\\\/www.chantegrive.ch\\\/en\\\/produit\\\/rose-bel-canto\\\/\",\"name\":\"Bel Canto Sp\u00e9cialit\u00e9 de Vin ros\u00e9 - Domaine de Chantegrive\",\"isPartOf\":{\"@id\":\"https:\\\/\\\/www.chantegrive.ch\\\/#website\"},\"primaryImageOfPage\":{\"@id\":\"https:\\\/\\\/www.chantegrive.ch\\\/en\\\/produit\\\/rose-bel-canto\\\/#primaryimage\"},\"image\":{\"@id\":\"https:\\\/\\\/www.chantegrive.ch\\\/en\\\/produit\\\/rose-bel-canto\\\/#primaryimage\"},\"thumbnailUrl\":\"https:\\\/\\\/www.chantegrive.ch\\\/wp-content\\\/uploads\\\/2019\\\/08\\\/bel-canto-signature-alain-rolaz-des-terroirs-domaine-chantegrive.jpg\",\"datePublished\":\"2019-08-09T22:00:15+00:00\",\"dateModified\":\"2023-03-02T08:52:17+00:00\",\"description\":\"Undisputed star of the summer, the bottle of ros\u0439 wine \\\"Bel Canto\\\" cleverly combines the best ingredients to delight all taste buds.\",\"breadcrumb\":{\"@id\":\"https:\\\/\\\/www.chantegrive.ch\\\/en\\\/produit\\\/rose-bel-canto\\\/#breadcrumb\"},\"inLanguage\":\"en-US\",\"potentialAction\":[{\"@type\":\"ReadAction\",\"target\":[\"https:\\\/\\\/www.chantegrive.ch\\\/en\\\/produit\\\/rose-bel-canto\\\/\"]}]},{\"@type\":\"ImageObject\",\"inLanguage\":\"en-US\",\"@id\":\"https:\\\/\\\/www.chantegrive.ch\\\/en\\\/produit\\\/rose-bel-canto\\\/#primaryimage\",\"url\":\"https:\\\/\\\/www.chantegrive.ch\\\/wp-content\\\/uploads\\\/2019\\\/08\\\/bel-canto-signature-alain-rolaz-des-terroirs-domaine-chantegrive.jpg\",\"contentUrl\":\"https:\\\/\\\/www.chantegrive.ch\\\/wp-content\\\/uploads\\\/2019\\\/08\\\/bel-canto-signature-alain-rolaz-des-terroirs-domaine-chantegrive.jpg\",\"width\":1100,\"height\":1100,\"caption\":\"Bel canto Signature Alain Rolaz Domaine de Chantegrive\"},{\"@type\":\"BreadcrumbList\",\"@id\":\"https:\\\/\\\/www.chantegrive.ch\\\/en\\\/produit\\\/rose-bel-canto\\\/#breadcrumb\",\"itemListElement\":[{\"@type\":\"ListItem\",\"position\":1,\"name\":\"Accueil\",\"item\":\"https:\\\/\\\/www.chantegrive.ch\\\/en\\\/\"},{\"@type\":\"ListItem\",\"position\":2,\"name\":\"Shop Cat\u00e9gorie\",\"item\":\"https:\\\/\\\/www.chantegrive.ch\\\/shop\\\/\"},{\"@type\":\"ListItem\",\"position\":3,\"name\":\"Bel canto Vin ros\u00e9 AOC La C\u00f4te\"}]},{\"@type\":\"WebSite\",\"@id\":\"https:\\\/\\\/www.chantegrive.ch\\\/#website\",\"url\":\"https:\\\/\\\/www.chantegrive.ch\\\/\",\"name\":\"Domaine de Chantegrive\",\"description\":\"Vins Alain Rolaz &amp; fils\",\"potentialAction\":[{\"@type\":\"SearchAction\",\"target\":{\"@type\":\"EntryPoint\",\"urlTemplate\":\"https:\\\/\\\/www.chantegrive.ch\\\/?s={search_term_string}\"},\"query-input\":{\"@type\":\"PropertyValueSpecification\",\"valueRequired\":true,\"valueName\":\"search_term_string\"}}],\"inLanguage\":\"en-US\"}]}<\/script>\n<!-- \/ Yoast SEO plugin. -->","yoast_head_json":{"title":"Bel Canto Sp\u00e9cialit\u00e9 de Vin ros\u00e9 - Domaine de Chantegrive","description":"Undisputed star of the summer, the bottle of ros\u0439 wine \"Bel Canto\" cleverly combines the best ingredients to delight all taste buds.","robots":{"index":"index","follow":"follow","max-snippet":"max-snippet:-1","max-image-preview":"max-image-preview:large","max-video-preview":"max-video-preview:-1"},"canonical":"https:\/\/www.chantegrive.ch\/en\/produit\/rose-bel-canto\/","og_locale":"en_US","og_type":"article","og_title":"Bel Canto Sp\u00e9cialit\u00e9 de Vin ros\u00e9 Domaine de Chantegrive","og_description":"Star incontestable de la saison estivale, la bouteille de vin ros\u00e9 \"Bel Canto\" combine savamment les meilleurs ingr\u00e9dients pour ravir toutes les papilles.","og_url":"https:\/\/www.chantegrive.ch\/en\/produit\/rose-bel-canto\/","og_site_name":"Domaine de Chantegrive","article_publisher":"https:\/\/www.facebook.com\/domainedechantegrive\/","article_modified_time":"2023-03-02T08:52:17+00:00","og_image":[{"width":1100,"height":1100,"url":"https:\/\/www.chantegrive.ch\/wp-content\/uploads\/2019\/08\/bel-canto-signature-alain-rolaz-des-terroirs-domaine-chantegrive.jpg","type":"image\/jpeg"}],"twitter_card":"summary_large_image","twitter_misc":{"Est. reading time":"1 minute"},"schema":{"@context":"https:\/\/schema.org","@graph":[{"@type":"WebPage","@id":"https:\/\/www.chantegrive.ch\/en\/produit\/rose-bel-canto\/","url":"https:\/\/www.chantegrive.ch\/en\/produit\/rose-bel-canto\/","name":"Bel Canto Sp\u00e9cialit\u00e9 de Vin ros\u00e9 - Domaine de Chantegrive","isPartOf":{"@id":"https:\/\/www.chantegrive.ch\/#website"},"primaryImageOfPage":{"@id":"https:\/\/www.chantegrive.ch\/en\/produit\/rose-bel-canto\/#primaryimage"},"image":{"@id":"https:\/\/www.chantegrive.ch\/en\/produit\/rose-bel-canto\/#primaryimage"},"thumbnailUrl":"https:\/\/www.chantegrive.ch\/wp-content\/uploads\/2019\/08\/bel-canto-signature-alain-rolaz-des-terroirs-domaine-chantegrive.jpg","datePublished":"2019-08-09T22:00:15+00:00","dateModified":"2023-03-02T08:52:17+00:00","description":"Undisputed star of the summer, the bottle of ros\u0439 wine \"Bel Canto\" cleverly combines the best ingredients to delight all taste buds.","breadcrumb":{"@id":"https:\/\/www.chantegrive.ch\/en\/produit\/rose-bel-canto\/#breadcrumb"},"inLanguage":"en-US","potentialAction":[{"@type":"ReadAction","target":["https:\/\/www.chantegrive.ch\/en\/produit\/rose-bel-canto\/"]}]},{"@type":"ImageObject","inLanguage":"en-US","@id":"https:\/\/www.chantegrive.ch\/en\/produit\/rose-bel-canto\/#primaryimage","url":"https:\/\/www.chantegrive.ch\/wp-content\/uploads\/2019\/08\/bel-canto-signature-alain-rolaz-des-terroirs-domaine-chantegrive.jpg","contentUrl":"https:\/\/www.chantegrive.ch\/wp-content\/uploads\/2019\/08\/bel-canto-signature-alain-rolaz-des-terroirs-domaine-chantegrive.jpg","width":1100,"height":1100,"caption":"Bel canto Signature Alain Rolaz Domaine de Chantegrive"},{"@type":"BreadcrumbList","@id":"https:\/\/www.chantegrive.ch\/en\/produit\/rose-bel-canto\/#breadcrumb","itemListElement":[{"@type":"ListItem","position":1,"name":"Accueil","item":"https:\/\/www.chantegrive.ch\/en\/"},{"@type":"ListItem","position":2,"name":"Shop Cat\u00e9gorie","item":"https:\/\/www.chantegrive.ch\/shop\/"},{"@type":"ListItem","position":3,"name":"Bel canto Vin ros\u00e9 AOC La C\u00f4te"}]},{"@type":"WebSite","@id":"https:\/\/www.chantegrive.ch\/#website","url":"https:\/\/www.chantegrive.ch\/","name":"Domaine de Chantegrive","description":"Vins Alain Rolaz &amp; fils","potentialAction":[{"@type":"SearchAction","target":{"@type":"EntryPoint","urlTemplate":"https:\/\/www.chantegrive.ch\/?s={search_term_string}"},"query-input":{"@type":"PropertyValueSpecification","valueRequired":true,"valueName":"search_term_string"}}],"inLanguage":"en-US"}]}},"_links":{"self":[{"href":"https:\/\/www.chantegrive.ch\/en\/wp-json\/wp\/v2\/product\/2000","targetHints":{"allow":["GET"]}}],"collection":[{"href":"https:\/\/www.chantegrive.ch\/en\/wp-json\/wp\/v2\/product"}],"about":[{"href":"https:\/\/www.chantegrive.ch\/en\/wp-json\/wp\/v2\/types\/product"}],"wp:featuredmedia":[{"embeddable":true,"href":"https:\/\/www.chantegrive.ch\/en\/wp-json\/wp\/v2\/media\/6101"}],"wp:attachment":[{"href":"https:\/\/www.chantegrive.ch\/en\/wp-json\/wp\/v2\/media?parent=2000"}],"wp:term":[{"taxonomy":"product_brand","embeddable":true,"href":"https:\/\/www.chantegrive.ch\/en\/wp-json\/wp\/v2\/product_brand?post=2000"},{"taxonomy":"product_cat","embeddable":true,"href":"https:\/\/www.chantegrive.ch\/en\/wp-json\/wp\/v2\/product_cat?post=2000"},{"taxonomy":"product_tag","embeddable":true,"href":"https:\/\/www.chantegrive.ch\/en\/wp-json\/wp\/v2\/product_tag?post=2000"}],"curies":[{"name":"wp","href":"https:\/\/api.w.org\/{rel}","templated":true}]}}