{"id":2114,"date":"2019-08-01T00:00:07","date_gmt":"2019-07-31T22:00:07","guid":{"rendered":"https:\/\/www.chantegrive.ch\/produit\/crescendo-merlot-cabernet-franc\/"},"modified":"2023-11-29T10:49:11","modified_gmt":"2023-11-29T09:49:11","slug":"merlot-cabernet-franc-crescendo-aged-in-oak-barrels","status":"publish","type":"product","link":"https:\/\/www.chantegrive.ch\/en\/produit\/merlot-cabernet-franc-crescendo-aged-in-oak-barrels\/","title":{"rendered":"Merlot Cabernet Franc, Crescendo"},"content":{"rendered":"<div class=\"row\"  id=\"row-199985867\">\n\n\t<div id=\"col-1190326750\" class=\"col small-12 large-12\"  >\n\t\t\t\t<div class=\"col-inner dark\"  >\n\t\t\t\n\t\t\t\n<h2>Merlot Cabernet Franc, Crescendo<br \/>\n<span class=\"alt-font\">Oak barrel aging: 12 months<\/span><\/h2>\n\t<div id=\"gap-1201871774\" class=\"gap-element clearfix\" style=\"display:block; height:auto;\">\n\t\t\n<style>\n#gap-1201871774 {\n  padding-top: 30px;\n}\n<\/style>\n\t<\/div>\n\t\n<p class=\"lead\">The assembly of several grape varieties is an art. In fact, each grape variety carries its own characteristics, acquired during its growth and maturation. It is by the marriage between the right terroir and the right vinification that the blend reveals all its power.<\/p>\n\t\t<\/div>\n\t\t\t\t\t<\/div>\n\n\t\n<\/div>\n<div class=\"row\"  id=\"row-1502428195\">\n\n\t<div id=\"col-505939489\" class=\"col medium-6 small-12 large-6\"  >\n\t\t\t\t<div class=\"col-inner dark\"  >\n\t\t\t\n\t\t\t\n<h3>Tasting the Crescendo Merlot \u2013 Cabernet-Franc<\/h3>\n<p>The \u00abCrescendo Merlot-Cabernet Franc\u00bb is a blend of 50% Merlot and 50% Cabernet Franc, it displays an intense red color, with highlights of black cherries. Generous, ample, harmonious, it offers a subtle nose with aromas of blackberries and blueberries that evolve on spicy touches. In the mouth, its attack is supple and round which culminates on a long finish with fine tannins.<\/p>\n<h4>Food pairing<\/h4>\n<p>Il accompagne parfaitement la chasse, gibier \u00e0 plumes ainsi que la viande rouge.<\/p>\n\t\t<\/div>\n\t\t\t\t\t<\/div>\n\n\t\n\n\t<div id=\"col-2488581\" class=\"col medium-6 small-12 large-6\"  >\n\t\t\t\t<div class=\"col-inner dark\"  >\n\t\t\t\n\t\t\t\n<h4>Time to keep<\/h4>\n<p>Time to keep: 5 to more than 10 years<br \/>\nTo store: Aging temperature around 12\u00b0C and must be homogeneous throughout the cellar.<\/p>\n<h4>Serving temperature<\/h4>\n<p><img loading=\"lazy\" decoding=\"async\" class=\"alignnone size-full wp-image-7157\" src=\"https:\/\/www.chantegrive.ch\/wp-content\/uploads\/2019\/08\/thermometer-icon-white-domaine-de-chantegrive-2.png\" alt=\"\" width=\"55\" height=\"51\" \/>Serving temperature: 13 to 16\u00b0c<\/p>\n\t\t<\/div>\n\t\t\t\t\t<\/div>\n\n\t\n<\/div>\n","protected":false},"excerpt":{"rendered":"<h3>Crescendo: Merlot \u2013 Cabernet-Franc<\/h3>\n<p><em>Grape varieties: Merlot, Cabernet Franc<\/em><\/p>\n<blockquote>\n<p class=\"lead\">Le \u00abCrescendo Merlot-Cabernet Franc\u00bb issu d\u2019un assemblage de 50% Merlot et 50% Cabernet Franc, il affiche une robe rouge intense, aux reflets de bigarreaux noirs. G\u00e9n\u00e9reux, ample, harmonieux, il offre un nez subtil, avec des ar\u00f4mes de m\u00fbres et de myrtilles qui \u00e9voluent sur des touches \u00e9pic\u00e9es. En bouche, son attaque est souple et d\u2019une rondeur souple qui culmine sur une finale longue avec des tanins fins.<\/p>\n<\/blockquote>\n<p><img loading=\"lazy\" decoding=\"async\" class=\"alignright size-full wp-image-6734\" src=\"https:\/\/www.chantegrive.ch\/wp-content\/uploads\/2019\/09\/logo-grive-rouge-domaine-de-chantegrive.png\" alt=\"\" width=\"95\" height=\"99\" \/><\/p>\n<h4>Box of 6 bottles<\/h4>\n<ul>\n<li>6x 75 cl = <strong>CHF 192.-<\/strong> (CHF 32.- per bt.)<\/li>\n<li>1x 150cl = <strong>CHF 59.-<\/strong><\/li>\n<\/ul>\n","protected":false},"featured_media":6138,"template":"","meta":{"iawp_total_views":23},"product_brand":[],"product_cat":[203],"product_tag":[],"class_list":{"0":"post-2114","1":"product","2":"type-product","3":"status-publish","4":"has-post-thumbnail","6":"product_cat-crescendo-en","8":"first","9":"instock","10":"shipping-taxable","11":"purchasable","12":"product-type-variable","13":"add-to-wishlist-after_add_to_cart"},"group_of_quantity":0,"min_quantity":0,"max_quantity":"","exclude_order_quantity_value_rules":"no","exclude_category_quantity_rules":"no","combine_variations":"no","yoast_head":"<!-- This site is optimized with the Yoast SEO plugin v27.4 - https:\/\/yoast.com\/product\/yoast-seo-wordpress\/ -->\n<title>Merlot Cabernet-Franc Crescendo Wine matured in oak barrels Chantegrive<\/title>\n<meta name=\"description\" content=\"Crescendo Merlot Cabernet Franc Domaine de Chantegrive - These two varieties are very delicate and require a great deal of work in the vineyard...\" \/>\n<meta name=\"robots\" content=\"index, follow, max-snippet:-1, max-image-preview:large, max-video-preview:-1\" \/>\n<link rel=\"canonical\" href=\"https:\/\/www.chantegrive.ch\/en\/produit\/merlot-cabernet-franc-crescendo-aged-in-oak-barrels\/\" \/>\n<meta property=\"og:locale\" content=\"en_US\" \/>\n<meta property=\"og:type\" content=\"article\" \/>\n<meta property=\"og:title\" content=\"Merlot Cabernet-Franc Crescendo Wine matured in oak barrels - Domaine de Chantegrive\" \/>\n<meta property=\"og:description\" content=\"Crescendo Merlot Cabernet Franc Domaine de Chantegrive - These two varieties are very delicate and require a great deal of work in the vineyard...\" \/>\n<meta property=\"og:url\" content=\"https:\/\/www.chantegrive.ch\/en\/produit\/merlot-cabernet-franc-crescendo-aged-in-oak-barrels\/\" \/>\n<meta property=\"og:site_name\" content=\"Domaine de Chantegrive\" \/>\n<meta property=\"article:publisher\" content=\"https:\/\/www.facebook.com\/domainedechantegrive\/\" \/>\n<meta property=\"article:modified_time\" content=\"2023-11-29T09:49:11+00:00\" \/>\n<meta property=\"og:image\" content=\"https:\/\/www.chantegrive.ch\/wp-content\/uploads\/2019\/08\/merlot-cabernet-franc-crescendo-domaine-chantegrive.jpg\" \/>\n\t<meta property=\"og:image:width\" content=\"1100\" \/>\n\t<meta property=\"og:image:height\" content=\"1100\" \/>\n\t<meta property=\"og:image:type\" content=\"image\/jpeg\" \/>\n<meta name=\"twitter:card\" content=\"summary_large_image\" \/>\n<meta name=\"twitter:label1\" content=\"Est. reading time\" \/>\n\t<meta name=\"twitter:data1\" content=\"2 minutes\" \/>\n<script type=\"application\/ld+json\" class=\"yoast-schema-graph\">{\"@context\":\"https:\\\/\\\/schema.org\",\"@graph\":[{\"@type\":\"WebPage\",\"@id\":\"https:\\\/\\\/www.chantegrive.ch\\\/en\\\/produit\\\/merlot-cabernet-franc-crescendo-aged-in-oak-barrels\\\/\",\"url\":\"https:\\\/\\\/www.chantegrive.ch\\\/en\\\/produit\\\/merlot-cabernet-franc-crescendo-aged-in-oak-barrels\\\/\",\"name\":\"Merlot Cabernet-Franc Crescendo Wine matured in oak barrels Chantegrive\",\"isPartOf\":{\"@id\":\"https:\\\/\\\/www.chantegrive.ch\\\/#website\"},\"primaryImageOfPage\":{\"@id\":\"https:\\\/\\\/www.chantegrive.ch\\\/en\\\/produit\\\/merlot-cabernet-franc-crescendo-aged-in-oak-barrels\\\/#primaryimage\"},\"image\":{\"@id\":\"https:\\\/\\\/www.chantegrive.ch\\\/en\\\/produit\\\/merlot-cabernet-franc-crescendo-aged-in-oak-barrels\\\/#primaryimage\"},\"thumbnailUrl\":\"https:\\\/\\\/www.chantegrive.ch\\\/wp-content\\\/uploads\\\/2019\\\/08\\\/merlot-cabernet-franc-crescendo-domaine-chantegrive.jpg\",\"datePublished\":\"2019-07-31T22:00:07+00:00\",\"dateModified\":\"2023-11-29T09:49:11+00:00\",\"description\":\"Crescendo Merlot Cabernet Franc Domaine de Chantegrive - These two varieties are very delicate and require a great deal of work in the vineyard...\",\"breadcrumb\":{\"@id\":\"https:\\\/\\\/www.chantegrive.ch\\\/en\\\/produit\\\/merlot-cabernet-franc-crescendo-aged-in-oak-barrels\\\/#breadcrumb\"},\"inLanguage\":\"en-US\",\"potentialAction\":[{\"@type\":\"ReadAction\",\"target\":[\"https:\\\/\\\/www.chantegrive.ch\\\/en\\\/produit\\\/merlot-cabernet-franc-crescendo-aged-in-oak-barrels\\\/\"]}]},{\"@type\":\"ImageObject\",\"inLanguage\":\"en-US\",\"@id\":\"https:\\\/\\\/www.chantegrive.ch\\\/en\\\/produit\\\/merlot-cabernet-franc-crescendo-aged-in-oak-barrels\\\/#primaryimage\",\"url\":\"https:\\\/\\\/www.chantegrive.ch\\\/wp-content\\\/uploads\\\/2019\\\/08\\\/merlot-cabernet-franc-crescendo-domaine-chantegrive.jpg\",\"contentUrl\":\"https:\\\/\\\/www.chantegrive.ch\\\/wp-content\\\/uploads\\\/2019\\\/08\\\/merlot-cabernet-franc-crescendo-domaine-chantegrive.jpg\",\"width\":1100,\"height\":1100,\"caption\":\"Merlot Crescendo Domaine de Chantegrive\"},{\"@type\":\"BreadcrumbList\",\"@id\":\"https:\\\/\\\/www.chantegrive.ch\\\/en\\\/produit\\\/merlot-cabernet-franc-crescendo-aged-in-oak-barrels\\\/#breadcrumb\",\"itemListElement\":[{\"@type\":\"ListItem\",\"position\":1,\"name\":\"Accueil\",\"item\":\"https:\\\/\\\/www.chantegrive.ch\\\/en\\\/\"},{\"@type\":\"ListItem\",\"position\":2,\"name\":\"Shop Cat\u00e9gorie\",\"item\":\"https:\\\/\\\/www.chantegrive.ch\\\/shop\\\/\"},{\"@type\":\"ListItem\",\"position\":3,\"name\":\"Merlot Cabernet Franc, Crescendo\"}]},{\"@type\":\"WebSite\",\"@id\":\"https:\\\/\\\/www.chantegrive.ch\\\/#website\",\"url\":\"https:\\\/\\\/www.chantegrive.ch\\\/\",\"name\":\"Domaine de Chantegrive\",\"description\":\"Vins Alain Rolaz &amp; fils\",\"potentialAction\":[{\"@type\":\"SearchAction\",\"target\":{\"@type\":\"EntryPoint\",\"urlTemplate\":\"https:\\\/\\\/www.chantegrive.ch\\\/?s={search_term_string}\"},\"query-input\":{\"@type\":\"PropertyValueSpecification\",\"valueRequired\":true,\"valueName\":\"search_term_string\"}}],\"inLanguage\":\"en-US\"}]}<\/script>\n<!-- \/ Yoast SEO plugin. -->","yoast_head_json":{"title":"Merlot Cabernet-Franc Crescendo Wine matured in oak barrels Chantegrive","description":"Crescendo Merlot Cabernet Franc Domaine de Chantegrive - These two varieties are very delicate and require a great deal of work in the vineyard...","robots":{"index":"index","follow":"follow","max-snippet":"max-snippet:-1","max-image-preview":"max-image-preview:large","max-video-preview":"max-video-preview:-1"},"canonical":"https:\/\/www.chantegrive.ch\/en\/produit\/merlot-cabernet-franc-crescendo-aged-in-oak-barrels\/","og_locale":"en_US","og_type":"article","og_title":"Merlot Cabernet-Franc Crescendo Wine matured in oak barrels - Domaine de Chantegrive","og_description":"Crescendo Merlot Cabernet Franc Domaine de Chantegrive - These two varieties are very delicate and require a great deal of work in the vineyard...","og_url":"https:\/\/www.chantegrive.ch\/en\/produit\/merlot-cabernet-franc-crescendo-aged-in-oak-barrels\/","og_site_name":"Domaine de Chantegrive","article_publisher":"https:\/\/www.facebook.com\/domainedechantegrive\/","article_modified_time":"2023-11-29T09:49:11+00:00","og_image":[{"width":1100,"height":1100,"url":"https:\/\/www.chantegrive.ch\/wp-content\/uploads\/2019\/08\/merlot-cabernet-franc-crescendo-domaine-chantegrive.jpg","type":"image\/jpeg"}],"twitter_card":"summary_large_image","twitter_misc":{"Est. reading time":"2 minutes"},"schema":{"@context":"https:\/\/schema.org","@graph":[{"@type":"WebPage","@id":"https:\/\/www.chantegrive.ch\/en\/produit\/merlot-cabernet-franc-crescendo-aged-in-oak-barrels\/","url":"https:\/\/www.chantegrive.ch\/en\/produit\/merlot-cabernet-franc-crescendo-aged-in-oak-barrels\/","name":"Merlot Cabernet-Franc Crescendo Wine matured in oak barrels Chantegrive","isPartOf":{"@id":"https:\/\/www.chantegrive.ch\/#website"},"primaryImageOfPage":{"@id":"https:\/\/www.chantegrive.ch\/en\/produit\/merlot-cabernet-franc-crescendo-aged-in-oak-barrels\/#primaryimage"},"image":{"@id":"https:\/\/www.chantegrive.ch\/en\/produit\/merlot-cabernet-franc-crescendo-aged-in-oak-barrels\/#primaryimage"},"thumbnailUrl":"https:\/\/www.chantegrive.ch\/wp-content\/uploads\/2019\/08\/merlot-cabernet-franc-crescendo-domaine-chantegrive.jpg","datePublished":"2019-07-31T22:00:07+00:00","dateModified":"2023-11-29T09:49:11+00:00","description":"Crescendo Merlot Cabernet Franc Domaine de Chantegrive - These two varieties are very delicate and require a great deal of work in the vineyard...","breadcrumb":{"@id":"https:\/\/www.chantegrive.ch\/en\/produit\/merlot-cabernet-franc-crescendo-aged-in-oak-barrels\/#breadcrumb"},"inLanguage":"en-US","potentialAction":[{"@type":"ReadAction","target":["https:\/\/www.chantegrive.ch\/en\/produit\/merlot-cabernet-franc-crescendo-aged-in-oak-barrels\/"]}]},{"@type":"ImageObject","inLanguage":"en-US","@id":"https:\/\/www.chantegrive.ch\/en\/produit\/merlot-cabernet-franc-crescendo-aged-in-oak-barrels\/#primaryimage","url":"https:\/\/www.chantegrive.ch\/wp-content\/uploads\/2019\/08\/merlot-cabernet-franc-crescendo-domaine-chantegrive.jpg","contentUrl":"https:\/\/www.chantegrive.ch\/wp-content\/uploads\/2019\/08\/merlot-cabernet-franc-crescendo-domaine-chantegrive.jpg","width":1100,"height":1100,"caption":"Merlot Crescendo Domaine de Chantegrive"},{"@type":"BreadcrumbList","@id":"https:\/\/www.chantegrive.ch\/en\/produit\/merlot-cabernet-franc-crescendo-aged-in-oak-barrels\/#breadcrumb","itemListElement":[{"@type":"ListItem","position":1,"name":"Accueil","item":"https:\/\/www.chantegrive.ch\/en\/"},{"@type":"ListItem","position":2,"name":"Shop Cat\u00e9gorie","item":"https:\/\/www.chantegrive.ch\/shop\/"},{"@type":"ListItem","position":3,"name":"Merlot Cabernet Franc, Crescendo"}]},{"@type":"WebSite","@id":"https:\/\/www.chantegrive.ch\/#website","url":"https:\/\/www.chantegrive.ch\/","name":"Domaine de Chantegrive","description":"Vins Alain Rolaz &amp; fils","potentialAction":[{"@type":"SearchAction","target":{"@type":"EntryPoint","urlTemplate":"https:\/\/www.chantegrive.ch\/?s={search_term_string}"},"query-input":{"@type":"PropertyValueSpecification","valueRequired":true,"valueName":"search_term_string"}}],"inLanguage":"en-US"}]}},"_links":{"self":[{"href":"https:\/\/www.chantegrive.ch\/en\/wp-json\/wp\/v2\/product\/2114","targetHints":{"allow":["GET"]}}],"collection":[{"href":"https:\/\/www.chantegrive.ch\/en\/wp-json\/wp\/v2\/product"}],"about":[{"href":"https:\/\/www.chantegrive.ch\/en\/wp-json\/wp\/v2\/types\/product"}],"wp:featuredmedia":[{"embeddable":true,"href":"https:\/\/www.chantegrive.ch\/en\/wp-json\/wp\/v2\/media\/6138"}],"wp:attachment":[{"href":"https:\/\/www.chantegrive.ch\/en\/wp-json\/wp\/v2\/media?parent=2114"}],"wp:term":[{"taxonomy":"product_brand","embeddable":true,"href":"https:\/\/www.chantegrive.ch\/en\/wp-json\/wp\/v2\/product_brand?post=2114"},{"taxonomy":"product_cat","embeddable":true,"href":"https:\/\/www.chantegrive.ch\/en\/wp-json\/wp\/v2\/product_cat?post=2114"},{"taxonomy":"product_tag","embeddable":true,"href":"https:\/\/www.chantegrive.ch\/en\/wp-json\/wp\/v2\/product_tag?post=2114"}],"curies":[{"name":"wp","href":"https:\/\/api.w.org\/{rel}","templated":true}]}}