{"id":9401,"date":"2019-08-13T12:00:00","date_gmt":"2019-08-13T10:00:00","guid":{"rendered":"https:\/\/www.chantegrive.ch\/produit\/envol-sauvignon-aoc-la-cote\/"},"modified":"2025-10-30T23:04:36","modified_gmt":"2025-10-30T22:04:36","slug":"envol-sauvignon-aoc-la-cote","status":"publish","type":"product","link":"https:\/\/www.chantegrive.ch\/en\/produit\/envol-sauvignon-aoc-la-cote\/","title":{"rendered":"L\u2019Envol Sauvignon AOC La C\u00f4te"},"content":{"rendered":"<div class=\"row\"  id=\"row-260234780\">\n\n\t<div id=\"col-304130751\" class=\"col small-12 large-12\"  >\n\t\t\t\t<div class=\"col-inner dark\"  >\n\t\t\t\n\t\t\t\n<div class=\"row\"  id=\"row-17231878\">\n\n\t<div id=\"col-203205497\" class=\"col small-12 large-12\"  >\n\t\t\t\t<div class=\"col-inner\"  >\n\t\t\t\n\t\t\t\n<h2>L\u2019Envol<br \/>\n<span class=\"alt-font\">Sauvignon AOC La C\u00f4te<\/span><\/h2>\n\t<div id=\"gap-83647762\" class=\"gap-element clearfix\" style=\"display:block; height:auto;\">\n\t\t\n<style>\n#gap-83647762 {\n  padding-top: 30px;\n}\n<\/style>\n\t<\/div>\n\t\n<p class=\"lead\">Le Sauvignon \u00ab L\u2019envol \u00bb est le dernier n\u00e9 de la \u00ab Signature Alain Rolaz \u00bb. Son design modern vient rappeler celui du \u00ab Cheval mon ami \u00bb. Ces deux vins sont destin\u00e9s aux consommateurs d\u00e9sireux de vins festifs, frais et aromatiques.<\/p>\n\t\t<\/div>\n\t\t\t\t\t<\/div>\n\n\t\n<\/div>\n<div class=\"row\"  id=\"row-835474213\">\n\n\t<div id=\"col-315257072\" class=\"col medium-6 small-12 large-6\"  >\n\t\t\t\t<div class=\"col-inner\"  >\n\t\t\t\n\t\t\t\n<h3>D\u00e9gustation du Sauvignon L\u2019envol<\/h3>\n<p>\u00ab L\u2019envol \u00bb est un vin blanc sec qui est dot\u00e9 d\u2019ar\u00f4mes d\u2019agrumes intenses et de fruits exotiques. En bouche sa fra\u00eecheur et sa vivacit\u00e9 vous surprendront.<\/p>\n<h4>Accompagnement<\/h4>\n<p>Sa fraicheur et son \u00e9quilibre aromatique sont id\u00e9al pour un ap\u00e9ro d\u2019\u00e9t\u00e9. Il accompagne parfaitement, les poissons, fruits de mer et l\u00e9gumes grill\u00e9s.<\/p>\n\t\t<\/div>\n\t\t\t\t\t<\/div>\n\n\t\n\n\t<div id=\"col-994096655\" class=\"col medium-6 small-12 large-6\"  >\n\t\t\t\t<div class=\"col-inner\"  >\n\t\t\t\n\t\t\t\n<h4>Temps de garde<\/h4>\n<p>\u00c0 consommer dans les 2-3 ans pour en d\u00e9guster sa fra\u00eecheur.<br \/>\nIl peut \u00e9galement \u00eatre gard\u00e9 en cave pour une dur\u00e9e sup\u00e9rieur \u00e0 10 ans, de belles surprises vous attendent.<\/p>\n<h4>Temp\u00e9rature de service<\/h4>\n<p><img loading=\"lazy\" decoding=\"async\" class=\"alignnone size-full wp-image-7157\" src=\"https:\/\/www.chantegrive.ch\/wp-content\/uploads\/2019\/08\/thermometer-icon-white-domaine-de-chantegrive-2.png\" alt=\"\" width=\"55\" height=\"51\" \/>Temp\u00e9rature id\u00e9ale: 10 \u00e0 12 degr\u00e9s<\/p>\n\t\t<\/div>\n\t\t\t\t\t<\/div>\n\n\t\n<\/div>\n\t\t<\/div>\n\t\t\t\t\t<\/div>\n\n\t\n<\/div>\n","protected":false},"excerpt":{"rendered":"<h3>Collection: Signature Alain Rolaz<\/h3>\n<p><em>C\u00e9page : Sauvignon<\/em><\/p>\n<blockquote>\n<p class=\"lead\">Le Sauvignon \u00ab L\u2019envol \u00bb est le dernier n\u00e9 de la \u00ab Signature Alain Rolaz \u00bb. Son design modern vient rappeler celui du \u00ab Cheval mon ami \u00bb. Ces deux vins sont destin\u00e9s aux consommateurs d\u00e9sireux de vins festifs, frais et aromatiques.<\/p>\n<\/blockquote>\n<p><img loading=\"lazy\" decoding=\"async\" class=\"alignright size-full wp-image-6728\" src=\"https:\/\/www.chantegrive.ch\/wp-content\/uploads\/2019\/09\/logo-grive-blanc-domaine-de-chantegrive.png\" alt=\"\" width=\"95\" height=\"99\" \/><\/p>\n<h4>Carton de 6 bouteilles<\/h4>\n<ul>\n<li>6x 75 cl = <strong>CHF 114.-<\/strong> (CHF 19.- par bt.)<\/li>\n<\/ul>\n","protected":false},"featured_media":8552,"template":"","meta":{"iawp_total_views":48},"product_brand":[],"product_cat":[231],"product_tag":[],"class_list":{"0":"post-9401","1":"product","2":"type-product","3":"status-publish","4":"has-post-thumbnail","6":"product_cat-signature-alain-rolaz-en","8":"first","9":"instock","10":"shipping-taxable","11":"purchasable","12":"product-type-simple","13":"add-to-wishlist-after_add_to_cart"},"group_of_quantity":6,"min_quantity":6,"max_quantity":"","exclude_order_quantity_value_rules":"no","exclude_category_quantity_rules":"no","combine_variations":"no","yoast_head":"<!-- This site is optimized with the Yoast SEO plugin v27.4 - https:\/\/yoast.com\/product\/yoast-seo-wordpress\/ -->\n<title>L\u2019Envol Sauvignon AOC La C\u00f4te - Domaine de Chantegrive<\/title>\n<meta name=\"description\" content=\"Collection: Signature Alain Rolaz C\u00e9page : Sauvignon  Le Sauvignon \u00ab L\u2019envol \u00bb est le dernier n\u00e9 de la \u00ab Signature Alain Rolaz \u00bb. Son design modern vient rappeler celui du \u00ab Cheval mon ami \u00bb. Ces deux vins sont destin\u00e9s aux consommateurs d\u00e9sireux de vins festifs, frais et aromatiques.   Carton de 6 bouteilles   6x 75 cl = CHF 114.- (CHF 19.- par bt.)\" \/>\n<meta name=\"robots\" content=\"index, follow, max-snippet:-1, max-image-preview:large, max-video-preview:-1\" \/>\n<link rel=\"canonical\" href=\"https:\/\/www.chantegrive.ch\/en\/produit\/envol-sauvignon-aoc-la-cote\/\" \/>\n<meta property=\"og:locale\" content=\"en_US\" \/>\n<meta property=\"og:type\" content=\"article\" \/>\n<meta property=\"og:title\" content=\"L\u2019Envol Sauvignon AOC La C\u00f4te - Domaine de Chantegrive\" \/>\n<meta property=\"og:description\" content=\"Collection: Signature Alain Rolaz C\u00e9page : Sauvignon  Le Sauvignon \u00ab L\u2019envol \u00bb est le dernier n\u00e9 de la \u00ab Signature Alain Rolaz \u00bb. Son design modern vient rappeler celui du \u00ab Cheval mon ami \u00bb. Ces deux vins sont destin\u00e9s aux consommateurs d\u00e9sireux de vins festifs, frais et aromatiques.   Carton de 6 bouteilles   6x 75 cl = CHF 114.- (CHF 19.- par bt.)\" \/>\n<meta property=\"og:url\" content=\"https:\/\/www.chantegrive.ch\/en\/produit\/envol-sauvignon-aoc-la-cote\/\" \/>\n<meta property=\"og:site_name\" content=\"Domaine de Chantegrive\" \/>\n<meta property=\"article:publisher\" content=\"https:\/\/www.facebook.com\/domainedechantegrive\/\" \/>\n<meta property=\"article:modified_time\" content=\"2025-10-30T22:04:36+00:00\" \/>\n<meta property=\"og:image\" content=\"https:\/\/www.chantegrive.ch\/wp-content\/uploads\/2020\/03\/lenvol-sauvignon-domaine-de-chantegrive.jpg\" \/>\n\t<meta property=\"og:image:width\" content=\"1100\" \/>\n\t<meta property=\"og:image:height\" content=\"1100\" \/>\n\t<meta property=\"og:image:type\" content=\"image\/jpeg\" \/>\n<meta name=\"twitter:card\" content=\"summary_large_image\" \/>\n<meta name=\"twitter:label1\" content=\"Est. reading time\" \/>\n\t<meta name=\"twitter:data1\" content=\"2 minutes\" \/>\n<script type=\"application\/ld+json\" class=\"yoast-schema-graph\">{\"@context\":\"https:\\\/\\\/schema.org\",\"@graph\":[{\"@type\":\"WebPage\",\"@id\":\"https:\\\/\\\/www.chantegrive.ch\\\/en\\\/produit\\\/envol-sauvignon-aoc-la-cote\\\/\",\"url\":\"https:\\\/\\\/www.chantegrive.ch\\\/en\\\/produit\\\/envol-sauvignon-aoc-la-cote\\\/\",\"name\":\"L\u2019Envol Sauvignon AOC La C\u00f4te - Domaine de Chantegrive\",\"isPartOf\":{\"@id\":\"https:\\\/\\\/www.chantegrive.ch\\\/#website\"},\"primaryImageOfPage\":{\"@id\":\"https:\\\/\\\/www.chantegrive.ch\\\/en\\\/produit\\\/envol-sauvignon-aoc-la-cote\\\/#primaryimage\"},\"image\":{\"@id\":\"https:\\\/\\\/www.chantegrive.ch\\\/en\\\/produit\\\/envol-sauvignon-aoc-la-cote\\\/#primaryimage\"},\"thumbnailUrl\":\"https:\\\/\\\/www.chantegrive.ch\\\/wp-content\\\/uploads\\\/2020\\\/03\\\/lenvol-sauvignon-domaine-de-chantegrive.jpg\",\"datePublished\":\"2019-08-13T10:00:00+00:00\",\"dateModified\":\"2025-10-30T22:04:36+00:00\",\"description\":\"Collection: Signature Alain Rolaz C\u00e9page : Sauvignon Le Sauvignon \u00ab L\u2019envol \u00bb est le dernier n\u00e9 de la \u00ab Signature Alain Rolaz \u00bb. Son design modern vient rappeler celui du \u00ab Cheval mon ami \u00bb. Ces deux vins sont destin\u00e9s aux consommateurs d\u00e9sireux de vins festifs, frais et aromatiques. Carton de 6 bouteilles 6x 75 cl = CHF 114.- (CHF 19.- par bt.)\",\"breadcrumb\":{\"@id\":\"https:\\\/\\\/www.chantegrive.ch\\\/en\\\/produit\\\/envol-sauvignon-aoc-la-cote\\\/#breadcrumb\"},\"inLanguage\":\"en-US\",\"potentialAction\":[{\"@type\":\"ReadAction\",\"target\":[\"https:\\\/\\\/www.chantegrive.ch\\\/en\\\/produit\\\/envol-sauvignon-aoc-la-cote\\\/\"]}]},{\"@type\":\"ImageObject\",\"inLanguage\":\"en-US\",\"@id\":\"https:\\\/\\\/www.chantegrive.ch\\\/en\\\/produit\\\/envol-sauvignon-aoc-la-cote\\\/#primaryimage\",\"url\":\"https:\\\/\\\/www.chantegrive.ch\\\/wp-content\\\/uploads\\\/2020\\\/03\\\/lenvol-sauvignon-domaine-de-chantegrive.jpg\",\"contentUrl\":\"https:\\\/\\\/www.chantegrive.ch\\\/wp-content\\\/uploads\\\/2020\\\/03\\\/lenvol-sauvignon-domaine-de-chantegrive.jpg\",\"width\":1100,\"height\":1100,\"caption\":\"Sauvignon L'Envol Signature Alain Rolaz Domaine de Chantegrive\"},{\"@type\":\"BreadcrumbList\",\"@id\":\"https:\\\/\\\/www.chantegrive.ch\\\/en\\\/produit\\\/envol-sauvignon-aoc-la-cote\\\/#breadcrumb\",\"itemListElement\":[{\"@type\":\"ListItem\",\"position\":1,\"name\":\"Accueil\",\"item\":\"https:\\\/\\\/www.chantegrive.ch\\\/en\\\/\"},{\"@type\":\"ListItem\",\"position\":2,\"name\":\"Shop Cat\u00e9gorie\",\"item\":\"https:\\\/\\\/www.chantegrive.ch\\\/shop\\\/\"},{\"@type\":\"ListItem\",\"position\":3,\"name\":\"L\u2019Envol Sauvignon AOC La C\u00f4te\"}]},{\"@type\":\"WebSite\",\"@id\":\"https:\\\/\\\/www.chantegrive.ch\\\/#website\",\"url\":\"https:\\\/\\\/www.chantegrive.ch\\\/\",\"name\":\"Domaine de Chantegrive\",\"description\":\"Vins Alain Rolaz &amp; fils\",\"potentialAction\":[{\"@type\":\"SearchAction\",\"target\":{\"@type\":\"EntryPoint\",\"urlTemplate\":\"https:\\\/\\\/www.chantegrive.ch\\\/?s={search_term_string}\"},\"query-input\":{\"@type\":\"PropertyValueSpecification\",\"valueRequired\":true,\"valueName\":\"search_term_string\"}}],\"inLanguage\":\"en-US\"}]}<\/script>\n<!-- \/ Yoast SEO plugin. -->","yoast_head_json":{"title":"L\u2019Envol Sauvignon AOC La C\u00f4te - Domaine de Chantegrive","description":"Collection: Signature Alain Rolaz C\u00e9page : Sauvignon  Le Sauvignon \u00ab L\u2019envol \u00bb est le dernier n\u00e9 de la \u00ab Signature Alain Rolaz \u00bb. Son design modern vient rappeler celui du \u00ab Cheval mon ami \u00bb. Ces deux vins sont destin\u00e9s aux consommateurs d\u00e9sireux de vins festifs, frais et aromatiques.   Carton de 6 bouteilles   6x 75 cl = CHF 114.- (CHF 19.- par bt.)","robots":{"index":"index","follow":"follow","max-snippet":"max-snippet:-1","max-image-preview":"max-image-preview:large","max-video-preview":"max-video-preview:-1"},"canonical":"https:\/\/www.chantegrive.ch\/en\/produit\/envol-sauvignon-aoc-la-cote\/","og_locale":"en_US","og_type":"article","og_title":"L\u2019Envol Sauvignon AOC La C\u00f4te - Domaine de Chantegrive","og_description":"Collection: Signature Alain Rolaz C\u00e9page : Sauvignon  Le Sauvignon \u00ab L\u2019envol \u00bb est le dernier n\u00e9 de la \u00ab Signature Alain Rolaz \u00bb. Son design modern vient rappeler celui du \u00ab Cheval mon ami \u00bb. Ces deux vins sont destin\u00e9s aux consommateurs d\u00e9sireux de vins festifs, frais et aromatiques.   Carton de 6 bouteilles   6x 75 cl = CHF 114.- (CHF 19.- par bt.)","og_url":"https:\/\/www.chantegrive.ch\/en\/produit\/envol-sauvignon-aoc-la-cote\/","og_site_name":"Domaine de Chantegrive","article_publisher":"https:\/\/www.facebook.com\/domainedechantegrive\/","article_modified_time":"2025-10-30T22:04:36+00:00","og_image":[{"width":1100,"height":1100,"url":"https:\/\/www.chantegrive.ch\/wp-content\/uploads\/2020\/03\/lenvol-sauvignon-domaine-de-chantegrive.jpg","type":"image\/jpeg"}],"twitter_card":"summary_large_image","twitter_misc":{"Est. reading time":"2 minutes"},"schema":{"@context":"https:\/\/schema.org","@graph":[{"@type":"WebPage","@id":"https:\/\/www.chantegrive.ch\/en\/produit\/envol-sauvignon-aoc-la-cote\/","url":"https:\/\/www.chantegrive.ch\/en\/produit\/envol-sauvignon-aoc-la-cote\/","name":"L\u2019Envol Sauvignon AOC La C\u00f4te - Domaine de Chantegrive","isPartOf":{"@id":"https:\/\/www.chantegrive.ch\/#website"},"primaryImageOfPage":{"@id":"https:\/\/www.chantegrive.ch\/en\/produit\/envol-sauvignon-aoc-la-cote\/#primaryimage"},"image":{"@id":"https:\/\/www.chantegrive.ch\/en\/produit\/envol-sauvignon-aoc-la-cote\/#primaryimage"},"thumbnailUrl":"https:\/\/www.chantegrive.ch\/wp-content\/uploads\/2020\/03\/lenvol-sauvignon-domaine-de-chantegrive.jpg","datePublished":"2019-08-13T10:00:00+00:00","dateModified":"2025-10-30T22:04:36+00:00","description":"Collection: Signature Alain Rolaz C\u00e9page : Sauvignon Le Sauvignon \u00ab L\u2019envol \u00bb est le dernier n\u00e9 de la \u00ab Signature Alain Rolaz \u00bb. Son design modern vient rappeler celui du \u00ab Cheval mon ami \u00bb. Ces deux vins sont destin\u00e9s aux consommateurs d\u00e9sireux de vins festifs, frais et aromatiques. Carton de 6 bouteilles 6x 75 cl = CHF 114.- (CHF 19.- par bt.)","breadcrumb":{"@id":"https:\/\/www.chantegrive.ch\/en\/produit\/envol-sauvignon-aoc-la-cote\/#breadcrumb"},"inLanguage":"en-US","potentialAction":[{"@type":"ReadAction","target":["https:\/\/www.chantegrive.ch\/en\/produit\/envol-sauvignon-aoc-la-cote\/"]}]},{"@type":"ImageObject","inLanguage":"en-US","@id":"https:\/\/www.chantegrive.ch\/en\/produit\/envol-sauvignon-aoc-la-cote\/#primaryimage","url":"https:\/\/www.chantegrive.ch\/wp-content\/uploads\/2020\/03\/lenvol-sauvignon-domaine-de-chantegrive.jpg","contentUrl":"https:\/\/www.chantegrive.ch\/wp-content\/uploads\/2020\/03\/lenvol-sauvignon-domaine-de-chantegrive.jpg","width":1100,"height":1100,"caption":"Sauvignon L'Envol Signature Alain Rolaz Domaine de Chantegrive"},{"@type":"BreadcrumbList","@id":"https:\/\/www.chantegrive.ch\/en\/produit\/envol-sauvignon-aoc-la-cote\/#breadcrumb","itemListElement":[{"@type":"ListItem","position":1,"name":"Accueil","item":"https:\/\/www.chantegrive.ch\/en\/"},{"@type":"ListItem","position":2,"name":"Shop Cat\u00e9gorie","item":"https:\/\/www.chantegrive.ch\/shop\/"},{"@type":"ListItem","position":3,"name":"L\u2019Envol Sauvignon AOC La C\u00f4te"}]},{"@type":"WebSite","@id":"https:\/\/www.chantegrive.ch\/#website","url":"https:\/\/www.chantegrive.ch\/","name":"Domaine de Chantegrive","description":"Vins Alain Rolaz &amp; fils","potentialAction":[{"@type":"SearchAction","target":{"@type":"EntryPoint","urlTemplate":"https:\/\/www.chantegrive.ch\/?s={search_term_string}"},"query-input":{"@type":"PropertyValueSpecification","valueRequired":true,"valueName":"search_term_string"}}],"inLanguage":"en-US"}]}},"_links":{"self":[{"href":"https:\/\/www.chantegrive.ch\/en\/wp-json\/wp\/v2\/product\/9401","targetHints":{"allow":["GET"]}}],"collection":[{"href":"https:\/\/www.chantegrive.ch\/en\/wp-json\/wp\/v2\/product"}],"about":[{"href":"https:\/\/www.chantegrive.ch\/en\/wp-json\/wp\/v2\/types\/product"}],"wp:featuredmedia":[{"embeddable":true,"href":"https:\/\/www.chantegrive.ch\/en\/wp-json\/wp\/v2\/media\/8552"}],"wp:attachment":[{"href":"https:\/\/www.chantegrive.ch\/en\/wp-json\/wp\/v2\/media?parent=9401"}],"wp:term":[{"taxonomy":"product_brand","embeddable":true,"href":"https:\/\/www.chantegrive.ch\/en\/wp-json\/wp\/v2\/product_brand?post=9401"},{"taxonomy":"product_cat","embeddable":true,"href":"https:\/\/www.chantegrive.ch\/en\/wp-json\/wp\/v2\/product_cat?post=9401"},{"taxonomy":"product_tag","embeddable":true,"href":"https:\/\/www.chantegrive.ch\/en\/wp-json\/wp\/v2\/product_tag?post=9401"}],"curies":[{"name":"wp","href":"https:\/\/api.w.org\/{rel}","templated":true}]}}