{"id":9555,"date":"2020-03-19T16:46:07","date_gmt":"2020-03-19T15:46:07","guid":{"rendered":"https:\/\/www.chantegrive.ch\/produit\/coffret-decouverte-printemps\/"},"modified":"2021-03-22T21:52:13","modified_gmt":"2021-03-22T20:52:13","slug":"box-through-the-seasons-spring","status":"publish","type":"product","link":"https:\/\/www.chantegrive.ch\/en\/produit\/box-through-the-seasons-spring\/","title":{"rendered":"Box Through the seasons <br \/> Spring"},"content":{"rendered":"<h2>Box Through the seasons &#8220;<strong>Spring<\/strong>&#8221; on sale this season!<br \/>\n<span style=\"padding-left: 20px;\">6 bottles 75cl <del>91<\/del> CHF 82.-<\/span><br \/>\n<span style=\"padding-left: 20px;\">12 bottles 75cl <del>182<\/del> CHF 160.-<\/span><br \/>\n<span style=\"padding-left: 20px;\">15 bottles 50cl <del>146<\/del> CHF 130.-<\/span><\/h2>\n<p class=\"lead\">A selection of wines for this Spring Box with Envol Sauvignon, a festive, fresh and aromatic wine, Ambitus Chasselas, a wine matured on its fine lees, as well as Soprano Pinot Noir to accompany your dishes with red meats, lamb , duck, as well as parsley or soft cheeses.<\/p>\n","protected":false},"excerpt":{"rendered":"<h3>A selection of wines for this spring!<\/h3>\n<p class=\"lead\"><span style=\"color: #ffffff; background-color: #8eb7aa;\">\u00a0ON SALE this season!\u00a0<\/span><\/p>\n<blockquote>\n<p class=\"lead\">Receive 1 box set composed by Alain Rolaz in two formats, <strong>6 bottles<\/strong> or <strong>12 bottles 75cl<\/strong>. A &#8220;Little thirst&#8221; formula <strong> 15 bottles 50cl <\/strong> is also available.<\/p>\n<\/blockquote>\n<div class=\"row\"  id=\"row-284308144\">\n\n\t<div id=\"col-33844877\" class=\"col small-12 large-12\"  >\n\t\t\t\t<div class=\"col-inner\"  >\n\t\t\t\n\t\t\t\n<div class=\"row align-center\"  id=\"row-730722049\">\n\n\t<div id=\"col-2130692670\" class=\"col medium-5 small-12 large-5\"  >\n\t\t\t\t<div class=\"col-inner\"  >\n\t\t\t\n\t\t\t\n<h3><strong>6 bottles<\/strong><\/h3>\n<p class=\"lead\" style=\"padding-left: 10px;\">1 set of wine coolers <strong>3x 2 bottles<\/strong> 75cl<br \/>\n<del>91<\/del> <strong>CHF 82.-<\/strong><\/p>\n<p><em>Package contents<\/em><\/p>\n<ul>\n<li>2x <span style=\"color: #3aa757;\"><strong>L&#8217;Envol Sauvignon<\/strong><\/span><\/li>\n<li>2x <span style=\"color: #3aa757;\"><strong>Ambitus Chasselas<\/strong><\/span><\/li>\n<li>2x <span style=\"color: #3aa757;\"><strong>Soprano Pinot Noir<\/strong><\/span><\/li>\n<\/ul>\n\t\t<\/div>\n\t\t\t\t\t<\/div>\n\n\t\n<\/div>\n<div class=\"row align-center\"  id=\"row-2018361327\">\n\n\t<div id=\"col-1719711647\" class=\"col medium-5 small-12 large-5\"  >\n\t\t\t\t<div class=\"col-inner\"  >\n\t\t\t\n\t\t\t\n<h3><strong>12 bottles<\/strong><\/h3>\n<p class=\"lead\" style=\"padding-left: 10px;\">1 set of wine coolers <strong>3x 4 bottles<\/strong> 75cl<br \/>\n<del>182<\/del> <strong>CHF 160.-<\/strong><\/p>\n<p><em>Package contents<\/em><\/p>\n<ul>\n<li>4x <span style=\"color: #3aa757;\"><strong>L&#8217;Envol Sauvignon<\/strong><\/span><\/li>\n<li>4x <span style=\"color: #3aa757;\"><strong>Ambitus Chasselas<\/strong><\/span><\/li>\n<li>4x <span style=\"color: #3aa757;\"><strong>Soprano Pinot Noir<\/strong><\/span><\/li>\n<\/ul>\n\t\t<\/div>\n\t\t\t\t\t<\/div>\n\n\t\n\n\t<div id=\"col-670609660\" class=\"col medium-5 small-12 large-5\"  >\n\t\t\t\t<div class=\"col-inner\"  >\n\t\t\t\n\t\t\t\n<h3><strong>Little Thirst<\/strong><\/h3>\n<p class=\"lead\" style=\"padding-left: 10px;\">1 set of wine coolers <strong>3x 5 bottles<\/strong> 50cl<br \/>\n<del>146<\/del> <strong>CHF 130.-<\/strong><\/p>\n<p><em>Package contents<\/em><\/p>\n<ul>\n<li>5x <span style=\"color: #3aa757;\"><strong>Bel Canto Ros\u00e9<\/strong><\/span><\/li>\n<li>5x <span style=\"color: #3aa757;\"><strong>Coteau de Vincy<\/strong><\/span><\/li>\n<li>5x <span style=\"color: #3aa757;\"><strong>Symphonie Crescendo<\/strong><\/span><\/li>\n<\/ul>\n\t\t<\/div>\n\t\t\t\t\t<\/div>\n\n\t\n<\/div>\n\t\t<\/div>\n\t\t\t\t\t<\/div>\n\n\t\n<\/div>\n","protected":false},"featured_media":8693,"template":"","meta":{"iawp_total_views":0},"product_brand":[],"product_cat":[234],"product_tag":[],"class_list":{"0":"post-9555","1":"product","2":"type-product","3":"status-publish","4":"has-post-thumbnail","6":"product_cat-box-through-the-seasons","8":"first","9":"instock","10":"sale","11":"shipping-taxable","12":"purchasable","13":"product-type-variable","14":"add-to-wishlist-after_add_to_cart"},"group_of_quantity":0,"min_quantity":0,"max_quantity":"","exclude_order_quantity_value_rules":"no","exclude_category_quantity_rules":"no","combine_variations":"no","yoast_head":"<!-- This site is optimized with the Yoast SEO plugin v27.4 - https:\/\/yoast.com\/product\/yoast-seo-wordpress\/ -->\n<title>Coffret D\u00e9couverte Printemps Domaine de Chantegrive<\/title>\n<meta name=\"description\" content=\"2 coffrets D\u00e9couverte Printemps 6 ou 12 bouteilles : L&#039;Envol Sauvignon, Ambitus Chasselas et Soprano Pinot Noir.\" \/>\n<meta name=\"robots\" content=\"index, follow, max-snippet:-1, max-image-preview:large, max-video-preview:-1\" \/>\n<link rel=\"canonical\" href=\"https:\/\/www.chantegrive.ch\/en\/produit\/box-through-the-seasons-spring\/\" \/>\n<meta property=\"og:locale\" content=\"en_US\" \/>\n<meta property=\"og:type\" content=\"article\" \/>\n<meta property=\"og:title\" content=\"Coffret Printemps Domaine de Chantegrive\" \/>\n<meta property=\"og:description\" content=\"Une s\u00e9lection de vins pour ce Coffret Printemps avec l&#039;Envol Sauvignon, un vin festif, frais et aromatiques, l&#039;Ambitus Chasselas, un vin \u00e9lev\u00e9 sur ses fines lies, ainsi que le Soprano Pinot Noir pour accompagner vos plats de viandes rouges, agneau, canard, ainsi que les fromages persill\u00e9s ou \u00e0 p\u00e2te molle.\" \/>\n<meta property=\"og:url\" content=\"https:\/\/www.chantegrive.ch\/en\/produit\/box-through-the-seasons-spring\/\" \/>\n<meta property=\"og:site_name\" content=\"Domaine de Chantegrive\" \/>\n<meta property=\"article:publisher\" content=\"https:\/\/www.facebook.com\/domainedechantegrive\/\" \/>\n<meta property=\"article:modified_time\" content=\"2021-03-22T20:52:13+00:00\" \/>\n<meta name=\"twitter:card\" content=\"summary_large_image\" \/>\n<meta name=\"twitter:image\" content=\"https:\/\/www.chantegrive.ch\/wp-content\/uploads\/2020\/03\/2coffrets-printemps-6-12-bouteilles-domaine-de-chantegrive.jpg\" \/>\n<script type=\"application\/ld+json\" class=\"yoast-schema-graph\">{\"@context\":\"https:\\\/\\\/schema.org\",\"@graph\":[{\"@type\":\"WebPage\",\"@id\":\"https:\\\/\\\/www.chantegrive.ch\\\/en\\\/produit\\\/box-through-the-seasons-spring\\\/\",\"url\":\"https:\\\/\\\/www.chantegrive.ch\\\/en\\\/produit\\\/box-through-the-seasons-spring\\\/\",\"name\":\"Coffret D\u00e9couverte Printemps Domaine de Chantegrive\",\"isPartOf\":{\"@id\":\"https:\\\/\\\/www.chantegrive.ch\\\/#website\"},\"primaryImageOfPage\":{\"@id\":\"https:\\\/\\\/www.chantegrive.ch\\\/en\\\/produit\\\/box-through-the-seasons-spring\\\/#primaryimage\"},\"image\":{\"@id\":\"https:\\\/\\\/www.chantegrive.ch\\\/en\\\/produit\\\/box-through-the-seasons-spring\\\/#primaryimage\"},\"thumbnailUrl\":\"https:\\\/\\\/www.chantegrive.ch\\\/wp-content\\\/uploads\\\/2020\\\/03\\\/2coffrets-printemps-6-12-bouteilles-domaine-de-chantegrive.jpg\",\"datePublished\":\"2020-03-19T15:46:07+00:00\",\"dateModified\":\"2021-03-22T20:52:13+00:00\",\"description\":\"2 coffrets D\u00e9couverte Printemps 6 ou 12 bouteilles : L'Envol Sauvignon, Ambitus Chasselas et Soprano Pinot Noir.\",\"breadcrumb\":{\"@id\":\"https:\\\/\\\/www.chantegrive.ch\\\/en\\\/produit\\\/box-through-the-seasons-spring\\\/#breadcrumb\"},\"inLanguage\":\"en-US\",\"potentialAction\":[{\"@type\":\"ReadAction\",\"target\":[\"https:\\\/\\\/www.chantegrive.ch\\\/en\\\/produit\\\/box-through-the-seasons-spring\\\/\"]}]},{\"@type\":\"ImageObject\",\"inLanguage\":\"en-US\",\"@id\":\"https:\\\/\\\/www.chantegrive.ch\\\/en\\\/produit\\\/box-through-the-seasons-spring\\\/#primaryimage\",\"url\":\"https:\\\/\\\/www.chantegrive.ch\\\/wp-content\\\/uploads\\\/2020\\\/03\\\/2coffrets-printemps-6-12-bouteilles-domaine-de-chantegrive.jpg\",\"contentUrl\":\"https:\\\/\\\/www.chantegrive.ch\\\/wp-content\\\/uploads\\\/2020\\\/03\\\/2coffrets-printemps-6-12-bouteilles-domaine-de-chantegrive.jpg\",\"width\":1100,\"height\":1100},{\"@type\":\"BreadcrumbList\",\"@id\":\"https:\\\/\\\/www.chantegrive.ch\\\/en\\\/produit\\\/box-through-the-seasons-spring\\\/#breadcrumb\",\"itemListElement\":[{\"@type\":\"ListItem\",\"position\":1,\"name\":\"Accueil\",\"item\":\"https:\\\/\\\/www.chantegrive.ch\\\/en\\\/\"},{\"@type\":\"ListItem\",\"position\":2,\"name\":\"Shop Cat\u00e9gorie\",\"item\":\"https:\\\/\\\/www.chantegrive.ch\\\/shop\\\/\"},{\"@type\":\"ListItem\",\"position\":3,\"name\":\"Box Through the seasons Spring\"}]},{\"@type\":\"WebSite\",\"@id\":\"https:\\\/\\\/www.chantegrive.ch\\\/#website\",\"url\":\"https:\\\/\\\/www.chantegrive.ch\\\/\",\"name\":\"Domaine de Chantegrive\",\"description\":\"Vins Alain Rolaz &amp; fils\",\"potentialAction\":[{\"@type\":\"SearchAction\",\"target\":{\"@type\":\"EntryPoint\",\"urlTemplate\":\"https:\\\/\\\/www.chantegrive.ch\\\/?s={search_term_string}\"},\"query-input\":{\"@type\":\"PropertyValueSpecification\",\"valueRequired\":true,\"valueName\":\"search_term_string\"}}],\"inLanguage\":\"en-US\"}]}<\/script>\n<!-- \/ Yoast SEO plugin. -->","yoast_head_json":{"title":"Coffret D\u00e9couverte Printemps Domaine de Chantegrive","description":"2 coffrets D\u00e9couverte Printemps 6 ou 12 bouteilles : L'Envol Sauvignon, Ambitus Chasselas et Soprano Pinot Noir.","robots":{"index":"index","follow":"follow","max-snippet":"max-snippet:-1","max-image-preview":"max-image-preview:large","max-video-preview":"max-video-preview:-1"},"canonical":"https:\/\/www.chantegrive.ch\/en\/produit\/box-through-the-seasons-spring\/","og_locale":"en_US","og_type":"article","og_title":"Coffret Printemps Domaine de Chantegrive","og_description":"Une s\u00e9lection de vins pour ce Coffret Printemps avec l'Envol Sauvignon, un vin festif, frais et aromatiques, l'Ambitus Chasselas, un vin \u00e9lev\u00e9 sur ses fines lies, ainsi que le Soprano Pinot Noir pour accompagner vos plats de viandes rouges, agneau, canard, ainsi que les fromages persill\u00e9s ou \u00e0 p\u00e2te molle.","og_url":"https:\/\/www.chantegrive.ch\/en\/produit\/box-through-the-seasons-spring\/","og_site_name":"Domaine de Chantegrive","article_publisher":"https:\/\/www.facebook.com\/domainedechantegrive\/","article_modified_time":"2021-03-22T20:52:13+00:00","twitter_card":"summary_large_image","twitter_image":"https:\/\/www.chantegrive.ch\/wp-content\/uploads\/2020\/03\/2coffrets-printemps-6-12-bouteilles-domaine-de-chantegrive.jpg","schema":{"@context":"https:\/\/schema.org","@graph":[{"@type":"WebPage","@id":"https:\/\/www.chantegrive.ch\/en\/produit\/box-through-the-seasons-spring\/","url":"https:\/\/www.chantegrive.ch\/en\/produit\/box-through-the-seasons-spring\/","name":"Coffret D\u00e9couverte Printemps Domaine de Chantegrive","isPartOf":{"@id":"https:\/\/www.chantegrive.ch\/#website"},"primaryImageOfPage":{"@id":"https:\/\/www.chantegrive.ch\/en\/produit\/box-through-the-seasons-spring\/#primaryimage"},"image":{"@id":"https:\/\/www.chantegrive.ch\/en\/produit\/box-through-the-seasons-spring\/#primaryimage"},"thumbnailUrl":"https:\/\/www.chantegrive.ch\/wp-content\/uploads\/2020\/03\/2coffrets-printemps-6-12-bouteilles-domaine-de-chantegrive.jpg","datePublished":"2020-03-19T15:46:07+00:00","dateModified":"2021-03-22T20:52:13+00:00","description":"2 coffrets D\u00e9couverte Printemps 6 ou 12 bouteilles : L'Envol Sauvignon, Ambitus Chasselas et Soprano Pinot Noir.","breadcrumb":{"@id":"https:\/\/www.chantegrive.ch\/en\/produit\/box-through-the-seasons-spring\/#breadcrumb"},"inLanguage":"en-US","potentialAction":[{"@type":"ReadAction","target":["https:\/\/www.chantegrive.ch\/en\/produit\/box-through-the-seasons-spring\/"]}]},{"@type":"ImageObject","inLanguage":"en-US","@id":"https:\/\/www.chantegrive.ch\/en\/produit\/box-through-the-seasons-spring\/#primaryimage","url":"https:\/\/www.chantegrive.ch\/wp-content\/uploads\/2020\/03\/2coffrets-printemps-6-12-bouteilles-domaine-de-chantegrive.jpg","contentUrl":"https:\/\/www.chantegrive.ch\/wp-content\/uploads\/2020\/03\/2coffrets-printemps-6-12-bouteilles-domaine-de-chantegrive.jpg","width":1100,"height":1100},{"@type":"BreadcrumbList","@id":"https:\/\/www.chantegrive.ch\/en\/produit\/box-through-the-seasons-spring\/#breadcrumb","itemListElement":[{"@type":"ListItem","position":1,"name":"Accueil","item":"https:\/\/www.chantegrive.ch\/en\/"},{"@type":"ListItem","position":2,"name":"Shop Cat\u00e9gorie","item":"https:\/\/www.chantegrive.ch\/shop\/"},{"@type":"ListItem","position":3,"name":"Box Through the seasons Spring"}]},{"@type":"WebSite","@id":"https:\/\/www.chantegrive.ch\/#website","url":"https:\/\/www.chantegrive.ch\/","name":"Domaine de Chantegrive","description":"Vins Alain Rolaz &amp; fils","potentialAction":[{"@type":"SearchAction","target":{"@type":"EntryPoint","urlTemplate":"https:\/\/www.chantegrive.ch\/?s={search_term_string}"},"query-input":{"@type":"PropertyValueSpecification","valueRequired":true,"valueName":"search_term_string"}}],"inLanguage":"en-US"}]}},"_links":{"self":[{"href":"https:\/\/www.chantegrive.ch\/en\/wp-json\/wp\/v2\/product\/9555","targetHints":{"allow":["GET"]}}],"collection":[{"href":"https:\/\/www.chantegrive.ch\/en\/wp-json\/wp\/v2\/product"}],"about":[{"href":"https:\/\/www.chantegrive.ch\/en\/wp-json\/wp\/v2\/types\/product"}],"wp:featuredmedia":[{"embeddable":true,"href":"https:\/\/www.chantegrive.ch\/en\/wp-json\/wp\/v2\/media\/8693"}],"wp:attachment":[{"href":"https:\/\/www.chantegrive.ch\/en\/wp-json\/wp\/v2\/media?parent=9555"}],"wp:term":[{"taxonomy":"product_brand","embeddable":true,"href":"https:\/\/www.chantegrive.ch\/en\/wp-json\/wp\/v2\/product_brand?post=9555"},{"taxonomy":"product_cat","embeddable":true,"href":"https:\/\/www.chantegrive.ch\/en\/wp-json\/wp\/v2\/product_cat?post=9555"},{"taxonomy":"product_tag","embeddable":true,"href":"https:\/\/www.chantegrive.ch\/en\/wp-json\/wp\/v2\/product_tag?post=9555"}],"curies":[{"name":"wp","href":"https:\/\/api.w.org\/{rel}","templated":true}]}}